{"id":154,"date":"2018-09-06T03:26:03","date_gmt":"2018-09-06T03:26:03","guid":{"rendered":"http:\/\/demoweb.company\/bds04\/?post_type=product&#038;p=154"},"modified":"2022-03-03T11:54:15","modified_gmt":"2022-03-03T11:54:15","slug":"apartment-201-8-trang-an-str-hai-ba-trung-dist-ha-noi","status":"publish","type":"product","link":"http:\/\/demoweb.company\/bds04\/san-pham\/apartment-201-8-trang-an-str-hai-ba-trung-dist-ha-noi\/","title":{"rendered":"Apartment 201, 8 Trang An Str, Hai Ba Trung Dist, Ha Noi"},"content":{"rendered":"<div class=\"wpestate_property_description\">\n<h3 class=\"title\">T\u1ed5ng quan<\/h3>\n<div class=\"description-inner\">\n<p><strong>Thu\u00ea c\u0103n h\u1ed9 mini hay chung c\u01b0 mini c\u00f3 r\u1ea5t nhi\u1ec1u \u01b0u \u0111i\u1ec3m so v\u1edbi vi\u1ec7c thu\u00ea nh\u00e0 c\u1ea5p 4 gi\u00e1 r\u1ebb ho\u1eb7c thu\u00ea nh\u00e0 tr\u1ecd truy\u1ec1n th\u1ed1ng. Nh\u1ea5t l\u00e0 t\u1ea1i qu\u00e2n Ba \u0110\u00ecnh, n\u01a1i gi\u00e1 cho thu\u00ea c\u1ef1c k\u1ef3 c\u1ea1nh tranh. \u0110\u00f3 l\u00e0 do v\u1ecb tr\u00ed trung t\u00e2m v\u00e0 khu d\u00e2n c\u01b0 v\u0103n minh, y\u00ean t\u0129nh.\u00a0<\/strong><\/p>\n<p><strong>Nh\u1eadn th\u1ea5y nh\u1eefng \u01b0u \u0111i\u1ec3m v\u1ec1 ch\u1ea5t l\u01b0\u1ee3ng v\u00e0 an ninh m\u00e0 c\u0103n h\u1ed9 mini mang l\u1ea1i, VnaHomes lu\u00f4n t\u1eadp trung \u0111\u1ea7u t\u01b0 v\u00e0o ph\u00e2n kh\u00fac n\u00e0y t\u1ea1i\u00a0<em>qu\u00e2n Ba \u0110\u00ecnh<\/em>. Ch\u00fang t\u00f4i cung c\u1ea5p m\u1ed9t h\u1ec7 th\u1ed1ng c\u00e1c c\u0103n chung c\u01b0 mini, c\u0103n h\u1ed9 d\u1ecbch v\u1ee5 cho thu\u00ea \u1edf nh\u1eefng v\u1ecb tr\u00ed trung t\u00e2m v\u1edbi\u00a0<em>ph\u00e2n kh\u00fac gi\u00e1 r\u1ebb ch\u1ec9 t\u1eeb 4 tri\u1ec7u<\/em>.<\/strong><\/p>\n<p><img loading=\"lazy\" class=\"alignnone size-full wp-image-147\" src=\"http:\/\/demoweb.company\/bds04\/wp-content\/uploads\/2018\/09\/sp3.jpg\" alt=\"\" width=\"825\" height=\"461\" srcset=\"http:\/\/demoweb.company\/bds04\/wp-content\/uploads\/2018\/09\/sp3.jpg 825w, http:\/\/demoweb.company\/bds04\/wp-content\/uploads\/2018\/09\/sp3-600x335.jpg 600w, http:\/\/demoweb.company\/bds04\/wp-content\/uploads\/2018\/09\/sp3-768x429.jpg 768w\" sizes=\"(max-width: 825px) 100vw, 825px\" \/><\/p>\n<h3><strong>Li\u1ec7u c\u0103n h\u1ed9 mini m\u00e0 LESTAY cho thu\u00ea c\u00f3 ph\u00f9 h\u1ee3p v\u1edbi nhu c\u1ea7u c\u1ee7a b\u1ea1n?<\/strong><\/h3>\n<p>Hi\u1ec7n t\u1ea1i m\u1ee9c gi\u00e1 chung c\u1ee7a c\u00e1c\u00a0<strong>c\u0103n h\u1ed9 mini<\/strong>,\u00a0<strong>c\u0103n h\u1ed9 studio<\/strong>\u00a0tr\u00ean th\u1ecb tr\u01b0\u1eddng \u1edf m\u1ee9c kho\u1ea3ng 5 tri\u1ec7u. M\u1ee9c gi\u00e1 m\u00e0 hi\u1ec7n nay VnaHomes \u00e1p d\u1ee5ng v\u1edbi\u00a0<strong>chung c\u01b0 mini<\/strong>\u00a015 \u0110\u1ed1c Ng\u1eef l\u00e0 t\u1eeb 4tr3.<\/p>\n<p>M\u1ee9c gi\u00e1 r\u1ebb n\u00e0y ph\u00f9 h\u1ee3p v\u1edbi h\u1ea7u h\u1ebft mong mu\u1ed1n thu\u00ea tr\u1ecd c\u1ee7a c\u00e1c b\u1ea1n sinh vi\u00ean. Ng\u01b0\u1eddi \u0111i l\u00e0m v\u00e0 h\u1ed9 gia \u0111\u00ecnh mu\u1ed1n t\u00ecm m\u1ed9t\u00a0<strong>c\u0103n h\u1ed9 studio<\/strong>\u00a0g\u1ea7n \u0110\u1ed9i C\u1ea5n, Ho\u00e0n Hoa Th\u00e1m, \u0110\u01b0\u1eddng B\u01b0\u1edfi c\u0169ng c\u00f3 th\u1ec3 c\u00e2n nh\u1eafc\u00a0<strong>thu\u00ea nh\u00e0<\/strong>\u00a0t\u1ea1i \u0111\u00e2y. Ngo\u00e0i ra, di\u1ec7n t\u00edch ph\u00f2ng l\u00e0 30m2, n\u00ean c\u00e1c b\u1ea1n c\u0169ng c\u00f3 th\u1ec3 t\u00ecm ng\u01b0\u1eddi \u1edf gh\u00e9p khi mu\u1ed1n thu\u00ea\u00a0<strong>chung c\u01b0 mini<\/strong>\u00a0t\u1ea1i qu\u1eadn Ba \u0110\u00ecnh.<\/p>\n<p><img loading=\"lazy\" class=\"aligncenter wp-image-140 size-full\" src=\"http:\/\/demoweb.company\/bds04\/wp-content\/uploads\/2018\/09\/sp1.jpg\" alt=\"\" width=\"825\" height=\"461\" srcset=\"http:\/\/demoweb.company\/bds04\/wp-content\/uploads\/2018\/09\/sp1.jpg 825w, http:\/\/demoweb.company\/bds04\/wp-content\/uploads\/2018\/09\/sp1-600x335.jpg 600w, http:\/\/demoweb.company\/bds04\/wp-content\/uploads\/2018\/09\/sp1-300x168.jpg 300w, http:\/\/demoweb.company\/bds04\/wp-content\/uploads\/2018\/09\/sp1-768x429.jpg 768w\" sizes=\"(max-width: 825px) 100vw, 825px\" \/><\/p>\n<h3><strong>T\u00ecm nh\u00e0 thu\u00ea tr\u1ecd qu\u1eadn Ba \u0110\u00ecnh \u1edf trung t\u00e2m?<\/strong><\/h3>\n<p>\u0110\u1ecba ch\u1ec9 15 \u0110\u1ed1c Ng\u1eef n\u1eb1m ngay gi\u1eefa nh\u1eefng con ph\u1ed1 tr\u1ecdng \u0111i\u1ec3m t\u1ea1i qu\u1eadn Ba \u0110\u00ecnh, T\u00e2y H\u1ed3, \u0110\u1ed1ng \u0110a:<\/p>\n<ul>\n<li>N\u1eb1m s\u00e1t ph\u1ed1 \u0110\u1ed9i C\u1ea5n, c\u00e1ch\u00a0<em>B\u1ec7nh vi\u1ec7n 354<\/em>\u00a0kh\u00f4ng t\u1edbi 500m.<\/li>\n<li>200m l\u00e0 t\u1edbi Ho\u00e0ng Hoa Th\u00e1m, \u0111i xe m\u00e1y 15 ph\u00fat t\u1edbi trung t\u00e2m ph\u1ed1 c\u1ed5.<\/li>\n<li>500m t\u1edbi Tr\u00edch S\u00e0i,\u00a0<em>H\u1ed3 T\u00e2y<\/em>\u00a0\u2013 \u0111\u00e2y l\u00e0 khu v\u1ef1c t\u1eadp trung nhi\u1ec1u nh\u00e0 h\u00e0ng, qu\u00e1n cafe nh\u1ea5t H\u00e0 N\u1ed9i hi\u1ec7n nay<\/li>\n<li>1km t\u1edbi n\u00fat giao L\u1ea1c Long Qu\u00e2n \u2013 \u0110\u01b0\u1eddng B\u01b0\u1edfi \u2013 V\u00f5 Ch\u00ed C\u00f4ng, ph\u00f9 h\u1ee3p v\u1edbi nhu c\u1ea7u thu\u00ea nh\u00e0 g\u1ea7n\u00a0<em>S\u00e2n bay N\u1ed9i B\u00e0i<\/em>.<\/li>\n<\/ul>\n<h3><strong>C\u0103n h\u1ed9 mini cho thu\u00ea c\u00f3 nh\u1eefng ti\u1ec7n \u00edch g\u00ec?<\/strong><\/h3>\n<p>VnaHomes lu\u00f4n \u0111\u1ea3m b\u1ea3o m\u1ed7i c\u0103n chung c\u01b0 mini lu\u00f4n\u00a0<strong>\u0111\u1ea7y \u0111\u1ee7 n\u1ed9i th\u1ea5t<\/strong>\u00a0c\u0169ng nh\u01b0 nh\u1eefng<strong>\u00a0ti\u1ec7n nghi c\u1ea7n thi\u1ebft<\/strong>\u00a0v\u1edbi m\u1ee9c gi\u00e1 thu\u00ea t\u1ed1t nh\u1ea5t. Khu v\u1ef1c ch\u00ednh c\u00f3 s\u1eb5n: gi\u01b0\u1eddng, b\u00e0n tr\u00e0, TV, k\u1ec7 \u0111\u1ea7u gi\u01b0\u1eddng, t\u1ee7 qu\u1ea7n \u00e1o, \u0111i\u1ec1u h\u00f2a,\u2026<\/p>\n<p>Khu v\u1ef1c b\u1ebfp \u0111\u01b0\u1ee3c trang b\u1ecb t\u1ee7 l\u1ea1nh, b\u1ed3n r\u1eeda, b\u1ebfp t\u1eeb, k\u1ec7 b\u1ebfp,\u2026 Ngo\u00e0i ra c\u0103n ph\u00f2ng c\u0169ng c\u00f3 ban c\u00f4ng v\u00e0 2 c\u1eeda s\u1ed5 nh\u00ecn th\u1eb3ng ra m\u1eb7t ph\u1ed1 \u0110\u1ed1c Ng\u1eef.<\/p>\n<\/div>\n<\/div>\n","protected":false},"excerpt":{"rendered":"<p>If you love to live in area which is peaceful and cozy with many conveniences around, this fully equipped01 bed room for rent at 8 Trang An, Hai Ba Trung District is the best choice for you.<\/p>\n<p>This apartment has a living space of 60sqm.<\/p>\n","protected":false},"featured_media":155,"comment_status":"open","ping_status":"closed","template":"","meta":[],"thoi-han":[126],"product_cat":[129,133,127,131,134,128],"product_tag":[],"yoast_head":"<!-- This site is optimized with the Yoast SEO plugin v17.9 - https:\/\/yoast.com\/wordpress\/plugins\/seo\/ -->\n<title>Apartment 201, 8 Trang An Str, Hai Ba Trung Dist, Ha Noi - LESTAY<\/title>\n<meta name=\"robots\" content=\"noindex, follow, max-snippet:-1, max-image-preview:large, max-video-preview:-1\" \/>\n<meta property=\"og:locale\" content=\"vi_VN\" \/>\n<meta property=\"og:type\" content=\"article\" \/>\n<meta property=\"og:title\" content=\"Apartment 201, 8 Trang An Str, Hai Ba Trung Dist, Ha Noi - LESTAY\" \/>\n<meta property=\"og:description\" content=\"If you love to live in area which is peaceful and cozy with many conveniences around, this fully equipped01 bed room for rent at 8 Trang An, Hai Ba Trung District is the best choice for you.  This apartment has a living space of 60sqm.\" \/>\n<meta property=\"og:url\" content=\"http:\/\/demoweb.company\/bds04\/san-pham\/apartment-201-8-trang-an-str-hai-ba-trung-dist-ha-noi\/\" \/>\n<meta property=\"og:site_name\" content=\"LESTAY\" \/>\n<meta property=\"article:modified_time\" content=\"2022-03-03T11:54:15+00:00\" \/>\n<meta property=\"og:image\" content=\"http:\/\/demoweb.company\/bds04\/wp-content\/uploads\/2018\/09\/sp7.jpg\" \/>\n\t<meta property=\"og:image:width\" content=\"825\" \/>\n\t<meta property=\"og:image:height\" content=\"461\" \/>\n\t<meta property=\"og:image:type\" content=\"image\/jpeg\" \/>\n<meta name=\"twitter:card\" content=\"summary_large_image\" \/>\n<meta name=\"twitter:label1\" content=\"\u01af\u1edbc t\u00ednh th\u1eddi gian \u0111\u1ecdc\" \/>\n\t<meta name=\"twitter:data1\" content=\"3 ph\u00fat\" \/>\n<script type=\"application\/ld+json\" class=\"yoast-schema-graph\">{\"@context\":\"https:\/\/schema.org\",\"@graph\":[{\"@type\":\"WebSite\",\"@id\":\"http:\/\/demoweb.company\/bds04\/#website\",\"url\":\"http:\/\/demoweb.company\/bds04\/\",\"name\":\"LESTAY\",\"description\":\"RESIDENCES &amp; HOTELS\",\"potentialAction\":[{\"@type\":\"SearchAction\",\"target\":{\"@type\":\"EntryPoint\",\"urlTemplate\":\"http:\/\/demoweb.company\/bds04\/?s={search_term_string}\"},\"query-input\":\"required name=search_term_string\"}],\"inLanguage\":\"vi\"},{\"@type\":\"ImageObject\",\"@id\":\"http:\/\/demoweb.company\/bds04\/san-pham\/apartment-201-8-trang-an-str-hai-ba-trung-dist-ha-noi\/#primaryimage\",\"inLanguage\":\"vi\",\"url\":\"http:\/\/demoweb.company\/bds04\/wp-content\/uploads\/2018\/09\/sp7.jpg\",\"contentUrl\":\"http:\/\/demoweb.company\/bds04\/wp-content\/uploads\/2018\/09\/sp7.jpg\",\"width\":825,\"height\":461},{\"@type\":\"WebPage\",\"@id\":\"http:\/\/demoweb.company\/bds04\/san-pham\/apartment-201-8-trang-an-str-hai-ba-trung-dist-ha-noi\/#webpage\",\"url\":\"http:\/\/demoweb.company\/bds04\/san-pham\/apartment-201-8-trang-an-str-hai-ba-trung-dist-ha-noi\/\",\"name\":\"Apartment 201, 8 Trang An Str, Hai Ba Trung Dist, Ha Noi - LESTAY\",\"isPartOf\":{\"@id\":\"http:\/\/demoweb.company\/bds04\/#website\"},\"primaryImageOfPage\":{\"@id\":\"http:\/\/demoweb.company\/bds04\/san-pham\/apartment-201-8-trang-an-str-hai-ba-trung-dist-ha-noi\/#primaryimage\"},\"datePublished\":\"2018-09-06T03:26:03+00:00\",\"dateModified\":\"2022-03-03T11:54:15+00:00\",\"breadcrumb\":{\"@id\":\"http:\/\/demoweb.company\/bds04\/san-pham\/apartment-201-8-trang-an-str-hai-ba-trung-dist-ha-noi\/#breadcrumb\"},\"inLanguage\":\"vi\",\"potentialAction\":[{\"@type\":\"ReadAction\",\"target\":[\"http:\/\/demoweb.company\/bds04\/san-pham\/apartment-201-8-trang-an-str-hai-ba-trung-dist-ha-noi\/\"]}]},{\"@type\":\"BreadcrumbList\",\"@id\":\"http:\/\/demoweb.company\/bds04\/san-pham\/apartment-201-8-trang-an-str-hai-ba-trung-dist-ha-noi\/#breadcrumb\",\"itemListElement\":[{\"@type\":\"ListItem\",\"position\":1,\"name\":\"Trang ch\\u1ee7\",\"item\":\"http:\/\/demoweb.company\/bds04\/\"},{\"@type\":\"ListItem\",\"position\":2,\"name\":\"C\\u1eeda h\\u00e0ng\",\"item\":\"http:\/\/demoweb.company\/bds04\/cua-hang\/\"},{\"@type\":\"ListItem\",\"position\":3,\"name\":\"Apartment 201, 8 Trang An Str, Hai Ba Trung Dist, Ha Noi\"}]}]}<\/script>\n<!-- \/ Yoast SEO plugin. -->","yoast_head_json":{"title":"Apartment 201, 8 Trang An Str, Hai Ba Trung Dist, Ha Noi - LESTAY","robots":{"index":"noindex","follow":"follow","max-snippet":"max-snippet:-1","max-image-preview":"max-image-preview:large","max-video-preview":"max-video-preview:-1"},"og_locale":"vi_VN","og_type":"article","og_title":"Apartment 201, 8 Trang An Str, Hai Ba Trung Dist, Ha Noi - LESTAY","og_description":"If you love to live in area which is peaceful and cozy with many conveniences around, this fully equipped01 bed room for rent at 8 Trang An, Hai Ba Trung District is the best choice for you.  This apartment has a living space of 60sqm.","og_url":"http:\/\/demoweb.company\/bds04\/san-pham\/apartment-201-8-trang-an-str-hai-ba-trung-dist-ha-noi\/","og_site_name":"LESTAY","article_modified_time":"2022-03-03T11:54:15+00:00","og_image":[{"width":825,"height":461,"url":"http:\/\/demoweb.company\/bds04\/wp-content\/uploads\/2018\/09\/sp7.jpg","type":"image\/jpeg"}],"twitter_card":"summary_large_image","twitter_misc":{"\u01af\u1edbc t\u00ednh th\u1eddi gian \u0111\u1ecdc":"3 ph\u00fat"},"schema":{"@context":"https:\/\/schema.org","@graph":[{"@type":"WebSite","@id":"http:\/\/demoweb.company\/bds04\/#website","url":"http:\/\/demoweb.company\/bds04\/","name":"LESTAY","description":"RESIDENCES &amp; HOTELS","potentialAction":[{"@type":"SearchAction","target":{"@type":"EntryPoint","urlTemplate":"http:\/\/demoweb.company\/bds04\/?s={search_term_string}"},"query-input":"required name=search_term_string"}],"inLanguage":"vi"},{"@type":"ImageObject","@id":"http:\/\/demoweb.company\/bds04\/san-pham\/apartment-201-8-trang-an-str-hai-ba-trung-dist-ha-noi\/#primaryimage","inLanguage":"vi","url":"http:\/\/demoweb.company\/bds04\/wp-content\/uploads\/2018\/09\/sp7.jpg","contentUrl":"http:\/\/demoweb.company\/bds04\/wp-content\/uploads\/2018\/09\/sp7.jpg","width":825,"height":461},{"@type":"WebPage","@id":"http:\/\/demoweb.company\/bds04\/san-pham\/apartment-201-8-trang-an-str-hai-ba-trung-dist-ha-noi\/#webpage","url":"http:\/\/demoweb.company\/bds04\/san-pham\/apartment-201-8-trang-an-str-hai-ba-trung-dist-ha-noi\/","name":"Apartment 201, 8 Trang An Str, Hai Ba Trung Dist, Ha Noi - LESTAY","isPartOf":{"@id":"http:\/\/demoweb.company\/bds04\/#website"},"primaryImageOfPage":{"@id":"http:\/\/demoweb.company\/bds04\/san-pham\/apartment-201-8-trang-an-str-hai-ba-trung-dist-ha-noi\/#primaryimage"},"datePublished":"2018-09-06T03:26:03+00:00","dateModified":"2022-03-03T11:54:15+00:00","breadcrumb":{"@id":"http:\/\/demoweb.company\/bds04\/san-pham\/apartment-201-8-trang-an-str-hai-ba-trung-dist-ha-noi\/#breadcrumb"},"inLanguage":"vi","potentialAction":[{"@type":"ReadAction","target":["http:\/\/demoweb.company\/bds04\/san-pham\/apartment-201-8-trang-an-str-hai-ba-trung-dist-ha-noi\/"]}]},{"@type":"BreadcrumbList","@id":"http:\/\/demoweb.company\/bds04\/san-pham\/apartment-201-8-trang-an-str-hai-ba-trung-dist-ha-noi\/#breadcrumb","itemListElement":[{"@type":"ListItem","position":1,"name":"Trang ch\u1ee7","item":"http:\/\/demoweb.company\/bds04\/"},{"@type":"ListItem","position":2,"name":"C\u1eeda h\u00e0ng","item":"http:\/\/demoweb.company\/bds04\/cua-hang\/"},{"@type":"ListItem","position":3,"name":"Apartment 201, 8 Trang An Str, Hai Ba Trung Dist, Ha Noi"}]}]}},"_links":{"self":[{"href":"http:\/\/demoweb.company\/bds04\/wp-json\/wp\/v2\/product\/154"}],"collection":[{"href":"http:\/\/demoweb.company\/bds04\/wp-json\/wp\/v2\/product"}],"about":[{"href":"http:\/\/demoweb.company\/bds04\/wp-json\/wp\/v2\/types\/product"}],"replies":[{"embeddable":true,"href":"http:\/\/demoweb.company\/bds04\/wp-json\/wp\/v2\/comments?post=154"}],"wp:featuredmedia":[{"embeddable":true,"href":"http:\/\/demoweb.company\/bds04\/wp-json\/wp\/v2\/media\/155"}],"wp:attachment":[{"href":"http:\/\/demoweb.company\/bds04\/wp-json\/wp\/v2\/media?parent=154"}],"wp:term":[{"taxonomy":"thoi-han","embeddable":true,"href":"http:\/\/demoweb.company\/bds04\/wp-json\/wp\/v2\/thoi-han?post=154"},{"taxonomy":"product_cat","embeddable":true,"href":"http:\/\/demoweb.company\/bds04\/wp-json\/wp\/v2\/product_cat?post=154"},{"taxonomy":"product_tag","embeddable":true,"href":"http:\/\/demoweb.company\/bds04\/wp-json\/wp\/v2\/product_tag?post=154"}],"curies":[{"name":"wp","href":"https:\/\/api.w.org\/{rel}","templated":true}]}}