{"id":208,"date":"2022-01-29T17:51:25","date_gmt":"2022-01-29T10:51:25","guid":{"rendered":"https:\/\/demoweb.company\/Giake\/?page_id=208"},"modified":"2023-03-17T23:27:43","modified_gmt":"2023-03-17T16:27:43","slug":"lien-he","status":"publish","type":"page","link":"http:\/\/demoweb.company\/demo09\/lien-he\/","title":{"rendered":"Li\u00ean h\u1ec7"},"content":{"rendered":"\n<div class=\"row\"  id=\"row-1812282711\">\n\n\n\t<div id=\"col-1713528856\" class=\"col small-12 large-12\"  >\n\t\t\t\t<div class=\"col-inner\"  >\n\t\t\t\n\t\t\t\n\n\n  <div class=\"banner has-hover bn-page\" id=\"banner-1253245580\">\n          <div class=\"banner-inner fill\">\n        <div class=\"banner-bg fill\" >\n            <div class=\"bg fill bg-fill \"><\/div>\n                                    \n                    <\/div>\n\t\t\n        <div class=\"banner-layers container\">\n            <div class=\"fill banner-link\"><\/div>            \n\n\n        <\/div>\n      <\/div>\n\n              <div class=\"height-fix is-invisible\"><img loading=\"lazy\" decoding=\"async\" width=\"1366\" height=\"300\" src=\"http:\/\/demoweb.company\/demo09\/wp-content\/uploads\/2023\/02\/Contact-us-fn.jpg\" class=\"attachment-original size-original\" alt=\"\" srcset=\"http:\/\/demoweb.company\/demo09\/wp-content\/uploads\/2023\/02\/Contact-us-fn.jpg 1366w, http:\/\/demoweb.company\/demo09\/wp-content\/uploads\/2023\/02\/Contact-us-fn-300x66.jpg 300w, http:\/\/demoweb.company\/demo09\/wp-content\/uploads\/2023\/02\/Contact-us-fn-1024x225.jpg 1024w, http:\/\/demoweb.company\/demo09\/wp-content\/uploads\/2023\/02\/Contact-us-fn-768x169.jpg 768w, http:\/\/demoweb.company\/demo09\/wp-content\/uploads\/2023\/02\/Contact-us-fn-600x132.jpg 600w\" sizes=\"auto, (max-width: 1366px) 100vw, 1366px\" \/><\/div>\n            \n<style>\n#banner-1253245580 .bg.bg-loaded {\n  background-image: url(http:\/\/demoweb.company\/demo09\/wp-content\/uploads\/2023\/02\/Contact-us-fn.jpg);\n}\n#banner-1253245580 {\n  background-color: rgb(255, 255, 255);\n}\n#banner-1253245580 .ux-shape-divider--top svg {\n  height: 150px;\n  --divider-top-width: 100%;\n}\n#banner-1253245580 .ux-shape-divider--bottom svg {\n  height: 150px;\n  --divider-width: 100%;\n}\n<\/style>\n  <\/div>\n\n\n\n\t\t<\/div>\n\t\t\t\t\t<\/div>\n\n\t\n\n\n<style>\n#row-1812282711 > .col > .col-inner {\n  padding: 10px 0px 0px 0px;\n}\n<\/style>\n<\/div>\n<div class=\"row\"  id=\"row-438037464\">\n\n\n\t<div id=\"col-1133072357\" class=\"col medium-6 small-12 large-6\"  >\n\t\t\t\t<div class=\"col-inner\"  >\n\t\t\t\n\t\t\t\n\n<div class=\"container section-title-container\" ><h3 class=\"section-title section-title-normal\"><b><\/b><span class=\"section-title-main\" style=\"color:rgb(45, 48, 145);\">th\u00f4ng tin li\u00ean h\u1ec7<\/span><b><\/b><\/h3><\/div>\n\n<h3>TRANH \u0110\u00c1 QU\u00dd NAM KH\u00c1NH<\/h3>\n<p><strong>C\u01a1 s\u1edf 1:<\/strong>\u00a0\u0110i\u1ebfm s\u1ed1 9 Th\u00f4n Ng\u1ecdc Giang &#8211; X\u00e3 V\u0129nh Ng\u1ecdc &#8211; Huy\u1ec7n \u0110\u00f4ng Anh &#8211; TP.H\u00e0 N\u1ed9i<\/p>\n<p><strong>C\u01a1 s\u1edf 2:<\/strong>\u00a0T\u1ed5 1 Th\u1ecb tr\u1ea5n Y\u00ean Th\u1ebf &#8211; L\u1ee5c Y\u00ean &#8211; Y\u00ean B\u00e1i<\/p>\n<p><strong>Hotline:<\/strong>\u00a00984063623\u00a0&#8211; 0977672485<\/p>\n<p><strong>Email:\u00a0<\/strong>hijgh492@gmail.com<\/p>\n\n\t\t<\/div>\n\t\t\t\t\t<\/div>\n\n\t\n\n\t<div id=\"col-1469411843\" class=\"col medium-6 small-12 large-6\"  >\n\t\t\t\t<div class=\"col-inner\"  >\n\t\t\t\n\t\t\t\n\n<div class=\"container section-title-container\" ><h3 class=\"section-title section-title-normal\"><b><\/b><span class=\"section-title-main\" style=\"color:rgb(45, 48, 145);\">B\u1ea3n \u0111\u1ed3<\/span><b><\/b><\/h3><\/div>\n\n<p><iframe src=\"https:\/\/www.google.com\/maps\/embed?pb=!1m18!1m12!1m3!1d7443.902788556973!2d105.82004467209812!3d21.11450390236434!2m3!1f0!2f0!3f0!3m2!1i1024!2i768!4f13.1!3m3!1m2!1s0x313500879ca14a7b%3A0x24faf57a68265291!2zxJDhu5FpIERp4buHbiDEkGnhur9tIENhbmggxJDDqiBT4buRIDkgWMOjIFbEqW5oIE5n4buNYy3EkMOqIFThuqMgU8O0bmcgSOG7k25n!5e0!3m2!1svi!2s!4v1679070481067!5m2!1svi!2s\" width=\"600\" height=\"230\" style=\"border:0;\" allowfullscreen=\"\" loading=\"lazy\" referrerpolicy=\"no-referrer-when-downgrade\"><\/iframe><\/p>\n\n\n\t\t<\/div>\n\t\t\t\t\t<\/div>\n\n\t\n\n<\/div>\n\n","protected":false},"excerpt":{"rendered":"","protected":false},"author":1,"featured_media":0,"parent":0,"menu_order":0,"comment_status":"closed","ping_status":"closed","template":"page-blank.php","meta":{"footnotes":""},"class_list":["post-208","page","type-page","status-publish","hentry"],"_links":{"self":[{"href":"http:\/\/demoweb.company\/demo09\/wp-json\/wp\/v2\/pages\/208","targetHints":{"allow":["GET"]}}],"collection":[{"href":"http:\/\/demoweb.company\/demo09\/wp-json\/wp\/v2\/pages"}],"about":[{"href":"http:\/\/demoweb.company\/demo09\/wp-json\/wp\/v2\/types\/page"}],"author":[{"embeddable":true,"href":"http:\/\/demoweb.company\/demo09\/wp-json\/wp\/v2\/users\/1"}],"replies":[{"embeddable":true,"href":"http:\/\/demoweb.company\/demo09\/wp-json\/wp\/v2\/comments?post=208"}],"version-history":[{"count":1,"href":"http:\/\/demoweb.company\/demo09\/wp-json\/wp\/v2\/pages\/208\/revisions"}],"predecessor-version":[{"id":545,"href":"http:\/\/demoweb.company\/demo09\/wp-json\/wp\/v2\/pages\/208\/revisions\/545"}],"wp:attachment":[{"href":"http:\/\/demoweb.company\/demo09\/wp-json\/wp\/v2\/media?parent=208"}],"curies":[{"name":"wp","href":"https:\/\/api.w.org\/{rel}","templated":true}]}}