{"id":504,"date":"2023-03-17T22:28:52","date_gmt":"2023-03-17T15:28:52","guid":{"rendered":"http:\/\/demoweb.company\/demo09\/?post_type=product&#038;p=504"},"modified":"2023-03-23T20:41:27","modified_gmt":"2023-03-23T13:41:27","slug":"tranh-da-quy-ma-dao-thanh-cong","status":"publish","type":"product","link":"http:\/\/demoweb.company\/demo09\/san-pham\/tranh-da-quy-ma-dao-thanh-cong\/","title":{"rendered":"Tranh \u0111\u00e1 qu\u00fd m\u00e3 \u0111\u00e1o th\u00e0nh c\u00f4ng"},"content":{"rendered":"<p>Tranh \u0111\u00e1 qu\u00fd \u0111\u01b0\u1ee3c l\u00e0m t\u1eeb \u0111\u00e1 qu\u00fd t\u1ef1 nhi\u00ean, nh\u01b0: ruby, m\u00e3 n\u00e3o, th\u1ea1ch anh\u2026( \u0111\u00e1 t\u1eeb trong l\u00f2ng \u0111\u1ea5t). qua gia c\u00f4ng nghi\u1ec1n, m\u00e0i, r\u1eafc, g\u1eafn gh\u00e9p th\u1ee7 c\u00f4ng to\u00e0n b\u1ed9. tranh l\u00e0m tr\u00ean n\u1ec1n l\u00e0 t\u1ea5m mica, \u0111\u01b0\u1ee3c g\u1eafn b\u1eb1ng keo 502 chuy\u00ean d\u1ee5ng, n\u00ean \u0111\u1ed9 b\u1ec1n r\u1ea5t cao tr\u00ean 30 n\u0103m. Khung tranh \u0111\u01b0\u1ee3c l\u00e0m b\u1eb1ng nh\u1ef1a cao c\u1ea5p ho\u1eb7c khung g\u1ed7, c\u00f3 m\u00f3c treo ch\u1eafc ch\u1eafn, d\u1ec5 d\u00e0ng th\u00e1o l\u1eafp.<\/p>\n<p><img loading=\"lazy\" decoding=\"async\" class=\"aligncenter size-full wp-image-575\" src=\"http:\/\/demoweb.company\/demo09\/wp-content\/uploads\/2023\/03\/tranh-ma-dao-thanh-cong.jpg\" alt=\"\" width=\"1280\" height=\"658\" srcset=\"http:\/\/demoweb.company\/demo09\/wp-content\/uploads\/2023\/03\/tranh-ma-dao-thanh-cong.jpg 1280w, http:\/\/demoweb.company\/demo09\/wp-content\/uploads\/2023\/03\/tranh-ma-dao-thanh-cong-300x154.jpg 300w, http:\/\/demoweb.company\/demo09\/wp-content\/uploads\/2023\/03\/tranh-ma-dao-thanh-cong-1024x526.jpg 1024w, http:\/\/demoweb.company\/demo09\/wp-content\/uploads\/2023\/03\/tranh-ma-dao-thanh-cong-768x395.jpg 768w, http:\/\/demoweb.company\/demo09\/wp-content\/uploads\/2023\/03\/tranh-ma-dao-thanh-cong-600x308.jpg 600w\" sizes=\"auto, (max-width: 1280px) 100vw, 1280px\" \/><\/p>\n<h2>\u00dd ngh\u0129a tranh \u0111\u00e1 qu\u00fd m\u00e3 \u0111\u00e1o th\u00e0nh c\u00f4ng \u0111\u1eb9p \u00fd ngh\u0129a<\/h2>\n<p>Tranh \u0111\u00e1 qu\u00fd <strong>m\u00e3 \u0111\u00e1o th\u00e0nh c\u00f4ng<\/strong>\u00a0\u0111\u1eb9p \u00fd ngh\u0129a l\u00e0 8 con ng\u1ef1a m\u1ea1nh kh\u1ecfe; truy phong l\u00e0 phi trong gi\u00f3, \u0111u\u1ed5i theo gi\u00f3.<\/p>\n<p>V\u1eady b\u00e1t m\u00e3 \u00fd mu\u1ed1n n\u00f3i \u0111\u1ebfn h\u00ecnh \u1ea3nh 8 con ng\u1ef1a m\u1ea1nh kh\u1ecfe phi nhanh nh\u01b0 gi\u00f3.<\/p>\n<p>Mang \u00fd ngh\u0129a bi\u1ec3u th\u1ecb s\u1ee9c m\u1ea1nh, s\u1ef1 \u0111o\u00e0n k\u1ebft trong m\u1ed9t \u0111\u1ed9i (8 ch\u00fa ng\u1ef1a c\u00f9ng ti\u1ebfn v\u1ec1 m\u1ed9t h\u01b0\u1edbng).<\/p>\n<p>Th\u1ecbnh v\u01b0\u1ee3ng, th\u00e0nh \u0111\u1ea1t v\u00e0 th\u1eafng l\u1ee3i.<\/p>\n<p><u><strong>\u200b<\/strong><\/u>H\u00ecnh \u1ea3nh\u00a0<strong>b\u00e1t tu\u1ea5n m\u00e3<\/strong>\u00a0phi m\u1ea1nh m\u1ebd, r\u1eafn r\u1ecfi trong gi\u00f3 g\u1ee3i l\u00ean s\u1ee9c m\u1ea1nh.<\/p>\n<p>S\u1ef1 n\u1ed7 l\u1ef1c, \u00fd ch\u00ed quy\u1ebft t\u00e2m s\u1eaft \u0111\u00e1, m\u1ed9t kh\u00e1t v\u1ecdng th\u00e0nh c\u00f4ng c\u00f9ng chung m\u1ed9t ch\u00ed h\u01b0\u1edbng.<\/p>\n<p>\u0110\u1ed3ng l\u00f2ng ti\u1ebfn l\u00ean ph\u00eda tr\u01b0\u1edbc \u0111\u1ec3 \u0111em chi\u1ebfn th\u1eafng tr\u1edf v\u1ec1.t\u1eb7ng\u00a0<strong>tranh B\u00e1t M\u00e3.<\/strong><\/p>\n<p>Cho nhau v\u1edbi l\u1eddi ch\u00fac Ph\u00e1t t\u00e0i, Ph\u00e1t l\u1ed9c, c\u00f4ng th\u00e0nh danh to\u1ea1i.<\/p>\n<p>b\u1ee9c tranh b\u00e1t tu\u1ea5n m\u00e3 l\u00e0 bi\u1ec3u t\u01b0\u1ee3ng c\u1ee7a s\u1ef1 th\u00e0nh c\u00f4ng, ph\u00e1t tri\u1ec3n.<\/p>\n<p>\u0110\u1eb7c bi\u1ec7t d\u00e0nh cho nh\u1eefng ng\u01b0\u1eddi \u00a0<strong>l\u00e0m quan<\/strong>\u00a0tr\u00ean con\u00a0\u0111\u01b0\u1eddng danh l\u1ee3i v\u1edbi l\u1eddi ch\u00fac\u00a0<em>th\u0103ng quan ti\u1ebfn ch\u1ee9c<\/em><strong>,\u00a0<\/strong><em>quan l\u1ed9 hanh th\u00f4ng<\/em>. Th\u1ee9 \u0111\u1ebfn nh\u1eefng\u00a0<strong>doanh nh\u00e2n<\/strong>\u00a0mu\u1ed1n ph\u00e1t tri\u1ec3n\u00a0<em>s\u1ef1 nghi\u1ec7p kinh doanh<\/em>, \u0111\u1eafc l\u1ee3i, ph\u00fa qu\u00fd.<\/p>\n<h2><strong>MUA TRANH \u0110\u00c1 QU\u00dd M\u00c3 \u0110\u00c1O TH\u00c0NH C\u00d4NG \u1ede \u0110\u00c2U<\/strong><\/h2>\n<p>TRANH \u0110\u00c1 QU\u00dd NAM KH\u00c1NH l\u00e0 x\u01b0\u1edfng ch\u1ebf t\u00e1c, nh\u1eadn l\u00e0m tranh \u0111\u00e1 qu\u00fd phong c\u1ea3nh theo y\u00eau c\u1ea7u. Ch\u1ebf \u0111\u1ed9 b\u1ea3o h\u00e0nh tr\u00ean 50 n\u0103m, uy t\u00edn ch\u1ea5t l\u01b0\u1ee3ng nh\u1ea5t hi\u1ec7n nay..<\/p>\n<p><strong>C\u01a1 s\u1edf 1:<\/strong>\u00a0\u0110i\u1ebfm s\u1ed1 9 Th\u00f4n Ng\u1ecdc Giang &#8211; X\u00e3 V\u0129nh Ng\u1ecdc &#8211; Huy\u1ec7n \u0110\u00f4ng Anh &#8211; TP.H\u00e0 N\u1ed9i<\/p>\n<p><strong>C\u01a1 s\u1edf 2:<\/strong>\u00a0T\u1ed5 1 Th\u1ecb tr\u1ea5n Y\u00ean Th\u1ebf &#8211; L\u1ee5c Y\u00ean &#8211; Y\u00ean B\u00e1i<\/p>\n<p><strong>Hotline:<\/strong>\u00a0<strong><span style=\"font-size: 130%; color: #ed1c24;\">0984063623\u00a0&#8211; 0977672485<\/span><\/strong><\/p>\n","protected":false},"excerpt":{"rendered":"<p>Tranh \u0111\u00e1 qu\u00fd \u0111\u01b0\u1ee3c l\u00e0m t\u1eeb \u0111\u00e1 qu\u00fd t\u1ef1 nhi\u00ean, nh\u01b0: ruby, m\u00e3 n\u00e3o, th\u1ea1ch anh\u2026( \u0111\u00e1 t\u1eeb trong l\u00f2ng \u0111\u1ea5t). qua gia c\u00f4ng nghi\u1ec1n, m\u00e0i, r\u1eafc, g\u1eafn gh\u00e9p th\u1ee7 c\u00f4ng to\u00e0n b\u1ed9. tranh l\u00e0m tr\u00ean n\u1ec1n l\u00e0 t\u1ea5m mica, \u0111\u01b0\u1ee3c g\u1eafn b\u1eb1ng keo 502 chuy\u00ean d\u1ee5ng, n\u00ean \u0111\u1ed9 b\u1ec1n r\u1ea5t cao tr\u00ean 30 n\u0103m&#8230;.<\/p>\n","protected":false},"featured_media":575,"comment_status":"closed","ping_status":"closed","template":"","meta":[],"product_cat":[27],"product_tag":[],"class_list":["post-504","product","type-product","status-publish","has-post-thumbnail","hentry","product_cat-tranh-da-quy-ngua"],"_links":{"self":[{"href":"http:\/\/demoweb.company\/demo09\/wp-json\/wp\/v2\/product\/504","targetHints":{"allow":["GET"]}}],"collection":[{"href":"http:\/\/demoweb.company\/demo09\/wp-json\/wp\/v2\/product"}],"about":[{"href":"http:\/\/demoweb.company\/demo09\/wp-json\/wp\/v2\/types\/product"}],"replies":[{"embeddable":true,"href":"http:\/\/demoweb.company\/demo09\/wp-json\/wp\/v2\/comments?post=504"}],"wp:featuredmedia":[{"embeddable":true,"href":"http:\/\/demoweb.company\/demo09\/wp-json\/wp\/v2\/media\/575"}],"wp:attachment":[{"href":"http:\/\/demoweb.company\/demo09\/wp-json\/wp\/v2\/media?parent=504"}],"wp:term":[{"taxonomy":"product_cat","embeddable":true,"href":"http:\/\/demoweb.company\/demo09\/wp-json\/wp\/v2\/product_cat?post=504"},{"taxonomy":"product_tag","embeddable":true,"href":"http:\/\/demoweb.company\/demo09\/wp-json\/wp\/v2\/product_tag?post=504"}],"curies":[{"name":"wp","href":"https:\/\/api.w.org\/{rel}","templated":true}]}}