{"id":510,"date":"2023-03-17T22:36:19","date_gmt":"2023-03-17T15:36:19","guid":{"rendered":"http:\/\/demoweb.company\/demo09\/?post_type=product&#038;p=510"},"modified":"2023-03-23T20:15:06","modified_gmt":"2023-03-23T13:15:06","slug":"tranh-da-quy-dong-que","status":"publish","type":"product","link":"http:\/\/demoweb.company\/demo09\/san-pham\/tranh-da-quy-dong-que\/","title":{"rendered":"Tranh \u0111\u00e1 qu\u00fd \u0111\u1ed3ng qu\u00ea"},"content":{"rendered":"<p>Tranh \u0111\u00e1 qu\u00fd \u0111\u1ed3ng qu\u00ea c\u00e2y tre \u0111\u1eb9p nh\u1ea5t, \u0111\u01b0\u1ee3c ch\u1ebf t\u00e1c t\u1ea1i x\u01b0\u1edfng tranh \u0111\u00e1 qu\u00fd <strong>NAM KH\u00c1NH<\/strong> V\u1edbi to\u00e0n b\u1ed9 \u0111\u00e1 qu\u00fd t\u1ef1 nhi\u00ean \u0111\u01b0\u1ee3c l\u00e0m v\u00e0o b\u1ee9c tranh \u0111\u00e1 qu\u00fd l\u00e0ng qu\u00ea hoa sen \u0111\u1eb9p nh\u1ea5t trong nh\u00f3m tranh phong c\u1ea3nh. Tranh \u0111\u1ed3ng qu\u00ea ph\u00f9 h\u1ee3p h\u1ea7u h\u1ebft c\u00e1c b\u1ea3n tu\u1ed5i, v\u00e0 m\u1ec7nh. Ai c\u0169ng c\u00f3 th\u1ec3 treo b\u1ee9c tranh l\u00e0ng qu\u00ea trong ng\u00f4i nh\u00e0 m\u00ecnh \u0111\u01b0\u1ee3c. Tranh \u0111\u00e1 \u0111\u1ed3ng qu\u00ea ph\u00f9 h\u1ee3p treo ph\u00f2ng kh\u00e1ch v\u1edbi k\u00edch th\u01b0\u1edbc to. K\u00edch th\u01b0\u1edbc nh\u1ecf th\u00ec ch\u1ee7 y\u1ebfu treo \u1edf ph\u00f2ng \u0103n, ho\u1eb7c ph\u00f2ng ng\u1ee7..<\/p>\n<p><img loading=\"lazy\" decoding=\"async\" class=\"aligncenter size-full wp-image-569\" src=\"http:\/\/demoweb.company\/demo09\/wp-content\/uploads\/2023\/03\/tranh-dong-que.jpg\" alt=\"\" width=\"1155\" height=\"692\" srcset=\"http:\/\/demoweb.company\/demo09\/wp-content\/uploads\/2023\/03\/tranh-dong-que.jpg 1155w, http:\/\/demoweb.company\/demo09\/wp-content\/uploads\/2023\/03\/tranh-dong-que-300x180.jpg 300w, http:\/\/demoweb.company\/demo09\/wp-content\/uploads\/2023\/03\/tranh-dong-que-1024x614.jpg 1024w, http:\/\/demoweb.company\/demo09\/wp-content\/uploads\/2023\/03\/tranh-dong-que-768x460.jpg 768w, http:\/\/demoweb.company\/demo09\/wp-content\/uploads\/2023\/03\/tranh-dong-que-600x359.jpg 600w\" sizes=\"auto, (max-width: 1155px) 100vw, 1155px\" \/><\/p>\n<h2><strong>\u00dd NGH\u0128A TRANH \u0110\u00c1 QU\u00dd \u0110\u1ed2NG QU\u00ca C\u00c2Y TRE<\/strong><\/h2>\n<p>Tranh \u0111\u00e1 qu\u00fd \u0111\u1ed3ng qu\u00ea c\u00e2y tre \u0111\u01b0\u1ee3c bi\u1ebft \u0111\u1ebfn nh\u01b0 m\u1ed9t bi\u1ec3u t\u01b0\u1ee3ng c\u1ee7a \u0111\u1ea5t n\u01b0\u1edbc VI\u1ec6T NAM. \u0110\u00e2y l\u00e0 b\u1ee9c tranh g\u1ee3i nh\u1edb t\u1edbi qu\u00ea h\u01b0\u01a1ng, n\u01a1i sinh th\u00e0nh c\u1ee7a\u00a0<em class=\"Highlight\">ch\u00fa<\/em>ng ta. \u0110\u1ed3ng qu\u00ea tr\u00ean nh\u1eefng mi\u1ec1n qu\u00ea h\u01b0\u01a1ng lu\u00f4n trong t\u00e2m tr\u00ed c\u1ee7a m\u1ed7i ng\u01b0\u1eddi con tha h\u01b0\u01a1ng, mong \u0111\u01b0\u1ee3c s\u1ed1ng v\u00e0 tr\u1edf v\u1ec1 tu\u1ed5i th\u01a1\u2026<\/p>\n<p>\u0110\u00e2y ch\u00ednh l\u00e0 nh\u1eefng b\u1ee9c tranh mang \u0111\u1eadm \u00fd ngh\u0129a v\u1ec1 tu\u1ed5i th\u01a1, n\u01a1i thi\u00eang li\u00eang trong ti\u1ec1m th\u1ee9c m\u1ed7i\u00a0<em class=\"Highlight\">ch\u00fa<\/em>ng ta. Tranh \u0111\u00e1 qu\u00fd l\u00e0ng qu\u00ea hoa sen \u0111em \u0111\u1ebfn n\u1ed7i nh\u1edb mang m\u00e1c, t\u00ecnh y\u00eau th\u00f4n qu\u00ea..<\/p>\n<h2><strong>TRANH \u0110\u00c1 QU\u00dd \u0110\u1ed2NG QU\u00ca C\u00c2Y TRE \u0110\u01af\u1ee2C L\u00c0M NH\u01af TH\u1ebe N\u00c0O?<\/strong><\/h2>\n<p>Tranh phong c\u1ea3nh \u0111\u1ed3ng qu\u00ea c\u00e2y tre \u0111\u01b0\u1ee3c l\u00e0m ho\u00e0n to\u00e0n th\u1ee7\u00a0<em class=\"Highlight\">c\u00f4<\/em>ng t\u1eeb tay ngh\u1ec1 c\u00e1c ngh\u1ec7 nh\u00e2n. Tranh \u0111\u00e1 qu\u00fd gi\u00e1 r\u1ebb l\u00e0 \u0111\u01a1n v\u1ecb tr\u1ef1c ti\u1ebfp ch\u1ebf t\u00e1c nh\u1eefng t\u00e1c ph\u1ea9m tranh \u0111\u00e1 qu\u00fd \u0111\u1eb9p nh\u1ea5t. V\u1edbi l\u1ee3i th\u1ebf v\u1ec1 m\u1eb7t kinh nghi\u1ec7m v\u00e0 l\u00e0m vi\u1ec7c l\u00e2u n\u0103m trong ngh\u00e0nh \u0111\u00e1 qu\u00fd. <em class=\"Highlight\">Ch\u00fa<\/em>ng t\u00f4i lu\u00f4n lu\u00f4n c\u1ed1 g\u1eafng g\u1eedi t\u1edbi tay kh\u00e1ch h\u00e0ng nh\u1eefng s\u1ea3n ph\u1ea9m ch\u1ea5t l\u01b0\u1ee3ng v\u00e0 uy t\u00edn nh\u1ea5t.<\/p>\n<p>Tranh \u0111\u00e1 qu\u00fd l\u00e0ng qu\u00ea c\u00e2y tre \u0111\u01b0\u1ee3c l\u00e0m th\u1ee7\u00a0<em class=\"Highlight\">c\u00f4<\/em>ng tinh x\u1ea3o t\u1eeb \u0111\u00e1 qu\u00fd t\u1ef1 nhi\u00ean. Ngh\u1ec7 thu\u1eadt s\u00e1ng t\u1ea1o, v\u00e0 t\u1ea1o h\u00ecnh \u0111i\u00eau luy\u1ec7n \u0111\u1ebfn t\u1eeb \u0111\u1ed9i ng\u0169 h\u1ecda s\u0129, v\u00e0 ngh\u1ec7 nh\u00e2n tranh \u0111\u00e1 qu\u00fd gi\u00e1 r\u1ebb. \u0110\u1ec3 l\u00e0m 1 b\u1ee9c tranh da quy dong que \u0111\u1eb9p mang \u0111\u1eadm ch\u1ea5t ngh\u1ec7 thu\u1eadt th\u00ec \u0111i\u1ec1u \u0111\u1ea7u ti\u00ean l\u00e0 vi\u1ec7c ch\u1ecdn l\u1ecdc \u0111\u00e1 qu\u00fd\u2026<\/p>\n<p><em class=\"Highlight\">Sau \u0111\u00f3<\/em>\u00a0ch\u00ednh l\u00e0 giai \u0111o\u1ea1n \u0111i v\u00e0o chi ti\u1ebft, mi\u00eau t\u1ea3 s\u1ef1 v\u1eadt v\u00e0 c\u1ea3nh v\u1eadt qua kh\u00f4ng gian mu\u1ed1n truy\u1ec1n t\u1ea3i. \u0110\u00f3 l\u00e0 vi\u1ec7c ph\u1ea3i g\u1eafn \u0111\u00e1 qu\u00fd, gh\u00e9p \u0111\u00e1 t\u1ef1 nhi\u00ean. r\u1eafc h\u1ea1t \u0111\u00e1 qu\u00fd l\u00ean nh\u1eefng chi ti\u1ebft v\u00e0 h\u00ecnh kh\u1ed1i kh\u00e1c nhau.<\/p>\n<h3><strong>TRANH \u0110\u00c1 QU\u00dd \u0110\u1ed2NG QU\u00ca C\u00c2Y TRE \u0110\u01af\u1ee2C L\u00c0M T\u1eea NH\u1eeeNG LO\u1ea0I \u0110\u00c1 QU\u00dd N\u00c0O<\/strong><\/h3>\n<p>Phong c\u1ea3nh n\u00f3i chung v\u00e0 tranh \u0111\u00e1 qu\u00fd \u0111\u1ed3ng qu\u00ea c\u00e2y tre n\u00f3i ri\u00eang. \u0110\u1ec1u \u0111\u01b0\u1ee3c l\u00e0m t\u1eeb \u0111\u00e1 qu\u00fd v\u00e0 b\u00e1n qu\u00fd t\u1ef1 nhi\u00ean. Tranh \u0111\u00e1 qu\u00fd l\u00e0ng qu\u00ea hi\u1ec7n nay \u0111\u01b0\u1ee3c l\u00e0m r\u1ea5t nhi\u1ec1u \u0111\u00e1 qu\u00fd cao c\u1ea5p nh\u01b0 m\u1ed9t s\u1ed1 lo\u1ea1i \u0111\u00e1\u00a0<em class=\"Highlight\">sau\u00a0<\/em>\u0111\u00e2y:<\/p>\n<p>\u25ca\u00a0<strong>\u0110\u00e1 ruby<\/strong>: \u0110\u00e1 ruby s\u1ebd \u0111\u01b0\u1ee3c m\u00e0i nh\u1ecf t\u00e1n nh\u1ecf th\u00e0nh t\u1eebng h\u1ea1t \u0111\u1ec3 r\u1eafc l\u00ean b\u1ee9c tranh \u0111\u00e1 qu\u00fd l\u00e0ng qu\u00ea.<\/p>\n<p>\u25ca\u00a0<strong>\u0110\u00e1 saphia<\/strong>: \u0110\u00e1 saphia \u0111\u01b0\u1ee3c d\u00f9ng kh\u00e1 nhi\u1ec1u trong b\u1ee9c tranh \u0111\u00e1 qu\u00fd. Nh\u01b0 \u0111\u1ec3 pha m\u00e0u h\u1ecda ti\u1ebft logo, m\u00e0u tr\u1eddi m\u00e0u n\u1ec1n, m\u00e0u ch\u1eef.<\/p>\n<p>\u25ca\u00a0<strong>\u0110\u00e1 th\u1ea1ch anh<\/strong>\u00a0tinh khi\u1ebft: \u0110\u00e1 th\u1ea1ch anh c\u00f3 r\u1ea5t nhi\u1ec1u lo\u1ea1i v\u00e0 m\u00e0u s\u1eafc kh\u00e1c nhau. \u0110\u00e1 th\u1ea1ch anh h\u1ed3ng, \u0111\u00e1 th\u1ea1ch anh t\u00edm, th\u1ea1ch anh v\u00e0ng, th\u1ea1ch anh \u0111en, th\u1ea1ch anh n\u00e2u\u2026<\/p>\n<p>\u25ca\u00a0<strong>\u0110\u00e1 opanl<\/strong>: \u0110\u00e1 opanl l\u00e0 nh\u00f3m \u0111\u00e1 b\u00e1n qu\u00fd c\u0169ng \u0111\u01b0\u1ee3c s\u1eed d\u1ee5ng kh\u00e1 nhi\u1ec1u v\u00e0o ph\u1ea7n c\u00e2y c\u1ed1i phong c\u1ea3nh b\u1ed5 tr\u1ee3 cho b\u1ee9c tranh \u0111\u00e1 qu\u00fd.<\/p>\n<h3><strong>H\u01af\u1edaNG TREO TRANH \u0110\u00c1 QU\u00dd \u0110\u1ed2NG QU\u00ca C\u00c2Y TRE<\/strong><\/h3>\n<p>Tranh \u0111\u00e1 \u0111\u1ed3ng qu\u00ea c\u00e2y tre h\u1ea7u h\u1ebft \u0111\u01b0\u1ee3 treo trong ph\u00f2ng kh\u00e1ch. S\u1ea3nh c\u01a1 quan ho\u1eb7c ph\u00f2ng l\u00e0m vi\u1ec7c v\u00e0 ph\u00f2ng \u0103n. V\u1ec1 c\u01a1 b\u1ea3n tranh \u0111\u1ed3ng qu\u00ea \u0111\u1ec1u r\u1ea5t t\u1ed1t. V\u00e0 kh\u00f4ng ph\u1ea1m h\u01b0\u1edbng treo nh\u01b0 nh\u1eefng b\u1ee9c<strong>\u00a0tranh \u0111\u00e1 qu\u00fd con v\u1eadt<\/strong>\u00a0kh\u00e1c.<\/p>\n<p>Tranh \u0111\u00e1 qu\u00fd phong c\u1ea3nh \u0111\u1ed3ng qu\u00ea n\u00ean treo n\u01a1i c\u00f3 kh\u00f4ng kh\u00ed tho\u00e1ng m\u00e1t, \u00e1nh s\u00e1ng t\u1ef1 nhi\u00ean. \u0110\u1ec3 t\u0103ng th\u00eam v\u1ebb \u0111\u1eb9p qu\u00fd kh\u00e1ch c\u00f3 th\u1ec3 t\u00f4 \u0111i\u1ec3m th\u00eam\u00a0<em class=\"Highlight\">ch\u00fa<\/em>t \u0111\u00e8n led, th\u00ec b\u1ee9c\u00a0<strong>tranh phong c\u1ea3nh<\/strong>\u00a0s\u1ebd \u0111\u1eb9p h\u01a1n. \u0110\u1ed3ng th\u1eddi khi treo b\u1ee9c tranh phong c\u1ea3nh l\u00e0ng qu\u00ea trong ph\u00f2ng kh\u00e1ch. N\u00ean treo cao h\u01a1n nh\u1eefng \u0111\u1ed3 d\u00f9ng trong nh\u00e0 nh\u01b0: b\u00e0n gh\u1ebf, t\u1ee7 v\u00e0 tivi\u2026<\/p>\n<h2><strong>MUA TRANH \u0110\u00c1 QU\u00dd \u0110\u1ed2NG QU\u00ca \u1ede \u0110\u00c2U<\/strong><\/h2>\n<p>Ch\u01a1i tranh \u0111\u00e1 qu\u00fd \u0111\u1ed3ng qu\u00ea, l\u00e0ng qu\u00ea, hi\u1ec7n nay r\u1ea5t ph\u1ed5 bi\u1ebfn v\u00e0 \u0111\u01b0\u1ee3c nhi\u1ec1u gia \u0111\u00ecnh s\u1eed d\u1ee5ng treo trong nh\u00e0. Trong nh\u1eefng d\u1ecbp t\u1ebft \u0111\u1ebfn xu\u00e2n v\u1ec1, kh\u00f4ng th\u1ec3 thi\u1ebfu nh\u1eefng b\u1ee9c tranh \u0111\u00e1 qu\u00fd\u00a0phong th\u1ee7y\u00a0trong ng\u00f4i nh\u00e0 b\u1ea1n. M\u1ed9t b\u1ee9c tranh da quy \u0111\u1eb9p, v\u00e0\u00a0h\u1ee3p m\u1ec7nh\u00a0s\u1ebd t\u0103ng th\u00eam nh\u1eefng \u0111i\u1ec1u may m\u1eafn. \u0110\u1eb7c bi\u1ec7t l\u00e0 treo tranh \u0111\u00e1 qu\u00fd \u0111\u1ed3ng qu\u00ea trong nh\u00e0 s\u1ebd gi\u00fap gia ch\u1ee7 may m\u1eafn v\u00e0 th\u00e0nh\u00a0<em class=\"Highlight\">c\u00f4<\/em>ng h\u01a1n trong cu\u1ed9c s\u1ed1ng.<\/p>\n<p>TRANH \u0110\u00c1 QU\u00dd NAM KH\u00c1NH l\u00e0 x\u01b0\u1edfng ch\u1ebf t\u00e1c, nh\u1eadn l\u00e0m tranh \u0111\u00e1 qu\u00fd phong c\u1ea3nh theo y\u00eau c\u1ea7u. Ch\u1ebf \u0111\u1ed9 b\u1ea3o h\u00e0nh tr\u00ean 50 n\u0103m, uy t\u00edn ch\u1ea5t l\u01b0\u1ee3ng nh\u1ea5t hi\u1ec7n nay..<\/p>\n<p><strong>C\u01a1 s\u1edf 1:<\/strong>\u00a0\u0110i\u1ebfm s\u1ed1 9 Th\u00f4n Ng\u1ecdc Giang &#8211; X\u00e3 V\u0129nh Ng\u1ecdc &#8211; Huy\u1ec7n \u0110\u00f4ng Anh &#8211; TP.H\u00e0 N\u1ed9i<\/p>\n<p><strong>C\u01a1 s\u1edf 2:<\/strong>\u00a0T\u1ed5 1 Th\u1ecb tr\u1ea5n Y\u00ean Th\u1ebf &#8211; L\u1ee5c Y\u00ean &#8211; Y\u00ean B\u00e1i<\/p>\n<p><strong>Hotline:<\/strong>\u00a0<strong><span style=\"font-size: 130%; color: #ed1c24;\">0984063623\u00a0&#8211; 0977672485<\/span><\/strong><\/p>\n","protected":false},"excerpt":{"rendered":"<p>Tranh \u0111\u00e1 qu\u00fd \u0111\u1ed3ng qu\u00ea c\u00e2y tre \u0111\u1eb9p nh\u1ea5t, \u0111\u01b0\u1ee3c ch\u1ebf t\u00e1c t\u1ea1i x\u01b0\u1edfng tranh \u0111\u00e1 qu\u00fd NAM KH\u00c1NH V\u1edbi to\u00e0n b\u1ed9 \u0111\u00e1 qu\u00fd t\u1ef1 nhi\u00ean \u0111\u01b0\u1ee3c l\u00e0m v\u00e0o b\u1ee9c tranh \u0111\u00e1 qu\u00fd l\u00e0ng qu\u00ea hoa sen \u0111\u1eb9p nh\u1ea5t trong nh\u00f3m tranh phong c\u1ea3nh. Tranh \u0111\u1ed3ng qu\u00ea ph\u00f9 h\u1ee3p h\u1ea7u h\u1ebft c\u00e1c b\u1ea3n tu\u1ed5i, v\u00e0&#8230;<\/p>\n","protected":false},"featured_media":569,"comment_status":"closed","ping_status":"closed","template":"","meta":[],"product_cat":[29,28,25],"product_tag":[],"class_list":["post-510","product","type-product","status-publish","has-post-thumbnail","hentry","product_cat-ban-chay","product_cat-noi-bat","product_cat-tranh-da-quy-phong-canh"],"_links":{"self":[{"href":"http:\/\/demoweb.company\/demo09\/wp-json\/wp\/v2\/product\/510","targetHints":{"allow":["GET"]}}],"collection":[{"href":"http:\/\/demoweb.company\/demo09\/wp-json\/wp\/v2\/product"}],"about":[{"href":"http:\/\/demoweb.company\/demo09\/wp-json\/wp\/v2\/types\/product"}],"replies":[{"embeddable":true,"href":"http:\/\/demoweb.company\/demo09\/wp-json\/wp\/v2\/comments?post=510"}],"wp:featuredmedia":[{"embeddable":true,"href":"http:\/\/demoweb.company\/demo09\/wp-json\/wp\/v2\/media\/569"}],"wp:attachment":[{"href":"http:\/\/demoweb.company\/demo09\/wp-json\/wp\/v2\/media?parent=510"}],"wp:term":[{"taxonomy":"product_cat","embeddable":true,"href":"http:\/\/demoweb.company\/demo09\/wp-json\/wp\/v2\/product_cat?post=510"},{"taxonomy":"product_tag","embeddable":true,"href":"http:\/\/demoweb.company\/demo09\/wp-json\/wp\/v2\/product_tag?post=510"}],"curies":[{"name":"wp","href":"https:\/\/api.w.org\/{rel}","templated":true}]}}