{"id":513,"date":"2023-03-17T22:36:23","date_gmt":"2023-03-17T15:36:23","guid":{"rendered":"http:\/\/demoweb.company\/demo09\/?post_type=product&#038;p=513"},"modified":"2023-03-23T20:59:54","modified_gmt":"2023-03-23T13:59:54","slug":"tranh-da-quy-hoa-mai-trang","status":"publish","type":"product","link":"http:\/\/demoweb.company\/demo09\/san-pham\/tranh-da-quy-hoa-mai-trang\/","title":{"rendered":"Tranh \u0111\u00e1 qu\u00fd hoa mai tr\u1eafng"},"content":{"rendered":"<p>Treo tranh \u0111\u00e1 qu\u00fd hoa mai phong th\u1ee7y tr\u00ean t\u01b0\u1eddng v\u00e0o ng\u00e0y T\u1ebft v\u1eeba gi\u00fap kh\u00f4ng kh\u00ed \u0111\u00f3n Xu\u00e2n n\u0103m m\u1edbi th\u00eam r\u1ed9n r\u00e0ng; tranh c\u00f2n gi\u00fap t\u00f4 \u0111i\u1ec3m cho ng\u00f4i nh\u00e0 th\u00eam \u1ea5n t\u01b0\u1ee3ng, m\u00e0u s\u1eafc r\u1ef1c r\u1ee1. Ngo\u00e0i ra b\u1ee9c tranh hoa mai t\u01b0\u1ee3ng tr\u01b0ng cho s\u1ef1 may m\u1eafn, s\u1ee9c kh\u1ecfe, l\u1ed9c th\u1ecd, nh\u00e2n duy\u00ean h\u1ea1nh ph\u00fac trong n\u0103m m\u1edbi.<\/p>\n<p><img loading=\"lazy\" decoding=\"async\" class=\"aligncenter size-full wp-image-580\" src=\"http:\/\/demoweb.company\/demo09\/wp-content\/uploads\/2023\/03\/tranh-hoa-mai-trang.jpg\" alt=\"\" width=\"956\" height=\"518\" srcset=\"http:\/\/demoweb.company\/demo09\/wp-content\/uploads\/2023\/03\/tranh-hoa-mai-trang.jpg 956w, http:\/\/demoweb.company\/demo09\/wp-content\/uploads\/2023\/03\/tranh-hoa-mai-trang-300x163.jpg 300w, http:\/\/demoweb.company\/demo09\/wp-content\/uploads\/2023\/03\/tranh-hoa-mai-trang-768x416.jpg 768w, http:\/\/demoweb.company\/demo09\/wp-content\/uploads\/2023\/03\/tranh-hoa-mai-trang-600x325.jpg 600w\" sizes=\"auto, (max-width: 956px) 100vw, 956px\" \/><\/p>\n<h1><strong>\u00dd NGH\u0128A PHONG TH\u1ee6Y C\u1ee6A TRANH \u0110\u00c1 QU\u00dd HOA MAI 3D<\/strong><\/h1>\n<ul>\n<li>Nh\u1edb tu\u1ed1t l\u00e1 cho mai v\u1ec1 k\u1ecbp t\u1ebft<\/li>\n<li>K\u1ebbo giao th\u1eeba thi\u1ebfu h\u1eb3n m\u1ed9t m\u00f9i h\u01b0\u01a1ng<\/li>\n<li>Mai v\u00e0ng n\u1edf nh\u01b0 em v\u1ec1 \u0111\u00fang h\u1eb9n<\/li>\n<li>\u00c1o v\u00e0ng ph\u01a1i s\u00e1ng r\u1ee1 c\u1ea3 con \u0111\u01b0\u1eddng<\/li>\n<\/ul>\n<p><strong>Tranh \u0111\u00e1 qu\u00fd hoa mai<\/strong>\u00a0lo\u00e0i hoa c\u00f3 t\u1ee9 \u0111\u1ee9c, khi hoa m\u1edbi k\u1ebft n\u1ee5 l\u00e0 nguy\u00ean, hoa n\u1edf l\u00e0 hanh, khi k\u1ebft qu\u1ea3 l\u00e0 l\u1ee3i, qu\u1ea3 ch\u00edn l\u1ea1i l\u00e0 trinh.\u00a0Ch\u00ednh v\u00ec nh\u1eefng \u0111i\u1ec1u n\u00e0y m\u00e0 m\u1ecdi ng\u01b0\u1eddi r\u1ea5t qu\u00fd v\u00e0 coi tr\u1ecdng c\u00e2y hoa mai. Tranh hoa mai c\u0169ng tr\u1edf th\u00e0nh m\u1ed9t trong nh\u1eefng h\u1ecda ti\u1ebft trang tr\u00ed ph\u1ed5 bi\u1ebfn v\u00e0 \u0111em l\u1ea1i nhi\u1ec1u may m\u1eafn cho m\u1ecdi ng\u01b0\u1eddi.<\/p>\n<p>Hoa mai th\u01b0\u1eddng n\u1edf d\u1ecbp xu\u00e2n v\u1ec1.\u00a0Nh\u00ecn th\u1ea5y hoa l\u00e0 th\u1ea5y t\u1ebft, hoa mang m\u00f9a xu\u00e2n \u0111\u1ebfn, \u0111em s\u1ef1 \u0111o\u00e0n t\u1ee5 \u1ea5m c\u00fang cho c\u00e1c gia \u0111\u00ecnh. C\u00e2y mai th\u00e2n g\u1ed7, c\u1ee9ng v\u00e0 th\u1eb3ng\u00a0t\u01b0\u1ee3ng tr\u01b0ng cho s\u1ef1 m\u1ea1nh m\u1ebd, ki\u00ean c\u01b0\u1eddng lu\u00f4n v\u01b0\u01a1n m\u00ecnh trong \u00e1nh n\u1eafng. \u0110\u00f3 l\u00e0 l\u00fd do ng\u01b0\u1eddi x\u01b0a th\u01b0\u1eddng l\u1ea5y kh\u00ed ch\u1ea5t, ph\u1ea9m c\u00e1ch cao th\u01b0\u1ee3ng v\u00e0 li\u00eam khi\u1ebft c\u1ee7a ng\u01b0\u1eddi qu\u00e2n t\u1eed \u0111\u1ec3 \u0111i so s\u00e1nh v\u1edbi mai.<\/p>\n<h2><strong>C\u00e1ch treo tranh hoa mai h\u1ee3p phong th\u1ee7y nh\u1ea5t<\/strong><\/h2>\n<p>Th\u00f4ng th\u01b0\u1eddng ng\u01b0\u1eddi ta s\u1ebd treo tranh \u0111\u00e1 qu\u00fd hoa mai \u1edf nh\u1eefng v\u1ecb tr\u00ed c\u00e1t l\u1ee3i trong ph\u00f2ng kh\u00e1ch ho\u1eb7c th\u01b0 ph\u00f2ng. B\u1edfi tranh hoa mai \u0111\u01b0\u1ee3c\u00a0l\u1ea5y c\u00e2y mai l\u00e0m ch\u1ee7, ng\u0169 h\u00e0nh thu\u1ed9c m\u1ed9c. \u0110\u1ed1i v\u1edbi nh\u1eefng ng\u01b0\u1eddi c\u00f3 ng\u0169 h\u00e0nh thu\u1ed9c m\u1ed9c ho\u1eb7c ph\u00f9 h\u1ee3p v\u1edbi m\u1ed9c th\u00edch s\u1ebd kh\u00f4ng c\u00f3 g\u00ec th\u00edch h\u1ee3p h\u01a1n treo lo\u1ea1i tranh n\u00e0y. V\u00e0 ng\u01b0\u1ee3c l\u1ea1i nh\u1eefng ng\u01b0\u1eddi c\u00f3 ng\u0169 h\u00e0nh kh\u1eafc k\u1ef5 v\u1edbi m\u1ed9c th\u00ec h\u00e3y ch\u1ecdn lo\u1ea1i tranh kh\u00e1c ph\u00f9 h\u1ee3p h\u01a1n.<\/p>\n<p>Theo phong th\u1ee7y do c\u00e2y mai c\u00f3 ng\u0169 h\u00e0nh thu\u1ed9c m\u1ed9c, n\u00ean m\u1ecdi ng\u01b0\u1eddi treo tranh \u1edf c\u00e1c h\u01b0\u1edbng ch\u00ednh nam, ch\u00ednh \u0111\u00f4ng, \u0111\u00f4ng nam. \u0110\u00e2y ch\u00ednh l\u00e0 ph\u01b0\u01a1ng v\u1ecb t\u01b0\u01a1ng sinh c\u1ee7a m\u1ed9c. N\u1ebfu treo tranh nh\u01b0 v\u1eady s\u1ebd \u0111em \u0111\u1ebfn nhi\u1ec1u may m\u1eafn cho gia ch\u1ee7 t\u1eeb vi\u1ec7c l\u00e0m \u0103n \u0111\u1ebfn m\u1ecdi vi\u1ec7c trong gia \u0111\u00ecnh.<\/p>\n<h2><strong>Mua tranh \u0111\u00e1 qu\u00fd hoa mai tr\u1eafng \u1edf \u0111\u00e2u?<\/strong><\/h2>\n<p>TRANH \u0110\u00c1 QU\u00dd NAM KH\u00c1NH l\u00e0 x\u01b0\u1edfng ch\u1ebf t\u00e1c, nh\u1eadn l\u00e0m tranh \u0111\u00e1 qu\u00fd phong c\u1ea3nh theo y\u00eau c\u1ea7u. Ch\u1ebf \u0111\u1ed9 b\u1ea3o h\u00e0nh tr\u00ean 50 n\u0103m, uy t\u00edn ch\u1ea5t l\u01b0\u1ee3ng nh\u1ea5t hi\u1ec7n nay..<\/p>\n<p><strong>C\u01a1 s\u1edf 1:<\/strong>\u00a0\u0110i\u1ebfm s\u1ed1 9 Th\u00f4n Ng\u1ecdc Giang &#8211; X\u00e3 V\u0129nh Ng\u1ecdc &#8211; Huy\u1ec7n \u0110\u00f4ng Anh &#8211; TP.H\u00e0 N\u1ed9i<\/p>\n<p><strong>C\u01a1 s\u1edf 2:<\/strong>\u00a0T\u1ed5 1 Th\u1ecb tr\u1ea5n Y\u00ean Th\u1ebf &#8211; L\u1ee5c Y\u00ean &#8211; Y\u00ean B\u00e1i<\/p>\n<p><strong>Hotline:<\/strong>\u00a0<strong><span style=\"font-size: 130%; color: #ed1c24;\">0984063623\u00a0&#8211; 0977672485<\/span><\/strong><\/p>\n","protected":false},"excerpt":{"rendered":"<p>Treo tranh \u0111\u00e1 qu\u00fd hoa mai phong th\u1ee7y tr\u00ean t\u01b0\u1eddng v\u00e0o ng\u00e0y T\u1ebft v\u1eeba gi\u00fap kh\u00f4ng kh\u00ed \u0111\u00f3n Xu\u00e2n n\u0103m m\u1edbi th\u00eam r\u1ed9n r\u00e0ng; tranh c\u00f2n gi\u00fap t\u00f4 \u0111i\u1ec3m cho ng\u00f4i nh\u00e0 th\u00eam \u1ea5n t\u01b0\u1ee3ng, m\u00e0u s\u1eafc r\u1ef1c r\u1ee1. Ngo\u00e0i ra b\u1ee9c tranh hoa mai t\u01b0\u1ee3ng tr\u01b0ng cho s\u1ef1 may m\u1eafn, s\u1ee9c kh\u1ecfe, l\u1ed9c th\u1ecd,&#8230;<\/p>\n","protected":false},"featured_media":514,"comment_status":"closed","ping_status":"closed","template":"","meta":[],"product_cat":[24],"product_tag":[],"class_list":["post-513","product","type-product","status-publish","has-post-thumbnail","hentry","product_cat-tranh-da-quy-dao-3d"],"_links":{"self":[{"href":"http:\/\/demoweb.company\/demo09\/wp-json\/wp\/v2\/product\/513","targetHints":{"allow":["GET"]}}],"collection":[{"href":"http:\/\/demoweb.company\/demo09\/wp-json\/wp\/v2\/product"}],"about":[{"href":"http:\/\/demoweb.company\/demo09\/wp-json\/wp\/v2\/types\/product"}],"replies":[{"embeddable":true,"href":"http:\/\/demoweb.company\/demo09\/wp-json\/wp\/v2\/comments?post=513"}],"wp:featuredmedia":[{"embeddable":true,"href":"http:\/\/demoweb.company\/demo09\/wp-json\/wp\/v2\/media\/514"}],"wp:attachment":[{"href":"http:\/\/demoweb.company\/demo09\/wp-json\/wp\/v2\/media?parent=513"}],"wp:term":[{"taxonomy":"product_cat","embeddable":true,"href":"http:\/\/demoweb.company\/demo09\/wp-json\/wp\/v2\/product_cat?post=513"},{"taxonomy":"product_tag","embeddable":true,"href":"http:\/\/demoweb.company\/demo09\/wp-json\/wp\/v2\/product_tag?post=513"}],"curies":[{"name":"wp","href":"https:\/\/api.w.org\/{rel}","templated":true}]}}