{"id":522,"date":"2023-03-17T23:05:50","date_gmt":"2023-03-17T16:05:50","guid":{"rendered":"http:\/\/demoweb.company\/demo09\/?post_type=product&#038;p=522"},"modified":"2023-03-23T20:55:52","modified_gmt":"2023-03-23T13:55:52","slug":"tranh-da-quy-tung-hac-dien-nien","status":"publish","type":"product","link":"http:\/\/demoweb.company\/demo09\/san-pham\/tranh-da-quy-tung-hac-dien-nien\/","title":{"rendered":"Tranh \u0111\u00e1 qu\u00fd t\u00f9ng h\u1ea1c di\u00ean ni\u00ean"},"content":{"rendered":"<p>Tranh \u0111\u00e1 qu\u00fd <strong>t\u00f9ng h\u1ea1c di\u00ean ni\u00ean<\/strong>\u00a0cao c\u1ea5p. \u0110\u01b0\u1ee3c l\u00e0m ho\u00e0n to\u00e0n t\u1ef1 nhi\u00ean t\u1eeb \u0111\u00e1 qu\u00fd nguy\u00ean ch\u1ea5t tinh khi\u1ebft. Tranh \u0111\u00e1 qu\u00fd t\u00f9ng h\u1ea1c 3d \u0111\u01b0\u1ee3c r\u1ea5t nhi\u1ec1u ng\u01b0\u1eddi quan t\u00e2m v\u00e0 l\u1ef1a ch\u1ecdn \u0111\u1ec3 treo ph\u00f2ng kh\u00e1ch ho\u1eb7c \u0111\u1ea1i s\u1ea3nh c\u00f4ng ty ho\u1eb7c ph\u00f2ng l\u00e0m vi\u1ec7c. Tranh \u0111\u00e1 qu\u00fd t\u00f9ng h\u1ea1c di\u00ean ni\u00ean h\u1ed9i t\u1ee5 r\u1ea5t nhi\u1ec1u phong th\u1ee7y t\u1ed1t l\u00e0nh trong b\u1ee9c tranh. \u0110\u1eb7c \u0111i\u1ec3m n\u1ed5i b\u1eadt nh\u01b0 c\u00e2y t\u00f9ng d\u00e1ng long 3d ngh\u00ecn n\u0103m tu\u1ed5i. Hoa m\u1eabu \u0111\u01a1n 3d gi\u00e0u sang ph\u00fa qu\u00fd, hoa \u0111\u00e0o m\u00f9a xu\u00e2n ti\u1ebft tr\u1eddi t\u01b0\u01a1i m\u1edbi. B\u00e1t h\u1ea1c ( 8 con ti\u00ean h\u1ea1c ) cho s\u1ef1 h\u1ea1nh ph\u00fac \u0111\u1ea7y \u0111\u1ee7 \u1ea5m no\u2026<\/p>\n<p><img loading=\"lazy\" decoding=\"async\" class=\"aligncenter size-full wp-image-578\" src=\"http:\/\/demoweb.company\/demo09\/wp-content\/uploads\/2023\/03\/tranh-tung-hac-dien-nien.jpg\" alt=\"\" width=\"941\" height=\"559\" srcset=\"http:\/\/demoweb.company\/demo09\/wp-content\/uploads\/2023\/03\/tranh-tung-hac-dien-nien.jpg 941w, http:\/\/demoweb.company\/demo09\/wp-content\/uploads\/2023\/03\/tranh-tung-hac-dien-nien-300x178.jpg 300w, http:\/\/demoweb.company\/demo09\/wp-content\/uploads\/2023\/03\/tranh-tung-hac-dien-nien-768x456.jpg 768w, http:\/\/demoweb.company\/demo09\/wp-content\/uploads\/2023\/03\/tranh-tung-hac-dien-nien-600x356.jpg 600w\" sizes=\"auto, (max-width: 941px) 100vw, 941px\" \/><\/p>\n<h2><strong>Tranh \u0111\u00e1 qu\u00fd t\u00f9ng h\u1ea1c di\u00ean ni\u00ean l\u00e0 g\u00ec?<\/strong><\/h2>\n<p>Xin gi\u1edbi thi\u1ec7u \u0111\u1ebfn c\u00e1c b\u1ea1n 1 t\u00e1c ph\u1ea9m tranh \u0111\u00e1 qu\u00fd phong th\u1ee7y mang \u0111\u1eadm ch\u1ea5t \u0111\u00e1 qu\u00fd t\u1ef1 nhi\u00ean. Tranh \u0111\u00e1 qu\u00fd t\u00f9ng h\u1ea1c hay c\u00f2n \u0111\u01b0\u1ee3c g\u1ecdi l\u00e0 t\u00f9ng h\u1ea1c di\u00ean ni\u00ean ho\u1eb7c t\u00f9ng h\u1ea1c ph\u00fa qu\u00fd tr\u01b0\u1eddng xu\u00e2n\u2026<\/p>\n<p>\u0110\u00e2y l\u00e0 b\u1ee9c tranh 3D \u0111\u01b0\u1ee3c l\u00e0m ho\u00e0n to\u00e0n th\u1ee7 c\u00f4ng t\u1eeb \u0111\u1ed9i ng\u0169 ngh\u1ec7 nh\u00e2n t\u1ea1i x\u01b0\u1edfng\u00a0<strong>Tranh \u0110\u00e1 Qu\u00fd NAM KH\u00c1NH<\/strong>. V\u1edbi nh\u1eefng lo\u1ea1i \u0111\u00e1 qu\u00fd nh\u01b0 ruby, saphia, th\u1ea1ch anh v\u00e0 opanl\u2026<\/p>\n<h2><strong>Tranh \u0111\u00e1 qu\u00fd 3d t\u00f9ng h\u1ea1c \u0111\u01b0\u1ee3c l\u00e0m nh\u01b0 th\u1ebf n\u00e0o?<\/strong><\/h2>\n<p><strong>Tranh \u0111\u00e1 qu\u00fd\u00a0t\u00f9ng h\u1ea1c di\u00ean ni\u00ean<\/strong> \u0111\u01b0\u1ee3c l\u00e0m th\u1ee7 c\u00f4ng v\u1edbi r\u1ea5t nhi\u1ec1u k\u0129 thu\u1eadt \u0111\u1eafp n\u1ed5i v\u00e0 t\u1ea1o h\u00ecnh 3d. Nh\u1eefng c\u00e1nh hoa m\u1eabu \u0111\u01a1n \u0111\u01b0\u1ee3c c\u1eaft m\u00e0i r\u1ed3i u\u1ed1n c\u00e1nh t\u1ea1o kh\u1ed1i n\u1ed5i 3d t\u1ea1o n\u00ean s\u1ef1 m\u1ec1m m\u1ea1i \u0111\u1eb7c s\u1eafc. C\u00e2y t\u00f9ng \u0111\u01b0\u1ee3c x\u1ebfp \u0111\u00e1 m\u1ea3nh h\u1ea1t to \u0111\u1ec3 t\u1ea1o ra s\u1ef1 ch\u1eafc ch\u1eafn v\u00e0 k\u00eanh b\u00f4ng c\u1ee7a th\u00e2n c\u00e2y t\u00f9ng. Hoa \u0111\u00e0o \u0111\u01b0\u1ee3c kh\u1ea3m \u0111\u00e1 qu\u00fd ruby si\u00eau v\u00edp k\u1ebft h\u1ee3p v\u1edbi nh\u1eefng chi ti\u1ebft m\u1eb7t tr\u1eddi d\u00e3y n\u00fai, v\u00e0 c\u00e2y c\u1ed1i b\u1ed5 tr\u1ee3 ph\u1ed1i c\u1ea3nh cho b\u1ee9c tranh.<\/p>\n<h3>C\u00e1c lo\u1ea1i \u0111\u00e1 l\u00e0m ra tranh:<\/h3>\n<p>\u25ca\u00a0<strong>\u0110\u00e1 ruby<\/strong>: \u0110\u00e1 ruby s\u1ebd \u0111\u01b0\u1ee3c m\u00e0i nh\u1ecf t\u00e1n nh\u1ecf th\u00e0nh t\u1eebng h\u1ea1t \u0111\u1ec3 r\u1eafc l\u00ean b\u1ee9c tranh \u0111\u00e1 qu\u00fd 3d.<\/p>\n<p>\u25ca\u00a0<strong>\u0110\u00e1 saphia<\/strong>: \u0110\u00e1 saphia \u0111\u01b0\u1ee3c d\u00f9ng kh\u00e1 nhi\u1ec1u trong b\u1ee9c tranh \u0111\u00e1 qu\u00fd. Nh\u01b0 \u0111\u1ec3 pha m\u00e0u h\u1ecda ti\u1ebft \u0111\u01b0\u1eddng n\u00e9t, m\u00e0u tr\u1eddi m\u00e0u n\u1ec1n, m\u00e0u xanh.<\/p>\n<p>\u25ca\u00a0<strong>\u0110\u00e1 th\u1ea1ch anh<\/strong>\u00a0tinh khi\u1ebft: \u0110\u00e1 th\u1ea1ch anh c\u00f3 r\u1ea5t nhi\u1ec1u lo\u1ea1i v\u00e0 m\u00e0u s\u1eafc kh\u00e1c nhau: \u0110\u00e1 th\u1ea1ch anh h\u1ed3ng, \u0111\u00e1 th\u1ea1ch anh t\u00edm, th\u1ea1ch anh v\u00e0ng, th\u1ea1ch anh \u0111en, th\u1ea1ch anh n\u00e2u\u2026<\/p>\n<p>\u25ca\u00a0<strong>\u0110\u00e1 opanl<\/strong>: \u0110\u00e1 opanl l\u00e0 nh\u00f3m \u0111\u00e1 b\u00e1n qu\u00fd c\u0169ng \u0111\u01b0\u1ee3c s\u1eed d\u1ee5ng kh\u00e1 nhi\u1ec1u v\u00e0o ph\u1ea7n c\u00e2y c\u1ed1i phong c\u1ea3nh b\u1ed5 tr\u1ee3 cho b\u1ee9c tranh \u0111\u00e1 qu\u00fd.<\/p>\n<h2><strong>Mua tranh \u0111\u00e1 qu\u00fd t\u00f9ng h\u1ea1c di\u00ean ni\u00ean \u1edf \u0111\u00e2u?<\/strong><\/h2>\n<p>TRANH \u0110\u00c1 QU\u00dd NAM KH\u00c1NH l\u00e0 x\u01b0\u1edfng ch\u1ebf t\u00e1c, nh\u1eadn l\u00e0m tranh \u0111\u00e1 qu\u00fd phong c\u1ea3nh theo y\u00eau c\u1ea7u. Ch\u1ebf \u0111\u1ed9 b\u1ea3o h\u00e0nh tr\u00ean 50 n\u0103m, uy t\u00edn ch\u1ea5t l\u01b0\u1ee3ng nh\u1ea5t hi\u1ec7n nay..<\/p>\n<p><strong>C\u01a1 s\u1edf 1:<\/strong>\u00a0\u0110i\u1ebfm s\u1ed1 9 Th\u00f4n Ng\u1ecdc Giang &#8211; X\u00e3 V\u0129nh Ng\u1ecdc &#8211; Huy\u1ec7n \u0110\u00f4ng Anh &#8211; TP.H\u00e0 N\u1ed9i<\/p>\n<p><strong>C\u01a1 s\u1edf 2:<\/strong>\u00a0T\u1ed5 1 Th\u1ecb tr\u1ea5n Y\u00ean Th\u1ebf &#8211; L\u1ee5c Y\u00ean &#8211; Y\u00ean B\u00e1i<\/p>\n<p><strong>Hotline:<\/strong>\u00a0<strong><span style=\"font-size: 130%; color: #ed1c24;\">0984063623\u00a0&#8211; 0977672485<\/span><\/strong><\/p>\n","protected":false},"excerpt":{"rendered":"<p>Tranh \u0111\u00e1 qu\u00fd t\u00f9ng h\u1ea1c di\u00ean ni\u00ean\u00a0cao c\u1ea5p. \u0110\u01b0\u1ee3c l\u00e0m ho\u00e0n to\u00e0n t\u1ef1 nhi\u00ean t\u1eeb \u0111\u00e1 qu\u00fd nguy\u00ean ch\u1ea5t tinh khi\u1ebft. Tranh \u0111\u00e1 qu\u00fd t\u00f9ng h\u1ea1c 3d \u0111\u01b0\u1ee3c r\u1ea5t nhi\u1ec1u ng\u01b0\u1eddi quan t\u00e2m v\u00e0 l\u1ef1a ch\u1ecdn \u0111\u1ec3 treo ph\u00f2ng kh\u00e1ch ho\u1eb7c \u0111\u1ea1i s\u1ea3nh c\u00f4ng ty ho\u1eb7c ph\u00f2ng l\u00e0m vi\u1ec7c. Tranh \u0111\u00e1 qu\u00fd t\u00f9ng h\u1ea1c di\u00ean&#8230;<\/p>\n","protected":false},"featured_media":578,"comment_status":"closed","ping_status":"closed","template":"","meta":[],"product_cat":[29,25],"product_tag":[],"class_list":["post-522","product","type-product","status-publish","has-post-thumbnail","hentry","product_cat-ban-chay","product_cat-tranh-da-quy-phong-canh"],"_links":{"self":[{"href":"http:\/\/demoweb.company\/demo09\/wp-json\/wp\/v2\/product\/522","targetHints":{"allow":["GET"]}}],"collection":[{"href":"http:\/\/demoweb.company\/demo09\/wp-json\/wp\/v2\/product"}],"about":[{"href":"http:\/\/demoweb.company\/demo09\/wp-json\/wp\/v2\/types\/product"}],"replies":[{"embeddable":true,"href":"http:\/\/demoweb.company\/demo09\/wp-json\/wp\/v2\/comments?post=522"}],"wp:featuredmedia":[{"embeddable":true,"href":"http:\/\/demoweb.company\/demo09\/wp-json\/wp\/v2\/media\/578"}],"wp:attachment":[{"href":"http:\/\/demoweb.company\/demo09\/wp-json\/wp\/v2\/media?parent=522"}],"wp:term":[{"taxonomy":"product_cat","embeddable":true,"href":"http:\/\/demoweb.company\/demo09\/wp-json\/wp\/v2\/product_cat?post=522"},{"taxonomy":"product_tag","embeddable":true,"href":"http:\/\/demoweb.company\/demo09\/wp-json\/wp\/v2\/product_tag?post=522"}],"curies":[{"name":"wp","href":"https:\/\/api.w.org\/{rel}","templated":true}]}}