{"id":523,"date":"2023-03-17T23:05:51","date_gmt":"2023-03-17T16:05:51","guid":{"rendered":"http:\/\/demoweb.company\/demo09\/?post_type=product&#038;p=523"},"modified":"2023-03-23T20:51:18","modified_gmt":"2023-03-23T13:51:18","slug":"tranh-da-quy-son-thuy-huu-tinh","status":"publish","type":"product","link":"http:\/\/demoweb.company\/demo09\/san-pham\/tranh-da-quy-son-thuy-huu-tinh\/","title":{"rendered":"Tranh \u0111\u00e1 qu\u00fd s\u01a1n th\u1ee7y h\u1eefu t\u00ecnh"},"content":{"rendered":"<p>Phong th\u1ee7y h\u1eefu t\u00ecnh l\u00e0 b\u1ee9c tranh \u0111\u00e1 qu\u00fd n\u1ed5i ti\u1ebfng \u0111\u1eb3ng c\u1ea5p nh\u1ea5t trong nh\u1eefng m\u1eabu tranh \u0111\u00e1 hi\u1ec7n nay. Th\u00e2n c\u00e2y \u0111\u00e0o \u0111\u01b0\u1ee3c kh\u1ea3m to\u00e0n b\u1ed9 b\u1eb1ng \u0111\u00e1 m\u00e3 n\u00e3o v\u00e0 \u0111\u00e1 h\u1ed5 ph\u00e1ch t\u1ea1o h\u00ecnh th\u1ebf nh\u01b0 1 con r\u1ed3ng \u0111ang bay l\u01b0\u1ee3n tr\u00ean b\u1ea7u tr\u1eddi nh\u1ea3 ng\u1ecdc. Nh\u1eefng b\u00f4ng hoa, c\u00e1nh hoa \u0111\u00e0o \u0111\u01b0\u1ee3c c\u1eaft m\u00e0i \u0111\u00e1nh b\u00f3ng t\u1eeb \u0111\u00e1 qu\u00fd rubi v\u00e0 th\u1ea1ch anh h\u1ed3ng, mang l\u1ea1i gi\u00e1 tr\u1ecb n\u0103ng l\u01b0\u1ee3ng r\u1ea5t cao cho vi\u1ec7c \u0111i\u1ec1u kh\u00ed an l\u00e0nh trong ng\u00f4i nh\u00e0 b\u1ea1n. Ngo\u00e0i ra tranh \u0111\u00e1 qu\u00fd hoa \u0111\u00e0o c\u00f2n mang \u0111\u1ebfn s\u1ef1 may m\u1eafn \u1ea5m lo h\u1ea1nh ph\u00fac cho gia ch\u1ee7<\/p>\n<p><img loading=\"lazy\" decoding=\"async\" class=\"aligncenter size-full wp-image-577\" src=\"http:\/\/demoweb.company\/demo09\/wp-content\/uploads\/2023\/03\/tranh-son-thuy-huu-tinh.jpg\" alt=\"\" width=\"1280\" height=\"724\" srcset=\"http:\/\/demoweb.company\/demo09\/wp-content\/uploads\/2023\/03\/tranh-son-thuy-huu-tinh.jpg 1280w, http:\/\/demoweb.company\/demo09\/wp-content\/uploads\/2023\/03\/tranh-son-thuy-huu-tinh-300x170.jpg 300w, http:\/\/demoweb.company\/demo09\/wp-content\/uploads\/2023\/03\/tranh-son-thuy-huu-tinh-1024x579.jpg 1024w, http:\/\/demoweb.company\/demo09\/wp-content\/uploads\/2023\/03\/tranh-son-thuy-huu-tinh-768x434.jpg 768w, http:\/\/demoweb.company\/demo09\/wp-content\/uploads\/2023\/03\/tranh-son-thuy-huu-tinh-600x339.jpg 600w\" sizes=\"auto, (max-width: 1280px) 100vw, 1280px\" \/><\/p>\n<h2><strong>Tranh \u0111\u00e1 qu\u00fd s\u01a1n th\u1ee7y h\u1eefu t\u00ecnh \u0111\u1eb9p<\/strong><\/h2>\n<ul>\n<li><strong>Tranh \u0111\u00e1 qu\u00fd s\u01a1n th\u1ee7y h\u1eefu t\u00ecnh \u0111\u1eb9p<\/strong>\u00a0\u0111\u01b0\u1ee3c l\u00e0m th\u1ee7 c\u00f4ng tr\u00ean ch\u1ea5t li\u1ec7u \u0111\u00e1 qu\u00fd t\u1ef1 nhi\u00ean.<\/li>\n<li>Tr\u1ea3i qua nhi\u1ec1u c\u00f4ng \u0111o\u1ea1n r\u1ea5t c\u00f4ng phu nh\u01b0 ph\u00e2n lo\u1ea1i \u0111\u00e1 \u0111\u1eadp \u0111\u00e1 d\u00e3 nh\u1ecf th\u1ee7 c\u00f4ng r\u1ed3i s\u00e0ng l\u1ecdc.<\/li>\n<li>\u0110\u1ec3 t\u00ecm l\u1ea5y nh\u1eefng vi\u00ean \u0111\u00e1 qu\u00fd \u0111\u1eb9p nh\u1ea5t m\u1edbi t\u1edbi tay ngh\u1ec7 nh\u00e2n ch\u1ebf t\u00e1c.<\/li>\n<li>B\u00ecnh th\u01b0\u1eddng \u0111\u1ec3 l\u00e0m n\u00ean m\u1ed9t b\u1ee9c tranh \u0111\u00e1 qu\u00fd \u0111\u1eb9p \u0111\u1ea1t ti\u00eau chu\u1ea9n.<\/li>\n<li>\u0110\u1ec3 ph\u00e2n ph\u1ed1i ra th\u1ecb tr\u01b0\u1eddng th\u01b0\u1eddng m\u1ea5t kho\u1ea3ng h\u01a1n 1 th\u00e1ng m\u1edbi xong t\u00e1c ph\u1ea9m \u0111\u00e0o gi\u00e1ng long n\u00e0y.<\/li>\n<li>Tranh \u0111\u00e1 qu\u00fd s\u01a1n th\u1ee7y h\u1eefu t\u00ecnh \u0111\u01b0\u1ee3c ch\u1ebf t\u00e1c tr\u1ef1c ti\u1ebfp t\u1ea1i c\u01a1 s\u1edf s\u1ea3n xu\u1ea5t tranh \u0111\u00e1 qu\u00fd <strong>NAM KH\u00c1NH<\/strong><\/li>\n<li>B\u00e1n bu\u00f4n b\u00e1n l\u1ebb to\u00e0n qu\u1ed1c c\u00f3 th\u00e2m ni\u00ean l\u1ecbch s\u1eed l\u00e0m tranh \u0111\u00e1 qu\u00fd l\u00e2u \u0111\u1eddi nh\u1ea5t trong l\u00e0ng ngh\u1ec1 tranh \u0111\u00e1.<\/li>\n<li>T\u1ea5t c\u1ea3 s\u1ea3n ph\u1ea9m qu\u00fd kh\u00e1ch \u0111\u1eb7t h\u00e0ng theo m\u1eabu t\u1ea1i c\u01a1 s\u1edf \u0111\u1ec1u \u0111\u01b0\u1ee3c ch\u1ebf t\u00e1c c\u1ea9n th\u1eadn.<\/li>\n<li>T\u1ec9 m\u1ec9 ki\u1ec3m tra k\u0129 c\u00e0ng m\u1edbi t\u1edbi tay kh\u00e1ch h\u00e0ng th\u00e2n y\u00eau.<\/li>\n<\/ul>\n<h2><strong>L\u00fd do v\u00ec sao n\u00ean mua tranh \u0111\u00e1 qu\u00fd s\u01a1n th\u1ee7y h\u1eefu t\u00ecnh<\/strong><\/h2>\n<ul>\n<li>S\u1ea3n ph\u1ea9m \u0111\u01b0\u1ee3c ch\u1ebf t\u00e1c 100% t\u1eeb \u0111\u00e1 qu\u00fd thi\u00ean nhi\u00ean<\/li>\n<li>\u0110\u1ed9i ng\u0169 ngh\u1ec7 nh\u00e2n ch\u1ebf t\u00e1c kh\u1ea3m \u0111\u00e1 qu\u00fd tay ngh\u1ec1 cao<\/li>\n<li>Ch\u1ea5t l\u01b0\u1ee3ng \u0111\u1eb7t l\u00ean h\u00e0ng \u0111\u1ea7u<\/li>\n<\/ul>\n<h2><strong>MUA TRANH \u0110\u00c1 QU\u00dd S\u01a0N TH\u1ee6Y H\u1eeeU T\u00ccNH \u1ede \u0110\u00c2U<\/strong><\/h2>\n<p>TRANH \u0110\u00c1 QU\u00dd NAM KH\u00c1NH l\u00e0 x\u01b0\u1edfng ch\u1ebf t\u00e1c, nh\u1eadn l\u00e0m tranh \u0111\u00e1 qu\u00fd phong c\u1ea3nh theo y\u00eau c\u1ea7u. Ch\u1ebf \u0111\u1ed9 b\u1ea3o h\u00e0nh tr\u00ean 50 n\u0103m, uy t\u00edn ch\u1ea5t l\u01b0\u1ee3ng nh\u1ea5t hi\u1ec7n nay..<\/p>\n<p><strong>C\u01a1 s\u1edf 1:<\/strong>\u00a0\u0110i\u1ebfm s\u1ed1 9 Th\u00f4n Ng\u1ecdc Giang &#8211; X\u00e3 V\u0129nh Ng\u1ecdc &#8211; Huy\u1ec7n \u0110\u00f4ng Anh &#8211; TP.H\u00e0 N\u1ed9i<\/p>\n<p><strong>C\u01a1 s\u1edf 2:<\/strong>\u00a0T\u1ed5 1 Th\u1ecb tr\u1ea5n Y\u00ean Th\u1ebf &#8211; L\u1ee5c Y\u00ean &#8211; Y\u00ean B\u00e1i<\/p>\n<p><strong>Hotline:<\/strong>\u00a0<strong><span style=\"font-size: 130%; color: #ed1c24;\">0984063623\u00a0&#8211; 0977672485<\/span><\/strong><\/p>\n","protected":false},"excerpt":{"rendered":"<p>Phong th\u1ee7y h\u1eefu t\u00ecnh l\u00e0 b\u1ee9c tranh \u0111\u00e1 qu\u00fd n\u1ed5i ti\u1ebfng \u0111\u1eb3ng c\u1ea5p nh\u1ea5t trong nh\u1eefng m\u1eabu tranh \u0111\u00e1 hi\u1ec7n nay. Th\u00e2n c\u00e2y \u0111\u00e0o \u0111\u01b0\u1ee3c kh\u1ea3m to\u00e0n b\u1ed9 b\u1eb1ng \u0111\u00e1 m\u00e3 n\u00e3o v\u00e0 \u0111\u00e1 h\u1ed5 ph\u00e1ch t\u1ea1o h\u00ecnh th\u1ebf nh\u01b0 1 con r\u1ed3ng \u0111ang bay l\u01b0\u1ee3n tr\u00ean b\u1ea7u tr\u1eddi nh\u1ea3 ng\u1ecdc. Nh\u1eefng b\u00f4ng hoa, c\u00e1nh&#8230;<\/p>\n","protected":false},"featured_media":577,"comment_status":"closed","ping_status":"closed","template":"","meta":[],"product_cat":[29,25],"product_tag":[],"class_list":["post-523","product","type-product","status-publish","has-post-thumbnail","hentry","product_cat-ban-chay","product_cat-tranh-da-quy-phong-canh"],"_links":{"self":[{"href":"http:\/\/demoweb.company\/demo09\/wp-json\/wp\/v2\/product\/523","targetHints":{"allow":["GET"]}}],"collection":[{"href":"http:\/\/demoweb.company\/demo09\/wp-json\/wp\/v2\/product"}],"about":[{"href":"http:\/\/demoweb.company\/demo09\/wp-json\/wp\/v2\/types\/product"}],"replies":[{"embeddable":true,"href":"http:\/\/demoweb.company\/demo09\/wp-json\/wp\/v2\/comments?post=523"}],"wp:featuredmedia":[{"embeddable":true,"href":"http:\/\/demoweb.company\/demo09\/wp-json\/wp\/v2\/media\/577"}],"wp:attachment":[{"href":"http:\/\/demoweb.company\/demo09\/wp-json\/wp\/v2\/media?parent=523"}],"wp:term":[{"taxonomy":"product_cat","embeddable":true,"href":"http:\/\/demoweb.company\/demo09\/wp-json\/wp\/v2\/product_cat?post=523"},{"taxonomy":"product_tag","embeddable":true,"href":"http:\/\/demoweb.company\/demo09\/wp-json\/wp\/v2\/product_tag?post=523"}],"curies":[{"name":"wp","href":"https:\/\/api.w.org\/{rel}","templated":true}]}}