{"id":524,"date":"2023-03-17T23:05:52","date_gmt":"2023-03-17T16:05:52","guid":{"rendered":"http:\/\/demoweb.company\/demo09\/?post_type=product&#038;p=524"},"modified":"2023-03-23T20:38:04","modified_gmt":"2023-03-23T13:38:04","slug":"tranh-da-quy-rung-la-do","status":"publish","type":"product","link":"http:\/\/demoweb.company\/demo09\/san-pham\/tranh-da-quy-rung-la-do\/","title":{"rendered":"Tranh \u0111\u00e1 qu\u00fd r\u1eebng l\u00e1 \u0111\u1ecf"},"content":{"rendered":"<h1><strong><span style=\"color: #ff0000;\">\u00dd NGH\u0128A PHONG TH\u1ee6Y TRANH \u0110\u00c1 QU\u00dd R\u1eeaNG C\u00c2Y L\u00c1 \u0110\u1ece<\/span><\/strong><\/h1>\n<p>Tranh \u0111\u00e1 qu\u00fd r\u1eebng l\u00e1 \u0111\u1ecf c\u00f3 r\u1ea5t nhi\u1ec1u \u00fd ngh\u0129a kh\u00e1c nhau nh\u01b0ng 2 \u00fd ngh\u0129a ch\u00ednh l\u00e0 trang tr\u00ed v\u00e0 phong th\u1ee7y. Lo\u1ea1i tranh \u0111\u00e1 qu\u00fd phong c\u1ea3nh r\u1eebng l\u00e1 \u0111\u1ecf \u0111ang \u0111\u01b0\u1ee3c nhi\u1ec1u ng\u01b0\u1eddi l\u1ef1a ch\u1ecdn \u0111\u1ec3 trang tr\u00ed trong ng\u00f4i nh\u00e0 c\u1ee7a m\u00ecnh<\/p>\n<p>B\u1ee9c tranh r\u1eebng l\u00e1 \u0111\u1ecf s\u1ebd \u0111em l\u1ea1i c\u1ea3m gi\u00e1c \u1ea5m \u00e1p khi nh\u00ecn v\u00e0o tranh c\u00f9ng v\u1edbi \u0111\u00f3 l\u00e0 c\u1ea3m gi\u00e1c y\u00ean b\u00ecnh th\u01b0 gi\u00e3n v\u1edbi c\u1ea3nh v\u1eadt non n\u01b0\u1edbc h\u1eefu t\u00ecnh v\u00e0 v\u00f4 c\u00f9ng th\u01a1 m\u1ed9ng. B\u1ed1 c\u1ee5c ch\u1eb7t ch\u1ebd m\u00e0u s\u1eafc h\u00e0i h\u00f2a \u0111em l\u1ea1i cho ng\u01b0\u1eddi xem r\u1ea5t nhi\u1ec1u s\u1ef1 th\u01b0 th\u00e1i.<\/p>\n<p><img loading=\"lazy\" decoding=\"async\" class=\"aligncenter size-full wp-image-573\" src=\"http:\/\/demoweb.company\/demo09\/wp-content\/uploads\/2023\/03\/tranh-rung-la-do.jpg\" alt=\"\" width=\"1280\" height=\"646\" srcset=\"http:\/\/demoweb.company\/demo09\/wp-content\/uploads\/2023\/03\/tranh-rung-la-do.jpg 1280w, http:\/\/demoweb.company\/demo09\/wp-content\/uploads\/2023\/03\/tranh-rung-la-do-300x151.jpg 300w, http:\/\/demoweb.company\/demo09\/wp-content\/uploads\/2023\/03\/tranh-rung-la-do-1024x517.jpg 1024w, http:\/\/demoweb.company\/demo09\/wp-content\/uploads\/2023\/03\/tranh-rung-la-do-768x388.jpg 768w, http:\/\/demoweb.company\/demo09\/wp-content\/uploads\/2023\/03\/tranh-rung-la-do-600x303.jpg 600w\" sizes=\"auto, (max-width: 1280px) 100vw, 1280px\" \/><\/p>\n<p>\u0110\u1ee9ng tr\u01b0\u1edbc m\u1ed9t c\u1ea3nh \u0111\u1eb9p kh\u00f4ng ai l\u00e0 kh\u00f4ng c\u1ea3m th\u00e1n. Ng\u1eafm tranh s\u1ebd l\u00e0m cho t\u00e2m h\u1ed3n ch\u00fang ta tr\u1edf n\u00ean t\u0129nh l\u1eb7ng, s\u00e2u l\u1eafng h\u01a1n. Khi ng\u1eafm tranh ch\u00fang ta nh\u01b0 h\u00f2a m\u00ecnh v\u00e0o thi\u00ean nhi\u00ean r\u1ed9ng l\u1edbn v\u00e0 n\u00ean th\u01a1 trong b\u1ee9c tranh s\u1ebd t\u1ea1o cho t\u00e2m h\u1ed3n ng\u01b0\u1eddi xem c\u00f3 \u0111\u01b0\u1ee3c s\u1ef1 th\u01b0 gi\u00e3n \u0111\u1ec3 t\u1ea1m qu\u00ean \u0111i cu\u1ed9c s\u1ed1ng b\u1ed9n b\u1ec1<\/p>\n<p>Theo quan ni\u1ec7m ph\u01b0\u01a1ng \u0110\u00f4ng, r\u1eebng c\u00e2y l\u00e1 \u0111\u1ecf c\u00f3 th\u1ec3 gi\u00fap con ng\u01b0\u1eddi tr\u00fat h\u1ebft nh\u1eefng mu\u1ed9n phi\u1ec1n, t\u00ecm ki\u1ebfm nh\u1eefng ni\u1ec1m h\u1ea1nh ph\u00fac v\u1edbi trong cu\u1ed9c \u0111\u1eddi.\u00a0<strong>Tranh \u0111\u00e1 qu\u00fd<\/strong>\u00a0l\u1ea1i l\u00e0 m\u1ed9t lo\u1ea1i tranh phong th\u1ee7y c\u00f3 nhi\u1ec1u \u00fd ngh\u0129a. Nhi\u1ec1u ng\u01b0\u1eddi cho r\u1eb1ng b\u1ee9c tranh \u0111\u00e1 qu\u00fd R\u1eebng l\u00e1 \u0111\u1ecf, kh\u00f4ng ch\u1ec9 \u0111\u01a1n gi\u1ea3n l\u00e0 b\u1ee9c tranh thi\u00ean nhi\u00ean \u0111\u1eb9p, gi\u00fap trang tr\u00ed c\u0103n ph\u00f2ng th\u00eam \u0111\u1eb9p, \u1ea5n t\u01b0\u1ee3ng v\u00e0 sang tr\u1ecdng, m\u00e0 n\u00f3 c\u00f2n ch\u1ee9a nhi\u1ec1u \u00fd ngh\u0129a phong th\u1ee7y kh\u00e1c nhau.<\/p>\n<p>Tranh \u0111\u00e1 qu\u00fd\u00a0<b>R\u1eebng l\u00e1 \u0111\u1ecf<\/b>\u00a0\u0111\u01b0\u1ee3c ch\u1ebf t\u00e1c\u00a0t\u1eeb 100%\u00a0c\u00e1c lo\u1ea1i \u0111\u00e1 qu\u00fd, \u0111\u00e1 b\u00e1n qu\u00fd n\u1eb1m s\u00e2u trong l\u00f2ng \u0111\u1ea5t h\u00e0ng tr\u0103m tri\u1ec7u n\u0103m mang ngu\u1ed3n n\u0103ng l\u01b0\u1ee3ng d\u01b0\u01a1ng t\u00edch c\u1ef1c v\u00e0 c\u00f3 \u0111\u1ed9 b\u1ec1n cao tr\u00ean 30 n\u0103m.<\/p>\n<h2>V\u1ecb tr\u00ed th\u00edch h\u1ee3p treo tranh \u0111\u00e1 qu\u00fd r\u1eebng l\u00e1 \u0111\u1ecf<\/h2>\n<p>Ph\u00f2ng ng\u1ee7- t\u0129nh t\u00e2m ng\u1ee7 s\u00e2u gi\u1ea5c nh\u01b0 con \u0111\u01b0\u1eddng s\u00e2u h\u00fat<\/p>\n<p>Ph\u00f2ng kh\u00e1ch- h\u00fat t\u00e0i l\u1ed9c v\u01b0\u1ee3ng kh\u00ed, m\u1ecdi s\u1ef1 nh\u01b0 \u00fd<\/p>\n<p>Ph\u00f2ng l\u00e0m vi\u1ec7c \u2013 n\u0103ng l\u01b0\u1ee3ng nhi\u1ec7t huy\u1ebft tr\u00e0n \u0111\u1ea7y s\u00e1ng t\u1ea1o<\/p>\n<p>H\u1ed9i tr\u01b0\u1eddng \u2013 n\u1ed5i b\u1eadt<\/p>\n<h2><strong>M\u00f4 t\u1ea3 tranh<\/strong><\/h2>\n<p>Tranh \u0111\u00e1 qu\u00fd \u0111\u01b0\u1ee3c l\u00e0m t\u1eeb \u0111\u00e1 qu\u00fd t\u1ef1 nhi\u00ean, nh\u01b0: ruby, m\u00e3 n\u00e3o, th\u1ea1ch anh\u2026( \u0111\u00e1 t\u1eeb trong l\u00f2ng \u0111\u1ea5t). qua gia c\u00f4ng nghi\u1ec1n, m\u00e0i, r\u1eafc, g\u1eafn gh\u00e9p th\u1ee7 c\u00f4ng to\u00e0n b\u1ed9. tranh l\u00e0m tr\u00ean n\u1ec1n l\u00e0 t\u1ea5m mica, \u0111\u01b0\u1ee3c g\u1eafn b\u1eb1ng keo 502 chuy\u00ean d\u1ee5ng, n\u00ean \u0111\u1ed9 b\u1ec1n r\u1ea5t cao tr\u00ean 30 n\u0103m. Khung tranh \u0111\u01b0\u1ee3c l\u00e0m b\u1eb1ng nh\u1ef1a cao c\u1ea5p ho\u1eb7c khung g\u1ed7, c\u00f3 m\u00f3c treo ch\u1eafc ch\u1eafn, d\u1ec5 d\u00e0ng th\u00e1o l\u1eafp.<\/p>\n<h2><strong>MUA TRANH \u0110\u00c1 QU\u00dd R\u1eeaNG L\u00c1 \u0110\u1ece \u1ede \u0110\u00c2U<\/strong><\/h2>\n<p>TRANH \u0110\u00c1 QU\u00dd NAM KH\u00c1NH l\u00e0 x\u01b0\u1edfng ch\u1ebf t\u00e1c, nh\u1eadn l\u00e0m tranh \u0111\u00e1 qu\u00fd phong c\u1ea3nh theo y\u00eau c\u1ea7u. Ch\u1ebf \u0111\u1ed9 b\u1ea3o h\u00e0nh tr\u00ean 50 n\u0103m, uy t\u00edn ch\u1ea5t l\u01b0\u1ee3ng nh\u1ea5t hi\u1ec7n nay..<\/p>\n<p><strong>C\u01a1 s\u1edf 1:<\/strong>\u00a0\u0110i\u1ebfm s\u1ed1 9 Th\u00f4n Ng\u1ecdc Giang &#8211; X\u00e3 V\u0129nh Ng\u1ecdc &#8211; Huy\u1ec7n \u0110\u00f4ng Anh &#8211; TP.H\u00e0 N\u1ed9i<\/p>\n<p><strong>C\u01a1 s\u1edf 2:<\/strong>\u00a0T\u1ed5 1 Th\u1ecb tr\u1ea5n Y\u00ean Th\u1ebf &#8211; L\u1ee5c Y\u00ean &#8211; Y\u00ean B\u00e1i<\/p>\n<p><strong>Hotline:<\/strong>\u00a0<strong><span style=\"font-size: 130%; color: #ed1c24;\">0984063623\u00a0&#8211; 0977672485<\/span><\/strong><\/p>\n","protected":false},"excerpt":{"rendered":"<p>\u00dd NGH\u0128A PHONG TH\u1ee6Y TRANH \u0110\u00c1 QU\u00dd R\u1eeaNG C\u00c2Y L\u00c1 \u0110\u1ece Tranh \u0111\u00e1 qu\u00fd r\u1eebng l\u00e1 \u0111\u1ecf c\u00f3 r\u1ea5t nhi\u1ec1u \u00fd ngh\u0129a kh\u00e1c nhau nh\u01b0ng 2 \u00fd ngh\u0129a ch\u00ednh l\u00e0 trang tr\u00ed v\u00e0 phong th\u1ee7y. Lo\u1ea1i tranh \u0111\u00e1 qu\u00fd phong c\u1ea3nh r\u1eebng l\u00e1 \u0111\u1ecf \u0111ang \u0111\u01b0\u1ee3c nhi\u1ec1u ng\u01b0\u1eddi l\u1ef1a ch\u1ecdn \u0111\u1ec3 trang tr\u00ed trong ng\u00f4i&#8230;<\/p>\n","protected":false},"featured_media":573,"comment_status":"closed","ping_status":"closed","template":"","meta":[],"product_cat":[25],"product_tag":[],"class_list":["post-524","product","type-product","status-publish","has-post-thumbnail","hentry","product_cat-tranh-da-quy-phong-canh"],"_links":{"self":[{"href":"http:\/\/demoweb.company\/demo09\/wp-json\/wp\/v2\/product\/524","targetHints":{"allow":["GET"]}}],"collection":[{"href":"http:\/\/demoweb.company\/demo09\/wp-json\/wp\/v2\/product"}],"about":[{"href":"http:\/\/demoweb.company\/demo09\/wp-json\/wp\/v2\/types\/product"}],"replies":[{"embeddable":true,"href":"http:\/\/demoweb.company\/demo09\/wp-json\/wp\/v2\/comments?post=524"}],"wp:featuredmedia":[{"embeddable":true,"href":"http:\/\/demoweb.company\/demo09\/wp-json\/wp\/v2\/media\/573"}],"wp:attachment":[{"href":"http:\/\/demoweb.company\/demo09\/wp-json\/wp\/v2\/media?parent=524"}],"wp:term":[{"taxonomy":"product_cat","embeddable":true,"href":"http:\/\/demoweb.company\/demo09\/wp-json\/wp\/v2\/product_cat?post=524"},{"taxonomy":"product_tag","embeddable":true,"href":"http:\/\/demoweb.company\/demo09\/wp-json\/wp\/v2\/product_tag?post=524"}],"curies":[{"name":"wp","href":"https:\/\/api.w.org\/{rel}","templated":true}]}}