{"id":525,"date":"2023-03-17T23:05:54","date_gmt":"2023-03-17T16:05:54","guid":{"rendered":"http:\/\/demoweb.company\/demo09\/?post_type=product&#038;p=525"},"modified":"2023-03-23T20:24:30","modified_gmt":"2023-03-23T13:24:30","slug":"tranh-da-quy-mua-thu-vang","status":"publish","type":"product","link":"http:\/\/demoweb.company\/demo09\/san-pham\/tranh-da-quy-mua-thu-vang\/","title":{"rendered":"Tranh \u0111\u00e1 qu\u00fd m\u00f9a thu v\u00e0ng"},"content":{"rendered":"<p>Nh\u00ecn v\u00e0o\u00a0b\u1ee9c tranh phong c\u1ea3nh\u00a0<strong>m\u00f9a thu v\u00e0ng<\/strong>\u00a0h\u00e0ng c\u00e2y l\u00e1 v\u00e0ng n\u00e0y ta li\u00ean t\u01b0\u1edfng \u0111\u1ebfn n\u1eafng gi\u00f3 heo may, l\u00e1 c\u00e2y t\u1eeb xanh chuy\u1ec3n d\u1ea7n sang m\u00e0u v\u00e0ng, m\u00e0u v\u00e0ng nh\u00e0n nh\u1ea1t c\u1ee7a l\u00e1 nhu\u1ed9m c\u1ea3 hai h\u00e0ng c\u00e2y. L\u00e1 c\u00e2y m\u00f9a thu v\u00e0ng r\u1ed3i r\u1ee5ng xu\u1ed1ng, gi\u00f3 th\u1ed5i hiu hiu khi\u1ebfn cho l\u00e1 x\u00f4 x\u00e0o x\u1ea1c.\u00a0M\u1ecdi bu\u1ed3n phi\u1ec1n tan bi\u1ebfn, m\u1ecdi m\u1ec7t m\u1ecfi c\u1ee7a cu\u1ed9c s\u1ed1ng \u1ed3n \u00e0o b\u1ed7ng bi\u1ebfn m\u1ea5t khi \u0111\u1ee9ng tr\u01b0\u1edbc h\u00e0ng c\u00e2y ng\u1eadp s\u1eafc v\u00e0ng.<\/p>\n<p><img loading=\"lazy\" decoding=\"async\" class=\"aligncenter size-full wp-image-571\" src=\"http:\/\/demoweb.company\/demo09\/wp-content\/uploads\/2023\/03\/tranh-mua-thu-vang.jpg\" alt=\"\" width=\"990\" height=\"519\" srcset=\"http:\/\/demoweb.company\/demo09\/wp-content\/uploads\/2023\/03\/tranh-mua-thu-vang.jpg 990w, http:\/\/demoweb.company\/demo09\/wp-content\/uploads\/2023\/03\/tranh-mua-thu-vang-300x157.jpg 300w, http:\/\/demoweb.company\/demo09\/wp-content\/uploads\/2023\/03\/tranh-mua-thu-vang-768x403.jpg 768w, http:\/\/demoweb.company\/demo09\/wp-content\/uploads\/2023\/03\/tranh-mua-thu-vang-600x315.jpg 600w\" sizes=\"auto, (max-width: 990px) 100vw, 990px\" \/><\/p>\n<h2>\u00dd ngh\u0129a tranh \u0111\u00e1 qu\u00fd m\u00f9a thu v\u00e0ng<\/h2>\n<p>Treo\u00a0<strong>b\u1ee9c tranh m\u00f9a thu l\u00e1 v\u00e0ng<\/strong>\u00a0trong nh\u00e0 s\u1ebd gi\u00fap ng\u01b0\u1eddi s\u1edf h\u1eefu b\u1ee9c tranh tr\u00e1nh \u0111\u01b0\u1ee3c m\u1ecdi \u01b0u phi\u1ec1n, lu\u00f4n trong tr\u1ea1ng th\u00e1i tr\u00e0n n\u0103ng l\u01b0\u1ee3ng. M\u1ecdi may m\u1eafn v\u1ec1 c\u00f4ng vi\u1ec7c, gia \u0111\u00ecnh, x\u00e3 h\u1ed9i s\u1ebd \u0111\u1ebfn v\u1edbi gia ch\u1ee7 b\u1edfi v\u01b0\u1ee3ng kh\u00ed b\u1ee9c tranh qu\u00e1 t\u1ed1t. B\u1edfi\u00a0<em>tranh \u0111\u00e1 qu\u00fd\u00a0r\u1eebng l\u00e1 v\u00e0ng<\/em>\u00a0mang m\u00e0u s\u1eafc c\u1ee7a ti\u1ec1n t\u00e0i. M\u00e0u v\u00e0ng k\u00edch th\u00edch n\u0103ng l\u01b0\u1ee3ng v\u00e0 s\u00e1ng t\u1ea1o.<\/p>\n<p>Treo tranh h\u00e0ng c\u00e2y l\u00e1 v\u00e0ng \u1edf ph\u00f2ng kh\u00e1ch s\u1ebd gi\u00fap cho gia ch\u1ee7 r\u1ea5t nhi\u1ec1u, h\u00fat t\u00e0i l\u1ed9c, ph\u00e1t huy v\u01b0\u1ee3ng kh\u00ed v\u00e0 tr\u00e1nh \u0111\u01b0\u1ee3c c\u00e1c \u0111i\u1ec1u kh\u00f4ng hay x\u1ea3y ra v\u1edbi gia \u0111\u00ecnh.<\/p>\n<h2>V\u1ecb tr\u00ed th\u00edch h\u1ee3p treo tranh \u0111\u00e1 qu\u00fd m\u00f9a thu v\u00e0ng<\/h2>\n<p>Ph\u00f2ng ng\u1ee7- t\u0129nh t\u00e2m ng\u1ee7 s\u00e2u gi\u1ea5c nh\u01b0 con \u0111\u01b0\u1eddng s\u00e2u h\u00fat<\/p>\n<p>Ph\u00f2ng kh\u00e1ch- h\u00fat t\u00e0i l\u1ed9c v\u01b0\u1ee3ng kh\u00ed, m\u1ecdi s\u1ef1 nh\u01b0 \u00fd<\/p>\n<p>Ph\u00f2ng l\u00e0m vi\u1ec7c \u2013 n\u0103ng l\u01b0\u1ee3ng nhi\u1ec7t huy\u1ebft tr\u00e0n \u0111\u1ea7y s\u00e1ng t\u1ea1o<\/p>\n<p>H\u1ed9i tr\u01b0\u1eddng \u2013 n\u1ed5i b\u1eadt<\/p>\n<h2>M\u00f4 t\u1ea3 tranh<\/h2>\n<p>Tranh \u0111\u00e1 qu\u00fd \u0111\u01b0\u1ee3c l\u00e0m t\u1eeb \u0111\u00e1 qu\u00fd t\u1ef1 nhi\u00ean, nh\u01b0: ruby, m\u00e3 n\u00e3o, th\u1ea1ch anh\u2026( \u0111\u00e1 t\u1eeb trong l\u00f2ng \u0111\u1ea5t). qua gia c\u00f4ng nghi\u1ec1n, m\u00e0i, r\u1eafc, g\u1eafn gh\u00e9p th\u1ee7 c\u00f4ng to\u00e0n b\u1ed9. tranh l\u00e0m tr\u00ean n\u1ec1n l\u00e0 t\u1ea5m mica, \u0111\u01b0\u1ee3c g\u1eafn b\u1eb1ng keo 502 chuy\u00ean d\u1ee5ng, n\u00ean \u0111\u1ed9 b\u1ec1n r\u1ea5t cao tr\u00ean 30 n\u0103m. Khung tranh \u0111\u01b0\u1ee3c l\u00e0m b\u1eb1ng nh\u1ef1a cao c\u1ea5p ho\u1eb7c khung g\u1ed7, c\u00f3 m\u00f3c treo ch\u1eafc ch\u1eafn, d\u1ec5 d\u00e0ng th\u00e1o l\u1eafp.<\/p>\n<h2><strong>MUA TRANH \u0110\u00c1 QU\u00dd M\u00d9A THU V\u00c0NG \u1ede \u0110\u00c2U<\/strong><\/h2>\n<p>TRANH \u0110\u00c1 QU\u00dd NAM KH\u00c1NH l\u00e0 x\u01b0\u1edfng ch\u1ebf t\u00e1c, nh\u1eadn l\u00e0m tranh \u0111\u00e1 qu\u00fd phong c\u1ea3nh theo y\u00eau c\u1ea7u. Ch\u1ebf \u0111\u1ed9 b\u1ea3o h\u00e0nh tr\u00ean 50 n\u0103m, uy t\u00edn ch\u1ea5t l\u01b0\u1ee3ng nh\u1ea5t hi\u1ec7n nay..<\/p>\n<p><strong>C\u01a1 s\u1edf 1:<\/strong>\u00a0\u0110i\u1ebfm s\u1ed1 9 Th\u00f4n Ng\u1ecdc Giang &#8211; X\u00e3 V\u0129nh Ng\u1ecdc &#8211; Huy\u1ec7n \u0110\u00f4ng Anh &#8211; TP.H\u00e0 N\u1ed9i<\/p>\n<p><strong>C\u01a1 s\u1edf 2:<\/strong>\u00a0T\u1ed5 1 Th\u1ecb tr\u1ea5n Y\u00ean Th\u1ebf &#8211; L\u1ee5c Y\u00ean &#8211; Y\u00ean B\u00e1i<\/p>\n<p><strong>Hotline:<\/strong>\u00a0<strong><span style=\"font-size: 130%; color: #ed1c24;\">0984063623\u00a0&#8211; 0977672485<\/span><\/strong><\/p>\n","protected":false},"excerpt":{"rendered":"<p>Nh\u00ecn v\u00e0o\u00a0b\u1ee9c tranh phong c\u1ea3nh\u00a0m\u00f9a thu v\u00e0ng\u00a0h\u00e0ng c\u00e2y l\u00e1 v\u00e0ng n\u00e0y ta li\u00ean t\u01b0\u1edfng \u0111\u1ebfn n\u1eafng gi\u00f3 heo may, l\u00e1 c\u00e2y t\u1eeb xanh chuy\u1ec3n d\u1ea7n sang m\u00e0u v\u00e0ng, m\u00e0u v\u00e0ng nh\u00e0n nh\u1ea1t c\u1ee7a l\u00e1 nhu\u1ed9m c\u1ea3 hai h\u00e0ng c\u00e2y. L\u00e1 c\u00e2y m\u00f9a thu v\u00e0ng r\u1ed3i r\u1ee5ng xu\u1ed1ng, gi\u00f3 th\u1ed5i hiu hiu khi\u1ebfn cho l\u00e1 x\u00f4&#8230;<\/p>\n","protected":false},"featured_media":571,"comment_status":"closed","ping_status":"closed","template":"","meta":[],"product_cat":[29,28,25],"product_tag":[],"class_list":["post-525","product","type-product","status-publish","has-post-thumbnail","hentry","product_cat-ban-chay","product_cat-noi-bat","product_cat-tranh-da-quy-phong-canh"],"_links":{"self":[{"href":"http:\/\/demoweb.company\/demo09\/wp-json\/wp\/v2\/product\/525","targetHints":{"allow":["GET"]}}],"collection":[{"href":"http:\/\/demoweb.company\/demo09\/wp-json\/wp\/v2\/product"}],"about":[{"href":"http:\/\/demoweb.company\/demo09\/wp-json\/wp\/v2\/types\/product"}],"replies":[{"embeddable":true,"href":"http:\/\/demoweb.company\/demo09\/wp-json\/wp\/v2\/comments?post=525"}],"wp:featuredmedia":[{"embeddable":true,"href":"http:\/\/demoweb.company\/demo09\/wp-json\/wp\/v2\/media\/571"}],"wp:attachment":[{"href":"http:\/\/demoweb.company\/demo09\/wp-json\/wp\/v2\/media?parent=525"}],"wp:term":[{"taxonomy":"product_cat","embeddable":true,"href":"http:\/\/demoweb.company\/demo09\/wp-json\/wp\/v2\/product_cat?post=525"},{"taxonomy":"product_tag","embeddable":true,"href":"http:\/\/demoweb.company\/demo09\/wp-json\/wp\/v2\/product_tag?post=525"}],"curies":[{"name":"wp","href":"https:\/\/api.w.org\/{rel}","templated":true}]}}