{"id":424,"date":"2020-12-24T10:47:32","date_gmt":"2020-12-24T10:47:32","guid":{"rendered":"http:\/\/demoweb.company\/fivi\/?page_id=424"},"modified":"2021-01-27T14:29:38","modified_gmt":"2021-01-27T14:29:38","slug":"gioi-thieu","status":"publish","type":"page","link":"http:\/\/demoweb.company\/fivi\/gioi-thieu\/","title":{"rendered":"Gi\u1edbi thi\u1ec7u"},"content":{"rendered":"\n  <div class=\"banner has-hover\" id=\"banner-1092070810\">\n          <div class=\"banner-inner fill\">\n        <div class=\"banner-bg fill\" >\n            <div class=\"bg fill bg-fill \"><\/div>\n                                    \n                    <\/div>\n        <div class=\"banner-layers container\">\n            <div class=\"fill banner-link\"><\/div>            \r\n\r\n        <\/div>\n      <\/div>\n\n              <div class=\"height-fix is-invisible\"><img width=\"1018\" height=\"290\" src=\"http:\/\/demoweb.company\/fivi\/wp-content\/uploads\/2020\/12\/about-us.png\" class=\"attachment-original size-original\" alt=\"\" loading=\"lazy\" srcset=\"http:\/\/demoweb.company\/fivi\/wp-content\/uploads\/2020\/12\/about-us.png 1018w, http:\/\/demoweb.company\/fivi\/wp-content\/uploads\/2020\/12\/about-us-600x171.png 600w, http:\/\/demoweb.company\/fivi\/wp-content\/uploads\/2020\/12\/about-us-300x85.png 300w, http:\/\/demoweb.company\/fivi\/wp-content\/uploads\/2020\/12\/about-us-768x219.png 768w\" sizes=\"(max-width: 1018px) 100vw, 1018px\" \/><\/div>\n            \n<style>\n#banner-1092070810 .bg.bg-loaded {\n  background-image: url(http:\/\/demoweb.company\/fivi\/wp-content\/uploads\/2020\/12\/about-us.png);\n}\n<\/style>\n  <\/div>\n\n\n<div class=\"row\"  id=\"row-1243982456\">\r\n\r\n\n\t<div id=\"col-2132829080\" class=\"col small-12 large-12\"  >\n\t\t<div class=\"col-inner\"  >\n\t\t\t\n\t\t\t\r\n\r\n<div class=\"container section-title-container\" ><h3 class=\"section-title section-title-bold-center\"><b><\/b><span class=\"section-title-main\" style=\"color:rgb(249, 145, 32);\">Gi\u1edbi thi\u1ec7u<\/span><b><\/b><\/h3><\/div>\r\n<p style=\"text-align: justify;\">L\u00e0 nh\u00e0 cung c\u1ea5p d\u1ecbch v\u1ee5 tr\u1ecdn g\u00f3i trong l\u0129nh v\u1ef1c ki\u1ec3m tra b\u1ec1 m\u1eb7t, Fischer \u0111\u00e3 v\u00e0 \u0111ang ph\u00e1t tri\u1ec3n c\u00e1c thi\u1ebft b\u1ecb ph\u00e2n t\u00edch v\u1eadt li\u1ec7u kh\u00f4ng ph\u00e1 h\u1ee7y, \u0111o \u0111\u1ed9 d\u00e0y l\u1edbp ph\u1ee7 v\u00e0 ki\u1ec3m tra v\u1eadt li\u1ec7u t\u1eeb n\u0103m 1953. Ch\u00fang t\u00f4i cung c\u1ea5p nhi\u1ec1u lo\u1ea1i thi\u1ebft b\u1ecb \u0111o cho c\u00e1c ng\u00e0nh kh\u00e1c nhau: t\u1eeb c\u00e1c thi\u1ebft b\u1ecb c\u1ea7m tay \u0111\u01a1n gi\u1ea3n \u0111\u1ec3 ki\u1ec3m tra nhanh khi \u0111ang di chuy\u1ec3n v\u1edbi c\u00e1c h\u1ec7 th\u1ed1ng cao c\u1ea5p \u0111\u01b0\u1ee3c t\u00edch h\u1ee3p \u0111\u1ea7y \u0111\u1ee7 t\u1ef1 \u0111\u1ed9ng gi\u00e1m s\u00e1t qu\u00e1 tr\u00ecnh s\u1ea3n xu\u1ea5t c\u1ee7a b\u1ea1n.<\/p>\r\n<p style=\"text-align: justify;\">Kh\u00e1ch h\u00e0ng c\u1ee7a ch\u00fang t\u00f4i kh\u00f4ng bao gi\u1edd c\u1ea7n ph\u1ea3i lo l\u1eafng v\u1ec1 vi\u1ec7c ki\u1ec3m tra ch\u1ea5t l\u01b0\u1ee3ng, v\u00ec \u0111\u1ed9 tin c\u1eady v\u00e0 d\u1ec5 s\u1eed d\u1ee5ng l\u00e0 \u01b0u ti\u00ean h\u00e0ng \u0111\u1ea7u t\u1ea1i Fischer. V\u00ec v\u1eady, h\u1ecd c\u00f3 th\u1ec3 t\u1eadp trung v\u00e0o nh\u1eefng g\u00ec th\u1ef1c s\u1ef1 quan tr\u1ecdng: c\u00f4ng vi\u1ec7c c\u1ee7a h\u1ecd. Ch\u00fang t\u00f4i lo ph\u1ea7n c\u00f2n l\u1ea1i.<\/p>\r\n<p style=\"text-align: justify;\">L\u00e0 nh\u00e0 cung c\u1ea5p d\u1ecbch v\u1ee5 tr\u1ecdn g\u00f3i trong l\u0129nh v\u1ef1c ki\u1ec3m tra b\u1ec1 m\u1eb7t, Fischer \u0111\u00e3 v\u00e0 \u0111ang ph\u00e1t tri\u1ec3n c\u00e1c thi\u1ebft b\u1ecb ph\u00e2n t\u00edch v\u1eadt li\u1ec7u kh\u00f4ng ph\u00e1 h\u1ee7y, \u0111o \u0111\u1ed9 d\u00e0y l\u1edbp ph\u1ee7 v\u00e0 ki\u1ec3m tra v\u1eadt li\u1ec7u t\u1eeb n\u0103m 1953. Ch\u00fang t\u00f4i cung c\u1ea5p nhi\u1ec1u lo\u1ea1i thi\u1ebft b\u1ecb \u0111o cho c\u00e1c ng\u00e0nh kh\u00e1c nhau: t\u1eeb c\u00e1c thi\u1ebft b\u1ecb c\u1ea7m tay \u0111\u01a1n gi\u1ea3n \u0111\u1ec3 ki\u1ec3m tra nhanh khi \u0111ang di chuy\u1ec3n v\u1edbi c\u00e1c h\u1ec7 th\u1ed1ng cao c\u1ea5p \u0111\u01b0\u1ee3c t\u00edch h\u1ee3p \u0111\u1ea7y \u0111\u1ee7 t\u1ef1 \u0111\u1ed9ng gi\u00e1m s\u00e1t qu\u00e1 tr\u00ecnh s\u1ea3n xu\u1ea5t c\u1ee7a b\u1ea1n.<\/p>\r\n<p style=\"text-align: justify;\">Kh\u00e1ch h\u00e0ng c\u1ee7a ch\u00fang t\u00f4i kh\u00f4ng bao gi\u1edd c\u1ea7n ph\u1ea3i lo l\u1eafng v\u1ec1 vi\u1ec7c ki\u1ec3m tra ch\u1ea5t l\u01b0\u1ee3ng, v\u00ec \u0111\u1ed9 tin c\u1eady v\u00e0 d\u1ec5 s\u1eed d\u1ee5ng l\u00e0 \u01b0u ti\u00ean h\u00e0ng \u0111\u1ea7u t\u1ea1i Fischer. V\u00ec v\u1eady, h\u1ecd c\u00f3 th\u1ec3 t\u1eadp trung v\u00e0o nh\u1eefng g\u00ec th\u1ef1c s\u1ef1 quan tr\u1ecdng: c\u00f4ng vi\u1ec7c c\u1ee7a h\u1ecd. Ch\u00fang t\u00f4i lo ph\u1ea7n c\u00f2n l\u1ea1i.<\/p>\r\n\t\t<\/div>\n\t\t\t<\/div>\n\n\t\r\n\r\n<\/div>\r\n<div class=\"row\"  id=\"row-1163736952\">\r\n\r\n\n\t<div id=\"col-1156611024\" class=\"col small-12 large-12\"  >\n\t\t<div class=\"col-inner\"  >\n\t\t\t\n\t\t\t\r\n\r\n<div class=\"container section-title-container\" ><h3 class=\"section-title section-title-bold-center\"><b><\/b><span class=\"section-title-main\" style=\"color:rgb(249, 145, 32);\">D\u1ecbch v\u1ee5 k\u1ef9 thu\u1eadt<\/span><b><\/b><\/h3><\/div>\r\n<p style=\"text-align: justify;\">L\u00e0 nh\u00e0 cung c\u1ea5p d\u1ecbch v\u1ee5 tr\u1ecdn g\u00f3i trong l\u0129nh v\u1ef1c ki\u1ec3m tra b\u1ec1 m\u1eb7t, Fischer \u0111\u00e3 v\u00e0 \u0111ang ph\u00e1t tri\u1ec3n c\u00e1c thi\u1ebft b\u1ecb ph\u00e2n t\u00edch v\u1eadt li\u1ec7u kh\u00f4ng ph\u00e1 h\u1ee7y, \u0111o \u0111\u1ed9 d\u00e0y l\u1edbp ph\u1ee7 v\u00e0 ki\u1ec3m tra v\u1eadt li\u1ec7u t\u1eeb n\u0103m 1953. Ch\u00fang t\u00f4i cung c\u1ea5p nhi\u1ec1u lo\u1ea1i thi\u1ebft b\u1ecb \u0111o cho c\u00e1c ng\u00e0nh kh\u00e1c nhau: t\u1eeb c\u00e1c thi\u1ebft b\u1ecb c\u1ea7m tay \u0111\u01a1n gi\u1ea3n \u0111\u1ec3 ki\u1ec3m tra nhanh khi \u0111ang di chuy\u1ec3n v\u1edbi c\u00e1c h\u1ec7 th\u1ed1ng cao c\u1ea5p \u0111\u01b0\u1ee3c t\u00edch h\u1ee3p \u0111\u1ea7y \u0111\u1ee7 t\u1ef1 \u0111\u1ed9ng gi\u00e1m s\u00e1t qu\u00e1 tr\u00ecnh s\u1ea3n xu\u1ea5t c\u1ee7a b\u1ea1n.<\/p>\r\n<p style=\"text-align: justify;\">Kh\u00e1ch h\u00e0ng c\u1ee7a ch\u00fang t\u00f4i kh\u00f4ng bao gi\u1edd c\u1ea7n ph\u1ea3i lo l\u1eafng v\u1ec1 vi\u1ec7c ki\u1ec3m tra ch\u1ea5t l\u01b0\u1ee3ng, v\u00ec \u0111\u1ed9 tin c\u1eady v\u00e0 d\u1ec5 s\u1eed d\u1ee5ng l\u00e0 \u01b0u ti\u00ean h\u00e0ng \u0111\u1ea7u t\u1ea1i Fischer. V\u00ec v\u1eady, h\u1ecd c\u00f3 th\u1ec3 t\u1eadp trung v\u00e0o nh\u1eefng g\u00ec th\u1ef1c s\u1ef1 quan tr\u1ecdng: c\u00f4ng vi\u1ec7c c\u1ee7a h\u1ecd. Ch\u00fang t\u00f4i lo ph\u1ea7n c\u00f2n l\u1ea1i.<\/p>\r\n<p style=\"text-align: justify;\">L\u00e0 nh\u00e0 cung c\u1ea5p d\u1ecbch v\u1ee5 tr\u1ecdn g\u00f3i trong l\u0129nh v\u1ef1c ki\u1ec3m tra b\u1ec1 m\u1eb7t, Fischer \u0111\u00e3 v\u00e0 \u0111ang ph\u00e1t tri\u1ec3n c\u00e1c thi\u1ebft b\u1ecb ph\u00e2n t\u00edch v\u1eadt li\u1ec7u kh\u00f4ng ph\u00e1 h\u1ee7y, \u0111o \u0111\u1ed9 d\u00e0y l\u1edbp ph\u1ee7 v\u00e0 ki\u1ec3m tra v\u1eadt li\u1ec7u t\u1eeb n\u0103m 1953. Ch\u00fang t\u00f4i cung c\u1ea5p nhi\u1ec1u lo\u1ea1i thi\u1ebft b\u1ecb \u0111o cho c\u00e1c ng\u00e0nh kh\u00e1c nhau: t\u1eeb c\u00e1c thi\u1ebft b\u1ecb c\u1ea7m tay \u0111\u01a1n gi\u1ea3n \u0111\u1ec3 ki\u1ec3m tra nhanh khi \u0111ang di chuy\u1ec3n v\u1edbi c\u00e1c h\u1ec7 th\u1ed1ng cao c\u1ea5p \u0111\u01b0\u1ee3c t\u00edch h\u1ee3p \u0111\u1ea7y \u0111\u1ee7 t\u1ef1 \u0111\u1ed9ng gi\u00e1m s\u00e1t qu\u00e1 tr\u00ecnh s\u1ea3n xu\u1ea5t c\u1ee7a b\u1ea1n.<\/p>\r\n<p style=\"text-align: justify;\">Kh\u00e1ch h\u00e0ng c\u1ee7a ch\u00fang t\u00f4i kh\u00f4ng bao gi\u1edd c\u1ea7n ph\u1ea3i lo l\u1eafng v\u1ec1 vi\u1ec7c ki\u1ec3m tra ch\u1ea5t l\u01b0\u1ee3ng, v\u00ec \u0111\u1ed9 tin c\u1eady v\u00e0 d\u1ec5 s\u1eed d\u1ee5ng l\u00e0 \u01b0u ti\u00ean h\u00e0ng \u0111\u1ea7u t\u1ea1i Fischer. V\u00ec v\u1eady, h\u1ecd c\u00f3 th\u1ec3 t\u1eadp trung v\u00e0o nh\u1eefng g\u00ec th\u1ef1c s\u1ef1 quan tr\u1ecdng: c\u00f4ng vi\u1ec7c c\u1ee7a h\u1ecd. Ch\u00fang t\u00f4i lo ph\u1ea7n c\u00f2n l\u1ea1i.<\/p>\r\n\t\t<\/div>\n\t\t\t<\/div>\n\n\t\r\n\r\n<\/div>\n","protected":false},"excerpt":{"rendered":"","protected":false},"author":1,"featured_media":0,"parent":0,"menu_order":0,"comment_status":"closed","ping_status":"closed","template":"page-blank.php","meta":[],"_links":{"self":[{"href":"http:\/\/demoweb.company\/fivi\/wp-json\/wp\/v2\/pages\/424"}],"collection":[{"href":"http:\/\/demoweb.company\/fivi\/wp-json\/wp\/v2\/pages"}],"about":[{"href":"http:\/\/demoweb.company\/fivi\/wp-json\/wp\/v2\/types\/page"}],"author":[{"embeddable":true,"href":"http:\/\/demoweb.company\/fivi\/wp-json\/wp\/v2\/users\/1"}],"replies":[{"embeddable":true,"href":"http:\/\/demoweb.company\/fivi\/wp-json\/wp\/v2\/comments?post=424"}],"version-history":[{"count":6,"href":"http:\/\/demoweb.company\/fivi\/wp-json\/wp\/v2\/pages\/424\/revisions"}],"predecessor-version":[{"id":645,"href":"http:\/\/demoweb.company\/fivi\/wp-json\/wp\/v2\/pages\/424\/revisions\/645"}],"wp:attachment":[{"href":"http:\/\/demoweb.company\/fivi\/wp-json\/wp\/v2\/media?parent=424"}],"curies":[{"name":"wp","href":"https:\/\/api.w.org\/{rel}","templated":true}]}}