{"id":428,"date":"2020-12-24T10:55:05","date_gmt":"2020-12-24T10:55:05","guid":{"rendered":"http:\/\/demoweb.company\/fivi\/?page_id=428"},"modified":"2021-01-27T14:33:23","modified_gmt":"2021-01-27T14:33:23","slug":"lien-he","status":"publish","type":"page","link":"http:\/\/demoweb.company\/fivi\/lien-he\/","title":{"rendered":"Li\u00ean h\u1ec7"},"content":{"rendered":"\n  <div class=\"banner has-hover\" id=\"banner-1467864680\">\n          <div class=\"banner-inner fill\">\n        <div class=\"banner-bg fill\" >\n            <div class=\"bg fill bg-fill \"><\/div>\n                                    \n                    <\/div>\n        <div class=\"banner-layers container\">\n            <div class=\"fill banner-link\"><\/div>            \r\n\r\n        <\/div>\n      <\/div>\n\n              <div class=\"height-fix is-invisible\"><img width=\"1298\" height=\"443\" src=\"http:\/\/demoweb.company\/fivi\/wp-content\/uploads\/2020\/12\/lien-he.jpg\" class=\"attachment-original size-original\" alt=\"\" loading=\"lazy\" srcset=\"http:\/\/demoweb.company\/fivi\/wp-content\/uploads\/2020\/12\/lien-he.jpg 1298w, http:\/\/demoweb.company\/fivi\/wp-content\/uploads\/2020\/12\/lien-he-600x205.jpg 600w, http:\/\/demoweb.company\/fivi\/wp-content\/uploads\/2020\/12\/lien-he-300x102.jpg 300w, http:\/\/demoweb.company\/fivi\/wp-content\/uploads\/2020\/12\/lien-he-1024x349.jpg 1024w, http:\/\/demoweb.company\/fivi\/wp-content\/uploads\/2020\/12\/lien-he-768x262.jpg 768w\" sizes=\"(max-width: 1298px) 100vw, 1298px\" \/><\/div>\n            \n<style>\n#banner-1467864680 .bg.bg-loaded {\n  background-image: url(http:\/\/demoweb.company\/fivi\/wp-content\/uploads\/2020\/12\/lien-he.jpg);\n}\n<\/style>\n  <\/div>\n\n\n<div class=\"row\"  id=\"row-79805803\">\n\n\n\t<div id=\"col-1064072726\" class=\"col medium-6 small-12 large-6\"  >\n\t\t<div class=\"col-inner\"  >\n\t\t\t\n\t\t\t\n\n<div class=\"container section-title-container\" ><h3 class=\"section-title section-title-normal\"><b><\/b><span class=\"section-title-main\" style=\"color:rgb(249, 145, 32);\">Th\u00f4ng tin li\u00ean h\u1ec7<\/span><b><\/b><\/h3><\/div>\n\n<h4><strong>CTY TNHH HELMUT FISCHER VN<\/strong><\/h4>\n<p><strong>\u0110\u1ecba ch\u1ec9<\/strong>: C0.01 Khu d\u00e2n c\u01b0 Star Hill, \u0111\u01b0\u1eddng T\u00e2n Ph\u00fa, Ph\u01b0\u1eddng T\u00e2n Ph\u00fa, Qu\u1eadn 7, Th\u00e0nh ph\u1ed1 H\u1ed3 Ch\u00ed Minh, Vi\u1ec7t Nam<\/p>\n<p><strong>Hotline 1<\/strong>: +84 28-5417-8448<\/p>\n<p><strong>Hotline 2<\/strong>: \u00a0+84 28-5417-8417<\/p>\n<p><b>Email:\u00a0<\/b>vietnam<span class=\"senseless-class\">@<\/span>helmut-fischer<span class=\"senseless-class\">.<\/span>com<\/p>\n\n\t\t<\/div>\n\t\t\t<\/div>\n\n\t\n\n\t<div id=\"col-288105914\" class=\"col medium-6 small-12 large-6\"  >\n\t\t<div class=\"col-inner\"  >\n\t\t\t\n\t\t\t\n\n<div class=\"container section-title-container\" ><h3 class=\"section-title section-title-normal\"><b><\/b><span class=\"section-title-main\" style=\"color:rgb(249, 145, 32);\">Maps<\/span><b><\/b><\/h3><\/div>\n\n<p><iframe style=\"border: 0;\" tabindex=\"0\" src=\"https:\/\/www.google.com\/maps\/embed?pb=!1m18!1m12!1m3!1d3920.071905537519!2d106.72277341472163!3d10.72893746300241!2m3!1f0!2f0!3f0!3m2!1i1024!2i768!4f13.1!3m3!1m2!1s0x31752563b4d23bc5%3A0x132e1b60b4a13095!2sStarHill%20Apartment!5e0!3m2!1svi!2s!4v1611144642618!5m2!1svi!2s\" width=\"600\" height=\"220\" frameborder=\"0\" allowfullscreen=\"allowfullscreen\" aria-hidden=\"false\" data-mce-fragment=\"1\"><\/iframe><\/p>\n\n\t\t<\/div>\n\t\t\t<\/div>\n\n\t\n\n<\/div>\n<div class=\"row\"  id=\"row-514516929\">\n\n\n\t<div id=\"col-1365022598\" class=\"col medium-6 small-12 large-6\"  >\n\t\t<div class=\"col-inner\"  >\n\t\t\t\n\t\t\t\n\n<h4><strong>VP\u0110D CTY TNHH HELMUT FISCHER VN<\/strong><\/h4>\n<p><strong>\u0110\u1ecba ch\u1ec9<\/strong>: T\u1ea7ng 10, T\u00f2a nh\u00e0 Th\u0103ng Long Tower, 98 Ng\u1ee5y Nh\u01b0 Kom Tum, Ph\u01b0\u1eddng Nh\u00e2n Ch\u00ednh, Thanh Xu\u00e2n, H\u00e0 N\u1ed9i, Vi\u1ec7t Nam<\/p>\n<p><strong>Hotline<\/strong>: +84 24-3576-2288<\/p>\n<p><b>Email:\u00a0<\/b>vietnam<span class=\"senseless-class\">@<\/span>helmut-fischer<span class=\"senseless-class\">.<\/span>com<\/p>\n\n\t\t<\/div>\n\t\t\t<\/div>\n\n\t\n\n\t<div id=\"col-884652443\" class=\"col medium-6 small-12 large-6\"  >\n\t\t<div class=\"col-inner\"  >\n\t\t\t\n\t\t\t\n\n<p><iframe style=\"border: 0;\" tabindex=\"0\" src=\"https:\/\/www.google.com\/maps\/embed?pb=!1m18!1m12!1m3!1d3724.809059753241!2d105.80057911482018!3d21.000289694125694!2m3!1f0!2f0!3f0!3m2!1i1024!2i768!4f13.1!3m3!1m2!1s0x3135aca2be6cdc21%3A0x282da24e8745f527!2zOTggTmfhu6V5IE5oxrAgS29uIFR1bSwgVGhhbmggWHXDom4gVHJ1bmcsIFRoYW5oIFh1w6JuLCBIw6AgTuG7mWksIFZp4buHdCBOYW0!5e0!3m2!1svi!2s!4v1608807453733!5m2!1svi!2s\" width=\"600\" height=\"220\" frameborder=\"0\" allowfullscreen=\"allowfullscreen\" aria-hidden=\"false\" data-mce-fragment=\"1\"><\/iframe><\/p>\n\n\t\t<\/div>\n\t\t\t<\/div>\n\n\t\n\n<\/div>\n\t<section class=\"section\" id=\"section_811579579\">\n\t\t<div class=\"bg section-bg fill bg-fill  bg-loaded\" >\n\n\t\t\t\n\t\t\t\n\t\t\t\n\n\t\t<\/div>\n\n\t\t<div class=\"section-content relative\">\n\t\t\t\n\n<div class=\"row\"  id=\"row-753995472\">\n\n\n\t<div id=\"col-552069930\" class=\"col medium-6 small-12 large-6\"  >\n\t\t<div class=\"col-inner\"  >\n\t\t\t\n\t\t\t\n\n\t<div class=\"img has-hover x md-x lg-x y md-y lg-y\" id=\"image_260358641\">\n\t\t\t\t\t\t\t\t<div class=\"img-inner dark\" >\n\t\t\t<img width=\"566\" height=\"425\" src=\"http:\/\/demoweb.company\/fivi\/wp-content\/uploads\/2020\/01\/sp1.jpg\" class=\"attachment-large size-large\" alt=\"\" loading=\"lazy\" srcset=\"http:\/\/demoweb.company\/fivi\/wp-content\/uploads\/2020\/01\/sp1.jpg 566w, http:\/\/demoweb.company\/fivi\/wp-content\/uploads\/2020\/01\/sp1-160x120.jpg 160w, http:\/\/demoweb.company\/fivi\/wp-content\/uploads\/2020\/01\/sp1-300x225.jpg 300w\" sizes=\"(max-width: 566px) 100vw, 566px\" \/>\t\t\t\t\t\t\n\t\t\t\t\t<\/div>\n\t\t\t\t\t\t\t\t\n<style>\n#image_260358641 {\n  width: 100%;\n}\n<\/style>\n\t<\/div>\n\t\n\n\n\t\t<\/div>\n\t\t\t<\/div>\n\n\t\n\n\t<div id=\"col-116761933\" class=\"col medium-6 small-12 large-6\"  >\n\t\t<div class=\"col-inner\"  >\n\t\t\t\n\t\t\t\n\n<div class=\"container section-title-container\" ><h3 class=\"section-title section-title-center\"><b><\/b><span class=\"section-title-main\" style=\"color:rgb(207, 156, 59);\">Li\u00ean h\u1ec7 v\u1edbi ch\u00fang t\u00f4i<\/span><b><\/b><\/h3><\/div>\n\n<div role=\"form\" class=\"wpcf7\" id=\"wpcf7-f423-o1\" lang=\"vi\" dir=\"ltr\">\n<div class=\"screen-reader-response\"><p role=\"status\" aria-live=\"polite\" aria-atomic=\"true\"><\/p> <ul><\/ul><\/div>\n<form action=\"\/fivi\/wp-json\/wp\/v2\/pages\/428#wpcf7-f423-o1\" method=\"post\" class=\"wpcf7-form init\" novalidate=\"novalidate\" data-status=\"init\">\n<div style=\"display: none;\">\n<input type=\"hidden\" name=\"_wpcf7\" value=\"423\" \/>\n<input type=\"hidden\" name=\"_wpcf7_version\" value=\"5.3.2\" \/>\n<input type=\"hidden\" name=\"_wpcf7_locale\" value=\"vi\" \/>\n<input type=\"hidden\" name=\"_wpcf7_unit_tag\" value=\"wpcf7-f423-o1\" \/>\n<input type=\"hidden\" name=\"_wpcf7_container_post\" value=\"0\" \/>\n<input type=\"hidden\" name=\"_wpcf7_posted_data_hash\" value=\"\" \/>\n<\/div>\n<p><span class=\"wpcf7-form-control-wrap text-515\"><input type=\"text\" name=\"text-515\" value=\"\" size=\"40\" class=\"wpcf7-form-control wpcf7-text wpcf7-validates-as-required\" aria-required=\"true\" aria-invalid=\"false\" placeholder=\"H\u1ecd &amp; T\u00ean\" \/><\/span><br \/>\n    <span class=\"wpcf7-form-control-wrap tel-834\"><input type=\"tel\" name=\"tel-834\" value=\"\" size=\"40\" class=\"wpcf7-form-control wpcf7-text wpcf7-tel wpcf7-validates-as-required wpcf7-validates-as-tel\" aria-required=\"true\" aria-invalid=\"false\" placeholder=\"S\u1ed1 \u0111i\u1ec7n tho\u1ea1i\" \/><\/span><br \/>\n    <span class=\"wpcf7-form-control-wrap email-117\"><input type=\"email\" name=\"email-117\" value=\"\" size=\"40\" class=\"wpcf7-form-control wpcf7-text wpcf7-email wpcf7-validates-as-email\" aria-invalid=\"false\" placeholder=\"Email\" \/><\/span><br \/>\n    <span class=\"wpcf7-form-control-wrap text-859\"><input type=\"text\" name=\"text-859\" value=\"\" size=\"40\" class=\"wpcf7-form-control wpcf7-text wpcf7-validates-as-required\" aria-required=\"true\" aria-invalid=\"false\" placeholder=\"T\u00ean c\u00f4ng ty\" \/><\/span><br \/>\n    <span class=\"wpcf7-form-control-wrap your-message\"><textarea name=\"your-message\" cols=\"40\" rows=\"10\" class=\"wpcf7-form-control wpcf7-textarea\" aria-invalid=\"false\" placeholder=\"N\u1ed9i dung y\u00eau c\u1ea7u\"><\/textarea><\/span><br \/>\n<input type=\"submit\" value=\"G\u1eedi y\u00eau c\u1ea7u\" class=\"wpcf7-form-control wpcf7-submit\" \/><\/p>\n<div class=\"wpcf7-response-output\" aria-hidden=\"true\"><\/div><\/form><\/div>\n\n\n\t\t<\/div>\n\t\t\n<style>\n#col-116761933 > .col-inner {\n  padding: 20px 0px 0px 0px;\n}\n<\/style>\n\t<\/div>\n\n\t\n\n<\/div>\n\n\t\t<\/div>\n\n\t\t\n<style>\n#section_811579579 {\n  padding-top: 30px;\n  padding-bottom: 30px;\n  background-color: rgb(247, 247, 247);\n}\n<\/style>\n\t<\/section>\n\t\n","protected":false},"excerpt":{"rendered":"","protected":false},"author":1,"featured_media":0,"parent":0,"menu_order":0,"comment_status":"closed","ping_status":"closed","template":"page-blank.php","meta":[],"_links":{"self":[{"href":"http:\/\/demoweb.company\/fivi\/wp-json\/wp\/v2\/pages\/428"}],"collection":[{"href":"http:\/\/demoweb.company\/fivi\/wp-json\/wp\/v2\/pages"}],"about":[{"href":"http:\/\/demoweb.company\/fivi\/wp-json\/wp\/v2\/types\/page"}],"author":[{"embeddable":true,"href":"http:\/\/demoweb.company\/fivi\/wp-json\/wp\/v2\/users\/1"}],"replies":[{"embeddable":true,"href":"http:\/\/demoweb.company\/fivi\/wp-json\/wp\/v2\/comments?post=428"}],"version-history":[{"count":8,"href":"http:\/\/demoweb.company\/fivi\/wp-json\/wp\/v2\/pages\/428\/revisions"}],"predecessor-version":[{"id":654,"href":"http:\/\/demoweb.company\/fivi\/wp-json\/wp\/v2\/pages\/428\/revisions\/654"}],"wp:attachment":[{"href":"http:\/\/demoweb.company\/fivi\/wp-json\/wp\/v2\/media?parent=428"}],"curies":[{"name":"wp","href":"https:\/\/api.w.org\/{rel}","templated":true}]}}