{"id":152,"date":"2023-06-24T18:33:30","date_gmt":"2023-06-24T18:33:30","guid":{"rendered":"http:\/\/demoweb.company\/vnuapharma\/?post_type=product&#038;p=152"},"modified":"2023-06-25T18:56:40","modified_gmt":"2023-06-25T18:56:40","slug":"dong-trung-ha-thao-ngam-mat-ong","status":"publish","type":"product","link":"http:\/\/demoweb.company\/vnuapharma\/san-pham\/dong-trung-ha-thao-ngam-mat-ong\/","title":{"rendered":"\u0110\u00d4NG TR\u00d9NG H\u1ea0 TH\u1ea2O NG\u00c2M M\u1eacT ONG"},"content":{"rendered":"<p>\u0110\u00f4ng tr\u00f9ng h\u1ea1 th\u1ea3o ng\u00e2m m\u1eadt ong VNUA \u0111\u01b0\u1ee3c H\u1ecdc vi\u1ec7n n\u00f4ng nghi\u1ec7p Vi\u1ec7t Nam nghi\u00ean c\u1ee9u v\u00e0 ph\u00e1t tri\u1ec3n. S\u1ea3n ph\u1ea9m \u0111\u01b0\u1ee3c s\u1ea3n xu\u1ea5t tr\u00ean \u0111\u00f4ng tr\u00f9ng h\u1ea1 th\u1ea3o nu\u00f4i b\u1eb1ng t\u1ea3o xo\u1eafn Spirulina nguy\u00ean ch\u1ea5t v\u00e0 m\u1eadt ong nguy\u00ean ch\u1ea5t 100%. \u0110\u00e2y l\u00e0 c\u00f4ng ngh\u1ec7 nu\u00f4i \u0111\u00f4ng tr\u00f9ng h\u1ea1 th\u1ea3o \u0111\u1ed9c quy\u1ec1n thu\u1ed9c H\u1ecdc vi\u1ec7n n\u00f4ng nghi\u1ec7p vi\u1ec7t nam.<\/p>\n<p><img loading=\"lazy\" decoding=\"async\" class=\"aligncenter wp-image-154 size-full\" src=\"http:\/\/demoweb.company\/vnuapharma\/wp-content\/uploads\/2023\/06\/dong-trung-ha-thao-mat-ong-2.jpg\" alt=\"\" width=\"800\" height=\"563\" srcset=\"http:\/\/demoweb.company\/vnuapharma\/wp-content\/uploads\/2023\/06\/dong-trung-ha-thao-mat-ong-2.jpg 800w, http:\/\/demoweb.company\/vnuapharma\/wp-content\/uploads\/2023\/06\/dong-trung-ha-thao-mat-ong-2-300x211.jpg 300w, http:\/\/demoweb.company\/vnuapharma\/wp-content\/uploads\/2023\/06\/dong-trung-ha-thao-mat-ong-2-768x540.jpg 768w, http:\/\/demoweb.company\/vnuapharma\/wp-content\/uploads\/2023\/06\/dong-trung-ha-thao-mat-ong-2-600x422.jpg 600w\" sizes=\"auto, (max-width: 800px) 100vw, 800px\" \/><\/p>\n<p>M\u1eadt ong l\u00e0 m\u1ed9t ch\u1ea5t l\u00e0m ng\u1ecdt t\u1ef1 nhi\u00ean c\u00f3 nhi\u1ec1u c\u00f4ng d\u1ee5ng nh\u01b0 kh\u00e1ng vi\u00eam, kh\u00e1ng khu\u1ea9n, ch\u1ed1ng oxy h\u00f3a. D\u00f9ng th\u01b0\u1eddng xuy\u00ean c\u00f3 th\u1ec3 gi\u00fap gi\u1ea3m nguy c\u01a1 m\u1eafc c\u00e1c b\u1ec7nh l\u00fd tim m\u1ea1ch, gi\u1ea3m ho, ch\u1eefa l\u00e0nh v\u1ebft th\u01b0\u01a1ng, h\u1ed7 tr\u1ee3 ti\u00eau h\u00f3a, gi\u1ea3m c\u00e2n, gi\u00fap ng\u1ee7 ngon, gi\u1ea3m c\u00e1c tri\u1ec7u ch\u1ee9ng c\u1ee7a vi\u00eam lo\u00e9t d\u1ea1 d\u00e0y, t\u0103ng c\u01b0\u1eddng tr\u00ed nh\u1edb v\u00e0 t\u0103ng c\u01b0\u1eddng mi\u1ec5n d\u1ecbch.<\/p>\n<p>T\u1eeb x\u01b0a, \u0111\u00f4ng tr\u00f9ng h\u1ea1 th\u1ea3o l\u00e0 m\u1ed9t v\u1ecb thu\u1ed1c qu\u00fd hi\u1ebfm \u0111\u01b0\u1ee3c nhi\u1ec1u ng\u01b0\u1eddi s\u0103n \u0111\u00f3n. N\u00f3 \u0111\u01b0\u1ee3c s\u1eed d\u1ee5ng trong ph\u00f2ng ch\u1ed1ng v\u00e0 h\u1ed7 tr\u1ee3 \u0111i\u1ec1u tr\u1ecb r\u1ea5t nhi\u1ec1u b\u1ec7nh. \u0110\u00f4ng tr\u00f9ng h\u1ea1 th\u1ea3o c\u00f3 v\u1ecb ng\u1ecdt, t\u00ednh \u1ea5m, \u0111i v\u00e0o 2 kinh ph\u1ebf v\u00e0 th\u1eadn, c\u00f3 kh\u1ea3 n\u0103ng d\u01b0\u1ee1ng ph\u1ebf, b\u1ed5 th\u1eadn, \u00edch tinh. N\u00f3 th\u01b0\u1eddng \u0111\u01b0\u1ee3c d\u00f9ng \u0111\u1ec3 ch\u1eefa c\u00e1c xu\u1ea5t tinh s\u1edbm, b\u1ec7nh li\u1ec7t d\u01b0\u01a1ng, suy gi\u1ea3m ham mu\u1ed1n t\u00ecnh d\u1ee5c, di tinh.<\/p>\n<p>\u0110\u00f4ng tr\u00f9ng h\u1ea1 th\u1ea3o c\u00f3 ch\u1ee9a c\u00e1c ho\u1ea1t ch\u1ea5t Cordycepin, Adenosine v\u00e0 c\u00e1c Polysaccharide qu\u00fd hi\u1ebfm. \u0110\u00e3 \u0111\u01b0\u1ee3c khoa h\u1ecdc \u0111\u00e3 ch\u1ee9ng minh kh\u1ea3 n\u0103ng ch\u1ed1ng ung th\u01b0 v\u00e0 \u1ee9c ch\u1ebf ung th\u01b0 di c\u0103n v\u00f4 c\u00f9ng hi\u1ec7u qu\u1ea3.<\/p>\n<p><img loading=\"lazy\" decoding=\"async\" class=\"aligncenter size-full wp-image-155\" src=\"http:\/\/demoweb.company\/vnuapharma\/wp-content\/uploads\/2023\/06\/dong-trung-ha-thao-ngam-mat-ong.jpg\" alt=\"\" width=\"800\" height=\"556\" srcset=\"http:\/\/demoweb.company\/vnuapharma\/wp-content\/uploads\/2023\/06\/dong-trung-ha-thao-ngam-mat-ong.jpg 800w, http:\/\/demoweb.company\/vnuapharma\/wp-content\/uploads\/2023\/06\/dong-trung-ha-thao-ngam-mat-ong-300x209.jpg 300w, http:\/\/demoweb.company\/vnuapharma\/wp-content\/uploads\/2023\/06\/dong-trung-ha-thao-ngam-mat-ong-768x534.jpg 768w, http:\/\/demoweb.company\/vnuapharma\/wp-content\/uploads\/2023\/06\/dong-trung-ha-thao-ngam-mat-ong-600x417.jpg 600w\" sizes=\"auto, (max-width: 800px) 100vw, 800px\" \/><\/p>\n<p>1\u00a0 \u00a0 \u00a0Nghi\u00ean c\u1ee9u v\u00e0 ph\u00e1t tri\u1ec3n \u0110\u00f4ng tr\u00f9ng h\u1ea1 th\u1ea3o VNUA.- \u0110\u00f4ng tr\u00f9ng h\u1ea1 th\u1ea3o \u0111\u01b0\u1ee3c nghi\u00ean c\u1ee9u v\u00e0 ph\u00e1t tri\u1ec3n b\u1edfi H\u1ecdc vi\u1ec7n n\u00f4ng nghi\u1ec7p Vi\u1ec7t Nam. N\u01a1i c\u00f3 c\u00f4ng ngh\u1ec7 nu\u00f4i \u0111\u00f4ng tr\u00f9ng h\u1ea1 th\u1ea3o b\u1eb1ng t\u1ea3o xo\u1eafn Spriulina \u0111\u1ed9c quy\u1ec1n tr\u00ean to\u00e0n th\u1ebf gi\u1edbi- \u0110\u1ecba ch\u1ec9: Khu \u0111\u00f4 th\u1ecb 31ha, TT Tr\u00e2u Qu\u1ef3, H Gia L\u00e2m, TP H\u00e0 N\u1ed9i2\u00a0 \u00a0 \u00a0Ch\u1ecbu tr\u00e1ch nhi\u1ec7m ch\u1ea5t l\u01b0\u1ee3ng v\u00e0 s\u1ea3n xu\u1ea5t \u0111\u00f4ng tr\u00f9ng h\u1ea1 th\u1ea3o Vnua<\/p>\n<p>&#8211; \u0110\u01a1n v\u1ecb ch\u1ecbu tr\u00e1ch nhi\u1ec7m s\u1ea3n ph\u1ea9m \u0111\u00f4ng tr\u00f9ng h\u1ea1 th\u1ea3o Vnua<\/p>\n<p>C\u00f4ng ty c\u1ed5 ph\u1ea9n khoa h\u1ecdc c\u00f4ng ngh\u1ec7 d\u01b0\u1ee3c m\u1ef9 ph\u1ea9m VNUA (VNUA Pharma) ch\u1ecbu tr\u00e1ch nhi\u1ec7m ch\u1ea5t l\u01b0\u1ee3ng s\u1ea3n ph\u1ea9m<\/p>\n<p>\u0110\u1ecba ch\u1ec9: Khu \u0111\u00f4 th\u1ecb 31ha, TT Tr\u00e2u Qu\u1ef3, H Gia L\u00e2m, TP H\u00e0 N\u1ed9i.<\/p>\n<p>&#8211; Nh\u00e0 m\u00e1y s\u1ea3n xu\u1ea5t \u0111\u00f4ng tr\u00f9ng h\u1ea1 th\u1ea3o s\u1ea5y th\u0103ng hoa<\/p>\n<p>Nh\u00e0 m\u00e1y \u0111\u1ea1t chu\u1ea9n GMP thu\u1ed9c c\u00f4ng ty c\u1ed5 ph\u1ea7n d\u01b0\u1ee3c ph\u1ea9m qu\u1ed1c t\u1ebf STP ch\u1ecbu tr\u00e1ch nhi\u1ec7m s\u1ea3n xu\u1ea5t<\/p>\n<p>\u0110\u1ecba ch\u1ec9 nh\u00e0 m\u00e1y: Khu c\u00f4ng nghi\u1ec7p \u0110\u1ed3ng V\u0103n, Duy Ti\u00ean, H\u00e0 Nam.<\/p>\n<p>3\u00a0 \u00a0 \u00a0C\u00f4ng b\u1ed1 l\u01b0u h\u00e0nh s\u1ea3n ph\u1ea9m v\u00e0 \u0111\u01a1 v\u1ecb ph\u00e2n ph\u1ed1i \u0111\u00f4ng tr\u00f9ng h\u1ea1 th\u1ea3o Vnua<\/p>\n<p>Th\u1ea9m quy\u1ec1n c\u00f4ng b\u1ed1 l\u01b0u h\u00e0nh s\u1ea3n ph\u1ea9m \u0111\u00f4ng tr\u00f9ng h\u1ea1 th\u1ea3o<\/p>\n<p>B\u1ed9 Y t\u1ebf c\u00f3 th\u1ea9m quy\u1ec1n c\u00f4ng b\u1ed1 l\u01b0u h\u00e0nh s\u1ea3n ph\u1ea9m ra th\u1ecb tr\u01b0\u1eddng. B\u1ed9 y t\u1ebf c\u00f3 quy tr\u00ecnh ki\u1ec3m tra, ki\u1ec3m so\u00e1t nghi\u00eam ng\u1eb7t v\u1ec1 an to\u00e0n th\u1ef1c ph\u1ea9m v\u00e0 ch\u1ea5t l\u01b0\u1ee3ng th\u1ef1c ph\u1ea9m tr\u01b0\u1edbc quy\u1ebft \u0111\u1ecbnh l\u01b0u h\u00e0nh s\u1ea3n ph\u1ea9m ngo\u00e0i th\u1ecb tr\u01b0\u1eddng.<\/p>\n<p>4\u00a0 \u00a0 \u0110\u00f4ng tr\u00f9ng h\u1ea1 th\u1ea3o Vnua g\u1ed3m nh\u1eefng th\u00e0nh ph\u1ea7n n\u00e0o?<\/p>\n<p>\u0110\u00f4ng tr\u00f9ng h\u1ea1 th\u1ea3o s\u1ea5y th\u0103ng hoa \u0111\u01b0\u1ee3c s\u1ea3n xu\u1ea5t t\u1eeb \u0111\u00f4ng tr\u00f9ng h\u1ea1 th\u1ea3o nu\u00f4i b\u1eb1ng t\u1ea3o xo\u1eafn Spirulina nguy\u00ean ch\u1ea5t 100%. Ch\u00ednh v\u00ec v\u1eady h\u00e0m l\u01b0\u1ee3ng dinh d\u01b0\u1ee1ng cao h\u01a1n c\u00e1c s\u1ea3n ph\u1ea9m \u0111\u00f4ng tr\u00f9ng h\u1ea1 th\u1ea3o th\u00f4ng th\u01b0\u1eddng kh\u00e1c.<\/p>\n<p>Ngo\u00e0i ra \u0111\u1ec3 so s\u00e1nh dinh d\u01b0\u1ee1ng gi\u1eefa \u0111\u00f4ng tr\u00f9ng h\u1ea1 th\u1ea3o nu\u00f4i b\u1eb1ng t\u1ea3o xo\u1eafn Spirulina v\u1edbi c\u00e1c th\u1ef1c ph\u1ea9m th\u00f4ng th\u01b0\u1eddng m\u1edbi th\u1ea5y r\u00f5 \u0111\u01b0\u1ee3c h\u00e0m l\u01b0\u1ee3ng dinh d\u01b0\u1ee1ng cao r\u00f5 r\u00e0ng h\u01a1n<\/p>\n<p>5\u00a0 \u00a0 \u0110\u00f4ng tr\u00f9ng h\u1ea1 th\u1ea3o s\u1ea5y th\u0103ng hoa Vnua c\u00f3 c\u00f4ng d\u1ee5ng nh\u01b0 th\u1ebf n\u00e0o?<\/p>\n<p>\u0110\u00f4ng tr\u00f9ng h\u1ea1 th\u1ea3o VNua \u0111\u01b0\u1ee3c s\u1ea3n xu\u1ea5t t\u1eeb \u0111\u00f4ng tr\u00f9ng h\u1ea1 th\u1ea3o nu\u00f4i b\u1eb1ng t\u1ea3o xo\u1eafn Spirulina (si\u00eau th\u1ef1c ph\u1ea9m th\u1ebf k\u1ef7 21). Ch\u00ednh v\u00ec v\u1eady h\u00e0m l\u01b0\u1ee3ng dinh d\u01b0\u1ee1ng cao h\u01a1n c\u00e1c s\u1ea3n ph\u1ea9m c\u00f3 tr\u00ean th\u1ecb tr\u01b0\u1eddng. Ngo\u00e0i ra s\u1ea3n ph\u1ea9m c\u00f2n \u0111\u01b0\u1ee3c s\u1ea3n xu\u1ea5t tr\u00ean c\u00f4ng ngh\u1ec7 s\u1ea5y th\u0103ng hoa, \u0111\u00e2y l\u00e0 c\u00f4ng ngh\u1ec7 hi\u1ec7n \u0111\u1ea1i nh\u1ea5t hi\u1ec7n nay. T\u1eeb \u0111\u00f3 gi\u00fap \u0111\u00f4ng tr\u00f9ng h\u1ea1 th\u1ea3o s\u1ea5y th\u0103ng hoa gi\u1eef \u0111\u01b0\u1ee3c t\u1edbi 95% h\u00e0m l\u01b0\u1ee3ng dinh d\u01b0\u1ee1ng.<\/p>\n<p>V\u1edbi c\u00f4ng ngh\u1ec7 \u0111\u1ed9c quy\u1ec1n nh\u01b0 v\u1eady, s\u1ea3n ph\u1ea9m c\u00f3 c\u00e1c c\u00f4ng d\u1ee5ng tuy\u1ec7t v\u1eddi sau:<\/p>\n<ul>\n<li>Gi\u00fap t\u00e1i t\u1ea1o t\u1ebf b\u00e0o gan, ph\u1ee5c h\u1ed3i ch\u1ee9c n\u0103ng gan, t\u0103ng c\u01b0\u1eddng gi\u1ea3i \u0111\u1ed9c gan, ph\u00f2ng ch\u1ed1ng x\u01a1 gan v\u00e0 ung th\u01b0 gan.<\/li>\n<li>Ph\u00f2ng, ch\u1ed1ng v\u00e0 h\u1ed7 tr\u1ee3 \u0111i\u1ec1u tr\u1ecb ch\u1eefa c\u00e1c b\u1ec7nh v\u1ec1 ph\u1ed5i.<\/li>\n<li>T\u0103ng c\u01b0\u1eddng s\u1ee9c \u0111\u1ec1 kh\u00e1ng, \u0111i\u1ec1u ho\u00e0 huy\u1ebft \u00e1p, h\u1ec7 tu\u1ea7n ho\u00e0n, ph\u00f2ng ng\u1eeba nguy c\u01a1 tai bi\u1ebfn, x\u01a1 v\u1eefa \u0111\u1ed9ng m\u1ea1ch.<\/li>\n<li>\u0110i\u1ec1u tr\u1ecb b\u1ec7nh ti\u1ec3u \u0111\u01b0\u1eddng, gi\u00fap tuy\u1ebfn tu\u1ef5 ho\u1ea1t \u0111\u1ed9ng t\u1ed1t h\u01a1n, s\u1ea3n xu\u1ea5t insulin hi\u1ec7u qu\u1ea3 h\u01a1n.<\/li>\n<li>An th\u1ea7n, c\u1ea3i thi\u1ec7n gi\u1ea5c ng\u1ee7 sinh l\u00fd, gi\u00fap gi\u1ea5c ng\u1ee7 s\u00e2u h\u01a1n.<\/li>\n<\/ul>\n<p>6\u00a0 \u00a0 \u0110\u00f4ng tr\u00f9ng h\u1ea1 th\u1ea3o s\u1ea5y th\u0103ng hoa Vnua \u0111\u01b0\u1ee3c s\u1eed d\u1ee5ng nh\u01b0 th\u1ebf n\u00e0o?<\/p>\n<p>L\u1ea5y 5-7 s\u1ee3i h\u00e3m n\u01b0\u1edbc s\u00f4i trong 5 ph\u00fat, s\u1eed d\u1ee5ng trong ng\u00e0y.<\/p>\n<p>7\u00a0 \u00a0 C\u00e1c \u0111\u1ed1i t\u01b0\u1ee3ng s\u1eed d\u1ee5ng \u0111\u00f4ng tr\u00f9ng h\u1ea1 th\u1ea3o Vnua<\/p>\n<p>Ng\u01b0\u1eddi c\u00f3 s\u1ee9c \u0111\u1ec1 kh\u00e1ng k\u00e9m d\u1ec5 d\u1eabn t\u1edbi nguy c\u01a1 vi\u00eam \u0111\u01b0\u1eddng h\u00f4 h\u1ea5p tr\u00ean (m\u0169i, h\u1ecdng).<\/p>\n<p>8\u00a0 \u00a0 B\u1ea3o qu\u1ea3n \u0111\u00f4ng tr\u00f9ng h\u1ea1 th\u1ea3o Vnua<\/p>\n<p>B\u1ea3o qu\u1ea3n \u0111\u00f4ng tr\u00f9ng h\u1ea1 th\u1ea3o n\u01a1i kh\u00f4 r\u00e1o, tho\u00e1ng m\u00e1t v\u00e0 kh\u00f4ng c\u00f3 \u00e1nh n\u1eafng.<\/p>\n<h3><strong>L\u01b0u \u00fd\u00a0<\/strong><\/h3>\n<p>\u0110\u00f4ng tr\u00f9ng h\u1ea1 th\u1ea3o VNUA l\u00e0 th\u1ef1c ph\u1ea9m ch\u1ee9c n\u0103ng.\u00a0 Ch\u00ednh v\u00ec v\u1eady n\u00f3 kh\u00f4ng d\u00f9ng \u0111\u1ec3 thay th\u1ebf thu\u1ed1c ch\u1eefa b\u1ec7nh. B\u1ea5t k\u1ef3 ng\u01b0\u1eddi n\u00e0o n\u00e0o m\u1eabm c\u1ea3m v\u1edbi c\u00e1c th\u00e0nh ph\u1ea7n c\u1ee7a thu\u1ed1c \u0111\u1ec1u kh\u00f4ng n\u00ean s\u1eed d\u1ee5ng.<\/p>\n","protected":false},"excerpt":{"rendered":"<p>Ph\u00f2ng, ch\u1ed1ng v\u00e0 h\u1ed7 tr\u1ee3 \u0111i\u1ec1u tr\u1ecb ch\u1eefa c\u00e1c b\u1ec7nh v\u1ec1 ph\u1ed5i.<\/p>\n<p>An th\u1ea7n, c\u1ea3i thi\u1ec7n gi\u1ea5c ng\u1ee7 sinh l\u00fd, gi\u00fap gi\u1ea5c ng\u1ee7 s\u00e2u h\u01a1n.<\/p>\n<p>\u0110i\u1ec1u tr\u1ecb b\u1ec7nh ti\u1ec3u \u0111\u01b0\u1eddng, gi\u00fap tuy\u1ebfn tu\u1ef5 ho\u1ea1t \u0111\u1ed9ng t\u1ed1t h\u01a1n, s\u1ea3n xu\u1ea5t insulin hi\u1ec7u qu\u1ea3 h\u01a1n.<\/p>\n","protected":false},"featured_media":153,"comment_status":"open","ping_status":"closed","template":"","meta":[],"product_cat":[20,24,23,19],"product_tag":[],"class_list":["post-152","product","type-product","status-publish","has-post-thumbnail","hentry","product_cat-lam-dep","product_cat-san-pham-ban-chay","product_cat-san-pham-moi","product_cat-suc-khoe"],"_links":{"self":[{"href":"http:\/\/demoweb.company\/vnuapharma\/wp-json\/wp\/v2\/product\/152","targetHints":{"allow":["GET"]}}],"collection":[{"href":"http:\/\/demoweb.company\/vnuapharma\/wp-json\/wp\/v2\/product"}],"about":[{"href":"http:\/\/demoweb.company\/vnuapharma\/wp-json\/wp\/v2\/types\/product"}],"replies":[{"embeddable":true,"href":"http:\/\/demoweb.company\/vnuapharma\/wp-json\/wp\/v2\/comments?post=152"}],"wp:featuredmedia":[{"embeddable":true,"href":"http:\/\/demoweb.company\/vnuapharma\/wp-json\/wp\/v2\/media\/153"}],"wp:attachment":[{"href":"http:\/\/demoweb.company\/vnuapharma\/wp-json\/wp\/v2\/media?parent=152"}],"wp:term":[{"taxonomy":"product_cat","embeddable":true,"href":"http:\/\/demoweb.company\/vnuapharma\/wp-json\/wp\/v2\/product_cat?post=152"},{"taxonomy":"product_tag","embeddable":true,"href":"http:\/\/demoweb.company\/vnuapharma\/wp-json\/wp\/v2\/product_tag?post=152"}],"curies":[{"name":"wp","href":"https:\/\/api.w.org\/{rel}","templated":true}]}}