{"id":159,"date":"2023-06-24T18:47:30","date_gmt":"2023-06-24T18:47:30","guid":{"rendered":"http:\/\/demoweb.company\/vnuapharma\/?post_type=product&#038;p=159"},"modified":"2023-06-25T18:56:24","modified_gmt":"2023-06-25T18:56:24","slug":"mat-na-tao-xoan-spirulina","status":"publish","type":"product","link":"http:\/\/demoweb.company\/vnuapharma\/san-pham\/mat-na-tao-xoan-spirulina\/","title":{"rendered":"M\u1eb6T N\u1ea0 T\u1ea2O XO\u1eaeN SPIRULINA VNUA"},"content":{"rendered":"<p><strong>1. TH\u00c0NH PH\u1ea6N<\/strong><\/p>\n<p>Trong 1 t\u00fai 5gr c\u00f3 ch\u1ee9a:<\/p>\n<p>Purified water<\/p>\n<p>Hydrocyethlcellulose (HEC)<\/p>\n<p>Xanthan Gum<\/p>\n<p>Carbomer (Carbomer 940)<\/p>\n<p>Spirulina platensis powder (B\u1ed9t t\u1ea3o)<\/p>\n<p>Glycerin<\/p>\n<p>Propylence Glycol (PG)<\/p>\n<p>Tranexamic Acid<\/p>\n<p>Glycereth 26<\/p>\n<p>Niacinamide (Vitamin B3)<\/p>\n<p>Panthenol (Vitamin B5)<\/p>\n<p>Glycerin (And) Palmitoyl Hexapeptide &#8211; 12 (C-Pep Elastyl)<\/p>\n<p>Azelamidopropyl Dimethyl Amine (and) Water (and) Butylene Glycol (Epi-On)<\/p>\n<p>Centella asiatica extract (Chi\u1ebft xu\u1ea5t D\u00e2u t\u1eb1m)<\/p>\n<p>Tocopheryl Actate (Vitamin E)<\/p>\n<p>Allantoin<\/p>\n<p>Propylene Glycol (and) Diazolidinyl Urea (and) lodopropynyl<\/p>\n<p>Butylcarbamate (Biodefend DI)<\/p>\n<p>Disodium EDTA (EDTA 2 NA)<\/p>\n<p>Fragrance<\/p>\n<p><strong>2. C\u00d4NG D\u1ee4NG<\/strong><\/p>\n<ul>\n<li>Gi\u00fap d\u01b0\u1ee1ng \u1ea9m da, l\u00e0m m\u1ec1m da<\/li>\n<li>Gi\u00fap d\u01b0\u1ee1ng s\u00e1ng da, l\u00e0m m\u1edd c\u00e1c v\u1ebft th\u00e2m, s\u1ea1m, n\u00e1m tr\u00ean da, cho l\u00e0n da m\u1ec1m m\u1ea1i, \u0111\u1ec1u m\u00e0u v\u00e0 t\u01b0\u01a1i s\u00e1ng h\u01a1n<\/li>\n<li>G\u00f3p ph\u1ea7n h\u1ea1n ch\u1ebf qu\u00e1 tr\u00ecnh l\u00e3o h\u00f3a da s\u1edbm<\/li>\n<\/ul>\n<p><strong>3. H\u01af\u1edaNG D\u1eaaN S\u1eec D\u1ee4NG<\/strong><\/p>\n<p>B\u1ea3o qu\u1ea3n trong ng\u0103n m\u00e1t t\u1ee7 l\u1ea1nh ho\u1eb7c n\u01a1i kh\u00f4 r\u00e1o, tho\u00e1ng m\u00e1t, tr\u00e1nh \u00e1nh n\u1eafng tr\u1ef1c ti\u1ebfp<\/p>\n<p><img loading=\"lazy\" decoding=\"async\" class=\"aligncenter size-full wp-image-162\" src=\"http:\/\/demoweb.company\/vnuapharma\/wp-content\/uploads\/2023\/06\/mat-na-tao-xoan-2.jpg\" alt=\"\" width=\"800\" height=\"566\" srcset=\"http:\/\/demoweb.company\/vnuapharma\/wp-content\/uploads\/2023\/06\/mat-na-tao-xoan-2.jpg 800w, http:\/\/demoweb.company\/vnuapharma\/wp-content\/uploads\/2023\/06\/mat-na-tao-xoan-2-300x212.jpg 300w, http:\/\/demoweb.company\/vnuapharma\/wp-content\/uploads\/2023\/06\/mat-na-tao-xoan-2-768x543.jpg 768w, http:\/\/demoweb.company\/vnuapharma\/wp-content\/uploads\/2023\/06\/mat-na-tao-xoan-2-600x425.jpg 600w\" sizes=\"auto, (max-width: 800px) 100vw, 800px\" \/><\/p>\n<p><strong>4. C\u00c1CH S\u1eec D\u1ee4NG<\/strong><\/p>\n<p>B\u01b0\u1edbc 1:<\/p>\n<p>L\u00e0m s\u1ea1ch s\u00e2u cho da tr\u01b0\u1edbc khi \u0111\u1eafp m\u1eb7t n\u1ea1<\/p>\n<p>B\u01b0\u1edbc 2:<\/p>\n<p>L\u1ea5y m\u1ed9t t\u00fai m\u1eb7t n\u1ea1 \u0111\u1ed5 ra c\u1ed1c\/ b\u00e1t r\u1ed3i d\u00f9ng th\u00eca\/ ch\u1ed5i chuy\u00ean d\u1ee5ng \u0111\u1eafp m\u1eb7t n\u1ea1 l\u00ean m\u1eb7t<\/p>\n<p>B\u01b0\u1edbc 3:<\/p>\n<p>Massage nh\u1eb9 nh\u00e0ng t\u1eeb 2\u00a0 \u0111\u1ebfn 3 ph\u00fat v\u00e0 \u0111\u1ec3 m\u1eb7t \u1ee7 tr\u00ean da 10 ph\u00fat &#8211; 15 ph\u00fat<\/p>\n<p>B\u01b0\u1edbc 4: R\u1eeda s\u00e1ch m\u1eb7t b\u1eb1ng n\u01b0\u1edbc \u1ea5m v\u00e0 lau kh\u00f4<\/p>\n","protected":false},"excerpt":{"rendered":"<p>Ph\u00f2ng, ch\u1ed1ng v\u00e0 h\u1ed7 tr\u1ee3 \u0111i\u1ec1u tr\u1ecb ch\u1eefa c\u00e1c b\u1ec7nh v\u1ec1 ph\u1ed5i.<\/p>\n<p>An th\u1ea7n, c\u1ea3i thi\u1ec7n gi\u1ea5c ng\u1ee7 sinh l\u00fd, gi\u00fap gi\u1ea5c ng\u1ee7 s\u00e2u h\u01a1n.<\/p>\n<p>\u0110i\u1ec1u tr\u1ecb b\u1ec7nh ti\u1ec3u \u0111\u01b0\u1eddng, gi\u00fap tuy\u1ebfn tu\u1ef5 ho\u1ea1t \u0111\u1ed9ng t\u1ed1t h\u01a1n, s\u1ea3n xu\u1ea5t insulin hi\u1ec7u qu\u1ea3 h\u01a1n.<\/p>\n","protected":false},"featured_media":160,"comment_status":"open","ping_status":"closed","template":"","meta":[],"product_cat":[20,24,23,19],"product_tag":[],"class_list":["post-159","product","type-product","status-publish","has-post-thumbnail","hentry","product_cat-lam-dep","product_cat-san-pham-ban-chay","product_cat-san-pham-moi","product_cat-suc-khoe"],"_links":{"self":[{"href":"http:\/\/demoweb.company\/vnuapharma\/wp-json\/wp\/v2\/product\/159","targetHints":{"allow":["GET"]}}],"collection":[{"href":"http:\/\/demoweb.company\/vnuapharma\/wp-json\/wp\/v2\/product"}],"about":[{"href":"http:\/\/demoweb.company\/vnuapharma\/wp-json\/wp\/v2\/types\/product"}],"replies":[{"embeddable":true,"href":"http:\/\/demoweb.company\/vnuapharma\/wp-json\/wp\/v2\/comments?post=159"}],"wp:featuredmedia":[{"embeddable":true,"href":"http:\/\/demoweb.company\/vnuapharma\/wp-json\/wp\/v2\/media\/160"}],"wp:attachment":[{"href":"http:\/\/demoweb.company\/vnuapharma\/wp-json\/wp\/v2\/media?parent=159"}],"wp:term":[{"taxonomy":"product_cat","embeddable":true,"href":"http:\/\/demoweb.company\/vnuapharma\/wp-json\/wp\/v2\/product_cat?post=159"},{"taxonomy":"product_tag","embeddable":true,"href":"http:\/\/demoweb.company\/vnuapharma\/wp-json\/wp\/v2\/product_tag?post=159"}],"curies":[{"name":"wp","href":"https:\/\/api.w.org\/{rel}","templated":true}]}}