{"id":35,"date":"2023-06-24T10:11:51","date_gmt":"2023-06-24T10:11:51","guid":{"rendered":"http:\/\/demoweb.company\/vnuapharma\/?post_type=product&#038;p=35"},"modified":"2023-06-25T19:01:02","modified_gmt":"2023-06-25T19:01:02","slug":"tao-xoan-spirulina-vnua-dang-bot","status":"publish","type":"product","link":"http:\/\/demoweb.company\/vnuapharma\/san-pham\/tao-xoan-spirulina-vnua-dang-bot\/","title":{"rendered":"T\u1ea2O XO\u1eaeN SPIRULINA VNUA (D\u1ea0NG B\u1ed8T)"},"content":{"rendered":"<h1><strong>T\u1ea3o xo\u1eafn Spirulina VNUA 50g<\/strong><\/h1>\n<h2><strong>1. \u0110\u01a1n v\u1ecb nghi\u00ean c\u1ee9u v\u00e0 s\u1ea3n xu\u1ea5t t\u1ea3o xo\u1eafn Spirulina<\/strong><\/h2>\n<p>\u2013 S\u1ea3n ph\u1ea9m \u0111\u01b0\u1ee3c H\u1ecdc vi\u1ec7n n\u00f4ng nghi\u1ec7p Vi\u1ec7t Nam nghi\u00ean c\u1ee9u v\u1edbi c\u00f4ng ngh\u1ec7 l\u00e0m gi\u00e0u Phycocyanin<\/p>\n<p>\u2013 \u0110\u01a1n v\u1ecb s\u1ea3n xu\u1ea5t: C\u00f4ng ty CP D\u01b0\u1ee3c ph\u1ea9m qu\u1ed1c t\u1ebf STP<\/p>\n<p>\u2013 \u0110\u1ecba ch\u1ec9: Khu c\u00f4ng nghi\u1ec7p \u0110\u1ed3ng V\u0103n II, Ph\u01b0\u1eddng \u0110\u1ed3ng V\u0103n, Duy Ti\u00ean, H\u00e0 Nam<\/p>\n<p><img loading=\"lazy\" decoding=\"async\" class=\"aligncenter size-full wp-image-150\" src=\"http:\/\/demoweb.company\/vnuapharma\/wp-content\/uploads\/2023\/06\/tao-xoan-dang-bot.jpg\" alt=\"\" width=\"720\" height=\"641\" srcset=\"http:\/\/demoweb.company\/vnuapharma\/wp-content\/uploads\/2023\/06\/tao-xoan-dang-bot.jpg 720w, http:\/\/demoweb.company\/vnuapharma\/wp-content\/uploads\/2023\/06\/tao-xoan-dang-bot-300x267.jpg 300w, http:\/\/demoweb.company\/vnuapharma\/wp-content\/uploads\/2023\/06\/tao-xoan-dang-bot-600x534.jpg 600w\" sizes=\"auto, (max-width: 720px) 100vw, 720px\" \/><\/p>\n<h2><strong>2. C\u00f4ng b\u1ed1 ban h\u00e0nh v\u00e0 ph\u00e2n ph\u1ed1i s\u1ea3n ph\u1ea9m b\u1ed9t t\u1ea3o xo\u1eafn Spirulina 50g<\/strong><\/h2>\n<h3><strong>\u2013 C\u00f4ng b\u1ed1 v\u00e0 ban h\u00e0nh s\u1ea3n ph\u1ea9m\u00a0<\/strong><\/h3>\n<p>B\u1ed9 Y T\u1ebf ti\u1ebfp nh\u1eadn gi\u1ea5y c\u00f4ng b\u1ed1 s\u1ea3n ph\u1ea9m ra th\u1ecb tr\u01b0\u1eddng. \u0110\u1ec3 th\u1ef1c hi\u1ec7n \u0111\u01b0\u1ee3c \u0111i\u1ec1u n\u00e0y, th\u00ec s\u1ea3n ph\u1ea9m b\u1ed9t t\u1ea3o xo\u1eafn Spirulina VNUA ph\u1ea3i \u0111\u1ea3m b\u1ea3o \u0111\u00e3 \u0111\u01b0\u1ee3c ki\u1ec3m so\u00e1t nghi\u00eam ng\u1eb7t c\u1ee7a B\u1ed9 y t\u1ebf. Ki\u1ec3m so\u00e1t v\u1ec1 ch\u1ea5t l\u01b0\u1ee3ng v\u00e0 an to\u00e0n th\u1ef1c ph\u1ea9m c\u0169ng nh\u01b0 ch\u1ea5t l\u01b0\u1ee3ng tr\u01b0\u1edbc khi ban h\u00e0nh.<\/p>\n<h3><strong>\u2013 \u0110\u01a1n v\u1ecb ph\u00e2n ph\u1ed1i s\u1ea3n ph\u1ea9m\u00a0\u00a0<\/strong><\/h3>\n<p>S\u1ea3n ph\u1ea9m \u0111\u01b0\u1ee3c ph\u00e2n ph\u1ed1i b\u1edfi C\u00f4ng ty C\u1ed5 ph\u1ea9n Khoa h\u1ecdc C\u00f4ng ngh\u1ec7 D\u01b0\u1ee3c M\u1ef9 Ph\u1ea9m VNUA (Vi\u1ebft t\u1eaft: VNUA Pharma)<\/p>\n<h2><strong>3. Th\u00e0nh ph\u1ea7n b\u1ed9t t\u1ea3o xo\u1eafn Spirulina 50<\/strong><strong>g<\/strong><\/h2>\n<p>B\u1ed9t t\u1ea3o xo\u1eafn Spirulina g\u1ed3m 100% b\u1ed9t t\u1ea3o Spirulina nguy\u00ean ch\u1ea5t.<\/p>\n<h2><strong>4. C\u00f4ng<\/strong><strong>\u00a0d\u1ee5ng c\u1ee7a s\u1ea3n ph\u1ea9m<\/strong><\/h2>\n<p>\u2013 T\u0103ng c\u01b0\u1eddng h\u1ec7 mi\u1ec5n d\u1ecbch, ch\u1ed1ng oxi ho\u00e1 cho c\u01a1 th\u1ec3<\/p>\n<p>\u2013 H\u1ed7 tr\u1ee3 ph\u00f2ng ng\u1eeba v\u00e0 h\u1ed7 tr\u1ee3 \u0111i\u1ec1u tr\u1ecb ung th\u01b0<\/p>\n<p>\u2013 H\u1ed7 tr\u1ee3 b\u1ea3o v\u1ec7 m\u1eaft, c\u1ea3i thi\u1ec7n th\u1ecb l\u1ef1c<\/p>\n<p>\u2013 H\u1ed7 tr\u1ee3 \u0111i\u1ec1u tr\u1ecb b\u1ec7nh ti\u1ec3u \u0111\u01b0\u1eddng, gi\u1ea3m b\u1ea3o ph\u00ec v\u00e0 h\u1ed7 tr\u1ee3 ng\u01b0\u1eddi \u0103n ki\u00eang, \u0103n chay<\/p>\n<p>\u2013 H\u1ed7 tr\u1ee3 \u0111i\u1ec1u tr\u1ecb m\u1ee5n, gi\u1ea3m th\u00e2m n\u00e1m v\u00e0 l\u00e0m s\u00e1ng da<\/p>\n<p>\u2013 Gi\u00fap s\u0103n ch\u1eafc c\u01a1, t\u0103ng k\u00edch th\u01b0\u1edbc v\u00f2ng 1, duy tr\u00ec v\u00f3c d\u00e1ng kho\u1ebb m\u1ea1nh v\u00e0 c\u00e2n \u0111\u1ed1i<\/p>\n<h2><strong>5. C\u00e1ch d\u00f9ng<\/strong><strong>\u00a0c\u1ee7a s\u1ea3n ph\u1ea9m b\u1ed9t t\u1ea3o xo\u1eafn Spirulina\u00a0<\/strong><strong>50g<\/strong><\/h2>\n<p>\u2013 Ng\u01b0\u1eddi l\u1edbn: 2-4g\/ng\u00e0y (2 th\u00eca c\u00e0 ph\u00ea)\/2 l\u1ea7n s\u00e1ng, chi\u1ec1u.<\/p>\n<p>\u2013 Tr\u1ebb em: 1-2g\/ng\u00e0y (1 th\u00eca c\u00e0 ph\u00ea)\/1 l\u1ea7n trong ng\u00e0y<\/p>\n<h3><strong>6. \u0110\u1ed1i\u00a0<\/strong><strong>t\u01b0\u1ee3ng<\/strong><strong>\u00a0s\u1eed d\u1ee5ng s\u1ea3n ph\u1ea9m b\u1ed9t t\u1ea3o xo\u1eafn Spirulina\u00a0<\/strong><strong>50g<\/strong><\/h3>\n<p>\u2013 Ng\u01b0\u1eddi c\u1ea7n b\u1ed3i b\u1ed5 s\u1ee9c kho\u1ebb<\/p>\n<p>\u2013 Tr\u1ebb em, ph\u1ee5 n\u1eef mang thai, ng\u01b0\u1eddi gi\u00e0.<\/p>\n<p>\u2013 Ng\u01b0\u1eddi \u0111ang trong ch\u1ebf \u0111\u1ed9 \u0103n ki\u00eang, \u0103n chay.<\/p>\n<p>\u2013 Ng\u01b0\u1eddi m\u1edbi \u1ed1m d\u1eady, b\u1ec7nh nh\u00e2n sau ph\u1eabu thu\u1eadt<\/p>\n<h3><strong>7. B\u1ea3o qu\u1ea3n b\u1ed9t t\u1ea3o xo\u1eafn Spirulina\u00a0<\/strong><strong>50g<\/strong><\/h3>\n<p>B\u1ea3o qu\u1ea3n n\u01a1i kh\u00f4 r\u00e1o, tho\u00e1ng m\u00e1t, tr\u00e1nh \u00e1nh n\u1eafng tr\u1ef1c ti\u1ebfp.<\/p>\n<h3><strong>8. L\u01b0u \u00fd<\/strong><\/h3>\n<p>S\u1ea3n ph\u1ea9m n\u00e0y kh\u00f4ng ph\u1ea3i l\u00e0 thu\u1ed1c, kh\u00f4ng c\u00f3 t\u00e1c d\u1ee5ng thay th\u1ebf thu\u1ed1c ch\u1eefa b\u1ec7nh. Kh\u00f4ng s\u1eed d\u1ee5ng cho ng\u01b0\u1eddi m\u1eabn c\u1ea3m v\u1edbi b\u1ea5t k\u1ef3 th\u00e0nh ph\u1ea7n n\u00e0o c\u1ee7a s\u1ea3n ph\u1ea9m<\/p>\n","protected":false},"excerpt":{"rendered":"<p>T\u0103ng c\u01b0\u1eddng h\u1ec7 mi\u1ec5n d\u1ecbch, ch\u1ed1ng oxi ho\u00e1 cho c\u01a1 th\u1ec3.<\/p>\n<p>H\u1ed7 tr\u1ee3 ph\u00f2ng ng\u1eeba v\u00e0 h\u1ed7 tr\u1ee3 \u0111i\u1ec1u tr\u1ecb ung th\u01b0.<\/p>\n<p>H\u1ed7 tr\u1ee3 b\u1ea3o v\u1ec7 m\u1eaft, c\u1ea3i thi\u1ec7n th\u1ecb l\u1ef1c.<\/p>\n<p>H\u1ed7 tr\u1ee3 gi\u1ea3m m\u1ee5n, gi\u1ea3m th\u00e2m n\u00e1m v\u00e0 l\u00e0m s\u00e1ng da.<\/p>\n","protected":false},"featured_media":150,"comment_status":"open","ping_status":"closed","template":"","meta":[],"product_cat":[20,24,23,19],"product_tag":[],"class_list":["post-35","product","type-product","status-publish","has-post-thumbnail","hentry","product_cat-lam-dep","product_cat-san-pham-ban-chay","product_cat-san-pham-moi","product_cat-suc-khoe"],"_links":{"self":[{"href":"http:\/\/demoweb.company\/vnuapharma\/wp-json\/wp\/v2\/product\/35","targetHints":{"allow":["GET"]}}],"collection":[{"href":"http:\/\/demoweb.company\/vnuapharma\/wp-json\/wp\/v2\/product"}],"about":[{"href":"http:\/\/demoweb.company\/vnuapharma\/wp-json\/wp\/v2\/types\/product"}],"replies":[{"embeddable":true,"href":"http:\/\/demoweb.company\/vnuapharma\/wp-json\/wp\/v2\/comments?post=35"}],"wp:featuredmedia":[{"embeddable":true,"href":"http:\/\/demoweb.company\/vnuapharma\/wp-json\/wp\/v2\/media\/150"}],"wp:attachment":[{"href":"http:\/\/demoweb.company\/vnuapharma\/wp-json\/wp\/v2\/media?parent=35"}],"wp:term":[{"taxonomy":"product_cat","embeddable":true,"href":"http:\/\/demoweb.company\/vnuapharma\/wp-json\/wp\/v2\/product_cat?post=35"},{"taxonomy":"product_tag","embeddable":true,"href":"http:\/\/demoweb.company\/vnuapharma\/wp-json\/wp\/v2\/product_tag?post=35"}],"curies":[{"name":"wp","href":"https:\/\/api.w.org\/{rel}","templated":true}]}}