{"id":378,"date":"2023-06-25T18:50:17","date_gmt":"2023-06-25T18:50:17","guid":{"rendered":"http:\/\/demoweb.company\/vnuapharma\/?post_type=product&#038;p=378"},"modified":"2023-06-25T18:50:18","modified_gmt":"2023-06-25T18:50:18","slug":"vien-uong-tao-xoan-vnua-pharma-gold","status":"publish","type":"product","link":"http:\/\/demoweb.company\/vnuapharma\/san-pham\/vien-uong-tao-xoan-vnua-pharma-gold\/","title":{"rendered":"Vi\u00ean u\u1ed1ng t\u1ea3o xo\u1eafn VNUA PHARMA GOLD"},"content":{"rendered":"<h3><strong>1. \u0110\u01a1n v\u1ecb nghi\u00ean c\u1ee9u v\u00e0 s\u1ea3n xu\u1ea5t s\u1ea3n ph\u1ea9m LIQUID NANO COLLATARIS<\/strong><\/h3>\n<p>\u2013 S\u1ea3n ph\u1ea9m \u0111\u01b0\u1ee3c H\u1ecdc vi\u1ec7n n\u00f4ng nghi\u1ec7p Vi\u1ec7t Nam nghi\u00ean c\u1ee9u.<\/p>\n<p>\u2013 \u0110\u01a1n v\u1ecb s\u1ea3n xu\u1ea5t: C\u00f4ng ty CP D\u01b0\u1ee3c ph\u1ea9m qu\u1ed1c t\u1ebf STP<\/p>\n<p>\u2013 \u0110\u1ecba ch\u1ec9: Khu c\u00f4ng nghi\u1ec7p \u0110\u1ed3ng V\u0103n II, Ph\u01b0\u1eddng \u0110\u1ed3ng V\u0103n, Duy Ti\u00ean, H\u00e0 Nam<\/p>\n<h3><strong>2. C\u00f4ng b\u1ed1 ban h\u00e0nh v\u00e0 ph\u00e2n ph\u1ed1i s\u1ea3n ph\u1ea9m<\/strong><strong>\u00a0Vi\u00ean t\u1ea3o xo\u1eafn Vnua Phyco Gold<\/strong><\/h3>\n<h3><strong>\u2013 C\u00f4ng b\u1ed1 v\u00e0 ban h\u00e0nh s\u1ea3n ph\u1ea9m\u00a0<\/strong><\/h3>\n<p>B\u1ed9 Y T\u1ebf ti\u1ebfp nh\u1eadn gi\u1ea5y c\u00f4ng b\u1ed1 s\u1ea3n ph\u1ea9m ra th\u1ecb tr\u01b0\u1eddng. \u0110\u1ec3 th\u1ef1c hi\u1ec7n \u0111\u01b0\u1ee3c \u0111i\u1ec1u n\u00e0y, th\u00ec s\u1ea3n ph\u1ea9m\u00a0<strong>Vi\u00ean t\u1ea3o xo\u1eafn Vnua Phyco Gold<\/strong>\u00a0ph\u1ea3i \u0111\u1ea3m b\u1ea3o \u0111\u00e3 \u0111\u01b0\u1ee3c ki\u1ec3m so\u00e1t nghi\u00eam ng\u1eb7t c\u1ee7a B\u1ed9 y t\u1ebf. Ki\u1ec3m so\u00e1t v\u1ec1 ch\u1ea5t l\u01b0\u1ee3ng v\u00e0 an to\u00e0n th\u1ef1c ph\u1ea9m c\u0169ng nh\u01b0 ch\u1ea5t l\u01b0\u1ee3ng s\u1ea3n ph\u1ea9m tr\u01b0\u1edbc khi ban h\u00e0nh.<\/p>\n<h3><strong>\u2013 \u0110\u01a1n v\u1ecb ph\u00e2n ph\u1ed1i s\u1ea3n ph\u1ea9m\u00a0\u00a0<\/strong><\/h3>\n<p>S\u1ea3n ph\u1ea9m \u0111\u01b0\u1ee3c ph\u00e2n ph\u1ed1i b\u1edfi C\u00f4ng ty C\u1ed5 ph\u1ea9n Khoa h\u1ecdc C\u00f4ng ngh\u1ec7 D\u01b0\u1ee3c M\u1ef9 Ph\u1ea9m Vnua (Vi\u1ebft t\u1eaft: VNUA Pharma)<\/p>\n<h3><strong>3. Th\u00e0nh ph\u1ea7n<\/strong><strong>\u00a0Vi\u00ean t\u1ea3o xo\u1eafn Vnua Phyco Gold<\/strong><\/h3>\n<p><strong>Trong 1 vi\u00ean n\u00e9n bao phim c\u00f3 ch\u1ee9a:<\/strong><\/p>\n<p>B\u1ed9t t\u1ea3o xo\u1eafn Spirulina (Spirulina platensis): &#8230;&#8230;&#8230;300mg<\/p>\n<p>Nano Collagen (K\u00edch th\u01b0\u1edbc h\u1ea1t nano 1,067nm): &#8230;&#8230;&#8230;50mg<\/p>\n<p>Beta glucan 80%:&#8230;&#8230;&#8230;&#8230;&#8230;&#8230;&#8230;&#8230;&#8230;&#8230;&#8230;&#8230;&#8230;&#8230;&#8230;&#8230;&#8230;&#8230;30mg<\/p>\n<p>Cao n\u1ea5m \u0111\u00f4ng tr\u00f9ng h\u1ea1 th\u1ea3o (Cordyceps militaris): 10mg<\/p>\n<p>(T\u01b0\u01a1ng \u0111\u01b0\u01a1ng 250mg N\u1ea5m \u0111\u00f4ng tr\u00f9ng h\u1ea1 th\u1ea3o)<\/p>\n<p>Ph\u1ee5 li\u1ec7u: Ch\u1ea5t \u0111\u1ed9n (lactose, tinh b\u1ed9t), ch\u1ea5t k\u1ebft d\u00ednh (Polyvinylpyrrolidone K30), ch\u1ea5t tr\u01a1n ch\u1ea3y 9talc, magie stearate), ch\u1ea5t bao phim (Hydroxypropyl Methylcellu-lose), m\u00e0u th\u1ef1c ph\u1ea9m (Titan dioxyd)<\/p>\n<p>Kh\u1ed1i l\u01b0\u1ee3ng trung b\u00ecnh vi\u00ean: 500mg +- 7,5%<\/p>\n<p>&nbsp;<\/p>\n<h3><strong>4. C\u00f4ng<\/strong><strong>\u00a0d\u1ee5ng c\u1ee7a\u00a0<\/strong><strong>s\u1ea3n ph\u1ea9m Vi\u00ean t\u1ea3o xo\u1eafn Vnua Phyco Gold<\/strong><\/h3>\n<p>H\u1ed7 tr\u1ee3 t\u0103ng s\u1ee9c \u0111\u1ec1 kh\u00e1ng cho c\u01a1 th\u1ec3<\/p>\n<p>Gi\u00fap c\u1ea3i thi\u1ec7n s\u1ee9c kh\u1ecfe v\u00e0 n\u00e2ng cao th\u1ec3 tr\u1ea1ng<\/p>\n<p>D\u00e0nh cho ng\u01b0\u1eddi s\u1ee9c \u0111\u1ec1 kh\u00e1ng k\u00e9m, suy nh\u01b0\u1ee3c c\u01a1 th\u1ec3, ng\u01b0\u1eddi m\u1edbi \u1ed1m d\u1eady, ng\u01b0\u1eddi m\u1ec7t m\u1ecfi c\u1ea7n t\u0103ng c\u01b0\u1eddng s\u1ee9c kh\u1ecfe<\/p>\n<h3><strong>5. C\u00e1ch d\u00f9ng<\/strong><strong>\u00a0c\u1ee7a\u00a0<\/strong><strong>s\u1ea3n ph\u1ea9m\u00a0<\/strong><strong>Vi\u00ean t\u1ea3o xo\u1eafn Vnua Phyco Gold<\/strong><\/h3>\n<p>Ng\u01b0\u1eddi l\u1edbn: u\u1ed1ng 2 vi\u00ean\/ l\u1ea7n, ng\u00e0y 2-3 l\u1ea7n<\/p>\n<p>Tr\u1ebb em t\u1eeb 6 tu\u1ed5i &#8211; 12 tu\u1ed5i: u\u1ed1ng 1 vi\u00ean\/ l\u1ea7n, ng\u00e0y 2 l\u1ea7n<\/p>\n<p><strong>6.\u00a0\u0110\u1ed1i\u00a0<\/strong><strong>t\u01b0\u1ee3ng<\/strong><strong>\u00a0s\u1eed d\u1ee5ng\u00a0<\/strong><strong>s\u1ea3n ph\u1ea9m\u00a0<\/strong><strong>Vi\u00ean t\u1ea3o xo\u1eafn Vnua Phyco Gold<\/strong><\/p>\n<p>Ng\u01b0\u1eddi s\u1ee9c \u0111\u1ec1 kh\u00e1ng k\u00e9m, suy nh\u01b0\u1ee3c c\u01a1 th\u1ec3. Ng\u01b0\u1eddi m\u1edbi \u1ed1m d\u1eady, ng\u01b0\u1eddi m\u1ec7t m\u1ecfi c\u1ea7n t\u0103ng c\u01b0\u1eddng s\u1ee9c kh\u1ecfe<\/p>\n<h3><strong>7. B\u1ea3o qu\u1ea3n\u00a0<\/strong><strong>Vi\u00ean t\u1ea3o xo\u1eafn Vnua Phyco Gold<\/strong><\/h3>\n<p>N\u01a1i kh\u00f4 r\u00e1o, tho\u00e1ng m\u00e1t, tr\u00e1nh \u00e1nh n\u1eafng m\u1eb7t tr\u1eddi<\/p>\n<h3><strong>8. L\u01b0u \u00fd<\/strong><\/h3>\n<p>S\u1ea3n ph\u1ea9m n\u00e0y kh\u00f4ng ph\u1ea3i l\u00e0 thu\u1ed1c, kh\u00f4ng c\u00f3 t\u00e1c d\u1ee5ng thay th\u1ebf thu\u1ed1c ch\u1eefa b\u1ec7nh. Kh\u00f4ng s\u1eed d\u1ee5ng cho ng\u01b0\u1eddi m\u1eabn c\u1ea3m v\u1edbi b\u1ea5t k\u1ef3 th\u00e0nh ph\u1ea7n n\u00e0o c\u1ee7a s\u1ea3n ph\u1ea9m<\/p>\n","protected":false},"excerpt":{"rendered":"<p>B\u1ed9t t\u1ea3o xo\u1eafn Spirulina&#8230;&#8230;..300mg<\/p>\n<p>Nano Collagen &#8230;&#8230;&#8230;50mg<\/p>\n<p>Beta glucan 80%:&#8230;&#8230;&#8230;&#8230;&#8230;..30mg<\/p>\n<p>Cao n\u1ea5m \u0111\u00f4ng tr\u00f9ng h\u1ea1 th\u1ea3o: 10mg<\/p>\n","protected":false},"featured_media":379,"comment_status":"open","ping_status":"closed","template":"","meta":[],"product_cat":[20,24,23,19],"product_tag":[],"class_list":["post-378","product","type-product","status-publish","has-post-thumbnail","hentry","product_cat-lam-dep","product_cat-san-pham-ban-chay","product_cat-san-pham-moi","product_cat-suc-khoe"],"_links":{"self":[{"href":"http:\/\/demoweb.company\/vnuapharma\/wp-json\/wp\/v2\/product\/378","targetHints":{"allow":["GET"]}}],"collection":[{"href":"http:\/\/demoweb.company\/vnuapharma\/wp-json\/wp\/v2\/product"}],"about":[{"href":"http:\/\/demoweb.company\/vnuapharma\/wp-json\/wp\/v2\/types\/product"}],"replies":[{"embeddable":true,"href":"http:\/\/demoweb.company\/vnuapharma\/wp-json\/wp\/v2\/comments?post=378"}],"wp:featuredmedia":[{"embeddable":true,"href":"http:\/\/demoweb.company\/vnuapharma\/wp-json\/wp\/v2\/media\/379"}],"wp:attachment":[{"href":"http:\/\/demoweb.company\/vnuapharma\/wp-json\/wp\/v2\/media?parent=378"}],"wp:term":[{"taxonomy":"product_cat","embeddable":true,"href":"http:\/\/demoweb.company\/vnuapharma\/wp-json\/wp\/v2\/product_cat?post=378"},{"taxonomy":"product_tag","embeddable":true,"href":"http:\/\/demoweb.company\/vnuapharma\/wp-json\/wp\/v2\/product_tag?post=378"}],"curies":[{"name":"wp","href":"https:\/\/api.w.org\/{rel}","templated":true}]}}