{"id":13,"date":"2025-02-14T14:20:20","date_gmt":"2025-02-14T14:20:20","guid":{"rendered":"https:\/\/demoweb.company\/asia\/?page_id=13"},"modified":"2025-03-07T20:22:36","modified_gmt":"2025-03-07T13:22:36","slug":"lien-he","status":"publish","type":"page","link":"https:\/\/demoweb.company\/asia\/lien-he\/","title":{"rendered":"Li\u00ean h\u1ec7"},"content":{"rendered":"\n\n\t<section class=\"section\" id=\"section_58225991\">\n\t\t<div class=\"section-bg fill\" >\n\t\t\t\t\t\t\t\t\t\n\t\t\t\n\n\t\t<\/div>\n\n\t\t\n\n\t\t<div class=\"section-content relative\">\n\t\t\t\n\n\t<div id=\"text-1383029225\" class=\"text ss-tab-lien-he\">\n\t\t\n\n<div class=\"su-tabs su-tabs-style-default su-tabs-mobile-stack\" data-active=\"1\" data-scroll-offset=\"0\" data-anchor-in-url=\"no\"><div class=\"su-tabs-nav\"><span class=\" tab-lh\" data-url=\"\" data-target=\"blank\" tabindex=\"0\" role=\"button\"><strong>V\u0103n ph\u00f2ng giao d\u1ecbch tru\u0323 s\u01a1\u0309 Ha\u0300 n\u00f4\u0323i<\/strong><\/br>\u27a2S\u1ed1 25-TT38, Khu \u0110\u00f4 Th\u1ecb M\u1edbi V\u0103n Ph\u00fa, Ph\u01b0\u1eddng Ph\u00fa La, Qu\u1eadn H\u00e0 \u0110\u00f4ng, H\u00e0 N\u1ed9i<\/br>\u260e(+84) 6292-3196<\/span><span class=\" tab-lh\" data-url=\"\" data-target=\"blank\" tabindex=\"0\" role=\"button\"><strong>V\u0103n ph\u00f2ng ASIA t\u1ea1i TP HCM<\/strong><\/br>\u27a2125 Nguy\u1ec5n Th\u1ecb Nhung, P. Hi\u1ec7p B\u00ecnh Ph\u01b0\u1edbc, Q. Th\u1ee7 \u0110\u1ee9c, TP.HCM<\/br>\u260e(+84) 6650-6929<\/span><span class=\" tab-lh\" data-url=\"\" data-target=\"blank\" tabindex=\"0\" role=\"button\"><strong>V\u0103n ph\u00f2ng ASIA t\u1ea1i \u0110\u00e0 N\u1eb5ng<\/strong><\/br>\u27a2S\u1ed1 130 Tr\u1ecbnh \u0110\u00ecnh Th\u1ea3o \u2013 Ph\u01b0\u1eddng Khu\u00ea Trung- Qu\u1eadn C\u1ea9m L\u1ec7- Tp \u0110\u00e0 N\u1eb5ng<\/br>\u260e(+84) 6292-3196<\/span><\/div><div class=\"su-tabs-panes\"><div class=\"su-tabs-pane su-u-clearfix su-u-trim tab-lh\" data-title=\"&lt;strong&gt;V\u0103n ph\u00f2ng giao d\u1ecbch tru\u0323 s\u01a1\u0309 Ha\u0300 n\u00f4\u0323i&lt;\/strong&gt;&lt;\/br&gt;\u27a2S\u1ed1 25-TT38, Khu \u0110\u00f4 Th\u1ecb M\u1edbi V\u0103n Ph\u00fa, Ph\u01b0\u1eddng Ph\u00fa La, Qu\u1eadn H\u00e0 \u0110\u00f4ng, H\u00e0 N\u1ed9i&lt;\/br&gt;\u260e(+84) 6292-3196\"><iframe src=\"https:\/\/www.google.com\/maps\/embed?pb=!1m18!1m12!1m3!1d7452.020769735361!2d105.75708497770995!3d20.952098100000008!2m3!1f0!2f0!3f0!3m2!1i1024!2i768!4f13.1!3m3!1m2!1s0x31345304555a1a3f%3A0x568e751e6190e74e!2zVFQgMzggVsSDbiBQaMO6!5e0!3m2!1svi!2s!4v1741357609422!5m2!1svi!2s\" width=\"100%\" height=\"400\" style=\"border:0;\" allowfullscreen=\"\" loading=\"lazy\" referrerpolicy=\"no-referrer-when-downgrade\"><\/iframe><\/div>\n<div class=\"su-tabs-pane su-u-clearfix su-u-trim tab-lh\" data-title=\"&lt;strong&gt;V\u0103n ph\u00f2ng ASIA t\u1ea1i TP HCM&lt;\/strong&gt;&lt;\/br&gt;\u27a2125 Nguy\u1ec5n Th\u1ecb Nhung, P. Hi\u1ec7p B\u00ecnh Ph\u01b0\u1edbc, Q. Th\u1ee7 \u0110\u1ee9c, TP.HCM&lt;\/br&gt;\u260e(+84) 6650-6929\"><iframe src=\"https:\/\/www.google.com\/maps\/embed?pb=!1m16!1m12!1m3!1d489.821921045392!2d106.71143129167086!3d10.84377221982525!2m3!1f0!2f0!3f0!3m2!1i1024!2i768!4f13.1!2m1!1zMTI1IE5ndXnhu4VuIFRo4buLIE5odW5nLCBQLiBIaeG7h3AgQsOsbmggUGjGsOG7m2MsIFEuIFRo4bunIMSQ4bupYywgVFAuSENN!5e0!3m2!1svi!2s!4v1741357831534!5m2!1svi!2s\" width=\"100%\" height=\"400\" style=\"border:0;\" allowfullscreen=\"\" loading=\"lazy\" referrerpolicy=\"no-referrer-when-downgrade\"><\/iframe><\/div>\n<div class=\"su-tabs-pane su-u-clearfix su-u-trim tab-lh\" data-title=\"&lt;strong&gt;V\u0103n ph\u00f2ng ASIA t\u1ea1i \u0110\u00e0 N\u1eb5ng&lt;\/strong&gt;&lt;\/br&gt;\u27a2S\u1ed1 130 Tr\u1ecbnh \u0110\u00ecnh Th\u1ea3o \u2013 Ph\u01b0\u1eddng Khu\u00ea Trung- Qu\u1eadn C\u1ea9m L\u1ec7- Tp \u0110\u00e0 N\u1eb5ng&lt;\/br&gt;\u260e(+84) 6292-3196\"><iframe src=\"https:\/\/www.google.com\/maps\/embed?pb=!1m18!1m12!1m3!1d3834.770343800468!2d108.20812867387296!3d16.025466240610477!2m3!1f0!2f0!3f0!3m2!1i1024!2i768!4f13.1!3m3!1m2!1s0x3142198c7f4c8a25%3A0x7387e08dc159eae4!2zMTMwIFRy4buLbmggxJDDrG5oIFRo4bqjbywgS2h1w6ogVHJ1bmcsIEPhuqltIEzhu4csIMSQw6AgTuG6tW5nIDU1MDAwMCwgVmnhu4d0IE5hbQ!5e0!3m2!1svi!2s!4v1741357881247!5m2!1svi!2s\" width=\"100%\" height=\"400\" style=\"border:0;\" allowfullscreen=\"\" loading=\"lazy\" referrerpolicy=\"no-referrer-when-downgrade\"><\/iframe><\/div><\/div><\/div>\n\n\t\t\t<\/div>\n\t\n\n\t\t<\/div>\n\n\t\t\n<style>\n#section_58225991 {\n  padding-top: 0px;\n  padding-bottom: 0px;\n}\n<\/style>\n\t<\/section>\n\t\n\n\t<section class=\"section\" id=\"section_321079476\">\n\t\t<div class=\"section-bg fill\" >\n\t\t\t<img loading=\"lazy\" decoding=\"async\" width=\"1440\" height=\"879\" src=\"https:\/\/demoweb.company\/asia\/wp-content\/uploads\/2025\/02\/bg-lh.jpg\" class=\"bg attachment-original size-original\" alt=\"\" \/>\t\t\t\t\t\t\n\t\t\t\n\n\t\t<\/div>\n\n\t\t\n\n\t\t<div class=\"section-content relative\">\n\t\t\t\n\n\t<div id=\"gap-138106472\" class=\"gap-element clearfix\" style=\"display:block; height:auto;\">\n\t\t\n<style>\n#gap-138106472 {\n  padding-top: 110px;\n}\n<\/style>\n\t<\/div>\n\t\n\n<div class=\"row align-center\"  id=\"row-1097470394\">\n\n\n\t<div id=\"col-1882821398\" class=\"col medium-7 small-12 large-7\"  >\n\t\t\t\t<div class=\"col-inner\" style=\"background-color:rgb(255, 255, 255);\" >\n\t\t\t\n\t\t\t\n\n<h2>Li\u00ean h\u1ec7 ngay v\u1edbi ch\u00fang t\u00f4i<\/h2>\n<p>\u0110\u1ed9i ng\u0169 h\u1ed7 tr\u1ee3 c\u1ee7a ch\u00fang t\u00f4i s\u1ebd ph\u1ea3n h\u1ed3i trong v\u00f2ng 1-2 ti\u1ebfng l\u00e0m vi\u1ec7c<\/p>\n\n<div class=\"wpcf7 no-js\" id=\"wpcf7-f151-o1\" lang=\"vi\" dir=\"ltr\" data-wpcf7-id=\"151\">\n<div class=\"screen-reader-response\"><p role=\"status\" aria-live=\"polite\" aria-atomic=\"true\"><\/p> <ul><\/ul><\/div>\n<form action=\"\/asia\/wp-json\/wp\/v2\/pages\/13#wpcf7-f151-o1\" method=\"post\" class=\"wpcf7-form init\" aria-label=\"Form li\u00ean h\u1ec7\" novalidate=\"novalidate\" data-status=\"init\">\n<div style=\"display: none;\">\n<input type=\"hidden\" name=\"_wpcf7\" value=\"151\" \/>\n<input type=\"hidden\" name=\"_wpcf7_version\" value=\"6.0.4\" \/>\n<input type=\"hidden\" name=\"_wpcf7_locale\" value=\"vi\" \/>\n<input type=\"hidden\" name=\"_wpcf7_unit_tag\" value=\"wpcf7-f151-o1\" \/>\n<input type=\"hidden\" name=\"_wpcf7_container_post\" value=\"0\" \/>\n<input type=\"hidden\" name=\"_wpcf7_posted_data_hash\" value=\"\" \/>\n<\/div>\n<p><span class=\"wpcf7-form-control-wrap\" data-name=\"text-247\"><input size=\"40\" maxlength=\"400\" class=\"wpcf7-form-control wpcf7-text wpcf7-validates-as-required hoten\" aria-required=\"true\" aria-invalid=\"false\" placeholder=\"H\u1ecd v\u00e0 t\u00ean\" value=\"\" type=\"text\" name=\"text-247\" \/><\/span><br \/>\n<span class=\"wpcf7-form-control-wrap\" data-name=\"tel-102\"><input size=\"40\" maxlength=\"400\" class=\"wpcf7-form-control wpcf7-tel wpcf7-validates-as-required wpcf7-text wpcf7-validates-as-tel sdt\" aria-required=\"true\" aria-invalid=\"false\" placeholder=\"S\u1ed1 \u0111i\u1ec7n tho\u1ea1i\" value=\"\" type=\"tel\" name=\"tel-102\" \/><\/span><br \/>\n<span class=\"wpcf7-form-control-wrap\" data-name=\"text-139\"><input size=\"40\" maxlength=\"400\" class=\"wpcf7-form-control wpcf7-text wpcf7-validates-as-required ngaysinh\" aria-required=\"true\" aria-invalid=\"false\" placeholder=\"Nga\u0300y sinh\" value=\"\" type=\"text\" name=\"text-139\" \/><\/span><br \/>\n<span class=\"wpcf7-form-control-wrap\" data-name=\"text-864\"><input size=\"40\" maxlength=\"400\" class=\"wpcf7-form-control wpcf7-text gioitinh\" aria-invalid=\"false\" placeholder=\"Gi\u1edbi t\u00ednh\" value=\"\" type=\"text\" name=\"text-864\" \/><\/span><br \/>\n<span class=\"wpcf7-form-control-wrap\" data-name=\"text-912\"><input size=\"40\" maxlength=\"400\" class=\"wpcf7-form-control wpcf7-text noisinh\" aria-invalid=\"false\" placeholder=\"N\u01a1i sinh\" value=\"\" type=\"text\" name=\"text-912\" \/><\/span><br \/>\n<span class=\"wpcf7-form-control-wrap\" data-name=\"textarea-761\"><textarea cols=\"40\" rows=\"10\" maxlength=\"2000\" class=\"wpcf7-form-control wpcf7-textarea noidung\" aria-invalid=\"false\" placeholder=\"N\u1ed9i dung y\u00eau c\u1ea7u\" name=\"textarea-761\"><\/textarea><\/span><br \/>\n<input class=\"wpcf7-form-control wpcf7-submit has-spinner btn-sm\" type=\"submit\" value=\"G\u1eedi y\u00eau c\u1ea7u\" \/>\n<\/p><div class=\"wpcf7-response-output\" aria-hidden=\"true\"><\/div>\n<\/form>\n<\/div>\n\n\n\n\t\t<\/div>\n\t\t\t\t\n<style>\n#col-1882821398 > .col-inner {\n  padding: 20px 20px 1px 20px;\n  border-radius: 8px;\n}\n<\/style>\n\t<\/div>\n\n\t\n\n<\/div>\n\n\t\t<\/div>\n\n\t\t\n<style>\n#section_321079476 {\n  padding-top: 30px;\n  padding-bottom: 30px;\n}\n<\/style>\n\t<\/section>\n\t\n\n","protected":false},"excerpt":{"rendered":"","protected":false},"author":1,"featured_media":0,"parent":0,"menu_order":0,"comment_status":"closed","ping_status":"closed","template":"page-blank.php","meta":{"_acf_changed":false,"footnotes":""},"class_list":["post-13","page","type-page","status-publish","hentry"],"acf":[],"yoast_head":"<!-- This site is optimized with the Yoast SEO plugin v24.5 - https:\/\/yoast.com\/wordpress\/plugins\/seo\/ -->\n<title>Li\u00ean h\u1ec7 - Xu\u1ea5t kh\u1ea9u lao \u0111\u1ed9ng Asia<\/title>\n<meta name=\"robots\" content=\"noindex, follow, max-snippet:-1, max-image-preview:large, max-video-preview:-1\" \/>\n<meta property=\"og:locale\" content=\"vi_VN\" \/>\n<meta property=\"og:type\" content=\"article\" \/>\n<meta property=\"og:title\" content=\"Li\u00ean h\u1ec7 - Xu\u1ea5t kh\u1ea9u lao \u0111\u1ed9ng Asia\" \/>\n<meta property=\"og:url\" content=\"https:\/\/demoweb.company\/asia\/lien-he\/\" \/>\n<meta property=\"og:site_name\" content=\"Xu\u1ea5t kh\u1ea9u lao \u0111\u1ed9ng Asia\" \/>\n<meta property=\"article:modified_time\" content=\"2025-03-07T13:22:36+00:00\" \/>\n<meta name=\"twitter:card\" content=\"summary_large_image\" \/>\n<script type=\"application\/ld+json\" class=\"yoast-schema-graph\">{\"@context\":\"https:\/\/schema.org\",\"@graph\":[{\"@type\":\"WebPage\",\"@id\":\"https:\/\/demoweb.company\/asia\/lien-he\/\",\"url\":\"https:\/\/demoweb.company\/asia\/lien-he\/\",\"name\":\"Li\u00ean h\u1ec7 - Xu\u1ea5t kh\u1ea9u lao \u0111\u1ed9ng Asia\",\"isPartOf\":{\"@id\":\"https:\/\/demoweb.company\/asia\/#website\"},\"datePublished\":\"2025-02-14T14:20:20+00:00\",\"dateModified\":\"2025-03-07T13:22:36+00:00\",\"breadcrumb\":{\"@id\":\"https:\/\/demoweb.company\/asia\/lien-he\/#breadcrumb\"},\"inLanguage\":\"vi\",\"potentialAction\":[{\"@type\":\"ReadAction\",\"target\":[\"https:\/\/demoweb.company\/asia\/lien-he\/\"]}]},{\"@type\":\"BreadcrumbList\",\"@id\":\"https:\/\/demoweb.company\/asia\/lien-he\/#breadcrumb\",\"itemListElement\":[{\"@type\":\"ListItem\",\"position\":1,\"name\":\"Trang ch\u1ee7\",\"item\":\"https:\/\/demoweb.company\/asia\/\"},{\"@type\":\"ListItem\",\"position\":2,\"name\":\"Li\u00ean h\u1ec7\"}]},{\"@type\":\"WebSite\",\"@id\":\"https:\/\/demoweb.company\/asia\/#website\",\"url\":\"https:\/\/demoweb.company\/asia\/\",\"name\":\"Xu\u1ea5t kh\u1ea9u lao \u0111\u1ed9ng Asia\",\"description\":\"\",\"potentialAction\":[{\"@type\":\"SearchAction\",\"target\":{\"@type\":\"EntryPoint\",\"urlTemplate\":\"https:\/\/demoweb.company\/asia\/?s={search_term_string}\"},\"query-input\":{\"@type\":\"PropertyValueSpecification\",\"valueRequired\":true,\"valueName\":\"search_term_string\"}}],\"inLanguage\":\"vi\"}]}<\/script>\n<!-- \/ Yoast SEO plugin. -->","yoast_head_json":{"title":"Li\u00ean h\u1ec7 - Xu\u1ea5t kh\u1ea9u lao \u0111\u1ed9ng Asia","robots":{"index":"noindex","follow":"follow","max-snippet":"max-snippet:-1","max-image-preview":"max-image-preview:large","max-video-preview":"max-video-preview:-1"},"og_locale":"vi_VN","og_type":"article","og_title":"Li\u00ean h\u1ec7 - Xu\u1ea5t kh\u1ea9u lao \u0111\u1ed9ng Asia","og_url":"https:\/\/demoweb.company\/asia\/lien-he\/","og_site_name":"Xu\u1ea5t kh\u1ea9u lao \u0111\u1ed9ng Asia","article_modified_time":"2025-03-07T13:22:36+00:00","twitter_card":"summary_large_image","schema":{"@context":"https:\/\/schema.org","@graph":[{"@type":"WebPage","@id":"https:\/\/demoweb.company\/asia\/lien-he\/","url":"https:\/\/demoweb.company\/asia\/lien-he\/","name":"Li\u00ean h\u1ec7 - Xu\u1ea5t kh\u1ea9u lao \u0111\u1ed9ng Asia","isPartOf":{"@id":"https:\/\/demoweb.company\/asia\/#website"},"datePublished":"2025-02-14T14:20:20+00:00","dateModified":"2025-03-07T13:22:36+00:00","breadcrumb":{"@id":"https:\/\/demoweb.company\/asia\/lien-he\/#breadcrumb"},"inLanguage":"vi","potentialAction":[{"@type":"ReadAction","target":["https:\/\/demoweb.company\/asia\/lien-he\/"]}]},{"@type":"BreadcrumbList","@id":"https:\/\/demoweb.company\/asia\/lien-he\/#breadcrumb","itemListElement":[{"@type":"ListItem","position":1,"name":"Trang ch\u1ee7","item":"https:\/\/demoweb.company\/asia\/"},{"@type":"ListItem","position":2,"name":"Li\u00ean h\u1ec7"}]},{"@type":"WebSite","@id":"https:\/\/demoweb.company\/asia\/#website","url":"https:\/\/demoweb.company\/asia\/","name":"Xu\u1ea5t kh\u1ea9u lao \u0111\u1ed9ng Asia","description":"","potentialAction":[{"@type":"SearchAction","target":{"@type":"EntryPoint","urlTemplate":"https:\/\/demoweb.company\/asia\/?s={search_term_string}"},"query-input":{"@type":"PropertyValueSpecification","valueRequired":true,"valueName":"search_term_string"}}],"inLanguage":"vi"}]}},"_links":{"self":[{"href":"https:\/\/demoweb.company\/asia\/wp-json\/wp\/v2\/pages\/13","targetHints":{"allow":["GET"]}}],"collection":[{"href":"https:\/\/demoweb.company\/asia\/wp-json\/wp\/v2\/pages"}],"about":[{"href":"https:\/\/demoweb.company\/asia\/wp-json\/wp\/v2\/types\/page"}],"author":[{"embeddable":true,"href":"https:\/\/demoweb.company\/asia\/wp-json\/wp\/v2\/users\/1"}],"replies":[{"embeddable":true,"href":"https:\/\/demoweb.company\/asia\/wp-json\/wp\/v2\/comments?post=13"}],"version-history":[{"count":61,"href":"https:\/\/demoweb.company\/asia\/wp-json\/wp\/v2\/pages\/13\/revisions"}],"predecessor-version":[{"id":536,"href":"https:\/\/demoweb.company\/asia\/wp-json\/wp\/v2\/pages\/13\/revisions\/536"}],"wp:attachment":[{"href":"https:\/\/demoweb.company\/asia\/wp-json\/wp\/v2\/media?parent=13"}],"curies":[{"name":"wp","href":"https:\/\/api.w.org\/{rel}","templated":true}]}}