{"id":481,"date":"2025-02-24T22:01:54","date_gmt":"2025-02-24T15:01:54","guid":{"rendered":"https:\/\/demoweb.company\/asia\/?page_id=481"},"modified":"2025-03-13T14:33:39","modified_gmt":"2025-03-13T07:33:39","slug":"danh-muc-don-hang","status":"publish","type":"page","link":"https:\/\/demoweb.company\/asia\/danh-muc-don-hang\/","title":{"rendered":"Danh m\u1ee5c \u0111\u01a1n h\u00e0ng"},"content":{"rendered":"\n<div class=\"row align-middle\"  id=\"row-1751125734\">\n\n\n\t<div id=\"col-420498942\" class=\"col small-12 large-12\"  >\n\t\t\t\t<div class=\"col-inner\"  >\n\t\t\t\n\t\t\t\n\n\t<div id=\"text-612241520\" class=\"text bread-yoast\">\n\t\t\n\n<span><span><a href=\"https:\/\/demoweb.company\/asia\/\"><img decoding=\"async\" src=\"https:\/\/demoweb.company\/asia\/wp-content\/uploads\/2025\/02\/ic-home.png\"> Trang ch\u1ee7<\/a><\/span><\/span>\n\t\t\t<\/div>\n\t\n\n\t\t<\/div>\n\t\t\t\t\n<style>\n#col-420498942 > .col-inner {\n  padding: 20px 0px 0px 0px;\n  margin: 0px 0px -10px 0px;\n}\n<\/style>\n\t<\/div>\n\n\t\n\n\t<div id=\"col-789808217\" class=\"col medium-5 small-12 large-5\"  >\n\t\t\t\t<div class=\"col-inner\"  >\n\t\t\t\n\t\t\t\n\n<h3><strong><span style=\"color: #162f6f;\">Vi\u1ec7c l\u00e0m hot nh\u1ea5t hi\u1ec7n nay<\/span><\/strong><\/h3>\n<p>\u0110a da\u0323ng nga\u0300nh ngh\u00ea\u0300 giu\u0301p ba\u0323n t\u00f4\u0301i u\u031bu l\u01b0\u0323a cho\u0323n<\/p>\n\n\t\t<\/div>\n\t\t\t\t\t<\/div>\n\n\t\n\n\t<div id=\"col-437654415\" class=\"col col-loc-cat medium-7 small-12 large-7\"  >\n\t\t\t\t<div class=\"col-inner\"  >\n\t\t\t\n\t\t\t\n\n<h3><span style=\"font-size: 90%; color: #e9445f;\">T\u00ecm ki\u1ebfm:<\/span><\/h3>\n\n\n\t\t<\/div>\n\t\t\t\t\t<\/div>\n\n\t\n\n<\/div>\n\n  \n    <div class=\"row cat-don-hang large-columns-4 medium-columns-1 small-columns-1\" >\n  \t\t        <div class=\"col post-item\" >\n            <div class=\"col-inner\">\n                    <div class=\"box box-normal box-text-bottom box-project has-hover\">\n                                                    <a href=\"https:\/\/demoweb.company\/asia\/don-hang\/a455-gia-cong-co-khi-han-ban-tu-dong\/\"><div class=\"box-image\" style=\"border-radius:4%;\">\n                                <div class=\"image-cover\" style=\"padding-top:56.25%;\">\n                                    <img loading=\"lazy\" decoding=\"async\" width=\"300\" height=\"251\" src=\"https:\/\/demoweb.company\/asia\/wp-content\/uploads\/2025\/03\/Quy-trinh-xkld-du-hoc-Nhat-3-300x251.jpg\" class=\"attachment-medium size-medium wp-post-image\" alt=\"A455 gia c\u00f4ng c\u01a1 kh\u00ed - h\u00e0n b\u00e1n t\u1ef1 \u0111\u1ed9ng\" srcset=\"https:\/\/demoweb.company\/asia\/wp-content\/uploads\/2025\/03\/Quy-trinh-xkld-du-hoc-Nhat-3-300x251.jpg 300w, https:\/\/demoweb.company\/asia\/wp-content\/uploads\/2025\/03\/Quy-trinh-xkld-du-hoc-Nhat-3-768x644.jpg 768w, https:\/\/demoweb.company\/asia\/wp-content\/uploads\/2025\/03\/Quy-trinh-xkld-du-hoc-Nhat-3.jpg 940w\" sizes=\"auto, (max-width: 300px) 100vw, 300px\" \/>                                                                                                        <\/div>\n                                \t\t\t\t\t\t\t\t<\/div><\/a>\n                                                <div class=\"box-text\" >\n                            <div class=\"box-text-inner blog-post-inner\">\n\n\t\t\t\t\t\t\t\t<a href=\"https:\/\/demoweb.company\/asia\/don-hang\/a455-gia-cong-co-khi-han-ban-tu-dong\/\"><h3 class=\"post-title is-large \">A455 Gia c\u00f4ng c\u01a1 kh\u00ed &#8211; H\u00e0n b\u00e1n t\u1ef1 \u0111\u1ed9ng<\/h3><\/a>\n                                <div class=\"project-info\">\n                                    <p>\n                                        <strong>\u0110\u1ecba \u0111i\u1ec3m:<\/strong> IBARAKI                                    <\/p>\n                                    <p>\n                                        <strong>L\u01b0\u01a1ng:<\/strong> 1.005 Y\u00ean \/ Gi\u1edd                                    <\/p>\n\t\t\t\t\t\t\t\t\t<p>\n                                        <strong>S\u1ed1 l\u01b0\u1ee3ng tuy\u1ec3n:<\/strong> 2 nam                                    <\/p>\n\t\t\t\t\t\t\t\t\t<p>\n                                        <strong>H\u1ea1n tuy\u1ec3n:<\/strong> 03\/04\/2025                                    <\/p>\n\t\t\t\t\t\t\t\t\t<p>\n\t\t\t\t\t\t\t\t\t\t<a href=\"https:\/\/demoweb.company\/asia\/don-hang\/a455-gia-cong-co-khi-han-ban-tu-dong\/\" class=\"btm-detail-don\">\n\t\t\t\t\t\t\t\t\t\t\tXem chi ti\u1ebft &#8594;\n\t\t\t\t\t\t\t\t\t\t<\/a>\n\t\t\t\t\t\t\t\t\t<\/p>\t\t\t\t\t\t\t\t\t\n                                <\/div>\n                                                                                                                                                            <\/div>\n                        <\/div>\n                                            <\/div>\n            <\/div>\n        <\/div>\t\t        <div class=\"col post-item\" >\n            <div class=\"col-inner\">\n                    <div class=\"box box-normal box-text-bottom box-project has-hover\">\n                                                    <a href=\"https:\/\/demoweb.company\/asia\/don-hang\/a432-thi-cong-cac-thiet-bi-xay-dung\/\"><div class=\"box-image\" style=\"border-radius:4%;\">\n                                <div class=\"image-cover\" style=\"padding-top:56.25%;\">\n                                    <img loading=\"lazy\" decoding=\"async\" width=\"300\" height=\"251\" src=\"https:\/\/demoweb.company\/asia\/wp-content\/uploads\/2025\/03\/Quy-trinh-xkld-du-hoc-Nhat-2-300x251.jpg\" class=\"attachment-medium size-medium wp-post-image\" alt=\"A432 thi c\u00f4ng c\u00e1c thi\u1ebft b\u1ecb x\u00e2y d\u1ef1ng\" srcset=\"https:\/\/demoweb.company\/asia\/wp-content\/uploads\/2025\/03\/Quy-trinh-xkld-du-hoc-Nhat-2-300x251.jpg 300w, https:\/\/demoweb.company\/asia\/wp-content\/uploads\/2025\/03\/Quy-trinh-xkld-du-hoc-Nhat-2-768x644.jpg 768w, https:\/\/demoweb.company\/asia\/wp-content\/uploads\/2025\/03\/Quy-trinh-xkld-du-hoc-Nhat-2.jpg 940w\" sizes=\"auto, (max-width: 300px) 100vw, 300px\" \/>                                                                                                        <\/div>\n                                \t\t\t\t\t\t\t\t<\/div><\/a>\n                                                <div class=\"box-text\" >\n                            <div class=\"box-text-inner blog-post-inner\">\n\n\t\t\t\t\t\t\t\t<a href=\"https:\/\/demoweb.company\/asia\/don-hang\/a432-thi-cong-cac-thiet-bi-xay-dung\/\"><h3 class=\"post-title is-large \">A432 Thi c\u00f4ng c\u00e1c thi\u1ebft b\u1ecb x\u00e2y d\u1ef1ng<\/h3><\/a>\n                                <div class=\"project-info\">\n                                    <p>\n                                        <strong>\u0110\u1ecba \u0111i\u1ec3m:<\/strong> OSAKA                                    <\/p>\n                                    <p>\n                                        <strong>L\u01b0\u01a1ng:<\/strong> 193.094 Y\u00ean \/ Th\u00e1ng                                    <\/p>\n\t\t\t\t\t\t\t\t\t<p>\n                                        <strong>S\u1ed1 l\u01b0\u1ee3ng tuy\u1ec3n:<\/strong> 02 nam                                    <\/p>\n\t\t\t\t\t\t\t\t\t<p>\n                                        <strong>H\u1ea1n tuy\u1ec3n:<\/strong> 24\/03\/2025                                    <\/p>\n\t\t\t\t\t\t\t\t\t<p>\n\t\t\t\t\t\t\t\t\t\t<a href=\"https:\/\/demoweb.company\/asia\/don-hang\/a432-thi-cong-cac-thiet-bi-xay-dung\/\" class=\"btm-detail-don\">\n\t\t\t\t\t\t\t\t\t\t\tXem chi ti\u1ebft &#8594;\n\t\t\t\t\t\t\t\t\t\t<\/a>\n\t\t\t\t\t\t\t\t\t<\/p>\t\t\t\t\t\t\t\t\t\n                                <\/div>\n                                                                                                                                                            <\/div>\n                        <\/div>\n                                            <\/div>\n            <\/div>\n        <\/div>\t\t        <div class=\"col post-item\" >\n            <div class=\"col-inner\">\n                    <div class=\"box box-normal box-text-bottom box-project has-hover\">\n                                                    <a href=\"https:\/\/demoweb.company\/asia\/don-hang\/a445-gia-cong-co-khi\/\"><div class=\"box-image\" style=\"border-radius:4%;\">\n                                <div class=\"image-cover\" style=\"padding-top:56.25%;\">\n                                    <img loading=\"lazy\" decoding=\"async\" width=\"300\" height=\"251\" src=\"https:\/\/demoweb.company\/asia\/wp-content\/uploads\/2025\/03\/Quy-trinh-xkld-du-hoc-Nhat-1-300x251.jpg\" class=\"attachment-medium size-medium wp-post-image\" alt=\"A445 gia c\u00f4ng c\u01a1 kh\u00ed - R\u00e8n \u0111\u00fac kim lo\u1ea1i\" srcset=\"https:\/\/demoweb.company\/asia\/wp-content\/uploads\/2025\/03\/Quy-trinh-xkld-du-hoc-Nhat-1-300x251.jpg 300w, https:\/\/demoweb.company\/asia\/wp-content\/uploads\/2025\/03\/Quy-trinh-xkld-du-hoc-Nhat-1-768x644.jpg 768w, https:\/\/demoweb.company\/asia\/wp-content\/uploads\/2025\/03\/Quy-trinh-xkld-du-hoc-Nhat-1.jpg 940w\" sizes=\"auto, (max-width: 300px) 100vw, 300px\" \/>                                                                                                        <\/div>\n                                \t\t\t\t\t\t\t\t<\/div><\/a>\n                                                <div class=\"box-text\" >\n                            <div class=\"box-text-inner blog-post-inner\">\n\n\t\t\t\t\t\t\t\t<a href=\"https:\/\/demoweb.company\/asia\/don-hang\/a445-gia-cong-co-khi\/\"><h3 class=\"post-title is-large \">A445 Gia c\u00f4ng c\u01a1 kh\u00ed &#8211; R\u00e8n \u0111\u00fac kim lo\u1ea1i<\/h3><\/a>\n                                <div class=\"project-info\">\n                                    <p>\n                                        <strong>\u0110\u1ecba \u0111i\u1ec3m:<\/strong> OSAKA                                    <\/p>\n                                    <p>\n                                        <strong>L\u01b0\u01a1ng:<\/strong> 180.468 Y\u00ean \/ Th\u00e1ng                                    <\/p>\n\t\t\t\t\t\t\t\t\t<p>\n                                        <strong>S\u1ed1 l\u01b0\u1ee3ng tuy\u1ec3n:<\/strong> 01 nam                                    <\/p>\n\t\t\t\t\t\t\t\t\t<p>\n                                        <strong>H\u1ea1n tuy\u1ec3n:<\/strong> 26\/03\/2025                                    <\/p>\n\t\t\t\t\t\t\t\t\t<p>\n\t\t\t\t\t\t\t\t\t\t<a href=\"https:\/\/demoweb.company\/asia\/don-hang\/a445-gia-cong-co-khi\/\" class=\"btm-detail-don\">\n\t\t\t\t\t\t\t\t\t\t\tXem chi ti\u1ebft &#8594;\n\t\t\t\t\t\t\t\t\t\t<\/a>\n\t\t\t\t\t\t\t\t\t<\/p>\t\t\t\t\t\t\t\t\t\n                                <\/div>\n                                                                                                                                                            <\/div>\n                        <\/div>\n                                            <\/div>\n            <\/div>\n        <\/div>\t\t        <div class=\"col post-item\" >\n            <div class=\"col-inner\">\n                    <div class=\"box box-normal box-text-bottom box-project has-hover\">\n                                                    <a href=\"https:\/\/demoweb.company\/asia\/don-hang\/a443-gia-cong-co-khi-che-tao-do-sat\/\"><div class=\"box-image\" style=\"border-radius:4%;\">\n                                <div class=\"image-cover\" style=\"padding-top:56.25%;\">\n                                    <img loading=\"lazy\" decoding=\"async\" width=\"300\" height=\"251\" src=\"https:\/\/demoweb.company\/asia\/wp-content\/uploads\/2025\/03\/Quy-trinh-xkld-du-hoc-Nhat-300x251.jpg\" class=\"attachment-medium size-medium wp-post-image\" alt=\"A443 gia c\u00f4ng c\u01a1 kh\u00ed\" srcset=\"https:\/\/demoweb.company\/asia\/wp-content\/uploads\/2025\/03\/Quy-trinh-xkld-du-hoc-Nhat-300x251.jpg 300w, https:\/\/demoweb.company\/asia\/wp-content\/uploads\/2025\/03\/Quy-trinh-xkld-du-hoc-Nhat-768x644.jpg 768w, https:\/\/demoweb.company\/asia\/wp-content\/uploads\/2025\/03\/Quy-trinh-xkld-du-hoc-Nhat.jpg 940w\" sizes=\"auto, (max-width: 300px) 100vw, 300px\" \/>                                                                                                        <\/div>\n                                \t\t\t\t\t\t\t\t<\/div><\/a>\n                                                <div class=\"box-text\" >\n                            <div class=\"box-text-inner blog-post-inner\">\n\n\t\t\t\t\t\t\t\t<a href=\"https:\/\/demoweb.company\/asia\/don-hang\/a443-gia-cong-co-khi-che-tao-do-sat\/\"><h3 class=\"post-title is-large \">A443 Gia c\u00f4ng c\u01a1 kh\u00ed &#8211; ch\u1ebf t\u1ea1o \u0111\u1ed3 s\u1eaft<\/h3><\/a>\n                                <div class=\"project-info\">\n                                    <p>\n                                        <strong>\u0110\u1ecba \u0111i\u1ec3m:<\/strong> OSAKA                                    <\/p>\n                                    <p>\n                                        <strong>L\u01b0\u01a1ng:<\/strong> 179.725 Y\u00ean \/ th\u00e1ng                                    <\/p>\n\t\t\t\t\t\t\t\t\t<p>\n                                        <strong>S\u1ed1 l\u01b0\u1ee3ng tuy\u1ec3n:<\/strong> 02 nam                                    <\/p>\n\t\t\t\t\t\t\t\t\t<p>\n                                        <strong>H\u1ea1n tuy\u1ec3n:<\/strong> 24\/03\/2025                                    <\/p>\n\t\t\t\t\t\t\t\t\t<p>\n\t\t\t\t\t\t\t\t\t\t<a href=\"https:\/\/demoweb.company\/asia\/don-hang\/a443-gia-cong-co-khi-che-tao-do-sat\/\" class=\"btm-detail-don\">\n\t\t\t\t\t\t\t\t\t\t\tXem chi ti\u1ebft &#8594;\n\t\t\t\t\t\t\t\t\t\t<\/a>\n\t\t\t\t\t\t\t\t\t<\/p>\t\t\t\t\t\t\t\t\t\n                                <\/div>\n                                                                                                                                                            <\/div>\n                        <\/div>\n                                            <\/div>\n            <\/div>\n        <\/div>\t\t        <div class=\"col post-item\" >\n            <div class=\"col-inner\">\n                    <div class=\"box box-normal box-text-bottom box-project has-hover\">\n                                                    <a href=\"https:\/\/demoweb.company\/asia\/don-hang\/a451-cap-lieu-be-tong-bang-ap-luc\/\"><div class=\"box-image\" style=\"border-radius:4%;\">\n                                <div class=\"image-cover\" style=\"padding-top:56.25%;\">\n                                    <img loading=\"lazy\" decoding=\"async\" width=\"300\" height=\"251\" src=\"https:\/\/demoweb.company\/asia\/wp-content\/uploads\/2025\/03\/Quy-trinh-xkld-du-hoc-Nhat-35-300x251.png\" class=\"attachment-medium size-medium wp-post-image\" alt=\"A451 C\u1ea5p li\u1ec7u b\u00ea t\u00f4ng b\u1eb1ng \u00e1p l\u1ef1c\" srcset=\"https:\/\/demoweb.company\/asia\/wp-content\/uploads\/2025\/03\/Quy-trinh-xkld-du-hoc-Nhat-35-300x251.png 300w, https:\/\/demoweb.company\/asia\/wp-content\/uploads\/2025\/03\/Quy-trinh-xkld-du-hoc-Nhat-35-768x644.png 768w, https:\/\/demoweb.company\/asia\/wp-content\/uploads\/2025\/03\/Quy-trinh-xkld-du-hoc-Nhat-35.png 940w\" sizes=\"auto, (max-width: 300px) 100vw, 300px\" \/>                                                                                                        <\/div>\n                                \t\t\t\t\t\t\t\t<\/div><\/a>\n                                                <div class=\"box-text\" >\n                            <div class=\"box-text-inner blog-post-inner\">\n\n\t\t\t\t\t\t\t\t<a href=\"https:\/\/demoweb.company\/asia\/don-hang\/a451-cap-lieu-be-tong-bang-ap-luc\/\"><h3 class=\"post-title is-large \">A451 C\u1ea5p li\u1ec7u b\u00ea t\u00f4ng b\u1eb1ng \u00e1p l\u1ef1c<\/h3><\/a>\n                                <div class=\"project-info\">\n                                    <p>\n                                        <strong>\u0110\u1ecba \u0111i\u1ec3m:<\/strong> SAITAMA                                    <\/p>\n                                    <p>\n                                        <strong>L\u01b0\u01a1ng:<\/strong> 176.080 Y\u00ean \/ th\u00e1ng                                    <\/p>\n\t\t\t\t\t\t\t\t\t<p>\n                                        <strong>S\u1ed1 l\u01b0\u1ee3ng tuy\u1ec3n:<\/strong> 01 nam                                    <\/p>\n\t\t\t\t\t\t\t\t\t<p>\n                                        <strong>H\u1ea1n tuy\u1ec3n:<\/strong> 21\/03\/2025                                    <\/p>\n\t\t\t\t\t\t\t\t\t<p>\n\t\t\t\t\t\t\t\t\t\t<a href=\"https:\/\/demoweb.company\/asia\/don-hang\/a451-cap-lieu-be-tong-bang-ap-luc\/\" class=\"btm-detail-don\">\n\t\t\t\t\t\t\t\t\t\t\tXem chi ti\u1ebft &#8594;\n\t\t\t\t\t\t\t\t\t\t<\/a>\n\t\t\t\t\t\t\t\t\t<\/p>\t\t\t\t\t\t\t\t\t\n                                <\/div>\n                                                                                                                                                            <\/div>\n                        <\/div>\n                                            <\/div>\n            <\/div>\n        <\/div>\t\t        <div class=\"col post-item\" >\n            <div class=\"col-inner\">\n                    <div class=\"box box-normal box-text-bottom box-project has-hover\">\n                                                    <a href=\"https:\/\/demoweb.company\/asia\/don-hang\/a448\/\"><div class=\"box-image\" style=\"border-radius:4%;\">\n                                <div class=\"image-cover\" style=\"padding-top:56.25%;\">\n                                    <img loading=\"lazy\" decoding=\"async\" width=\"300\" height=\"251\" src=\"https:\/\/demoweb.company\/asia\/wp-content\/uploads\/2025\/03\/Quy-trinh-xkld-du-hoc-Nhat-34-300x251.png\" class=\"attachment-medium size-medium wp-post-image\" alt=\"\u0110\u01a1n h\u00e0ng l\u1eafp gh\u00e9p gi\u00e0n gi\u00e1o Osaka\" srcset=\"https:\/\/demoweb.company\/asia\/wp-content\/uploads\/2025\/03\/Quy-trinh-xkld-du-hoc-Nhat-34-300x251.png 300w, https:\/\/demoweb.company\/asia\/wp-content\/uploads\/2025\/03\/Quy-trinh-xkld-du-hoc-Nhat-34-768x644.png 768w, https:\/\/demoweb.company\/asia\/wp-content\/uploads\/2025\/03\/Quy-trinh-xkld-du-hoc-Nhat-34.png 940w\" sizes=\"auto, (max-width: 300px) 100vw, 300px\" \/>                                                                                                        <\/div>\n                                \t\t\t\t\t\t\t\t<\/div><\/a>\n                                                <div class=\"box-text\" >\n                            <div class=\"box-text-inner blog-post-inner\">\n\n\t\t\t\t\t\t\t\t<a href=\"https:\/\/demoweb.company\/asia\/don-hang\/a448\/\"><h3 class=\"post-title is-large \">A448 Thi c\u00f4ng l\u1eafp gh\u00e9p gi\u00e0n gi\u00e1o<\/h3><\/a>\n                                <div class=\"project-info\">\n                                    <p>\n                                        <strong>\u0110\u1ecba \u0111i\u1ec3m:<\/strong>   OSAKA                                    <\/p>\n                                    <p>\n                                        <strong>L\u01b0\u01a1ng:<\/strong> 195.000 Y\u00ean \/ th\u00e1ng                                    <\/p>\n\t\t\t\t\t\t\t\t\t<p>\n                                        <strong>S\u1ed1 l\u01b0\u1ee3ng tuy\u1ec3n:<\/strong> 03 nam                                    <\/p>\n\t\t\t\t\t\t\t\t\t<p>\n                                        <strong>H\u1ea1n tuy\u1ec3n:<\/strong> 19\/03\/2025                                    <\/p>\n\t\t\t\t\t\t\t\t\t<p>\n\t\t\t\t\t\t\t\t\t\t<a href=\"https:\/\/demoweb.company\/asia\/don-hang\/a448\/\" class=\"btm-detail-don\">\n\t\t\t\t\t\t\t\t\t\t\tXem chi ti\u1ebft &#8594;\n\t\t\t\t\t\t\t\t\t\t<\/a>\n\t\t\t\t\t\t\t\t\t<\/p>\t\t\t\t\t\t\t\t\t\n                                <\/div>\n                                                                                                                                                            <\/div>\n                        <\/div>\n                                            <\/div>\n            <\/div>\n        <\/div><\/div>\n\n\n","protected":false},"excerpt":{"rendered":"","protected":false},"author":1,"featured_media":0,"parent":0,"menu_order":0,"comment_status":"closed","ping_status":"closed","template":"page-blank.php","meta":{"_acf_changed":false,"footnotes":""},"class_list":["post-481","page","type-page","status-publish","hentry"],"acf":[],"yoast_head":"<!-- This site is optimized with the Yoast SEO plugin v24.5 - https:\/\/yoast.com\/wordpress\/plugins\/seo\/ -->\n<title>Danh m\u1ee5c \u0111\u01a1n h\u00e0ng - Xu\u1ea5t kh\u1ea9u lao \u0111\u1ed9ng Asia<\/title>\n<meta name=\"robots\" content=\"noindex, follow, max-snippet:-1, max-image-preview:large, max-video-preview:-1\" \/>\n<meta property=\"og:locale\" content=\"vi_VN\" \/>\n<meta property=\"og:type\" content=\"article\" \/>\n<meta property=\"og:title\" content=\"Danh m\u1ee5c \u0111\u01a1n h\u00e0ng - Xu\u1ea5t kh\u1ea9u lao \u0111\u1ed9ng Asia\" \/>\n<meta property=\"og:url\" content=\"https:\/\/demoweb.company\/asia\/danh-muc-don-hang\/\" \/>\n<meta property=\"og:site_name\" content=\"Xu\u1ea5t kh\u1ea9u lao \u0111\u1ed9ng Asia\" \/>\n<meta property=\"article:modified_time\" content=\"2025-03-13T07:33:39+00:00\" \/>\n<meta name=\"twitter:card\" content=\"summary_large_image\" \/>\n<meta name=\"twitter:label1\" content=\"\u01af\u1edbc t\u00ednh th\u1eddi gian \u0111\u1ecdc\" \/>\n\t<meta name=\"twitter:data1\" content=\"1 ph\u00fat\" \/>\n<script type=\"application\/ld+json\" class=\"yoast-schema-graph\">{\"@context\":\"https:\/\/schema.org\",\"@graph\":[{\"@type\":\"WebPage\",\"@id\":\"https:\/\/demoweb.company\/asia\/danh-muc-don-hang\/\",\"url\":\"https:\/\/demoweb.company\/asia\/danh-muc-don-hang\/\",\"name\":\"Danh m\u1ee5c \u0111\u01a1n h\u00e0ng - Xu\u1ea5t kh\u1ea9u lao \u0111\u1ed9ng Asia\",\"isPartOf\":{\"@id\":\"https:\/\/demoweb.company\/asia\/#website\"},\"datePublished\":\"2025-02-24T15:01:54+00:00\",\"dateModified\":\"2025-03-13T07:33:39+00:00\",\"breadcrumb\":{\"@id\":\"https:\/\/demoweb.company\/asia\/danh-muc-don-hang\/#breadcrumb\"},\"inLanguage\":\"vi\",\"potentialAction\":[{\"@type\":\"ReadAction\",\"target\":[\"https:\/\/demoweb.company\/asia\/danh-muc-don-hang\/\"]}]},{\"@type\":\"BreadcrumbList\",\"@id\":\"https:\/\/demoweb.company\/asia\/danh-muc-don-hang\/#breadcrumb\",\"itemListElement\":[{\"@type\":\"ListItem\",\"position\":1,\"name\":\"Trang ch\u1ee7\",\"item\":\"https:\/\/demoweb.company\/asia\/\"},{\"@type\":\"ListItem\",\"position\":2,\"name\":\"Danh m\u1ee5c \u0111\u01a1n h\u00e0ng\"}]},{\"@type\":\"WebSite\",\"@id\":\"https:\/\/demoweb.company\/asia\/#website\",\"url\":\"https:\/\/demoweb.company\/asia\/\",\"name\":\"Xu\u1ea5t kh\u1ea9u lao \u0111\u1ed9ng Asia\",\"description\":\"\",\"potentialAction\":[{\"@type\":\"SearchAction\",\"target\":{\"@type\":\"EntryPoint\",\"urlTemplate\":\"https:\/\/demoweb.company\/asia\/?s={search_term_string}\"},\"query-input\":{\"@type\":\"PropertyValueSpecification\",\"valueRequired\":true,\"valueName\":\"search_term_string\"}}],\"inLanguage\":\"vi\"}]}<\/script>\n<!-- \/ Yoast SEO plugin. -->","yoast_head_json":{"title":"Danh m\u1ee5c \u0111\u01a1n h\u00e0ng - Xu\u1ea5t kh\u1ea9u lao \u0111\u1ed9ng Asia","robots":{"index":"noindex","follow":"follow","max-snippet":"max-snippet:-1","max-image-preview":"max-image-preview:large","max-video-preview":"max-video-preview:-1"},"og_locale":"vi_VN","og_type":"article","og_title":"Danh m\u1ee5c \u0111\u01a1n h\u00e0ng - Xu\u1ea5t kh\u1ea9u lao \u0111\u1ed9ng Asia","og_url":"https:\/\/demoweb.company\/asia\/danh-muc-don-hang\/","og_site_name":"Xu\u1ea5t kh\u1ea9u lao \u0111\u1ed9ng Asia","article_modified_time":"2025-03-13T07:33:39+00:00","twitter_card":"summary_large_image","twitter_misc":{"\u01af\u1edbc t\u00ednh th\u1eddi gian \u0111\u1ecdc":"1 ph\u00fat"},"schema":{"@context":"https:\/\/schema.org","@graph":[{"@type":"WebPage","@id":"https:\/\/demoweb.company\/asia\/danh-muc-don-hang\/","url":"https:\/\/demoweb.company\/asia\/danh-muc-don-hang\/","name":"Danh m\u1ee5c \u0111\u01a1n h\u00e0ng - Xu\u1ea5t kh\u1ea9u lao \u0111\u1ed9ng Asia","isPartOf":{"@id":"https:\/\/demoweb.company\/asia\/#website"},"datePublished":"2025-02-24T15:01:54+00:00","dateModified":"2025-03-13T07:33:39+00:00","breadcrumb":{"@id":"https:\/\/demoweb.company\/asia\/danh-muc-don-hang\/#breadcrumb"},"inLanguage":"vi","potentialAction":[{"@type":"ReadAction","target":["https:\/\/demoweb.company\/asia\/danh-muc-don-hang\/"]}]},{"@type":"BreadcrumbList","@id":"https:\/\/demoweb.company\/asia\/danh-muc-don-hang\/#breadcrumb","itemListElement":[{"@type":"ListItem","position":1,"name":"Trang ch\u1ee7","item":"https:\/\/demoweb.company\/asia\/"},{"@type":"ListItem","position":2,"name":"Danh m\u1ee5c \u0111\u01a1n h\u00e0ng"}]},{"@type":"WebSite","@id":"https:\/\/demoweb.company\/asia\/#website","url":"https:\/\/demoweb.company\/asia\/","name":"Xu\u1ea5t kh\u1ea9u lao \u0111\u1ed9ng Asia","description":"","potentialAction":[{"@type":"SearchAction","target":{"@type":"EntryPoint","urlTemplate":"https:\/\/demoweb.company\/asia\/?s={search_term_string}"},"query-input":{"@type":"PropertyValueSpecification","valueRequired":true,"valueName":"search_term_string"}}],"inLanguage":"vi"}]}},"_links":{"self":[{"href":"https:\/\/demoweb.company\/asia\/wp-json\/wp\/v2\/pages\/481","targetHints":{"allow":["GET"]}}],"collection":[{"href":"https:\/\/demoweb.company\/asia\/wp-json\/wp\/v2\/pages"}],"about":[{"href":"https:\/\/demoweb.company\/asia\/wp-json\/wp\/v2\/types\/page"}],"author":[{"embeddable":true,"href":"https:\/\/demoweb.company\/asia\/wp-json\/wp\/v2\/users\/1"}],"replies":[{"embeddable":true,"href":"https:\/\/demoweb.company\/asia\/wp-json\/wp\/v2\/comments?post=481"}],"version-history":[{"count":15,"href":"https:\/\/demoweb.company\/asia\/wp-json\/wp\/v2\/pages\/481\/revisions"}],"predecessor-version":[{"id":567,"href":"https:\/\/demoweb.company\/asia\/wp-json\/wp\/v2\/pages\/481\/revisions\/567"}],"wp:attachment":[{"href":"https:\/\/demoweb.company\/asia\/wp-json\/wp\/v2\/media?parent=481"}],"curies":[{"name":"wp","href":"https:\/\/api.w.org\/{rel}","templated":true}]}}