{"id":449,"date":"2025-07-15T19:11:06","date_gmt":"2025-07-15T12:11:06","guid":{"rendered":"https:\/\/demoweb.company\/bachdang\/?page_id=449"},"modified":"2025-08-12T16:21:02","modified_gmt":"2025-08-12T09:21:02","slug":"san-pham","status":"publish","type":"page","link":"https:\/\/demoweb.company\/bachdang\/san-pham\/","title":{"rendered":"S\u1ea3n ph\u1ea9m"},"content":{"rendered":"\n\n\t<section class=\"section dark\" id=\"section_583474122\">\n\t\t<div class=\"section-bg fill\" >\n\t\t\t<img loading=\"lazy\" decoding=\"async\" width=\"1440\" height=\"275\" src=\"https:\/\/demoweb.company\/bachdang\/wp-content\/uploads\/2025\/07\/bg-header.jpg\" class=\"bg attachment-original size-original\" alt=\"\" \/>\t\t\t\t\t\t\n\t\t\t\n\n\t\t<\/div>\n\n\t\t\n\n\t\t<div class=\"section-content relative\">\n\t\t\t\n\n<div class=\"row\"  id=\"row-1432268584\">\n\n\n\t<div id=\"col-895809821\" class=\"col small-12 large-12\"  >\n\t\t\t\t<div class=\"col-inner text-center\"  >\n\t\t\t\n\t\t\t\n\n\t<div id=\"text-533976528\" class=\"text txt-bread\">\n\t\t\n\n<span><span><a href=\"https:\/\/demoweb.company\/bachdang\/\">Trang ch\u1ee7<\/a><\/span><\/span>\n\t\t\t<\/div>\n\t\n\t<div id=\"gap-208478148\" class=\"gap-element clearfix\" style=\"display:block; height:auto;\">\n\t\t\n<style>\n#gap-208478148 {\n  padding-top: 15px;\n}\n<\/style>\n\t<\/div>\n\t\n\n\t<div id=\"text-473527775\" class=\"text home\">\n\t\t\n\n<h2>S\u1ea3n ph\u1ea9m<\/h2>\n\t\t\t<\/div>\n\t\n\n\t\t<\/div>\n\t\t\t\t\n<style>\n#col-895809821 > .col-inner {\n  margin: 9% 0px -25px 0px;\n}\n<\/style>\n\t<\/div>\n\n\t\n\n<\/div>\n\n\t\t<\/div>\n\n\t\t\n<style>\n#section_583474122 {\n  padding-top: 0px;\n  padding-bottom: 0px;\n}\n#section_583474122 .section-bg img {\n  object-position: 0% 0%;\n}\n<\/style>\n\t<\/section>\n\t\n\n\t<section class=\"section dark\" id=\"section_1786921013\">\n\t\t<div class=\"section-bg fill\" >\n\t\t\t<img loading=\"lazy\" decoding=\"async\" width=\"1440\" height=\"1205\" src=\"https:\/\/demoweb.company\/bachdang\/wp-content\/uploads\/2025\/07\/bg-sp-2.jpg\" class=\"bg attachment-original size-original\" alt=\"\" \/>\t\t\t\t\t\t\n\t\t\t\n\n\t\t<\/div>\n\n\t\t\n\n\t\t<div class=\"section-content relative\">\n\t\t\t\n\n<div class=\"row align-center\"  id=\"row-837667416\">\n\n\n\t<div id=\"col-1825510060\" class=\"col medium-8 small-12 large-8\"  >\n\t\t\t\t<div class=\"col-inner text-center dark\"  >\n\t\t\t\n\t\t\t\n\n<p>T\u1ef1 h\u00e0o l\u00e0 th\u01b0\u01a1ng hi\u1ec7u xi m\u0103ng h\u00e0ng \u0111\u1ea7u Vi\u1ec7t Nam, ch\u00fang t\u00f4i mang \u0111\u1ebfn gi\u1ea3i ph\u00e1p v\u1eadt li\u1ec7u x\u00e2y d\u1ef1ng ch\u1ea5t l\u01b0\u1ee3ng cao, g\u00f3p ph\u1ea7n hi\u1ec7n th\u1ef1c h\u00f3a nh\u1eefng c\u00f4ng tr\u00ecnh tr\u1ecdng \u0111i\u1ec3m, t\u1eeb nh\u00e0 \u1edf d\u00e2n d\u1ee5ng \u0111\u1ebfn c\u01a1 s\u1edf h\u1ea1 t\u1ea7ng qu\u1ed1c gia. S\u1ee9 m\u1ec7nh c\u1ee7a ch\u00fang t\u00f4i kh\u00f4ng ch\u1ec9 l\u00e0 s\u1ea3n xu\u1ea5t xi m\u0103ng \u2013 m\u00e0 l\u00e0 ki\u1ebfn t\u1ea1o di s\u1ea3n b\u1ec1n v\u1eefng.<\/p>\n\n\t\t<\/div>\n\t\t\t\t\t<\/div>\n\n\t\n\n\t<div id=\"col-321440464\" class=\"col small-12 large-12\"  >\n\t\t\t\t<div class=\"col-inner\"  >\n\t\t\t\n\t\t\t\n\n\t\n  \n    <div class=\"row image-radius large-columns-4 medium-columns-3 small-columns-2 row-small\" >\n  \n\t     <div class=\"col\" >\n\t\t\t\t\t\t<div class=\"col-inner\">\n\t\t\t\t\t\t\n<div class=\"badge-container absolute left top z-1\">\n\n<\/div>\n\t\t\t\t\t\t<div class=\"product-small box image-radius has-hover box-normal box-text-bottom\">\n\t\t\t\t\t\t\t<div class=\"box-image\" >\n\t\t\t\t\t\t\t\t<div class=\"image-zoom\" >\n\t\t\t\t\t\t\t\t\t<a href=\"https:\/\/demoweb.company\/bachdang\/san-pham\/clinker\/\" aria-label=\"Clinker\">\n\t\t\t\t\t\t\t\t\t\t<img loading=\"lazy\" decoding=\"async\" width=\"668\" height=\"883\" src=\"https:\/\/demoweb.company\/bachdang\/wp-content\/uploads\/2025\/07\/sp-clinker.jpg\" class=\"attachment-original size-original\" alt=\"Clinker\" srcset=\"https:\/\/demoweb.company\/bachdang\/wp-content\/uploads\/2025\/07\/sp-clinker.jpg 668w, https:\/\/demoweb.company\/bachdang\/wp-content\/uploads\/2025\/07\/sp-clinker-227x300.jpg 227w, https:\/\/demoweb.company\/bachdang\/wp-content\/uploads\/2025\/07\/sp-clinker-600x793.jpg 600w\" sizes=\"auto, (max-width: 668px) 100vw, 668px\" \/>\t\t\t\t\t\t\t\t\t<\/a>\n\t\t\t\t\t\t\t\t\t\t\t\t\t\t\t\t\t\t \t\t\t\t\t\t\t\t<\/div>\n\t\t\t\t\t\t\t\t<div class=\"image-tools top right show-on-hover\">\n\t\t\t\t\t\t\t\t\t\t\t\t\t\t\t\t\t<\/div>\n\t\t\t\t\t\t\t\t\t\t\t\t\t\t\t\t\t<div class=\"image-tools grid-tools text-center hide-for-small bottom hover-slide-in show-on-hover\">\n\t\t\t\t\t\t\t\t\t\t\t\t\t\t\t\t\t\t\t<\/div>\n\t\t\t\t\t\t\t\t\t\t\t\t\t\t\t\t\t\t\t\t\t\t\t<\/div>\n\n\t\t\t\t\t\t\t<div class=\"box-text text-center\" >\n\t\t\t\t\t\t\t\t<div class=\"title-wrapper\"><p class=\"name product-title woocommerce-loop-product__title\"><a href=\"https:\/\/demoweb.company\/bachdang\/san-pham\/clinker\/\" class=\"woocommerce-LoopProduct-link woocommerce-loop-product__link\">Clinker<\/a><\/p><\/div><div class=\"price-wrapper\">\n\t<span class=\"price\"><span class=\"price contact-for-price\">Li\u00ean h\u1ec7 nh\u1eadn b\u00e1o gi\u00e1<\/span><\/span>\n<\/div>\t\t\t\t\t\t\t<\/div>\n\t\t\t\t\t\t<\/div>\n\t\t\t\t\t\t<\/div>\n\t\t\t\t\t<\/div><div class=\"col\" >\n\t\t\t\t\t\t<div class=\"col-inner\">\n\t\t\t\t\t\t\n<div class=\"badge-container absolute left top z-1\">\n\n<\/div>\n\t\t\t\t\t\t<div class=\"product-small box image-radius has-hover box-normal box-text-bottom\">\n\t\t\t\t\t\t\t<div class=\"box-image\" >\n\t\t\t\t\t\t\t\t<div class=\"image-zoom\" >\n\t\t\t\t\t\t\t\t\t<a href=\"https:\/\/demoweb.company\/bachdang\/san-pham\/xi-mang-pcb40\/\" aria-label=\"Xi m\u0103ng PCB40\">\n\t\t\t\t\t\t\t\t\t\t<img loading=\"lazy\" decoding=\"async\" width=\"668\" height=\"883\" src=\"https:\/\/demoweb.company\/bachdang\/wp-content\/uploads\/2025\/07\/xm-bach-dang-PC40.jpg\" class=\"attachment-original size-original\" alt=\"Xi m\u0103ng PCB40\" srcset=\"https:\/\/demoweb.company\/bachdang\/wp-content\/uploads\/2025\/07\/xm-bach-dang-PC40.jpg 668w, https:\/\/demoweb.company\/bachdang\/wp-content\/uploads\/2025\/07\/xm-bach-dang-PC40-227x300.jpg 227w, https:\/\/demoweb.company\/bachdang\/wp-content\/uploads\/2025\/07\/xm-bach-dang-PC40-600x793.jpg 600w\" sizes=\"auto, (max-width: 668px) 100vw, 668px\" \/>\t\t\t\t\t\t\t\t\t<\/a>\n\t\t\t\t\t\t\t\t\t\t\t\t\t\t\t\t\t\t \t\t\t\t\t\t\t\t<\/div>\n\t\t\t\t\t\t\t\t<div class=\"image-tools top right show-on-hover\">\n\t\t\t\t\t\t\t\t\t\t\t\t\t\t\t\t\t<\/div>\n\t\t\t\t\t\t\t\t\t\t\t\t\t\t\t\t\t<div class=\"image-tools grid-tools text-center hide-for-small bottom hover-slide-in show-on-hover\">\n\t\t\t\t\t\t\t\t\t\t\t\t\t\t\t\t\t\t\t<\/div>\n\t\t\t\t\t\t\t\t\t\t\t\t\t\t\t\t\t\t\t\t\t\t\t<\/div>\n\n\t\t\t\t\t\t\t<div class=\"box-text text-center\" >\n\t\t\t\t\t\t\t\t<div class=\"title-wrapper\"><p class=\"name product-title woocommerce-loop-product__title\"><a href=\"https:\/\/demoweb.company\/bachdang\/san-pham\/xi-mang-pcb40\/\" class=\"woocommerce-LoopProduct-link woocommerce-loop-product__link\">Xi m\u0103ng PCB40<\/a><\/p><\/div><div class=\"price-wrapper\">\n\t<span class=\"price\"><span class=\"price contact-for-price\">Li\u00ean h\u1ec7 nh\u1eadn b\u00e1o gi\u00e1<\/span><\/span>\n<\/div>\t\t\t\t\t\t\t<\/div>\n\t\t\t\t\t\t<\/div>\n\t\t\t\t\t\t<\/div>\n\t\t\t\t\t<\/div><div class=\"col\" >\n\t\t\t\t\t\t<div class=\"col-inner\">\n\t\t\t\t\t\t\n<div class=\"badge-container absolute left top z-1\">\n\n<\/div>\n\t\t\t\t\t\t<div class=\"product-small box image-radius has-hover box-normal box-text-bottom\">\n\t\t\t\t\t\t\t<div class=\"box-image\" >\n\t\t\t\t\t\t\t\t<div class=\"image-zoom\" >\n\t\t\t\t\t\t\t\t\t<a href=\"https:\/\/demoweb.company\/bachdang\/san-pham\/xi-mang-pcb30\/\" aria-label=\"Xi m\u0103ng PCB30\">\n\t\t\t\t\t\t\t\t\t\t<img loading=\"lazy\" decoding=\"async\" width=\"668\" height=\"883\" src=\"https:\/\/demoweb.company\/bachdang\/wp-content\/uploads\/2025\/07\/xm-bach-dang-PC30.jpg\" class=\"attachment-original size-original\" alt=\"Xi m\u0103ng PCB30\" srcset=\"https:\/\/demoweb.company\/bachdang\/wp-content\/uploads\/2025\/07\/xm-bach-dang-PC30.jpg 668w, https:\/\/demoweb.company\/bachdang\/wp-content\/uploads\/2025\/07\/xm-bach-dang-PC30-227x300.jpg 227w, https:\/\/demoweb.company\/bachdang\/wp-content\/uploads\/2025\/07\/xm-bach-dang-PC30-600x793.jpg 600w\" sizes=\"auto, (max-width: 668px) 100vw, 668px\" \/>\t\t\t\t\t\t\t\t\t<\/a>\n\t\t\t\t\t\t\t\t\t\t\t\t\t\t\t\t\t\t \t\t\t\t\t\t\t\t<\/div>\n\t\t\t\t\t\t\t\t<div class=\"image-tools top right show-on-hover\">\n\t\t\t\t\t\t\t\t\t\t\t\t\t\t\t\t\t<\/div>\n\t\t\t\t\t\t\t\t\t\t\t\t\t\t\t\t\t<div class=\"image-tools grid-tools text-center hide-for-small bottom hover-slide-in show-on-hover\">\n\t\t\t\t\t\t\t\t\t\t\t\t\t\t\t\t\t\t\t<\/div>\n\t\t\t\t\t\t\t\t\t\t\t\t\t\t\t\t\t\t\t\t\t\t\t<\/div>\n\n\t\t\t\t\t\t\t<div class=\"box-text text-center\" >\n\t\t\t\t\t\t\t\t<div class=\"title-wrapper\"><p class=\"name product-title woocommerce-loop-product__title\"><a href=\"https:\/\/demoweb.company\/bachdang\/san-pham\/xi-mang-pcb30\/\" class=\"woocommerce-LoopProduct-link woocommerce-loop-product__link\">Xi m\u0103ng PCB30<\/a><\/p><\/div><div class=\"price-wrapper\">\n\t<span class=\"price\"><span class=\"price contact-for-price\">Li\u00ean h\u1ec7 nh\u1eadn b\u00e1o gi\u00e1<\/span><\/span>\n<\/div>\t\t\t\t\t\t\t<\/div>\n\t\t\t\t\t\t<\/div>\n\t\t\t\t\t\t<\/div>\n\t\t\t\t\t<\/div><div class=\"col\" >\n\t\t\t\t\t\t<div class=\"col-inner\">\n\t\t\t\t\t\t\n<div class=\"badge-container absolute left top z-1\">\n\n<\/div>\n\t\t\t\t\t\t<div class=\"product-small box image-radius has-hover box-normal box-text-bottom\">\n\t\t\t\t\t\t\t<div class=\"box-image\" >\n\t\t\t\t\t\t\t\t<div class=\"image-zoom\" >\n\t\t\t\t\t\t\t\t\t<a href=\"https:\/\/demoweb.company\/bachdang\/san-pham\/xi-mang-xay-trat-cao-cap\/\" aria-label=\"Xi m\u0103ng x\u00e2y tr\u00e1t cao c\u1ea5p\">\n\t\t\t\t\t\t\t\t\t\t<img loading=\"lazy\" decoding=\"async\" width=\"668\" height=\"883\" src=\"https:\/\/demoweb.company\/bachdang\/wp-content\/uploads\/2025\/07\/xi-mang-xay-trat.jpg\" class=\"attachment-original size-original\" alt=\"Xi m\u0103ng x\u00e2y tr\u00e1t cao c\u1ea5p\" srcset=\"https:\/\/demoweb.company\/bachdang\/wp-content\/uploads\/2025\/07\/xi-mang-xay-trat.jpg 668w, https:\/\/demoweb.company\/bachdang\/wp-content\/uploads\/2025\/07\/xi-mang-xay-trat-227x300.jpg 227w, https:\/\/demoweb.company\/bachdang\/wp-content\/uploads\/2025\/07\/xi-mang-xay-trat-600x793.jpg 600w\" sizes=\"auto, (max-width: 668px) 100vw, 668px\" \/>\t\t\t\t\t\t\t\t\t<\/a>\n\t\t\t\t\t\t\t\t\t\t\t\t\t\t\t\t\t\t \t\t\t\t\t\t\t\t<\/div>\n\t\t\t\t\t\t\t\t<div class=\"image-tools top right show-on-hover\">\n\t\t\t\t\t\t\t\t\t\t\t\t\t\t\t\t\t<\/div>\n\t\t\t\t\t\t\t\t\t\t\t\t\t\t\t\t\t<div class=\"image-tools grid-tools text-center hide-for-small bottom hover-slide-in show-on-hover\">\n\t\t\t\t\t\t\t\t\t\t\t\t\t\t\t\t\t\t\t<\/div>\n\t\t\t\t\t\t\t\t\t\t\t\t\t\t\t\t\t\t\t\t\t\t\t<\/div>\n\n\t\t\t\t\t\t\t<div class=\"box-text text-center\" >\n\t\t\t\t\t\t\t\t<div class=\"title-wrapper\"><p class=\"name product-title woocommerce-loop-product__title\"><a href=\"https:\/\/demoweb.company\/bachdang\/san-pham\/xi-mang-xay-trat-cao-cap\/\" class=\"woocommerce-LoopProduct-link woocommerce-loop-product__link\">Xi m\u0103ng x\u00e2y tr\u00e1t cao c\u1ea5p<\/a><\/p><\/div><div class=\"price-wrapper\">\n\t<span class=\"price\"><span class=\"price contact-for-price\">Li\u00ean h\u1ec7 nh\u1eadn b\u00e1o gi\u00e1<\/span><\/span>\n<\/div>\t\t\t\t\t\t\t<\/div>\n\t\t\t\t\t\t<\/div>\n\t\t\t\t\t\t<\/div>\n\t\t\t\t\t<\/div><\/div>\n\n\n\t\t<\/div>\n\t\t\t\t\n<style>\n#col-321440464 > .col-inner {\n  margin: 0px 0px -20px 0px;\n}\n<\/style>\n\t<\/div>\n\n\t\n\n<\/div>\n\n\t\t<\/div>\n\n\t\t\n<style>\n#section_1786921013 {\n  padding-top: 30px;\n  padding-bottom: 30px;\n}\n<\/style>\n\t<\/section>\n\t\n\n","protected":false},"excerpt":{"rendered":"","protected":false},"author":1,"featured_media":0,"parent":0,"menu_order":0,"comment_status":"closed","ping_status":"closed","template":"page-transparent-header.php","meta":{"footnotes":""},"class_list":["post-449","page","type-page","status-publish","hentry"],"yoast_head":"<!-- This site is optimized with the Yoast SEO Premium plugin v22.9 (Yoast SEO v22.9) - https:\/\/yoast.com\/wordpress\/plugins\/seo\/ -->\n<title>S\u1ea3n ph\u1ea9m - XI M\u0102NG B\u1ea0CH \u0110\u1eb0NG<\/title>\n<meta name=\"robots\" content=\"noindex, follow, max-snippet:-1, max-image-preview:large, max-video-preview:-1\" \/>\n<meta property=\"og:locale\" content=\"vi_VN\" \/>\n<meta property=\"og:type\" content=\"article\" \/>\n<meta property=\"og:title\" content=\"S\u1ea3n ph\u1ea9m\" \/>\n<meta property=\"og:url\" content=\"https:\/\/demoweb.company\/bachdang\/san-pham\/\" \/>\n<meta property=\"og:site_name\" content=\"XI M\u0102NG B\u1ea0CH \u0110\u1eb0NG\" \/>\n<meta property=\"article:modified_time\" content=\"2025-08-12T09:21:02+00:00\" \/>\n<meta name=\"twitter:card\" content=\"summary_large_image\" \/>\n<script type=\"application\/ld+json\" class=\"yoast-schema-graph\">{\"@context\":\"https:\/\/schema.org\",\"@graph\":[{\"@type\":\"WebPage\",\"@id\":\"https:\/\/demoweb.company\/bachdang\/san-pham\/\",\"url\":\"https:\/\/demoweb.company\/bachdang\/san-pham\/\",\"name\":\"S\u1ea3n ph\u1ea9m - XI M\u0102NG B\u1ea0CH \u0110\u1eb0NG\",\"isPartOf\":{\"@id\":\"https:\/\/demoweb.company\/bachdang\/#website\"},\"datePublished\":\"2025-07-15T12:11:06+00:00\",\"dateModified\":\"2025-08-12T09:21:02+00:00\",\"breadcrumb\":{\"@id\":\"https:\/\/demoweb.company\/bachdang\/san-pham\/#breadcrumb\"},\"inLanguage\":\"vi\",\"potentialAction\":[{\"@type\":\"ReadAction\",\"target\":[\"https:\/\/demoweb.company\/bachdang\/san-pham\/\"]}]},{\"@type\":\"BreadcrumbList\",\"@id\":\"https:\/\/demoweb.company\/bachdang\/san-pham\/#breadcrumb\",\"itemListElement\":[{\"@type\":\"ListItem\",\"position\":1,\"name\":\"Trang ch\u1ee7\",\"item\":\"https:\/\/demoweb.company\/bachdang\/\"},{\"@type\":\"ListItem\",\"position\":2,\"name\":\"S\u1ea3n ph\u1ea9m\"}]},{\"@type\":\"WebSite\",\"@id\":\"https:\/\/demoweb.company\/bachdang\/#website\",\"url\":\"https:\/\/demoweb.company\/bachdang\/\",\"name\":\"XI M\u0102NG B\u1ea0CH \u0110\u1eb0NG\",\"description\":\"\",\"potentialAction\":[{\"@type\":\"SearchAction\",\"target\":{\"@type\":\"EntryPoint\",\"urlTemplate\":\"https:\/\/demoweb.company\/bachdang\/?s={search_term_string}\"},\"query-input\":\"required name=search_term_string\"}],\"inLanguage\":\"vi\"}]}<\/script>\n<!-- \/ Yoast SEO Premium plugin. -->","yoast_head_json":{"title":"S\u1ea3n ph\u1ea9m - XI M\u0102NG B\u1ea0CH \u0110\u1eb0NG","robots":{"index":"noindex","follow":"follow","max-snippet":"max-snippet:-1","max-image-preview":"max-image-preview:large","max-video-preview":"max-video-preview:-1"},"og_locale":"vi_VN","og_type":"article","og_title":"S\u1ea3n ph\u1ea9m","og_url":"https:\/\/demoweb.company\/bachdang\/san-pham\/","og_site_name":"XI M\u0102NG B\u1ea0CH \u0110\u1eb0NG","article_modified_time":"2025-08-12T09:21:02+00:00","twitter_card":"summary_large_image","schema":{"@context":"https:\/\/schema.org","@graph":[{"@type":"WebPage","@id":"https:\/\/demoweb.company\/bachdang\/san-pham\/","url":"https:\/\/demoweb.company\/bachdang\/san-pham\/","name":"S\u1ea3n ph\u1ea9m - XI M\u0102NG B\u1ea0CH \u0110\u1eb0NG","isPartOf":{"@id":"https:\/\/demoweb.company\/bachdang\/#website"},"datePublished":"2025-07-15T12:11:06+00:00","dateModified":"2025-08-12T09:21:02+00:00","breadcrumb":{"@id":"https:\/\/demoweb.company\/bachdang\/san-pham\/#breadcrumb"},"inLanguage":"vi","potentialAction":[{"@type":"ReadAction","target":["https:\/\/demoweb.company\/bachdang\/san-pham\/"]}]},{"@type":"BreadcrumbList","@id":"https:\/\/demoweb.company\/bachdang\/san-pham\/#breadcrumb","itemListElement":[{"@type":"ListItem","position":1,"name":"Trang ch\u1ee7","item":"https:\/\/demoweb.company\/bachdang\/"},{"@type":"ListItem","position":2,"name":"S\u1ea3n ph\u1ea9m"}]},{"@type":"WebSite","@id":"https:\/\/demoweb.company\/bachdang\/#website","url":"https:\/\/demoweb.company\/bachdang\/","name":"XI M\u0102NG B\u1ea0CH \u0110\u1eb0NG","description":"","potentialAction":[{"@type":"SearchAction","target":{"@type":"EntryPoint","urlTemplate":"https:\/\/demoweb.company\/bachdang\/?s={search_term_string}"},"query-input":"required name=search_term_string"}],"inLanguage":"vi"}]}},"_links":{"self":[{"href":"https:\/\/demoweb.company\/bachdang\/wp-json\/wp\/v2\/pages\/449","targetHints":{"allow":["GET"]}}],"collection":[{"href":"https:\/\/demoweb.company\/bachdang\/wp-json\/wp\/v2\/pages"}],"about":[{"href":"https:\/\/demoweb.company\/bachdang\/wp-json\/wp\/v2\/types\/page"}],"author":[{"embeddable":true,"href":"https:\/\/demoweb.company\/bachdang\/wp-json\/wp\/v2\/users\/1"}],"replies":[{"embeddable":true,"href":"https:\/\/demoweb.company\/bachdang\/wp-json\/wp\/v2\/comments?post=449"}],"version-history":[{"count":14,"href":"https:\/\/demoweb.company\/bachdang\/wp-json\/wp\/v2\/pages\/449\/revisions"}],"predecessor-version":[{"id":1035,"href":"https:\/\/demoweb.company\/bachdang\/wp-json\/wp\/v2\/pages\/449\/revisions\/1035"}],"wp:attachment":[{"href":"https:\/\/demoweb.company\/bachdang\/wp-json\/wp\/v2\/media?parent=449"}],"curies":[{"name":"wp","href":"https:\/\/api.w.org\/{rel}","templated":true}]}}