{"id":101,"date":"2025-07-11T21:48:55","date_gmt":"2025-07-11T14:48:55","guid":{"rendered":"https:\/\/demoweb.company\/bachdang\/?post_type=product&#038;p=101"},"modified":"2025-08-12T15:01:06","modified_gmt":"2025-08-12T08:01:06","slug":"xi-mang-xay-trat-cao-cap","status":"publish","type":"product","link":"https:\/\/demoweb.company\/bachdang\/san-pham\/xi-mang-xay-trat-cao-cap\/","title":{"rendered":"Xi m\u0103ng x\u00e2y tr\u00e1t cao c\u1ea5p"},"content":{"rendered":"<p><b>MC25 \u0110\u1eb7c \u0111i\u1ec3m n\u1ed5i b\u1eadt:<\/b><span style=\"font-weight: 400;\"> B\u00e1m d\u00ednh t\u1ed1t, d\u1ec5 thi c\u00f4ng; Ch\u1ed1ng th\u1ea5m v\u00e0 ti\u1ebft ki\u1ec7m v\u1eadt li\u1ec7u ph\u00f9 h\u1ee3p TCVN 9202:2012. \u1ee8ng d\u1ee5ng: C\u00f4ng tr\u00ecnh d\u00e2n d\u1ee5ng; X\u00e2y, tr\u00e1t ho\u00e0n thi\u1ec7n<\/span><\/p>\n<p><img loading=\"lazy\" decoding=\"async\" class=\"aligncenter wp-image-979\" src=\"https:\/\/demoweb.company\/bachdang\/wp-content\/uploads\/2025\/07\/xi-mang-xay-trat.jpg\" alt=\"\" width=\"552\" height=\"730\" srcset=\"https:\/\/demoweb.company\/bachdang\/wp-content\/uploads\/2025\/07\/xi-mang-xay-trat.jpg 668w, https:\/\/demoweb.company\/bachdang\/wp-content\/uploads\/2025\/07\/xi-mang-xay-trat-227x300.jpg 227w, https:\/\/demoweb.company\/bachdang\/wp-content\/uploads\/2025\/07\/xi-mang-xay-trat-600x793.jpg 600w\" sizes=\"auto, (max-width: 552px) 100vw, 552px\" \/><\/p>\n<h2>K\u1ebft qu\u1ea3 th\u1eed nghi\u1ec7m:<\/h2>\n<table style=\"width: 100%;\" border=\"1\">\n<tbody>\n<tr>\n<td style=\"text-align: center;\"><span style=\"font-weight: 400; color: #000000;\">TT<\/span><\/td>\n<td style=\"text-align: center;\"><span style=\"color: #000000;\"><span style=\"font-weight: 400;\">H\u1ea0NG M\u1ee4C TH\u00cd NGHI\u1ec6M<\/span><i><span style=\"font-weight: 400;\"> (Items)<\/span><\/i><\/span><\/td>\n<td style=\"text-align: center;\"><span style=\"font-weight: 400; color: #000000;\">\u0110\u01a0N V\u1eca\u00a0<\/span><\/p>\n<p><span style=\"color: #000000;\"><i><span style=\"font-weight: 400;\">(Units)<\/span><\/i><\/span><\/td>\n<td style=\"text-align: center;\"><span style=\"font-weight: 400; color: #000000;\">PH\u01af\u01a0NG PH\u00c1P TH\u1eec\u00a0<\/span><\/p>\n<p><span style=\"color: #000000;\"><span style=\"font-weight: 400;\">(<\/span><i><span style=\"font-weight: 400;\">Test Method<\/span><\/i><span style=\"font-weight: 400;\">)<\/span><\/span><\/td>\n<td style=\"text-align: center;\"><span style=\"font-weight: 400; color: #000000;\">TI\u00caU CHU\u1ea8N<\/span><\/p>\n<p><span style=\"color: #000000;\"><i><span style=\"font-weight: 400;\">(Spec.limit)<\/span><\/i><\/span><\/td>\n<td style=\"text-align: center;\"><span style=\"font-weight: 400; color: #000000;\">K\u1ebeT QU\u1ea2\u00a0<\/span><\/p>\n<p><span style=\"color: #000000;\"><i><span style=\"font-weight: 400;\">(Test Resuls)<\/span><\/i><\/span><\/td>\n<\/tr>\n<tr>\n<td style=\"text-align: center;\"><span style=\"font-weight: 400; color: #000000;\">1<\/span><\/td>\n<td><span style=\"color: #000000;\"><span style=\"font-weight: 400;\">GI\u1edaI H\u1ea0N B\u1ec0N N\u00c9N <\/span><i><span style=\"font-weight: 400;\">(Compressive strength)<\/span><\/i><\/span><\/p>\n<ul>\n<li><span style=\"color: #000000;\"><span style=\"font-weight: 400;\">7 ng\u00e0y <\/span><span style=\"font-weight: 400;\">\u00b1<\/span><span style=\"font-weight: 400;\"> 4h<\/span><i><span style=\"font-weight: 400;\"> (After 7 days)<\/span><\/i><\/span><\/li>\n<li><span style=\"color: #000000;\"><span style=\"font-weight: 400;\">28 ng\u00e0y <\/span><span style=\"font-weight: 400;\">\u00b1<\/span><span style=\"font-weight: 400;\"> 8h <\/span><i><span style=\"font-weight: 400;\">(After 28 days)<\/span><\/i><\/span><\/li>\n<\/ul>\n<\/td>\n<td><span style=\"color: #000000;\"><span style=\"font-weight: 400;\">N\/mm<\/span><span style=\"font-weight: 400;\">2<\/span><\/span><span style=\"color: #000000;\"><span style=\"font-weight: 400;\">N\/mm<\/span><span style=\"font-weight: 400;\">2<\/span><\/span><\/td>\n<td><span style=\"font-weight: 400; color: #000000;\">TCVN 6016:2011<\/span><\/td>\n<td><span style=\"font-weight: 400; color: #000000;\">\u226515<\/span><span style=\"font-weight: 400; color: #000000;\">\u226525<\/span><\/td>\n<td><span style=\"font-weight: 400; color: #000000;\">19.5<\/span><span style=\"font-weight: 400; color: #000000;\">26.0<\/span><\/td>\n<\/tr>\n<tr>\n<td style=\"text-align: center;\"><span style=\"font-weight: 400; color: #000000;\">2<\/span><\/td>\n<td><span style=\"color: #000000;\"><span style=\"font-weight: 400;\">TH\u1edcI GIAN \u0110\u00d4NG K\u1ebeT <\/span><i><span style=\"font-weight: 400;\">(Time of setting)<\/span><\/i><span style=\"font-weight: 400;\">:<\/span><\/span><\/p>\n<ul>\n<li><span style=\"color: #000000;\"><span style=\"font-weight: 400;\">B\u1eaft \u0111\u1ea7u <\/span><i><span style=\"font-weight: 400;\">(Initial set)<\/span><\/i><\/span><\/li>\n<li><span style=\"color: #000000;\"><span style=\"font-weight: 400;\">K\u1ebft th\u00fac <\/span><i><span style=\"font-weight: 400;\">(Final set)<\/span><\/i><\/span><\/li>\n<\/ul>\n<\/td>\n<td><span style=\"font-weight: 400; color: #000000;\">Ph\u00fat Ph\u00fat<\/span><\/td>\n<td><span style=\"font-weight: 400; color: #000000;\">TCVN 6017:2015<\/span><\/td>\n<td><span style=\"font-weight: 400; color: #000000;\">\u226545<\/span><span style=\"font-weight: 400; color: #000000;\">\u2264420<\/span><\/td>\n<td><span style=\"font-weight: 400; color: #000000;\">150<\/span><span style=\"font-weight: 400; color: #000000;\">235<\/span><\/td>\n<\/tr>\n<tr>\n<td style=\"text-align: center;\"><span style=\"font-weight: 400; color: #000000;\">3<\/span><\/td>\n<td><span style=\"font-weight: 400; color: #000000;\">\u0110\u1ed8 NGHI\u1ec0N M\u1ecaN (Fineness test)<\/span><\/p>\n<ul>\n<li><span style=\"color: #000000;\"><span style=\"font-weight: 400;\">Ph\u1ea7n c\u00f2n l\u1ea1i tr\u00ean s\u00e0ng 0,09 mm\/<\/span><i><span style=\"font-weight: 400;\">Residue on sieve,max<\/span><\/i><\/span><\/li>\n<li><span style=\"color: #000000;\"><span style=\"font-weight: 400;\">Ph\u1ea7n c\u00f2n l\u1ea1i tr\u00ean s\u00e0ng 0,045 mm\/<\/span><i><span style=\"font-weight: 400;\">Residue on sieve<\/span><\/i><\/span><\/li>\n<li><span style=\"color: #000000;\"><span style=\"font-weight: 400;\">B\u1ec1 m\u1eb7t ri\u00eang, ph\u01b0\u01a1ng ph\u00e1p Blaine\/<\/span><i><span style=\"font-weight: 400;\">(Blaine menthod)<\/span><\/i><span style=\"font-weight: 400;\">\u00a0<\/span><\/span><\/li>\n<\/ul>\n<\/td>\n<td><span style=\"font-weight: 400; color: #000000;\">%<\/span><span style=\"font-weight: 400; color: #000000;\">%<\/span><\/p>\n<p><span style=\"color: #000000;\"><span style=\"font-weight: 400;\">cm<\/span><span style=\"font-weight: 400;\">2<\/span><span style=\"font-weight: 400;\">\/g<\/span><\/span><\/td>\n<td><span style=\"font-weight: 400; color: #000000;\">TCVN 13605:2003<\/span><\/td>\n<td><span style=\"font-weight: 400; color: #000000;\">12<\/span><span style=\"font-weight: 400; color: #000000;\">&#8211;<\/span><\/p>\n<p><span style=\"font-weight: 400; color: #000000;\">\u2265 2.800<\/span><\/td>\n<td><span style=\"font-weight: 400; color: #000000;\">1.05<\/span><span style=\"font-weight: 400; color: #000000;\">8.55<\/span><\/p>\n<p><span style=\"font-weight: 400; color: #000000;\">4.250<\/span><\/td>\n<\/tr>\n<tr>\n<td style=\"text-align: center;\"><span style=\"font-weight: 400; color: #000000;\">4<\/span><\/td>\n<td><span style=\"color: #000000;\"><span style=\"font-weight: 400;\">\u0110\u1ed8 \u1ed4N \u0110\u1ecaNH TH\u1ec2 T\u00cdCH, ph\u01b0\u01a1ng ph\u00e1p Le Chatelier <\/span><i><span style=\"font-weight: 400;\">(Soundness)<\/span><\/i><\/span><\/td>\n<td><span style=\"font-weight: 400; color: #000000;\">mm<\/span><\/td>\n<td><span style=\"font-weight: 400; color: #000000;\">TCVN 6017:2015<\/span><\/td>\n<td><span style=\"font-weight: 400; color: #000000;\">\u226410<\/span><\/td>\n<td><span style=\"font-weight: 400; color: #000000;\">0.85<\/span><\/td>\n<\/tr>\n<tr>\n<td style=\"text-align: center;\" rowspan=\"3\"><span style=\"font-weight: 400; color: #000000;\">5<\/span><\/td>\n<td><span style=\"color: #000000;\"><span style=\"font-weight: 400;\">TH\u00c0NH PH\u1ea6N H\u00d3A <\/span><i><span style=\"font-weight: 400;\">(Chemical composition)<\/span><\/i><\/span><\/td>\n<td><\/td>\n<td><\/td>\n<td><\/td>\n<td><\/td>\n<\/tr>\n<tr>\n<td><span style=\"color: #000000;\"><span style=\"font-weight: 400;\">\u00a0 H\u00e0m l\u01b0\u1ee3ng SO<\/span><span style=\"font-weight: 400;\">3<\/span><i><span style=\"font-weight: 400;\"> (Sulfur trioxide content), max<\/span><\/i><\/span><\/td>\n<td><span style=\"font-weight: 400; color: #000000;\">%<\/span><\/td>\n<td><span style=\"font-weight: 400; color: #000000;\">TCVN 141:2023<\/span><\/td>\n<td><span style=\"font-weight: 400; color: #000000;\">\u22643,0<\/span><\/td>\n<td><span style=\"font-weight: 400; color: #000000;\">1.35<\/span><\/td>\n<\/tr>\n<tr>\n<td><span style=\"color: #000000;\"><span style=\"font-weight: 400;\">\u00a0 H\u00e0m l\u01b0\u1ee3ng Cl <\/span><i><span style=\"font-weight: 400;\">(<\/span><\/i><i><span style=\"font-weight: 400;\">Clorua composition<\/span><\/i><i><span style=\"font-weight: 400;\">), max<\/span><\/i><\/span><\/td>\n<td><span style=\"font-weight: 400; color: #000000;\">%<\/span><\/td>\n<td><span style=\"font-weight: 400; color: #000000;\">TCVN 141:2023<\/span><\/td>\n<td><span style=\"font-weight: 400; color: #000000;\">\u22640.1<\/span><\/td>\n<td><span style=\"font-weight: 400; color: #000000;\">0.002<\/span><\/td>\n<\/tr>\n<tr>\n<td style=\"text-align: center;\"><span style=\"font-weight: 400; color: #000000;\">6<\/span><\/td>\n<td><span style=\"color: #000000;\"><span style=\"font-weight: 400;\">KH\u1ea2 N\u0102NG GI\u1eee N\u01af\u1edaC\/<\/span><i><span style=\"font-weight: 400;\">Water retention capacity)<\/span><\/i><span style=\"font-weight: 400;\">, %<\/span><\/span><\/td>\n<td><span style=\"font-weight: 400; color: #000000;\">%<\/span><\/td>\n<td><span style=\"font-weight: 400; color: #000000;\">TCVN 9202:2012<\/span><\/td>\n<td><span style=\"font-weight: 400; color: #000000;\">80-95<\/span><\/td>\n<td><span style=\"font-weight: 400; color: #000000;\">92.0<\/span><\/td>\n<\/tr>\n<\/tbody>\n<\/table>\n<h3>B\u1ea3o qu\u1ea3n<\/h3>\n<ul>\n<li><span style=\"font-weight: 400;\">Kh\u00f4ng x\u1ebfp qu\u00e1 10 bao xi m\u0103ng l\u00ean nhau<\/span><\/li>\n<li><span style=\"font-weight: 400;\">N\u1ec1n kho ph\u1ea3i cao, kh\u00f4, tho\u00e1ng<\/span><\/li>\n<li><span style=\"font-weight: 400;\">C\u00e1ch m\u1eb7t \u0111\u1ea5t v\u00e0 c\u00e1ch t\u01b0\u1eddng t\u1ed1i thi\u1ec3u 20cm<\/span><\/li>\n<li><span style=\"font-weight: 400;\">L\u00f4 h\u00e0ng n\u00e0o s\u1ea3n xu\u1ea5t, xu\u1ea5t kho s\u1eed d\u1ee5ng tr\u01b0\u1edbc<\/span><\/li>\n<\/ul>\n","protected":false},"excerpt":{"rendered":"<h3><b>MC25 \u0110\u1eb7c \u0111i\u1ec3m n\u1ed5i b\u1eadt:<\/b><\/h3>\n<ul>\n<li><span style=\"font-weight: 400;\">B\u00e1m d\u00ednh t\u1ed1t, d\u1ec5 thi c\u00f4ng<\/span><\/li>\n<li><span style=\"font-weight: 400;\">Ch\u1ed1ng th\u1ea5m v\u00e0 ti\u1ebft ki\u1ec7m v\u1eadt li\u1ec7u <\/span><\/li>\n<li><span style=\"font-weight: 400;\">Ph\u00f9 h\u1ee3p TCVN 9202:2012. <\/span><\/li>\n<li><span style=\"font-weight: 400;\">\u1ee8ng d\u1ee5ng: C\u00f4ng tr\u00ecnh d\u00e2n d\u1ee5ng; X\u00e2y, tr\u00e1t ho\u00e0n thi\u1ec7n<\/span><\/li>\n<\/ul>\n","protected":false},"featured_media":979,"template":"","meta":[],"product_brand":[],"product_cat":[17],"product_tag":[],"class_list":{"0":"post-101","1":"product","2":"type-product","3":"status-publish","4":"has-post-thumbnail","6":"product_cat-chua-phan-loai","8":"first","9":"instock","10":"taxable","11":"shipping-taxable","12":"product-type-simple"},"yoast_head":"<!-- This site is optimized with the Yoast SEO Premium plugin v22.9 (Yoast SEO v22.9) - https:\/\/yoast.com\/wordpress\/plugins\/seo\/ -->\n<title>Xi m\u0103ng x\u00e2y tr\u00e1t cao c\u1ea5p - XI M\u0102NG B\u1ea0CH \u0110\u1eb0NG<\/title>\n<meta name=\"robots\" content=\"noindex, follow, max-snippet:-1, max-image-preview:large, max-video-preview:-1\" \/>\n<meta property=\"og:locale\" content=\"vi_VN\" \/>\n<meta property=\"og:type\" content=\"article\" \/>\n<meta property=\"og:title\" content=\"Xi m\u0103ng x\u00e2y tr\u00e1t cao c\u1ea5p\" \/>\n<meta property=\"og:description\" content=\"MC25 \u0110\u1eb7c \u0111i\u1ec3m n\u1ed5i b\u1eadt:   B\u00e1m d\u00ednh t\u1ed1t, d\u1ec5 thi c\u00f4ng  Ch\u1ed1ng th\u1ea5m v\u00e0 ti\u1ebft ki\u1ec7m v\u1eadt li\u1ec7u   Ph\u00f9 h\u1ee3p TCVN 9202:2012.   \u1ee8ng d\u1ee5ng: C\u00f4ng tr\u00ecnh d\u00e2n d\u1ee5ng; X\u00e2y, tr\u00e1t ho\u00e0n thi\u1ec7n\" \/>\n<meta property=\"og:url\" content=\"https:\/\/demoweb.company\/bachdang\/san-pham\/xi-mang-xay-trat-cao-cap\/\" \/>\n<meta property=\"og:site_name\" content=\"XI M\u0102NG B\u1ea0CH \u0110\u1eb0NG\" \/>\n<meta property=\"article:modified_time\" content=\"2025-08-12T08:01:06+00:00\" \/>\n<meta property=\"og:image\" content=\"https:\/\/demoweb.company\/bachdang\/wp-content\/uploads\/2025\/07\/xi-mang-xay-trat.jpg\" \/>\n\t<meta property=\"og:image:width\" content=\"668\" \/>\n\t<meta property=\"og:image:height\" content=\"883\" \/>\n\t<meta property=\"og:image:type\" content=\"image\/jpeg\" \/>\n<meta name=\"twitter:card\" content=\"summary_large_image\" \/>\n<meta name=\"twitter:label1\" content=\"\u01af\u1edbc t\u00ednh th\u1eddi gian \u0111\u1ecdc\" \/>\n\t<meta name=\"twitter:data1\" content=\"2 ph\u00fat\" \/>\n<script type=\"application\/ld+json\" class=\"yoast-schema-graph\">{\"@context\":\"https:\/\/schema.org\",\"@graph\":[{\"@type\":\"WebPage\",\"@id\":\"https:\/\/demoweb.company\/bachdang\/san-pham\/xi-mang-xay-trat-cao-cap\/\",\"url\":\"https:\/\/demoweb.company\/bachdang\/san-pham\/xi-mang-xay-trat-cao-cap\/\",\"name\":\"Xi m\u0103ng x\u00e2y tr\u00e1t cao c\u1ea5p - XI M\u0102NG B\u1ea0CH \u0110\u1eb0NG\",\"isPartOf\":{\"@id\":\"https:\/\/demoweb.company\/bachdang\/#website\"},\"primaryImageOfPage\":{\"@id\":\"https:\/\/demoweb.company\/bachdang\/san-pham\/xi-mang-xay-trat-cao-cap\/#primaryimage\"},\"image\":{\"@id\":\"https:\/\/demoweb.company\/bachdang\/san-pham\/xi-mang-xay-trat-cao-cap\/#primaryimage\"},\"thumbnailUrl\":\"https:\/\/demoweb.company\/bachdang\/wp-content\/uploads\/2025\/07\/xi-mang-xay-trat.jpg\",\"datePublished\":\"2025-07-11T14:48:55+00:00\",\"dateModified\":\"2025-08-12T08:01:06+00:00\",\"breadcrumb\":{\"@id\":\"https:\/\/demoweb.company\/bachdang\/san-pham\/xi-mang-xay-trat-cao-cap\/#breadcrumb\"},\"inLanguage\":\"vi\",\"potentialAction\":[{\"@type\":\"ReadAction\",\"target\":[\"https:\/\/demoweb.company\/bachdang\/san-pham\/xi-mang-xay-trat-cao-cap\/\"]}]},{\"@type\":\"ImageObject\",\"inLanguage\":\"vi\",\"@id\":\"https:\/\/demoweb.company\/bachdang\/san-pham\/xi-mang-xay-trat-cao-cap\/#primaryimage\",\"url\":\"https:\/\/demoweb.company\/bachdang\/wp-content\/uploads\/2025\/07\/xi-mang-xay-trat.jpg\",\"contentUrl\":\"https:\/\/demoweb.company\/bachdang\/wp-content\/uploads\/2025\/07\/xi-mang-xay-trat.jpg\",\"width\":668,\"height\":883},{\"@type\":\"BreadcrumbList\",\"@id\":\"https:\/\/demoweb.company\/bachdang\/san-pham\/xi-mang-xay-trat-cao-cap\/#breadcrumb\",\"itemListElement\":[{\"@type\":\"ListItem\",\"position\":1,\"name\":\"Trang ch\u1ee7\",\"item\":\"https:\/\/demoweb.company\/bachdang\/\"},{\"@type\":\"ListItem\",\"position\":2,\"name\":\"C\u1eeda h\u00e0ng\",\"item\":\"https:\/\/demoweb.company\/bachdang\/cua-hang\/\"},{\"@type\":\"ListItem\",\"position\":3,\"name\":\"Xi m\u0103ng x\u00e2y tr\u00e1t cao c\u1ea5p\"}]},{\"@type\":\"WebSite\",\"@id\":\"https:\/\/demoweb.company\/bachdang\/#website\",\"url\":\"https:\/\/demoweb.company\/bachdang\/\",\"name\":\"XI M\u0102NG B\u1ea0CH \u0110\u1eb0NG\",\"description\":\"\",\"potentialAction\":[{\"@type\":\"SearchAction\",\"target\":{\"@type\":\"EntryPoint\",\"urlTemplate\":\"https:\/\/demoweb.company\/bachdang\/?s={search_term_string}\"},\"query-input\":\"required name=search_term_string\"}],\"inLanguage\":\"vi\"}]}<\/script>\n<!-- \/ Yoast SEO Premium plugin. -->","yoast_head_json":{"title":"Xi m\u0103ng x\u00e2y tr\u00e1t cao c\u1ea5p - XI M\u0102NG B\u1ea0CH \u0110\u1eb0NG","robots":{"index":"noindex","follow":"follow","max-snippet":"max-snippet:-1","max-image-preview":"max-image-preview:large","max-video-preview":"max-video-preview:-1"},"og_locale":"vi_VN","og_type":"article","og_title":"Xi m\u0103ng x\u00e2y tr\u00e1t cao c\u1ea5p","og_description":"MC25 \u0110\u1eb7c \u0111i\u1ec3m n\u1ed5i b\u1eadt:   B\u00e1m d\u00ednh t\u1ed1t, d\u1ec5 thi c\u00f4ng  Ch\u1ed1ng th\u1ea5m v\u00e0 ti\u1ebft ki\u1ec7m v\u1eadt li\u1ec7u   Ph\u00f9 h\u1ee3p TCVN 9202:2012.   \u1ee8ng d\u1ee5ng: C\u00f4ng tr\u00ecnh d\u00e2n d\u1ee5ng; X\u00e2y, tr\u00e1t ho\u00e0n thi\u1ec7n","og_url":"https:\/\/demoweb.company\/bachdang\/san-pham\/xi-mang-xay-trat-cao-cap\/","og_site_name":"XI M\u0102NG B\u1ea0CH \u0110\u1eb0NG","article_modified_time":"2025-08-12T08:01:06+00:00","og_image":[{"width":668,"height":883,"url":"https:\/\/demoweb.company\/bachdang\/wp-content\/uploads\/2025\/07\/xi-mang-xay-trat.jpg","type":"image\/jpeg"}],"twitter_card":"summary_large_image","twitter_misc":{"\u01af\u1edbc t\u00ednh th\u1eddi gian \u0111\u1ecdc":"2 ph\u00fat"},"schema":{"@context":"https:\/\/schema.org","@graph":[{"@type":"WebPage","@id":"https:\/\/demoweb.company\/bachdang\/san-pham\/xi-mang-xay-trat-cao-cap\/","url":"https:\/\/demoweb.company\/bachdang\/san-pham\/xi-mang-xay-trat-cao-cap\/","name":"Xi m\u0103ng x\u00e2y tr\u00e1t cao c\u1ea5p - XI M\u0102NG B\u1ea0CH \u0110\u1eb0NG","isPartOf":{"@id":"https:\/\/demoweb.company\/bachdang\/#website"},"primaryImageOfPage":{"@id":"https:\/\/demoweb.company\/bachdang\/san-pham\/xi-mang-xay-trat-cao-cap\/#primaryimage"},"image":{"@id":"https:\/\/demoweb.company\/bachdang\/san-pham\/xi-mang-xay-trat-cao-cap\/#primaryimage"},"thumbnailUrl":"https:\/\/demoweb.company\/bachdang\/wp-content\/uploads\/2025\/07\/xi-mang-xay-trat.jpg","datePublished":"2025-07-11T14:48:55+00:00","dateModified":"2025-08-12T08:01:06+00:00","breadcrumb":{"@id":"https:\/\/demoweb.company\/bachdang\/san-pham\/xi-mang-xay-trat-cao-cap\/#breadcrumb"},"inLanguage":"vi","potentialAction":[{"@type":"ReadAction","target":["https:\/\/demoweb.company\/bachdang\/san-pham\/xi-mang-xay-trat-cao-cap\/"]}]},{"@type":"ImageObject","inLanguage":"vi","@id":"https:\/\/demoweb.company\/bachdang\/san-pham\/xi-mang-xay-trat-cao-cap\/#primaryimage","url":"https:\/\/demoweb.company\/bachdang\/wp-content\/uploads\/2025\/07\/xi-mang-xay-trat.jpg","contentUrl":"https:\/\/demoweb.company\/bachdang\/wp-content\/uploads\/2025\/07\/xi-mang-xay-trat.jpg","width":668,"height":883},{"@type":"BreadcrumbList","@id":"https:\/\/demoweb.company\/bachdang\/san-pham\/xi-mang-xay-trat-cao-cap\/#breadcrumb","itemListElement":[{"@type":"ListItem","position":1,"name":"Trang ch\u1ee7","item":"https:\/\/demoweb.company\/bachdang\/"},{"@type":"ListItem","position":2,"name":"C\u1eeda h\u00e0ng","item":"https:\/\/demoweb.company\/bachdang\/cua-hang\/"},{"@type":"ListItem","position":3,"name":"Xi m\u0103ng x\u00e2y tr\u00e1t cao c\u1ea5p"}]},{"@type":"WebSite","@id":"https:\/\/demoweb.company\/bachdang\/#website","url":"https:\/\/demoweb.company\/bachdang\/","name":"XI M\u0102NG B\u1ea0CH \u0110\u1eb0NG","description":"","potentialAction":[{"@type":"SearchAction","target":{"@type":"EntryPoint","urlTemplate":"https:\/\/demoweb.company\/bachdang\/?s={search_term_string}"},"query-input":"required name=search_term_string"}],"inLanguage":"vi"}]}},"_links":{"self":[{"href":"https:\/\/demoweb.company\/bachdang\/wp-json\/wp\/v2\/product\/101","targetHints":{"allow":["GET"]}}],"collection":[{"href":"https:\/\/demoweb.company\/bachdang\/wp-json\/wp\/v2\/product"}],"about":[{"href":"https:\/\/demoweb.company\/bachdang\/wp-json\/wp\/v2\/types\/product"}],"wp:featuredmedia":[{"embeddable":true,"href":"https:\/\/demoweb.company\/bachdang\/wp-json\/wp\/v2\/media\/979"}],"wp:attachment":[{"href":"https:\/\/demoweb.company\/bachdang\/wp-json\/wp\/v2\/media?parent=101"}],"wp:term":[{"taxonomy":"product_brand","embeddable":true,"href":"https:\/\/demoweb.company\/bachdang\/wp-json\/wp\/v2\/product_brand?post=101"},{"taxonomy":"product_cat","embeddable":true,"href":"https:\/\/demoweb.company\/bachdang\/wp-json\/wp\/v2\/product_cat?post=101"},{"taxonomy":"product_tag","embeddable":true,"href":"https:\/\/demoweb.company\/bachdang\/wp-json\/wp\/v2\/product_tag?post=101"}],"curies":[{"name":"wp","href":"https:\/\/api.w.org\/{rel}","templated":true}]}}