{"id":14,"date":"2023-05-29T15:08:20","date_gmt":"2023-05-29T15:08:20","guid":{"rendered":"https:\/\/demoweb.company\/huykhanh2\/?page_id=14"},"modified":"2024-10-10T12:24:59","modified_gmt":"2024-10-10T05:24:59","slug":"gioi-thieu","status":"publish","type":"page","link":"https:\/\/demoweb.company\/fujiseikotech\/gioi-thieu\/","title":{"rendered":"Gi\u1edbi thi\u1ec7u"},"content":{"rendered":"\n\n  <div class=\"banner has-hover\" id=\"banner-266208690\">\n          <div class=\"banner-inner fill\">\n        <div class=\"banner-bg fill\" >\n            <img loading=\"lazy\" decoding=\"async\" width=\"1020\" height=\"306\" src=\"https:\/\/demoweb.company\/fujiseikotech\/wp-content\/uploads\/2024\/10\/Gioi-thieu-1024x307.jpg\" class=\"bg attachment-large size-large\" alt=\"\" \/>                                    \n                    <\/div>\n\t\t\n        <div class=\"banner-layers container\">\n            <div class=\"fill banner-link\"><\/div>            \n\n\n        <\/div>\n      <\/div>\n\n              <div class=\"height-fix is-invisible\"><img loading=\"lazy\" decoding=\"async\" width=\"1020\" height=\"306\" src=\"https:\/\/demoweb.company\/fujiseikotech\/wp-content\/uploads\/2024\/10\/Gioi-thieu-1024x307.jpg\" class=\"attachment-large size-large\" alt=\"\" srcset=\"https:\/\/demoweb.company\/fujiseikotech\/wp-content\/uploads\/2024\/10\/Gioi-thieu-1024x307.jpg 1024w, https:\/\/demoweb.company\/fujiseikotech\/wp-content\/uploads\/2024\/10\/Gioi-thieu-300x90.jpg 300w, https:\/\/demoweb.company\/fujiseikotech\/wp-content\/uploads\/2024\/10\/Gioi-thieu-768x230.jpg 768w, https:\/\/demoweb.company\/fujiseikotech\/wp-content\/uploads\/2024\/10\/Gioi-thieu-1536x460.jpg 1536w, https:\/\/demoweb.company\/fujiseikotech\/wp-content\/uploads\/2024\/10\/Gioi-thieu-600x180.jpg 600w, https:\/\/demoweb.company\/fujiseikotech\/wp-content\/uploads\/2024\/10\/Gioi-thieu.jpg 1670w\" sizes=\"auto, (max-width: 1020px) 100vw, 1020px\" \/><\/div>\n              <\/div>\n\n\n<div class=\"row\"  id=\"row-1127180623\">\n\n\n\t<div id=\"col-1009345466\" class=\"col small-12 large-12\"  >\n\t\t\t\t<div class=\"col-inner\"  >\n\t\t\t\n\t\t\t\n\n<div class=\"container section-title-container\" ><h3 class=\"section-title section-title-center\"><b><\/b><span class=\"section-title-main\" >GI\u1edaI THI\u1ec6U V\u1ec0 FUJI SEIKO<\/span><b><\/b><\/h3><\/div>\n\n<p><strong>C\u00f4ng ty TNHH K\u0129 thu\u1eadt Fuji Seiko<\/strong> \u0111\u01b0\u1ee3c th\u00e0nh l\u1eadp n\u0103m 2008, v\u1edbi m\u1ee5c ti\u00eau l\u00e0 nh\u00e0 cung c\u1ea5p d\u1ecbch v\u1ee5 ho\u00e0n h\u1ea3o c\u0169ng nh\u01b0 tr\u1edf th\u00e0nh nh\u00e0 s\u1ea3n xu\u1ea5t, cung c\u1ea5p thi\u1ebft b\u1ecb gia c\u00f4ng v\u00e0 c\u00e1c gi\u1ea3i ph\u00e1p k\u1ef9 thu\u1eadt ti\u00ean ti\u1ebfn v\u00e0 th\u00e2n thi\u1ec7n v\u1edbi m\u00f4i tr\u01b0\u1eddng h\u00e0ng \u0111\u1ea7u Vi\u1ec7t Nam, c\u00f3 uy t\u00edn qu\u1ed1c t\u1ebf. Ch\u00fang t\u00f4i lu\u00f4n n\u1ed7 l\u1ef1c ph\u1ea5n \u0111\u1ea5u x\u00e2y d\u1ef1ng m\u1ed9t ni\u1ec1m tin b\u1ec1n v\u1eefng trong kh\u00e1ch h\u00e0ng, trong c\u00e1c \u0111\u1ed1i t\u00e1c, trong c\u1ed9ng \u0111\u1ed3ng, trong c\u00e1c c\u1ed5 \u0111\u00f4ng v\u00e0 trong t\u1eebng nh\u00e2n vi\u00ean nh\u1eb1m mang l\u1ea1i cho h\u1ecd nh\u1eefng gi\u00e1 tr\u1ecb cao nh\u1ea5t<\/p>\n<p><strong>Nhi\u1ec7m v\u1ee5 <\/strong><\/p>\n<p>Ch\u00fang t\u00f4i n\u1ed7 l\u1ef1c h\u1ebft m\u00ecnh \u0111\u1ec3 cung c\u1ea5p cho kh\u00e1ch h\u00e0ng c\u00e1c s\u1ea3n ph\u1ea9m, d\u1ecbch v\u1ee5 c\u00f3 ch\u1ea5t l\u01b0\u1ee3ng cao, ph\u00f9 h\u1ee3p, gi\u00e1 c\u1ea3 c\u1ea1nh tranh, \u0111\u00fang th\u1eddi h\u1ea1n v\u00e0 th\u00e2n thi\u1ec7n v\u1edbi m\u00f4i tr\u01b0\u1eddng.<\/p>\n<p><strong>T\u1ea7m nh\u00ecn <\/strong><\/p>\n<p>Ch\u00fang t\u00f4i quy\u1ebft t\u00e2m v\u00e0 kh\u00f4ng ng\u1eebng h\u1ecdc h\u1ecfi \u0111\u1ec3 x\u00e2y d\u1ef1ng v\u00e0 ho\u00e0n thi\u1ec7n t\u1ed5 ch\u1ee9c v\u1edbi m\u1ee5c ti\u00eau tr\u1edf th\u00e0nh \u0111\u1ed1i t\u00e1c tin c\u1eady, chuy\u00ean nghi\u1ec7p v\u00e0 hi\u1ec7u qu\u1ea3 nh\u1ea5t t\u1ea1i th\u1ecb tr\u01b0\u1eddng Vi\u1ec7t Nam<\/p>\n<p><strong>H\u00e0nh \u0111\u1ed9ng <\/strong><\/p>\n<p>&#8211; Kh\u00f4ng ng\u1eebng s\u00e1ng t\u1ea1o, ph\u1ea5n \u0111\u1ea5u t\u1ea1o ra nh\u1eefng s\u1ea3n ph\u1ea9m v\u00e0 d\u1ecbch v\u1ee5 ch\u1ea5t l\u01b0\u1ee3ng cao v\u1edbi gi\u00e1 h\u1ee3p l\u00fd.<\/p>\n<p>&#8211; Mang l\u1ea1i nh\u1eefng gi\u1ea3i ph\u00e1p hi\u1ec7u qu\u1ea3 v\u00e0 t\u1ea1o ra l\u1ee3i \u00edch t\u1ed1i \u0111a cho kh\u00e1ch h\u00e0ng. \u0110\u1eb7t kh\u00e1ch h\u00e0ng l\u00e0 trung t\u00e2m trong m\u1ecdi ho\u1ea1t \u0111\u1ed9ng kinh doanh<br \/>&#8211; Th\u1ef1c hi\u1ec7n ch\u1ebf \u0111\u1ed9 \u0111\u00e3i ng\u1ed9 th\u1ecfa \u0111\u00e1ng v\u1ec1 v\u1eadt ch\u1ea5t v\u00e0 tinh th\u1ea7n nh\u1eb1m khuy\u1ebfn kh\u00edch c\u00e1n b\u1ed9 c\u00f4ng nh\u00e2n vi\u00ean t\u1ea1o ra nhi\u1ec1u gi\u00e1 tr\u1ecb m\u1edbi cho kh\u00e1ch h\u00e0ng, c\u1ed5 \u0111\u00f4ng v\u00e0 to\u00e0n x\u00e3 h\u1ed9i.<\/p>\n<p><strong>S\u1ea3n Ph\u1ea9m <\/strong><\/p>\n<p>Ch\u00fang t\u00f4i l\u00e0 nh\u00e0 s\u1ea3n xu\u1ea5t c\u00e1c lo\u1ea1i gio\u0103ng cao su \u1ee9ng d\u1ee5ng cho th\u1ecb tr\u01b0\u1eddng \u00f4 t\u00f4 xe m\u00e1y: nh\u01b0 Gio\u0103ng y\u00ean xe m\u00e1y, gio\u0103ng c\u1eeda \u00f4 t\u00f4, gio\u0103ng k\u00ednh ch\u1eafn gi\u00f3, gio\u0103ng th\u00f9ng xe t\u1ea3i, gio\u0103ng container c\u00e1c lo\u1ea1i. H\u01a1n n\u1eefa ch\u00fang t\u00f4i s\u1ea3n xu\u1ea5t v\u00e0 kinh doanh c\u00e1c lo\u1ea1i gio\u0103ng cho ng\u00e0y x\u00e2y d\u1ef1ng d\u00e2n d\u1ee5ng v\u00e0 c\u00f4ng nghi\u1ec7p : Gio\u0103ng c\u1eeda, gio\u0103ng c\u1eeda s\u1ed5\u2026. Ch\u00fang t\u00f4i t\u1ef1 h\u00e0o l\u00e0 nh\u00e0 ph\u00e2n ph\u1ed1i ch\u00ednh th\u1ee9c c\u00e1c s\u1ea3n ph\u1ea9m c\u1ee7a c\u00e1c h\u00e3ng s\u1ea3n xu\u1ea5t h\u00e0ng \u0111\u1ea7u c\u1ee7a Nh\u1eadt B\u1ea3n : Tokyo Diamond Tools Mfg. Co., Ltd v\u00e0 Th\u1ee5y \u0110i\u1ec3n : Seco Tools. Ngo\u00e0i ra, ch\u00fang t\u00f4i c\u00f2n l\u00e0 \u0111\u1ed1i t\u00e1c tin c\u1eady v\u00e0 cung c\u1ea5p c\u00e1c s\u1ea3n ph\u1ea9m c\u1ee7a c\u00e1c h\u00e3ng cung c\u1ea5p c\u00e1c d\u1ee5ng c\u1ee5 gia c\u00f4ng v\u00e0 thi\u1ebft b\u1ecb c\u00f4ng nghi\u1ec7p h\u00e0ng \u0111\u1ea7u nh\u01b0: Mitutoyo, Insize, Issoku, Fanuc, Vertex, &#8230;.<\/p>\n<p><img loading=\"lazy\" decoding=\"async\" class=\"aligncenter size-full wp-image-463\" src=\"https:\/\/demoweb.company\/fujiseikotech\/wp-content\/uploads\/2024\/10\/Picture2.png\" alt=\"\" width=\"1158\" height=\"764\" srcset=\"https:\/\/demoweb.company\/fujiseikotech\/wp-content\/uploads\/2024\/10\/Picture2.png 1158w, https:\/\/demoweb.company\/fujiseikotech\/wp-content\/uploads\/2024\/10\/Picture2-300x198.png 300w, https:\/\/demoweb.company\/fujiseikotech\/wp-content\/uploads\/2024\/10\/Picture2-1024x676.png 1024w, https:\/\/demoweb.company\/fujiseikotech\/wp-content\/uploads\/2024\/10\/Picture2-768x507.png 768w, https:\/\/demoweb.company\/fujiseikotech\/wp-content\/uploads\/2024\/10\/Picture2-600x396.png 600w\" sizes=\"auto, (max-width: 1158px) 100vw, 1158px\" \/><\/p>\n<p><img loading=\"lazy\" decoding=\"async\" class=\"size-full wp-image-462 aligncenter\" src=\"https:\/\/demoweb.company\/fujiseikotech\/wp-content\/uploads\/2024\/10\/Picture1.png\" alt=\"\" width=\"607\" height=\"651\" srcset=\"https:\/\/demoweb.company\/fujiseikotech\/wp-content\/uploads\/2024\/10\/Picture1.png 607w, https:\/\/demoweb.company\/fujiseikotech\/wp-content\/uploads\/2024\/10\/Picture1-280x300.png 280w, https:\/\/demoweb.company\/fujiseikotech\/wp-content\/uploads\/2024\/10\/Picture1-600x643.png 600w\" sizes=\"auto, (max-width: 607px) 100vw, 607px\" \/><\/p>\n<ul>\n<li><strong><span id=\"page1R_mcid25\"><span dir=\"ltr\" role=\"presentation\">V\u0103n ph\u00f2ng<\/span> <span dir=\"ltr\" role=\"presentation\">:<\/span> <span dir=\"ltr\" role=\"presentation\">L<\/span><span dir=\"ltr\" role=\"presentation\">12- L15 K<\/span><span dir=\"ltr\" role=\"presentation\">\u0110<\/span><span dir=\"ltr\" role=\"presentation\">T D\u01b0\u01a1ng N\u1ed9i,<\/span> <span dir=\"ltr\" role=\"presentation\">Ph\u01b0\u1eddng<\/span> <span dir=\"ltr\" role=\"presentation\">La Kh\u00ea,<\/span> <span dir=\"ltr\" role=\"presentation\">Qu\u1eadn<\/span> <span dir=\"ltr\" role=\"presentation\">H\u00e0 <\/span><span dir=\"ltr\" role=\"presentation\">\u0110\u00f4ng.<\/span><\/span><\/strong><\/li>\n<li><strong><span id=\"page1R_mcid26\"><span dir=\"ltr\" role=\"presentation\">Nh\u00e0 m\u00e1y<\/span><span dir=\"ltr\" role=\"presentation\">:<\/span> <span dir=\"ltr\" role=\"presentation\">L<\/span><span dir=\"ltr\" role=\"presentation\">\u00f4<\/span> <span dir=\"ltr\" role=\"presentation\">C8-C9,<\/span> <span dir=\"ltr\" role=\"presentation\">KCN \u0110\u00ecnh Tr\u00e1m,<\/span> <span dir=\"ltr\" role=\"presentation\">X\u00e3 H\u1ed3ng Th\u00e1i, th\u1ecb tr\u1ea5n <\/span><span dir=\"ltr\" role=\"presentation\">N\u1ebfnh, th\u1ecb x\u00e3 Vi\u1ec7t Y\u00ean, t\u1ec9nh B\u1eafc Giang<\/span><\/span><\/strong><\/li>\n<li><strong><span id=\"page1R_mcid27\"><span dir=\"ltr\" role=\"presentation\">Tel:<\/span> <span dir=\"ltr\" role=\"presentation\">+84<\/span> <span dir=\"ltr\" role=\"presentation\">36 992 6565<\/span> <\/span><\/strong><\/li>\n<li><strong><span id=\"page1R_mcid27\"><span dir=\"ltr\" role=\"presentation\">Email: FujiSeiko.tech01@gmail.com<\/span><\/span><\/strong><\/li>\n<\/ul>\n\n\t\t<\/div>\n\t\t\t\t\t<\/div>\n\n\t\n\n<\/div>\n\n","protected":false},"excerpt":{"rendered":"","protected":false},"author":1,"featured_media":0,"parent":0,"menu_order":0,"comment_status":"closed","ping_status":"closed","template":"page-blank.php","meta":{"footnotes":""},"class_list":["post-14","page","type-page","status-publish","hentry"],"_links":{"self":[{"href":"https:\/\/demoweb.company\/fujiseikotech\/wp-json\/wp\/v2\/pages\/14","targetHints":{"allow":["GET"]}}],"collection":[{"href":"https:\/\/demoweb.company\/fujiseikotech\/wp-json\/wp\/v2\/pages"}],"about":[{"href":"https:\/\/demoweb.company\/fujiseikotech\/wp-json\/wp\/v2\/types\/page"}],"author":[{"embeddable":true,"href":"https:\/\/demoweb.company\/fujiseikotech\/wp-json\/wp\/v2\/users\/1"}],"replies":[{"embeddable":true,"href":"https:\/\/demoweb.company\/fujiseikotech\/wp-json\/wp\/v2\/comments?post=14"}],"version-history":[{"count":2,"href":"https:\/\/demoweb.company\/fujiseikotech\/wp-json\/wp\/v2\/pages\/14\/revisions"}],"predecessor-version":[{"id":477,"href":"https:\/\/demoweb.company\/fujiseikotech\/wp-json\/wp\/v2\/pages\/14\/revisions\/477"}],"wp:attachment":[{"href":"https:\/\/demoweb.company\/fujiseikotech\/wp-json\/wp\/v2\/media?parent=14"}],"curies":[{"name":"wp","href":"https:\/\/api.w.org\/{rel}","templated":true}]}}