{"id":329,"date":"2024-06-15T07:03:36","date_gmt":"2024-06-15T07:03:36","guid":{"rendered":"https:\/\/demoweb.company\/huykhanh2\/?post_type=product&#038;p=329"},"modified":"2024-10-09T22:17:28","modified_gmt":"2024-10-09T15:17:28","slug":"san-pham-demo-12","status":"publish","type":"product","link":"https:\/\/demoweb.company\/fujiseikotech\/san-pham\/san-pham-demo-12\/","title":{"rendered":"S\u1ea3n ph\u1ea9m FujiSeiko demo 12"},"content":{"rendered":"<p><strong>M\u1ee5c \u0111\u00edch<\/strong>\u00a0:<\/p>\n<p>D\u00f2ng ph\u1ec5u n\u00e0y \u0111\u01b0\u1ee3c s\u1eed d\u1ee5ng \u0111\u1ec3 l\u01b0u tr\u1eef, v\u1eadn chuy\u1ec3n v\u00e0 tr\u1ed9n c\u00e1c v\u1eadt li\u1ec7u r\u1eddi trong d\u01b0\u1ee3c ph\u1ea9m, h\u00f3a ch\u1ea5t, th\u1ef1c ph\u1ea9m v\u00e0 c\u00e1c ng\u00e0nh c\u00f4ng nghi\u1ec7p kh\u00e1c trong c\u00e1c ho\u1ea1t \u0111\u1ed9ng kh\u00e1c nhau. D\u00f2ng ph\u1ec5u LDF \u0111\u01b0\u1ee3c s\u1eed d\u1ee5ng trong m\u00e1y tr\u1ed9n k\u1eb9p d\u00f2ng HFD, d\u00f2ng ph\u1ec5u LDT \u0111\u01b0\u1ee3c s\u1eed d\u1ee5ng trong m\u00e1y tr\u1ed9n ph\u1ec5u n\u00e2ng d\u00f2ng HLT v\u00e0 d\u00f2ng ph\u1ec5u LD \u0111\u01b0\u1ee3c s\u1eed d\u1ee5ng \u0111\u1ec3 v\u1eadn chuy\u1ec3n v\u00e0 l\u01b0u tr\u1eef v\u1eadt li\u1ec7u. M\u1ed7i lo\u1ea1t ph\u1ec5u c\u00f3 th\u1ec3 \u0111\u01b0\u1ee3c thi\u1ebft k\u1ebf v\u00e0 x\u1eed l\u00fd \u0111\u1ec3 \u0111\u00e1p \u1ee9ng c\u00e1c y\u00eau c\u1ea7u x\u1ebfp ch\u1ed3ng v\u00e0 gi\u1ea3m di\u1ec7n t\u00edch x\u1eed l\u00fd.<\/p>\n<p><strong>\u0110\u1eb7c \u0111i\u1ec3m:<\/strong><\/p>\n<p><strong><br \/>\n<\/strong>\u3000\u3000D\u00f2ng ph\u1ec5u \u0111\u01b0\u1ee3c thi\u1ebft k\u1ebf c\u00f3 dung t\u00edch t\u1eeb 100L \u0111\u1ebfn 2000L, ph\u00f9 h\u1ee3p v\u1edbi y\u00eau c\u1ea7u x\u1eed l\u00fd \u0111a m\u1ee5c \u0111\u00edch c\u1ee7a kh\u00e1ch h\u00e0ng. Ph\u1ec5u c\u00f3 th\u1ec3 \u0111\u01b0\u1ee3c thi\u1ebft k\u1ebf \u0111\u1ec3 n\u00e2ng l\u00ean b\u1eb1ng thang m\u00e1y v\u00e0 xe n\u00e2ng, ho\u1eb7c th\u1ef1c hi\u1ec7n th\u1ee7 c\u00f4ng; n\u00f3 c\u0169ng c\u00f3 th\u1ec3 \u0111\u01b0\u1ee3c s\u1eed d\u1ee5ng cho c\u00e1c ho\u1ea1t \u0111\u1ed9ng l\u00e0m s\u1ea1ch v\u00e0 s\u1ea5y kh\u00f4 trong tr\u1ea1m l\u00e0m s\u1ea1ch ph\u1ec5u ho\u1eb7c tr\u1ea1m l\u00e0m s\u1ea1ch v\u00e0 s\u1ea5y kh\u00f4 ph\u1ec5u.<\/p>\n<p>Ph\u1ec5u c\u00f3 c\u1ea5u tr\u00fac c\u01b0\u1eddng \u0111\u1ed9 cao, chuy\u1ec3n ti\u1ebfp v\u00f2ng cung l\u1edbn kh\u00f4ng c\u00f3 ng\u00f5 c\u1ee5t v\u00e0 kh\u00f4ng c\u00f3 s\u1ef1 chuy\u1ec3n ti\u1ebfp nghi\u00eang c\u1ee7a v\u1eadt li\u1ec7u d\u01b0; n\u1eafp \u0111\u1ea7u v\u00e0o \u0111\u01b0\u1ee3c b\u1ecbt k\u00edn b\u1eb1ng cao su silicon v\u00e0 \u0111\u1ea7u ra \u0111\u01b0\u1ee3c trang b\u1ecb van b\u01b0\u1edbm b\u1ecbt \u200b\u200bk\u00edn b\u1eb1ng silicon. thi\u1ebft k\u1ebf tu\u00e2n th\u1ee7 c\u00e1c y\u00eau c\u1ea7u c\u1ee7a FDA.<br \/>\nPh\u1ec5u \u0111\u01b0\u1ee3c l\u00e0m b\u1eb1ng th\u00e9p kh\u00f4ng g\u1ec9 ch\u1ea5t l\u01b0\u1ee3ng cao v\u1edbi c\u00e1c m\u1ed1i h\u00e0n m\u1ecbn v\u00e0 b\u1ec1 m\u1eb7t b\u00ean trong \u0111\u01b0\u1ee3c \u0111\u00e1nh b\u00f3ng m\u1ecbn. Ph\u1ec5u \u0111\u1eb7c bi\u1ec7t c\u00f3 th\u1ec3 \u0111\u01b0\u1ee3c thi\u1ebft k\u1ebf v\u00e0 s\u1ea3n xu\u1ea5t theo y\u00eau c\u1ea7u c\u1ee7a kh\u00e1ch h\u00e0ng.<\/p>\n<p><strong>C\u00e1c th\u00f4ng s\u1ed1 k\u1ef9 thu\u1eadt:<\/strong><\/p>\n<p><img loading=\"lazy\" decoding=\"async\" class=\"aligncenter wp-image-331\" src=\"https:\/\/demoweb.company\/huykhanh2\/wp-content\/uploads\/2024\/06\/1812121115848.jpg\" alt=\"\" width=\"900\" height=\"1490\" srcset=\"https:\/\/demoweb.company\/fujiseikotech\/wp-content\/uploads\/2024\/06\/1812121115848.jpg 700w, https:\/\/demoweb.company\/fujiseikotech\/wp-content\/uploads\/2024\/06\/1812121115848-181x300.jpg 181w, https:\/\/demoweb.company\/fujiseikotech\/wp-content\/uploads\/2024\/06\/1812121115848-618x1024.jpg 618w, https:\/\/demoweb.company\/fujiseikotech\/wp-content\/uploads\/2024\/06\/1812121115848-600x993.jpg 600w\" sizes=\"auto, (max-width: 900px) 100vw, 900px\" \/><\/p>\n","protected":false},"excerpt":{"rendered":"<p>M\u1ee5c \u0111\u00edch\u00a0: D\u00f2ng ph\u1ec5u n\u00e0y \u0111\u01b0\u1ee3c s\u1eed d\u1ee5ng \u0111\u1ec3 l\u01b0u tr\u1eef, v\u1eadn chuy\u1ec3n v\u00e0 tr\u1ed9n c\u00e1c v\u1eadt li\u1ec7u r\u1eddi trong d\u01b0\u1ee3c ph\u1ea9m, h\u00f3a ch\u1ea5t, th\u1ef1c ph\u1ea9m v\u00e0 c\u00e1c ng\u00e0nh c\u00f4ng nghi\u1ec7p kh\u00e1c trong c\u00e1c ho\u1ea1t \u0111\u1ed9ng kh\u00e1c nhau. D\u00f2ng ph\u1ec5u LDF \u0111\u01b0\u1ee3c s\u1eed d\u1ee5ng trong m\u00e1y tr\u1ed9n k\u1eb9p d\u00f2ng HFD, d\u00f2ng ph\u1ec5u LDT \u0111\u01b0\u1ee3c s\u1eed&#8230;<\/p>\n","protected":false},"featured_media":419,"comment_status":"open","ping_status":"closed","template":"","meta":[],"product_cat":[17,41,40,39,43,42,44],"product_tag":[],"class_list":["post-329","product","type-product","status-publish","has-post-thumbnail","hentry","product_cat-chua-phan-loai","product_cat-chip-cat","product_cat-da-mai","product_cat-gioang-cao-su","product_cat-jig-ga-thiet-bi-do-kiem","product_cat-phu-tung-thiet-bi-san-xuat","product_cat-san-pham-khac"],"_links":{"self":[{"href":"https:\/\/demoweb.company\/fujiseikotech\/wp-json\/wp\/v2\/product\/329","targetHints":{"allow":["GET"]}}],"collection":[{"href":"https:\/\/demoweb.company\/fujiseikotech\/wp-json\/wp\/v2\/product"}],"about":[{"href":"https:\/\/demoweb.company\/fujiseikotech\/wp-json\/wp\/v2\/types\/product"}],"replies":[{"embeddable":true,"href":"https:\/\/demoweb.company\/fujiseikotech\/wp-json\/wp\/v2\/comments?post=329"}],"wp:featuredmedia":[{"embeddable":true,"href":"https:\/\/demoweb.company\/fujiseikotech\/wp-json\/wp\/v2\/media\/419"}],"wp:attachment":[{"href":"https:\/\/demoweb.company\/fujiseikotech\/wp-json\/wp\/v2\/media?parent=329"}],"wp:term":[{"taxonomy":"product_cat","embeddable":true,"href":"https:\/\/demoweb.company\/fujiseikotech\/wp-json\/wp\/v2\/product_cat?post=329"},{"taxonomy":"product_tag","embeddable":true,"href":"https:\/\/demoweb.company\/fujiseikotech\/wp-json\/wp\/v2\/product_tag?post=329"}],"curies":[{"name":"wp","href":"https:\/\/api.w.org\/{rel}","templated":true}]}}