{"id":332,"date":"2024-06-15T07:08:04","date_gmt":"2024-06-15T07:08:04","guid":{"rendered":"https:\/\/demoweb.company\/huykhanh2\/?post_type=product&#038;p=332"},"modified":"2024-10-09T22:17:21","modified_gmt":"2024-10-09T15:17:21","slug":"san-pham-demo-11","status":"publish","type":"product","link":"https:\/\/demoweb.company\/fujiseikotech\/san-pham\/san-pham-demo-11\/","title":{"rendered":"S\u1ea3n ph\u1ea9m FujiSeiko demo 11"},"content":{"rendered":"<h3>S\u1eed d\u1ee5ng:<\/h3>\n<p style=\"font-weight: 400;\">D\u00e2y chuy\u1ec1n l\u00e0m s\u1ea1ch ph\u1ec5u d\u00f2ng QDX\u00a0ch\u1ee7 y\u1ebfu \u0111\u01b0\u1ee3c s\u1eed d\u1ee5ng \u0111\u1ec3 l\u00e0m s\u1ea1ch c\u00e1c lo\u1ea1i ph\u1ec5u \u0111\u1ef1ng thu\u1ed1c\u00a0kh\u00e1c nhau . N\u00f3 c\u00f3 th\u1ec3 lo\u1ea1i b\u1ecf hi\u1ec7u qu\u1ea3 c\u00e1c ch\u1ea5t l\u1ea1 c\u00f2n s\u00f3t l\u1ea1i tr\u00ean b\u1ec1 m\u1eb7t b\u00ean trong v\u00e0 b\u00ean ngo\u00e0i c\u1ee7a ph\u1ec5u v\u00e0 ng\u0103n ng\u1eeba l\u00e2y nhi\u1ec5m ch\u00e9o do ph\u1ec5u g\u00e2y ra trong qu\u00e1 tr\u00ecnh s\u1ea3n xu\u1ea5t d\u01b0\u1ee3c ph\u1ea9m.\u00a0D\u00f2ng s\u1ea3n ph\u1ea9m n\u00e0y c\u00f3 th\u1ec3\u00a0r\u00fat ng\u1eafn qu\u00e1 tr\u00ecnh l\u00e0m s\u1ea1ch ph\u1ec5u xu\u1ed1ng c\u00f2n\u00a010 ph\u00fat m\u1ed7i\u00a0chi\u1ebfc v\u00e0 \u0111\u1eb7c bi\u1ec7t ph\u00f9 h\u1ee3p v\u1edbi c\u00e1c c\u00f4ng ty d\u01b0\u1ee3c ph\u1ea9m s\u1eed d\u1ee5ng s\u1ed1 l\u01b0\u1ee3ng l\u1edbn ph\u1ec5u.<\/p>\n<h3 style=\"font-weight: 400;\">\u00a0 \u00a0nguy\u00ean t\u1eafc l\u00e0m vi\u1ec7c:<\/h3>\n<p>B\u1ed1n tr\u1ea1m ch\u1ecbu tr\u00e1ch nhi\u1ec7m l\u00e0m s\u1ea1ch\u00a0, s\u1ea5y s\u01a1 b\u1ed9, s\u1ea5y kh\u00f4 v\u00e0 l\u00e0m m\u00e1t t\u01b0\u01a1ng \u1ee9ng.\u00a0\u0110\u1ea9y th\u1ee7 c\u00f4ng ph\u1ec5u c\u1ea7n l\u00e0m s\u1ea1ch v\u00e0o ph\u00f2ng v\u1ec7 sinh, \u0111\u00f3ng c\u1eeda l\u1ea1i, b\u01a1m ph\u1ed3ng v\u00e0 b\u1ecbt k\u00edn. B\u00f3ng l\u00e0m s\u1ea1ch b\u00ean trong h\u1ea1 xu\u1ed1ng \u0111\u1ec3 l\u00e0m s\u1ea1ch b\u00ean trong ph\u1ec5u; m\u1ed9t v\u00f2ng tr\u00f2n\u00a0c\u00e1c v\u00f2i l\u00e0m s\u1ea1ch b\u00ean ngo\u00e0i \u0111\u01b0\u1ee3c b\u1ed1 tr\u00ed theo m\u00f4 h\u00ecnh \u0111\u1eb7c bi\u1ec7t v\u00e0 l\u00ean xu\u1ed1ng \u0111\u1ec3 x\u1ea3 th\u00e0nh ngo\u00e0i c\u1ee7a ph\u1ec5u;\u00a0b\u00f3ng l\u00e0m s\u1ea1ch ph\u00eda d\u01b0\u1edbi l\u00e0m s\u1ea1ch c\u1ed5ng x\u1ea3. Khi\u00a0ph\u1ec5u \u0111\u1ea7u ti\u00ean\u00a0\u0111\u01b0\u1ee3c l\u00e0m s\u1ea1ch,\u00a0xe\u00a0AGV s\u1ebd t\u1ef1 \u0111\u1ed9ng \u0111i v\u00e0o ph\u00f2ng v\u1ec7 sinh t\u1eeb ph\u00f2ng l\u00e0m m\u00e1t v\u00e0\u00a0v\u1eadn chuy\u1ec3n ph\u1ec5u \u0111\u1ebfn ph\u00f2ng l\u00e0m n\u00f3ng s\u01a1 b\u1ed9. Sau khi ph\u1ec5u th\u1ee9 nh\u1ea5t \u0111i v\u00e0o bu\u1ed3ng gia nhi\u1ec7t tr\u01b0\u1edbc, ph\u1ec5u\u00a0th\u1ee9 hai\u00a0\u00a0M\u1ed9t ph\u1ec5u c\u00f3 th\u1ec3 v\u00e0o ph\u00f2ng v\u1ec7 sinh, v.v., c\u00f3 th\u1ec3 l\u00e0m s\u1ea1ch v\u00e0 s\u1ea5y kh\u00f4 t\u1ed1i \u0111a\u00a0b\u1ed1n\u00a0ph\u1ec5u c\u00f9ng m\u1ed9t l\u00fac. Kh\u00f4ng kh\u00ed n\u00f3ng s\u1ea5y \u0111\u01b0\u1ee3c l\u1ecdc qua ba c\u1ea5p \u0111\u1ed9\u00a0\u0111\u1ec3 \u0111\u00e1p \u1ee9ng y\u00eau c\u1ea7u v\u1ec1 \u0111\u1ed9 s\u1ea1ch. Vi\u1ec7c c\u00e1ch ly t\u1eebng m\u00e1y tr\u1ea1m v\u00e0 ho\u1ea1t \u0111\u1ed9ng c\u1ee7a t\u00e0u con thoi \u0111\u01b0\u1ee3c\u00a0\u0111i\u1ec1u khi\u1ec3n t\u1ef1 \u0111\u1ed9ng b\u1edfi b\u1ed9 \u0111i\u1ec1u khi\u1ec3n PLC\u00a0theo quy tr\u00ecnh v\u1eadn h\u00e0nh \u0111\u00e3 \u0111\u1eb7t tr\u01b0\u1edbc.\u00a0Quy tr\u00ecnh thi\u1ebft k\u1ebf v\u00e0 s\u1ea3n xu\u1ea5t thi\u1ebft b\u1ecb tu\u00e2n th\u1ee7 phi\u00ean b\u1ea3n m\u1edbi hi\u1ec7n h\u00e0nh\u00a0c\u1ee7a th\u00f4ng s\u1ed1 k\u1ef9 thu\u1eadt cGMP\u00a0.<\/p>\n<h3>\u0110\u1eb7c tr\u01b0ng:<\/h3>\n<ul>\n<li>C\u1ea5u tr\u00fac b\u1ed1n tr\u1ea1m, ph\u00e2n chia th\u1eddi gian l\u00e0m vi\u1ec7c h\u1ee3p l\u00fd v\u00e0 n\u00e2ng cao hi\u1ec7u qu\u1ea3 c\u00f4ng vi\u1ec7c\u00a0;<\/li>\n<li>Ph\u00e2n ph\u1ed1i b\u1ed1n tr\u1ea1m tr\u00e1nh l\u00e0m n\u00f3ng ph\u00f2ng s\u1ea5y theo chu k\u1ef3 v\u00e0 ti\u1ebft ki\u1ec7m n\u0103ng l\u01b0\u1ee3ng\u00a0;<\/li>\n<li>C\u1ea5u tr\u00fac m\u00f4-\u0111un, d\u1ec5 v\u1eadn chuy\u1ec3n v\u00e0 l\u1eafp \u0111\u1eb7t\u00a0;<\/li>\n<li>L\u00e0m s\u1ea1ch ho\u00e0n to\u00e0n t\u1ef1 \u0111\u1ed9ng,\u00a0\u0111i\u1ec1u khi\u1ec3n kh\u00f4ng d\u00e2y tr\u00ean xe\u00a0AGV\u00a0;<\/li>\n<li>Khoang b\u00ean trong \u0111\u01b0\u1ee3c l\u00e0m b\u1eb1ng th\u00e9p kh\u00f4ng g\u1ec9 v\u00e0 kh\u00f4ng c\u00f3 g\u00f3c ch\u1ebft \u0111\u1ec3 v\u1ec7 sinh\u00a0;<\/li>\n<li>D\u1eef li\u1ec7u c\u00f3 th\u1ec3 \u0111\u01b0\u1ee3c truy t\u00ecm v\u00e0 qu\u00e1 tr\u00ecnh c\u00f3 th\u1ec3 \u0111\u01b0\u1ee3c x\u00e1c minh.<\/li>\n<\/ul>\n<p><img loading=\"lazy\" decoding=\"async\" class=\"aligncenter size-full wp-image-334\" src=\"https:\/\/demoweb.company\/huykhanh2\/wp-content\/uploads\/2024\/06\/1906221556860.jpg\" alt=\"\" width=\"720\" height=\"252\" srcset=\"https:\/\/demoweb.company\/fujiseikotech\/wp-content\/uploads\/2024\/06\/1906221556860.jpg 720w, https:\/\/demoweb.company\/fujiseikotech\/wp-content\/uploads\/2024\/06\/1906221556860-300x105.jpg 300w, https:\/\/demoweb.company\/fujiseikotech\/wp-content\/uploads\/2024\/06\/1906221556860-600x210.jpg 600w\" sizes=\"auto, (max-width: 720px) 100vw, 720px\" \/><\/p>\n","protected":false},"excerpt":{"rendered":"<p>S\u1eed d\u1ee5ng: D\u00e2y chuy\u1ec1n l\u00e0m s\u1ea1ch ph\u1ec5u d\u00f2ng QDX\u00a0ch\u1ee7 y\u1ebfu \u0111\u01b0\u1ee3c s\u1eed d\u1ee5ng \u0111\u1ec3 l\u00e0m s\u1ea1ch c\u00e1c lo\u1ea1i ph\u1ec5u \u0111\u1ef1ng thu\u1ed1c\u00a0kh\u00e1c nhau . N\u00f3 c\u00f3 th\u1ec3 lo\u1ea1i b\u1ecf hi\u1ec7u qu\u1ea3 c\u00e1c ch\u1ea5t l\u1ea1 c\u00f2n s\u00f3t l\u1ea1i tr\u00ean b\u1ec1 m\u1eb7t b\u00ean trong v\u00e0 b\u00ean ngo\u00e0i c\u1ee7a ph\u1ec5u v\u00e0 ng\u0103n ng\u1eeba l\u00e2y nhi\u1ec5m ch\u00e9o do ph\u1ec5u g\u00e2y&#8230;<\/p>\n","protected":false},"featured_media":419,"comment_status":"open","ping_status":"closed","template":"","meta":[],"product_cat":[17,41,40,39,43,42,44],"product_tag":[],"class_list":["post-332","product","type-product","status-publish","has-post-thumbnail","hentry","product_cat-chua-phan-loai","product_cat-chip-cat","product_cat-da-mai","product_cat-gioang-cao-su","product_cat-jig-ga-thiet-bi-do-kiem","product_cat-phu-tung-thiet-bi-san-xuat","product_cat-san-pham-khac"],"_links":{"self":[{"href":"https:\/\/demoweb.company\/fujiseikotech\/wp-json\/wp\/v2\/product\/332","targetHints":{"allow":["GET"]}}],"collection":[{"href":"https:\/\/demoweb.company\/fujiseikotech\/wp-json\/wp\/v2\/product"}],"about":[{"href":"https:\/\/demoweb.company\/fujiseikotech\/wp-json\/wp\/v2\/types\/product"}],"replies":[{"embeddable":true,"href":"https:\/\/demoweb.company\/fujiseikotech\/wp-json\/wp\/v2\/comments?post=332"}],"wp:featuredmedia":[{"embeddable":true,"href":"https:\/\/demoweb.company\/fujiseikotech\/wp-json\/wp\/v2\/media\/419"}],"wp:attachment":[{"href":"https:\/\/demoweb.company\/fujiseikotech\/wp-json\/wp\/v2\/media?parent=332"}],"wp:term":[{"taxonomy":"product_cat","embeddable":true,"href":"https:\/\/demoweb.company\/fujiseikotech\/wp-json\/wp\/v2\/product_cat?post=332"},{"taxonomy":"product_tag","embeddable":true,"href":"https:\/\/demoweb.company\/fujiseikotech\/wp-json\/wp\/v2\/product_tag?post=332"}],"curies":[{"name":"wp","href":"https:\/\/api.w.org\/{rel}","templated":true}]}}