{"id":338,"date":"2024-06-15T07:12:05","date_gmt":"2024-06-15T07:12:05","guid":{"rendered":"https:\/\/demoweb.company\/huykhanh2\/?post_type=product&#038;p=338"},"modified":"2024-10-09T22:17:06","modified_gmt":"2024-10-09T15:17:06","slug":"san-pham-demo-09","status":"publish","type":"product","link":"https:\/\/demoweb.company\/fujiseikotech\/san-pham\/san-pham-demo-09\/","title":{"rendered":"S\u1ea3n ph\u1ea9m FujiSeiko demo 09"},"content":{"rendered":"<h3><strong>C\u00e1ch s\u1eed d\u1ee5ng<\/strong>\u00a0:<\/h3>\n<p>M\u00e1y l\u00e0m s\u1ea1ch di \u0111\u1ed9ng d\u00f2ng QY\/QZ ch\u1ee7 y\u1ebfu \u0111\u01b0\u1ee3c s\u1eed d\u1ee5ng \u0111\u1ec3 l\u00e0m s\u1ea1ch th\u00f9ng ch\u1ee9a ho\u1eb7c thi\u1ebft b\u1ecb c\u1ed1 \u0111\u1ecbnh, thi\u1ebft b\u1ecb quy m\u00f4 l\u1edbn kh\u00f4ng thu\u1eadn ti\u1ec7n khi di chuy\u1ec3n v\u00e0 th\u00e1o r\u1eddi trong s\u1ea3n xu\u1ea5t ch\u1ebf ph\u1ea9m r\u1eafn trong ng\u00e0nh d\u01b0\u1ee3c ph\u1ea9m. th\u00edch h\u1ee3p \u0111\u1ec3 x\u1ea3 v\u00e0 l\u00e0m s\u1ea1ch c\u00e1c v\u1eadt d\u1ee5ng, thi\u1ebft b\u1ecb c\u1ea7n l\u00e0m s\u1ea1ch. M\u00e1y n\u00e0y c\u0169ng c\u00f3 th\u1ec3 \u0111\u01b0\u1ee3c s\u1eed d\u1ee5ng \u0111\u1ec3 l\u00e0m s\u1ea1ch c\u00e1c ho\u1ea1t \u0111\u1ed9ng trong ng\u00e0nh c\u00f4ng nghi\u1ec7p th\u1ef1c ph\u1ea9m v\u00e0 h\u00f3a ch\u1ea5t.<\/p>\n<h3><strong>\u0110\u1eb7c \u0111i\u1ec3m:<\/strong><\/h3>\n<p><strong><br \/>\n<\/strong>\u3000\u3000M\u00e1y l\u00e0m s\u1ea1ch di \u0111\u1ed9ng l\u00e0 m\u1ed9t m\u00e1y \u0111\u01a1n c\u00f3 b\u1ed1n c\u1eeda v\u00e0o v\u00e0 hai c\u1eeda ra (\u2460 r\u1eeda b\u00ean trong, \u0111\u01b0\u1ee3c trang b\u1ecb b\u00f3ng l\u00e0m s\u1ea1ch xoay 360 \u0111\u1ed9 \u0111\u1ec3 l\u00e0m s\u1ea1ch b\u1ec1 m\u1eb7t b\u00ean trong c\u1ee7a ph\u1ec5u; \u2461 r\u1eeda b\u00ean ngo\u00e0i, \u0111\u01b0\u1ee3c trang b\u1ecb n\u01b0\u1edbc \u00e1p l\u1ef1c cao s\u00fang t\u1ef1 l\u00e0m s\u1ea1ch b\u00ean ngo\u00e0i b\u1ec1 m\u1eb7t ph\u1ec5u); ph\u00eda d\u01b0\u1edbi \u0111\u01b0\u1ee3c trang b\u1ecb b\u00e1nh xe \u0111\u1ec3 di chuy\u1ec3n d\u1ec5 d\u00e0ng; h\u1ec7 th\u1ed1ng \u0111i\u1ec1u khi\u1ec3n c\u00f3 2 l\u1ef1a ch\u1ecdn: n\u00fat b\u1ea5m, \u0111i\u1ec1u khi\u1ec3n r\u01a1le v\u00e0 \u0111i\u1ec1u khi\u1ec3n b\u1eb1ng m\u00e0n h\u00ecnh c\u1ea3m \u1ee9ng PLC. Thi\u1ebft b\u1ecb \u0111\u01b0\u1ee3c thi\u1ebft k\u1ebf v\u00e0 s\u1ea3n xu\u1ea5t tu\u00e2n th\u1ee7 phi\u00ean b\u1ea3n m\u1edbi nh\u1ea5t c\u1ee7a y\u00eau c\u1ea7u GMP.<\/p>\n<h3><strong>Nguy\u00ean l\u00fd l\u00e0m vi\u1ec7c:<\/strong><\/h3>\n<p>M\u00e1y g\u1ed3m c\u00f3 th\u00e2n h\u1ed9p, b\u01a1m tr\u1ee5c \u0111\u1ee9ng nhi\u1ec1u t\u1ea7ng, van kh\u00ed n\u00e9n, h\u1ec7 th\u1ed1ng \u0111i\u1ec1u khi\u1ec3n b\u1eb1ng kh\u00ed n\u00e9n, h\u1ec7 th\u1ed1ng \u0111i\u1ec1u khi\u1ec3n \u0111i\u1ec7n, v.v. Khi l\u00e0m vi\u1ec7c, h\u00e3y m\u1edf n\u1eafp ph\u1ec5u tr\u1ed9n, th\u00f9ng v\u00e0 c\u00e1c th\u00f9ng ch\u1ee9a kh\u00e1c c\u1ea7n l\u00e0m s\u1ea1ch v\u00e0 \u0111\u1eb7t n\u1eafp c\u00f3 trang b\u1ecb v\u00f2i quay l\u00e0m s\u1ea1ch v\u00e0o. H\u00e3y chu\u1ea9n b\u1ecb \u0111\u1ec3 l\u00e0m s\u1ea1ch. \u0110\u1eb7t ch\u01b0\u01a1ng tr\u00ecnh l\u00e0m s\u1ea1ch v\u00e0 th\u1eddi gian l\u00e0m s\u1ea1ch theo y\u00eau c\u1ea7u c\u1ee7a quy tr\u00ecnh. Sau khi x\u00e1c nh\u1eadn, l\u00e0m s\u1ea1ch b\u1ec1 m\u1eb7t b\u00ean trong theo ch\u01b0\u01a1ng tr\u00ecnh \u0111\u00e3 \u0111\u1eb7t. B\u1ec1 m\u1eb7t b\u00ean ngo\u00e0i c\u1ee7a th\u00f9ng ch\u1ee9a \u0111\u01b0\u1ee3c l\u00e0m s\u1ea1ch th\u1ee7 c\u00f4ng b\u1eb1ng s\u00fang n\u01b0\u1edbc \u00e1p su\u1ea5t cao.<\/p>\n<p><img loading=\"lazy\" decoding=\"async\" class=\"aligncenter size-full wp-image-339\" src=\"https:\/\/demoweb.company\/huykhanh2\/wp-content\/uploads\/2024\/06\/1812121424335.jpg\" alt=\"\" width=\"700\" height=\"342\" srcset=\"https:\/\/demoweb.company\/fujiseikotech\/wp-content\/uploads\/2024\/06\/1812121424335.jpg 700w, https:\/\/demoweb.company\/fujiseikotech\/wp-content\/uploads\/2024\/06\/1812121424335-300x147.jpg 300w, https:\/\/demoweb.company\/fujiseikotech\/wp-content\/uploads\/2024\/06\/1812121424335-600x293.jpg 600w\" sizes=\"auto, (max-width: 700px) 100vw, 700px\" \/><\/p>\n","protected":false},"excerpt":{"rendered":"<p>C\u00e1ch s\u1eed d\u1ee5ng\u00a0: M\u00e1y l\u00e0m s\u1ea1ch di \u0111\u1ed9ng d\u00f2ng QY\/QZ ch\u1ee7 y\u1ebfu \u0111\u01b0\u1ee3c s\u1eed d\u1ee5ng \u0111\u1ec3 l\u00e0m s\u1ea1ch th\u00f9ng ch\u1ee9a ho\u1eb7c thi\u1ebft b\u1ecb c\u1ed1 \u0111\u1ecbnh, thi\u1ebft b\u1ecb quy m\u00f4 l\u1edbn kh\u00f4ng thu\u1eadn ti\u1ec7n khi di chuy\u1ec3n v\u00e0 th\u00e1o r\u1eddi trong s\u1ea3n xu\u1ea5t ch\u1ebf ph\u1ea9m r\u1eafn trong ng\u00e0nh d\u01b0\u1ee3c ph\u1ea9m. th\u00edch h\u1ee3p \u0111\u1ec3 x\u1ea3 v\u00e0 l\u00e0m&#8230;<\/p>\n","protected":false},"featured_media":419,"comment_status":"open","ping_status":"closed","template":"","meta":[],"product_cat":[17,41,40,39,43,42,44],"product_tag":[],"class_list":["post-338","product","type-product","status-publish","has-post-thumbnail","hentry","product_cat-chua-phan-loai","product_cat-chip-cat","product_cat-da-mai","product_cat-gioang-cao-su","product_cat-jig-ga-thiet-bi-do-kiem","product_cat-phu-tung-thiet-bi-san-xuat","product_cat-san-pham-khac"],"_links":{"self":[{"href":"https:\/\/demoweb.company\/fujiseikotech\/wp-json\/wp\/v2\/product\/338","targetHints":{"allow":["GET"]}}],"collection":[{"href":"https:\/\/demoweb.company\/fujiseikotech\/wp-json\/wp\/v2\/product"}],"about":[{"href":"https:\/\/demoweb.company\/fujiseikotech\/wp-json\/wp\/v2\/types\/product"}],"replies":[{"embeddable":true,"href":"https:\/\/demoweb.company\/fujiseikotech\/wp-json\/wp\/v2\/comments?post=338"}],"wp:featuredmedia":[{"embeddable":true,"href":"https:\/\/demoweb.company\/fujiseikotech\/wp-json\/wp\/v2\/media\/419"}],"wp:attachment":[{"href":"https:\/\/demoweb.company\/fujiseikotech\/wp-json\/wp\/v2\/media?parent=338"}],"wp:term":[{"taxonomy":"product_cat","embeddable":true,"href":"https:\/\/demoweb.company\/fujiseikotech\/wp-json\/wp\/v2\/product_cat?post=338"},{"taxonomy":"product_tag","embeddable":true,"href":"https:\/\/demoweb.company\/fujiseikotech\/wp-json\/wp\/v2\/product_tag?post=338"}],"curies":[{"name":"wp","href":"https:\/\/api.w.org\/{rel}","templated":true}]}}