{"id":341,"date":"2024-06-15T07:15:25","date_gmt":"2024-06-15T07:15:25","guid":{"rendered":"https:\/\/demoweb.company\/huykhanh2\/?post_type=product&#038;p=341"},"modified":"2024-10-09T22:16:58","modified_gmt":"2024-10-09T15:16:58","slug":"san-pham-demo-08-2","status":"publish","type":"product","link":"https:\/\/demoweb.company\/fujiseikotech\/san-pham\/san-pham-demo-08-2\/","title":{"rendered":"S\u1ea3n ph\u1ea9m FujiSeiko demo 08"},"content":{"rendered":"<h3><strong>C\u00e1ch s\u1eed d\u1ee5ng<\/strong>\u00a0:<\/h3>\n<p>M\u00e1y l\u00e0m s\u1ea1ch ph\u1ec5u d\u00f2ng QD ch\u1ee7 y\u1ebfu \u0111\u01b0\u1ee3c c\u00e1c c\u00f4ng ty d\u01b0\u1ee3c ph\u1ea9m s\u1eed d\u1ee5ng \u0111\u1ec3 l\u00e0m s\u1ea1ch c\u00e1c lo\u1ea1i ph\u1ec5u \u0111\u1ef1ng thu\u1ed1c kh\u00e1c nhau. N\u00f3 c\u00f3 th\u1ec3 lo\u1ea1i b\u1ecf hi\u1ec7u qu\u1ea3 c\u00e1c t\u1ea1p ch\u1ea5t l\u1ea1 (ch\u1ee7 y\u1ebfu l\u00e0 c\u1eb7n h\u00f3a ch\u1ea5t) c\u00f2n s\u00f3t l\u1ea1i tr\u00ean b\u1ec1 m\u1eb7t b\u00ean trong v\u00e0 b\u00ean ngo\u00e0i c\u1ee7a ph\u1ec5u, t\u1eeb \u0111\u00f3 ng\u0103n ng\u1eeba s\u1ef1 l\u00e2y nhi\u1ec5m ch\u00e9o c\u1ee7a c\u00e1c th\u00e0nh ph\u1ea7n kh\u00e1c nhau. trong qu\u00e1 tr\u00ecnh s\u1ea3n xu\u1ea5t d\u01b0\u1ee3c ph\u1ea9m, l\u00e0 thi\u1ebft b\u1ecb l\u00e0m s\u1ea1ch \u0111\u01b0\u1ee3c s\u1eed d\u1ee5ng ph\u1ed5 bi\u1ebfn trong qu\u00e1 tr\u00ecnh s\u1ea3n xu\u1ea5t quy tr\u00ecnh chu\u1ea9n b\u1ecb r\u1eafn. Thi\u1ebft b\u1ecb doanh nghi\u1ec7p d\u01b0\u1ee3c ph\u1ea9m c\u01a1 \u0111i\u1ec7n t\u1eed \u1ee9ng d\u1ee5ng c\u00f4ng ngh\u1ec7 \u0111i\u1ec1u khi\u1ec3n ch\u01b0\u01a1ng tr\u00ecnh PLC l\u00e0 m\u1ed9t trong nh\u1eefng thi\u1ebft b\u1ecb c\u1ea7n thi\u1ebft \u0111\u1ea1t ti\u00eau chu\u1ea9n GMP trong quy tr\u00ecnh s\u1ea3n xu\u1ea5t thu\u1ed1c pha ch\u1ebf r\u1eafn.<\/p>\n<h3><strong>C\u00e1c t\u00ednh n\u0103ng:<\/strong><\/h3>\n<p><strong><br \/>\n<\/strong>\u3000\u3000N\u00f3 ph\u00f9 h\u1ee3p \u0111\u1ec3 l\u00e0m s\u1ea1ch t\u1ef1 \u0111\u1ed9ng c\u00e1c ph\u1ec5u tr\u1ed9n, ph\u1ec5u lu\u00e2n chuy\u1ec3n v\u00e0 th\u00f9ng. N\u00f3 cung c\u1ea5p c\u00e1c ti\u00eau chu\u1ea9n l\u00e0m s\u1ea1ch th\u1ed1ng nh\u1ea5t \u0111\u1ec3 l\u00e0m s\u1ea1ch th\u00f9ng ch\u1ee9a, gi\u1ea3m c\u01b0\u1eddng \u0111\u1ed9 lao \u0111\u1ed9ng, c\u1ea3i thi\u1ec7n hi\u1ec7u qu\u1ea3 s\u1ea3n xu\u1ea5t v\u00e0 t\u1ea1o \u0111i\u1ec1u ki\u1ec7n truy xu\u1ea5t ngu\u1ed3n g\u1ed1c v\u00e0 ch\u1ee9ng nh\u1eadn quy tr\u00ecnh l\u00e0m s\u1ea1ch.<br \/>\nThi\u1ebft b\u1ecb \u0111\u01b0\u1ee3c thi\u1ebft k\u1ebf b\u1eb1ng c\u00e1ch k\u1ebft h\u1ee3p nhi\u1ec1u m\u00f4-\u0111un c\u1ee7a \u0111\u1ed9ng c\u01a1 ch\u00ednh, h\u1ec7 th\u1ed1ng t\u0103ng \u00e1p n\u01b0\u1edbc, h\u1ec7 th\u1ed1ng x\u1eed l\u00fd kh\u00f4ng kh\u00ed, h\u1ec7 th\u1ed1ng s\u1ea5y kh\u00f4 v\u00e0 h\u1ec7 th\u1ed1ng \u0111i\u1ec1u khi\u1ec3n t\u1ef1 \u0111\u1ed9ng, ch\u00fang c\u00f3 th\u1ec3 \u0111\u01b0\u1ee3c k\u1ebft h\u1ee3p t\u1ef1 do \u0111\u1ec3 t\u1ea1o th\u00e0nh m\u1ed9t h\u1ec7 th\u1ed1ng l\u00e0m s\u1ea1ch v\u1edbi nhi\u1ec1u ch\u1ee9c n\u0103ng v\u00e0 c\u1ea5u h\u00ecnh \u0111\u1ec3 kh\u00e1ch h\u00e0ng d\u1ec5 d\u00e0ng l\u1ef1a ch\u1ecdn.<\/p>\n<p>M\u1ed9t thi\u1ebft b\u1ecb c\u00f3 th\u1ec3 l\u00e0m s\u1ea1ch ph\u1ec5u v\u1edbi nhi\u1ec1u th\u00f4ng s\u1ed1 k\u1ef9 thu\u1eadt kh\u00e1c nhau, gi\u1ea3m chi ph\u00ed v\u1ec7 sinh.<br \/>\nT\u1ef1 \u0111\u1ed9ng ghi l\u1ea1i c\u00e1c th\u00f4ng s\u1ed1 v\u1eadn h\u00e0nh v\u00e0 x\u00e1c minh k\u1ebft qu\u1ea3 v\u1eadn h\u00e0nh.<\/p>\n<h3><strong>Nguy\u00ean l\u00fd l\u00e0m vi\u1ec7c:<\/strong><\/h3>\n<p>\u0110\u1ea9y ph\u1ec5u c\u1ea7n l\u00e0m s\u1ea1ch v\u00e0o bu\u1ed3ng l\u00e0m s\u1ea1ch v\u00e0 \u0111\u1ecbnh v\u1ecb n\u00f3. Khung quay d\u1eabn \u0111\u1ed9ng ph\u1ec5u quay t\u1eeb t\u1eeb. C\u00e1c v\u00f2i phun \u0111\u1eb7t tr\u00ean b\u1ed1n b\u1ee9c t\u01b0\u1eddng c\u1ee7a bu\u1ed3ng l\u00e0m s\u1ea1ch phun dung d\u1ecbch t\u1ea9y r\u1eeda \u0111\u1ec3 l\u00e0m s\u1ea1ch b\u1ec1 m\u1eb7t b\u00ean ngo\u00e0i c\u1ee7a ph\u1ec5u; c\u00e1c v\u00f2i phun chuy\u1ec3n \u0111\u1ed9ng \u1edf ph\u00eda tr\u00ean bu\u1ed3ng l\u00e0m s\u1ea1ch k\u00e9o d\u00e0i xu\u1ed1ng ph\u1ec5u \u0111\u1ec3 l\u00e0m s\u1ea1ch b\u1ec1 m\u1eb7t b\u00ean trong ph\u1ec5u. Sau khi qu\u00e1 tr\u00ecnh l\u00e0m s\u1ea1ch ho\u00e0n t\u1ea5t, kh\u00f4ng kh\u00ed s\u1ea1ch \u0111\u00e3 \u0111\u01b0\u1ee3c l\u00e0m n\u00f3ng s\u1ebd \u0111\u01b0\u1ee3c b\u01a1m v\u00e0o bu\u1ed3ng l\u00e0m s\u1ea1ch \u0111\u1ec3 l\u00e0m kh\u00f4 b\u1ec1 m\u1eb7t b\u00ean trong v\u00e0 b\u00ean ngo\u00e0i c\u1ee7a ph\u1ec5u.<\/p>\n<p><img loading=\"lazy\" decoding=\"async\" class=\"aligncenter size-full wp-image-342\" src=\"https:\/\/demoweb.company\/huykhanh2\/wp-content\/uploads\/2024\/06\/1812121427154.jpg\" alt=\"\" width=\"700\" height=\"320\" srcset=\"https:\/\/demoweb.company\/fujiseikotech\/wp-content\/uploads\/2024\/06\/1812121427154.jpg 700w, https:\/\/demoweb.company\/fujiseikotech\/wp-content\/uploads\/2024\/06\/1812121427154-300x137.jpg 300w, https:\/\/demoweb.company\/fujiseikotech\/wp-content\/uploads\/2024\/06\/1812121427154-600x274.jpg 600w\" sizes=\"auto, (max-width: 700px) 100vw, 700px\" \/><\/p>\n","protected":false},"excerpt":{"rendered":"<p>C\u00e1ch s\u1eed d\u1ee5ng\u00a0: M\u00e1y l\u00e0m s\u1ea1ch ph\u1ec5u d\u00f2ng QD ch\u1ee7 y\u1ebfu \u0111\u01b0\u1ee3c c\u00e1c c\u00f4ng ty d\u01b0\u1ee3c ph\u1ea9m s\u1eed d\u1ee5ng \u0111\u1ec3 l\u00e0m s\u1ea1ch c\u00e1c lo\u1ea1i ph\u1ec5u \u0111\u1ef1ng thu\u1ed1c kh\u00e1c nhau. N\u00f3 c\u00f3 th\u1ec3 lo\u1ea1i b\u1ecf hi\u1ec7u qu\u1ea3 c\u00e1c t\u1ea1p ch\u1ea5t l\u1ea1 (ch\u1ee7 y\u1ebfu l\u00e0 c\u1eb7n h\u00f3a ch\u1ea5t) c\u00f2n s\u00f3t l\u1ea1i tr\u00ean b\u1ec1 m\u1eb7t b\u00ean trong v\u00e0&#8230;<\/p>\n","protected":false},"featured_media":419,"comment_status":"open","ping_status":"closed","template":"","meta":[],"product_cat":[17,41,40,39,43,42,44],"product_tag":[],"class_list":["post-341","product","type-product","status-publish","has-post-thumbnail","hentry","product_cat-chua-phan-loai","product_cat-chip-cat","product_cat-da-mai","product_cat-gioang-cao-su","product_cat-jig-ga-thiet-bi-do-kiem","product_cat-phu-tung-thiet-bi-san-xuat","product_cat-san-pham-khac"],"_links":{"self":[{"href":"https:\/\/demoweb.company\/fujiseikotech\/wp-json\/wp\/v2\/product\/341","targetHints":{"allow":["GET"]}}],"collection":[{"href":"https:\/\/demoweb.company\/fujiseikotech\/wp-json\/wp\/v2\/product"}],"about":[{"href":"https:\/\/demoweb.company\/fujiseikotech\/wp-json\/wp\/v2\/types\/product"}],"replies":[{"embeddable":true,"href":"https:\/\/demoweb.company\/fujiseikotech\/wp-json\/wp\/v2\/comments?post=341"}],"wp:featuredmedia":[{"embeddable":true,"href":"https:\/\/demoweb.company\/fujiseikotech\/wp-json\/wp\/v2\/media\/419"}],"wp:attachment":[{"href":"https:\/\/demoweb.company\/fujiseikotech\/wp-json\/wp\/v2\/media?parent=341"}],"wp:term":[{"taxonomy":"product_cat","embeddable":true,"href":"https:\/\/demoweb.company\/fujiseikotech\/wp-json\/wp\/v2\/product_cat?post=341"},{"taxonomy":"product_tag","embeddable":true,"href":"https:\/\/demoweb.company\/fujiseikotech\/wp-json\/wp\/v2\/product_tag?post=341"}],"curies":[{"name":"wp","href":"https:\/\/api.w.org\/{rel}","templated":true}]}}