{"id":344,"date":"2024-06-15T07:19:00","date_gmt":"2024-06-15T07:19:00","guid":{"rendered":"https:\/\/demoweb.company\/huykhanh2\/?post_type=product&#038;p=344"},"modified":"2024-10-09T22:16:50","modified_gmt":"2024-10-09T15:16:50","slug":"san-pham-demo-07-2","status":"publish","type":"product","link":"https:\/\/demoweb.company\/fujiseikotech\/san-pham\/san-pham-demo-07-2\/","title":{"rendered":"S\u1ea3n ph\u1ea9m FujiSeiko demo 07"},"content":{"rendered":"<h3><strong>T\u1ed5ng quan:<\/strong><\/h3>\n<p><strong><br \/>\n<\/strong>\u3000\u3000M\u00e1y nghi\u1ec1n v\u00e0 t\u1ea1o h\u1ea1t d\u00f2ng FZ ph\u00f9 h\u1ee3p cho ng\u00e0nh c\u00f4ng nghi\u1ec7p ch\u1ebf bi\u1ebfn d\u01b0\u1ee3c ph\u1ea9m, th\u1ef1c ph\u1ea9m v\u00e0 h\u00f3a ch\u1ea5t tinh khi\u1ebft. \u0110\u00e2y l\u00e0 thi\u1ebft b\u1ecb x\u1eed l\u00fd h\u1ea1t v\u00e0 nghi\u1ec1n nguy\u00ean li\u1ec7u tu\u00e2n th\u1ee7 c\u00e1c th\u00f4ng s\u1ed1 k\u1ef9 thu\u1eadt c\u1ee7a GMP. M\u00e1y n\u00e0y \u0111\u01b0\u1ee3c l\u00e0m ho\u00e0n to\u00e0n b\u1eb1ng th\u00e9p kh\u00f4ng g\u1ec9.<\/p>\n<h3><strong>Nguy\u00ean l\u00fd l\u00e0m vi\u1ec7c:<\/strong><\/h3>\n<p><strong><br \/>\n<\/strong>\u3000\u3000Sau khi nguy\u00ean li\u1ec7u th\u00f4 \u0111\u01b0\u1ee3c x\u1eed l\u00fd \u0111i v\u00e0o c\u1ed5ng c\u1ea5p li\u1ec7u c\u1ee7a m\u00e1y nghi\u1ec1n v\u00e0 t\u1ea1o h\u1ea1t, ch\u00fang r\u01a1i v\u00e0o bu\u1ed3ng l\u00e0m vi\u1ec7c h\u00ecnh n\u00f3n. Dao quay quay xo\u00e1y nguy\u00ean li\u1ec7u th\u00f4 v\u00e0 n\u00e9m c\u00e1c h\u1ea1t v\u1ec1 ph\u00eda b\u1ec1 m\u1eb7t m\u00e0n h\u00ecnh b\u1eb1ng l\u1ef1c ly t\u00e2m. th\u1eddi gian, do dao quay V\u00f2ng quay t\u1ed1c \u0111\u1ed9 cao t\u1ea1o ra hi\u1ec7u \u1ee9ng c\u1eaft tr\u00ean b\u1ec1 m\u1eb7t m\u00e0n h\u00ecnh, c\u00e1c h\u1ea1t b\u1ecb nghi\u1ec1n th\u00e0nh c\u00e1c h\u1ea1t nh\u1ecf gi\u1eefa dao quay v\u00e0 m\u00e0n h\u00ecnh v\u00e0 \u0111\u01b0\u1ee3c th\u1ea3i ra qua c\u00e1c l\u1ed7 s\u00e0ng. K\u00edch th\u01b0\u1edbc c\u1ee7a c\u00e1c h\u1ea1t nghi\u1ec1n \u0111\u01b0\u1ee3c \u0111i\u1ec1u ch\u1ec9nh b\u1edfi k\u00edch th\u01b0\u1edbc m\u1eaft l\u01b0\u1edbi c\u1ee7a m\u00e0n h\u00ecnh, kho\u1ea3ng c\u00e1ch gi\u1eefa dao quay v\u00e0 m\u00e0n h\u00ecnh v\u00e0 t\u1ed1c \u0111\u1ed9 quay c\u1ee7a t\u1ed1c \u0111\u1ed9.<\/p>\n<h3><strong>C\u00e1ch s\u1eed d\u1ee5ng:<\/strong><\/h3>\n<p><strong><br \/>\n<\/strong>D\u01b0\u1ee3c ph\u1ea9m: 1. Nghi\u1ec1n nguy\u00ean li\u1ec7u th\u00f4<br \/>\n2. T\u1ea1o h\u1ea1t nguy\u00ean li\u1ec7u \u01b0\u1edbt<br \/>\n3. T\u1ea1o h\u1ea1t nguy\u00ean li\u1ec7u kh\u00f4<br \/>\n4. Vi\u00ean n\u00e9n kh\u00f4ng \u0111\u00e1p \u1ee9ng y\u00eau c\u1ea7u, nh\u1eefng vi\u00ean c\u1ea7n t\u00e1i ch\u1ebf c\u00f3 th\u1ec3 \u0111\u01b0\u1ee3c t\u1ea1o h\u1ea1t theo y\u00eau c\u1ea7u k\u00edch th\u01b0\u1edbc h\u1ea1t Th\u1ef1c<br \/>\nph\u1ea9m: B\u00e1nh quy nghi\u1ec1n v\u00e0 t\u00e1i ch\u1ebf<\/p>\n<p>Kh\u00e1c: th\u00f4 \u0110\u1eb7c \u0111i\u1ec3m c\u1ee7a vi\u1ec7c nghi\u1ec1n v\u00e0 \u0111\u1ecbnh c\u1ee1 nguy\u00ean li\u1ec7u th\u00f4 h\u00ecnh c\u1ea7u v\u00e0 d\u1ea1ng c\u1ee5c<br \/>\n<strong>:<br \/>\n<\/strong>\u2022Gi\u1ea3i quy\u1ebft ho\u00e0n to\u00e0n v\u1ea5n \u0111\u1ec1 m\u00e0i m\u00f2n m\u00e0n h\u00ecnh v\u00e0 m\u1ea3nh v\u1ee5n l\u00e0m nhi\u1ec5m b\u1ea9n v\u1eadt li\u1ec7u trong m\u00e1y t\u1ea1o h\u1ea1t xoay.<br \/>\n\u2022D\u1ec5 d\u00e0ng ki\u1ec3m so\u00e1t k\u00edch th\u01b0\u1edbc h\u1ea1t.<br \/>\n\u2022Kh\u00f4ng c\u00f3 ng\u00f5 c\u1ee5t v\u00e0 v\u1eadt li\u1ec7u kh\u00f4ng b\u1ecb qu\u00e1 n\u00f3ng.<br \/>\n\u2022\u00cdt b\u1ee5i, kh\u00f4ng rung v\u00e0 \u00edt ti\u1ebfng \u1ed3n.<br \/>\n\u2022Hi\u1ec7u su\u1ea5t cao, ti\u1ebft ki\u1ec7m n\u0103ng l\u01b0\u1ee3ng v\u00e0 n\u0103ng l\u1ef1c s\u1ea3n xu\u1ea5t l\u1edbn.<br \/>\n\u2022B\u1ec1 ngo\u00e0i \u0111\u1eb9p v\u00e0 d\u1ec5 lau ch\u00f9i.<br \/>\n\u2022M\u00e1y lo\u1ea1i A ph\u00f9 h\u1ee3p v\u1edbi y\u00eau c\u1ea7u l\u00e0m vi\u1ec7c c\u1ee7a x\u01b0\u1edfng c\u1ea5p 100.<\/p>\n<p><img loading=\"lazy\" decoding=\"async\" class=\"aligncenter size-full wp-image-345\" src=\"https:\/\/demoweb.company\/huykhanh2\/wp-content\/uploads\/2024\/06\/1906221611686.jpg\" alt=\"\" width=\"720\" height=\"349\" srcset=\"https:\/\/demoweb.company\/fujiseikotech\/wp-content\/uploads\/2024\/06\/1906221611686.jpg 720w, https:\/\/demoweb.company\/fujiseikotech\/wp-content\/uploads\/2024\/06\/1906221611686-300x145.jpg 300w, https:\/\/demoweb.company\/fujiseikotech\/wp-content\/uploads\/2024\/06\/1906221611686-600x291.jpg 600w\" sizes=\"auto, (max-width: 720px) 100vw, 720px\" \/><\/p>\n","protected":false},"excerpt":{"rendered":"<p>T\u1ed5ng quan: \u3000\u3000M\u00e1y nghi\u1ec1n v\u00e0 t\u1ea1o h\u1ea1t d\u00f2ng FZ ph\u00f9 h\u1ee3p cho ng\u00e0nh c\u00f4ng nghi\u1ec7p ch\u1ebf bi\u1ebfn d\u01b0\u1ee3c ph\u1ea9m, th\u1ef1c ph\u1ea9m v\u00e0 h\u00f3a ch\u1ea5t tinh khi\u1ebft. \u0110\u00e2y l\u00e0 thi\u1ebft b\u1ecb x\u1eed l\u00fd h\u1ea1t v\u00e0 nghi\u1ec1n nguy\u00ean li\u1ec7u tu\u00e2n th\u1ee7 c\u00e1c th\u00f4ng s\u1ed1 k\u1ef9 thu\u1eadt c\u1ee7a GMP. M\u00e1y n\u00e0y \u0111\u01b0\u1ee3c l\u00e0m ho\u00e0n to\u00e0n b\u1eb1ng th\u00e9p kh\u00f4ng&#8230;<\/p>\n","protected":false},"featured_media":419,"comment_status":"open","ping_status":"closed","template":"","meta":[],"product_cat":[17,41,40,39,43,42,44],"product_tag":[],"class_list":["post-344","product","type-product","status-publish","has-post-thumbnail","hentry","product_cat-chua-phan-loai","product_cat-chip-cat","product_cat-da-mai","product_cat-gioang-cao-su","product_cat-jig-ga-thiet-bi-do-kiem","product_cat-phu-tung-thiet-bi-san-xuat","product_cat-san-pham-khac"],"_links":{"self":[{"href":"https:\/\/demoweb.company\/fujiseikotech\/wp-json\/wp\/v2\/product\/344","targetHints":{"allow":["GET"]}}],"collection":[{"href":"https:\/\/demoweb.company\/fujiseikotech\/wp-json\/wp\/v2\/product"}],"about":[{"href":"https:\/\/demoweb.company\/fujiseikotech\/wp-json\/wp\/v2\/types\/product"}],"replies":[{"embeddable":true,"href":"https:\/\/demoweb.company\/fujiseikotech\/wp-json\/wp\/v2\/comments?post=344"}],"wp:featuredmedia":[{"embeddable":true,"href":"https:\/\/demoweb.company\/fujiseikotech\/wp-json\/wp\/v2\/media\/419"}],"wp:attachment":[{"href":"https:\/\/demoweb.company\/fujiseikotech\/wp-json\/wp\/v2\/media?parent=344"}],"wp:term":[{"taxonomy":"product_cat","embeddable":true,"href":"https:\/\/demoweb.company\/fujiseikotech\/wp-json\/wp\/v2\/product_cat?post=344"},{"taxonomy":"product_tag","embeddable":true,"href":"https:\/\/demoweb.company\/fujiseikotech\/wp-json\/wp\/v2\/product_tag?post=344"}],"curies":[{"name":"wp","href":"https:\/\/api.w.org\/{rel}","templated":true}]}}