{"id":350,"date":"2024-06-15T07:26:10","date_gmt":"2024-06-15T07:26:10","guid":{"rendered":"https:\/\/demoweb.company\/huykhanh2\/?post_type=product&#038;p=350"},"modified":"2024-10-09T22:27:43","modified_gmt":"2024-10-09T15:27:43","slug":"san-pham-demo-05-2","status":"publish","type":"product","link":"https:\/\/demoweb.company\/fujiseikotech\/san-pham\/san-pham-demo-05-2\/","title":{"rendered":"S\u1ea3n ph\u1ea9m FujiSeiko demo 05"},"content":{"rendered":"<p><strong>M\u1ee5c \u0111\u00edch:<\/strong><\/p>\n<p>\u0110\u01b0\u1ee3c s\u1eed d\u1ee5ng \u0111\u1ec3 nghi\u1ec1n c\u00e1c v\u1eadt li\u1ec7u nh\u1ea1y c\u1ea3m v\u1edbi nhi\u1ec7t.<\/p>\n<p><strong>T\u00ednh n\u0103ng:<\/strong><\/p>\n<p>H\u1ec7 th\u1ed1ng n\u00e0y c\u00f3 th\u1ec3 cho ph\u00e9p qu\u00e1 tr\u00ecnh s\u1ea3n xu\u1ea5t \u0111\u00e1p \u1ee9ng c\u00e1c y\u00eau c\u1ea7u nghi\u1ec1n kh\u00f4ng b\u1ee5i \u1edf nhi\u1ec7t \u0111\u1ed9 th\u1ea5p v\u00e0 c\u00f3 th\u1ec3 \u0111i\u1ec1u ch\u1ec9nh k\u00edch th\u01b0\u1edbc h\u1ea1t. Bi\u1ec7n ph\u00e1p ch\u00ednh l\u00e0 cung c\u1ea5p kh\u00f4ng kh\u00ed m\u00e1t s\u1ea1ch trong khi v\u1eadt li\u1ec7u \u0111\u01b0\u1ee3c nghi\u1ec1n v\u00e0 s\u1eed d\u1ee5ng b\u1ed9 c\u1ea5p li\u1ec7u tr\u1ee5c v\u00edt c\u00f3 th\u1ec3 \u0111i\u1ec1u ch\u1ec9nh t\u1ed1c \u0111\u1ed9 \u0111\u1ec3 ki\u1ec3m so\u00e1t t\u1ed1c \u0111\u1ed9 c\u1ea5p li\u1ec7u nh\u1eb1m \u0111\u1ea3m b\u1ea3o nhi\u1ec7t \u0111\u1ed9 c\u1ee7a v\u1eadt li\u1ec7u \u0111\u01b0\u1ee3c nghi\u1ec1n trong qu\u00e1 tr\u00ecnh nghi\u1ec1n kh\u00f4ng l\u1edbn h\u01a1n gi\u00e1 tr\u1ecb \u0111\u00e3 \u0111\u1eb7t (\u0111\u1ed1i v\u1edbi v\u00ed d\u1ee5: 35\u00b0C); C\u00f3 th\u1ec3 \u0111\u1ea1t \u0111\u01b0\u1ee3c k\u00edch th\u01b0\u1edbc h\u1ea1t kh\u00e1c nhau b\u1eb1ng c\u00e1ch \u0111i\u1ec1u ch\u1ec9nh t\u1ed1c \u0111\u1ed9 c\u1ee7a l\u01b0\u1ee1i quay v\u00e0 thay th\u1ebf c\u00e1c m\u00e0n l\u1ecdc kh\u00e1c nhau. Trong to\u00e0n b\u1ed9 qu\u00e1 tr\u00ecnh s\u1ea3n xu\u1ea5t, b\u1ed9t ch\u1ea3y trong m\u1ed9t h\u1ec7 th\u1ed1ng kh\u00e9p k\u00edn. B\u1ed9t \u0111\u01b0\u1ee3c thu th\u1eadp th\u00f4ng qua qu\u00e1 tr\u00ecnh t\u00e1ch kh\u00ed-r\u1eafn v\u00e0 kh\u00ed th\u1ea3i kh\u00f4ng c\u00f3 b\u1ee5i \u0111\u01b0\u1ee3c th\u1ea3i ra.<\/p>\n<p><img loading=\"lazy\" decoding=\"async\" class=\"aligncenter size-full wp-image-351\" src=\"https:\/\/demoweb.company\/huykhanh2\/wp-content\/uploads\/2024\/06\/1812121446207.jpg\" alt=\"\" width=\"700\" height=\"271\" srcset=\"https:\/\/demoweb.company\/fujiseikotech\/wp-content\/uploads\/2024\/06\/1812121446207.jpg 700w, https:\/\/demoweb.company\/fujiseikotech\/wp-content\/uploads\/2024\/06\/1812121446207-300x116.jpg 300w, https:\/\/demoweb.company\/fujiseikotech\/wp-content\/uploads\/2024\/06\/1812121446207-600x232.jpg 600w\" sizes=\"auto, (max-width: 700px) 100vw, 700px\" \/><\/p>\n","protected":false},"excerpt":{"rendered":"<p>M\u1ee5c \u0111\u00edch: \u0110\u01b0\u1ee3c s\u1eed d\u1ee5ng \u0111\u1ec3 nghi\u1ec1n c\u00e1c v\u1eadt li\u1ec7u nh\u1ea1y c\u1ea3m v\u1edbi nhi\u1ec7t. T\u00ednh n\u0103ng: H\u1ec7 th\u1ed1ng n\u00e0y c\u00f3 th\u1ec3 cho ph\u00e9p qu\u00e1 tr\u00ecnh s\u1ea3n xu\u1ea5t \u0111\u00e1p \u1ee9ng c\u00e1c y\u00eau c\u1ea7u nghi\u1ec1n kh\u00f4ng b\u1ee5i \u1edf nhi\u1ec7t \u0111\u1ed9 th\u1ea5p v\u00e0 c\u00f3 th\u1ec3 \u0111i\u1ec1u ch\u1ec9nh k\u00edch th\u01b0\u1edbc h\u1ea1t. Bi\u1ec7n ph\u00e1p ch\u00ednh l\u00e0 cung c\u1ea5p kh\u00f4ng kh\u00ed&#8230;<\/p>\n","protected":false},"featured_media":424,"comment_status":"open","ping_status":"closed","template":"","meta":[],"product_cat":[17,41,40,39,43,42,44],"product_tag":[],"class_list":["post-350","product","type-product","status-publish","has-post-thumbnail","hentry","product_cat-chua-phan-loai","product_cat-chip-cat","product_cat-da-mai","product_cat-gioang-cao-su","product_cat-jig-ga-thiet-bi-do-kiem","product_cat-phu-tung-thiet-bi-san-xuat","product_cat-san-pham-khac"],"_links":{"self":[{"href":"https:\/\/demoweb.company\/fujiseikotech\/wp-json\/wp\/v2\/product\/350","targetHints":{"allow":["GET"]}}],"collection":[{"href":"https:\/\/demoweb.company\/fujiseikotech\/wp-json\/wp\/v2\/product"}],"about":[{"href":"https:\/\/demoweb.company\/fujiseikotech\/wp-json\/wp\/v2\/types\/product"}],"replies":[{"embeddable":true,"href":"https:\/\/demoweb.company\/fujiseikotech\/wp-json\/wp\/v2\/comments?post=350"}],"wp:featuredmedia":[{"embeddable":true,"href":"https:\/\/demoweb.company\/fujiseikotech\/wp-json\/wp\/v2\/media\/424"}],"wp:attachment":[{"href":"https:\/\/demoweb.company\/fujiseikotech\/wp-json\/wp\/v2\/media?parent=350"}],"wp:term":[{"taxonomy":"product_cat","embeddable":true,"href":"https:\/\/demoweb.company\/fujiseikotech\/wp-json\/wp\/v2\/product_cat?post=350"},{"taxonomy":"product_tag","embeddable":true,"href":"https:\/\/demoweb.company\/fujiseikotech\/wp-json\/wp\/v2\/product_tag?post=350"}],"curies":[{"name":"wp","href":"https:\/\/api.w.org\/{rel}","templated":true}]}}