{"id":546,"date":"2024-10-11T16:36:08","date_gmt":"2024-10-11T09:36:08","guid":{"rendered":"https:\/\/demoweb.company\/fujiseikotech\/?post_type=product&#038;p=546"},"modified":"2024-10-11T16:36:08","modified_gmt":"2024-10-11T09:36:08","slug":"da-mai-grinding-08","status":"publish","type":"product","link":"https:\/\/demoweb.company\/fujiseikotech\/san-pham\/da-mai-grinding-08\/","title":{"rendered":"\u0110\u00e1 m\u00e1i Grinding 08"},"content":{"rendered":"","protected":false},"excerpt":{"rendered":"","protected":false},"featured_media":547,"comment_status":"open","ping_status":"closed","template":"","meta":[],"product_cat":[40],"product_tag":[],"class_list":["post-546","product","type-product","status-publish","has-post-thumbnail","hentry","product_cat-da-mai"],"_links":{"self":[{"href":"https:\/\/demoweb.company\/fujiseikotech\/wp-json\/wp\/v2\/product\/546","targetHints":{"allow":["GET"]}}],"collection":[{"href":"https:\/\/demoweb.company\/fujiseikotech\/wp-json\/wp\/v2\/product"}],"about":[{"href":"https:\/\/demoweb.company\/fujiseikotech\/wp-json\/wp\/v2\/types\/product"}],"replies":[{"embeddable":true,"href":"https:\/\/demoweb.company\/fujiseikotech\/wp-json\/wp\/v2\/comments?post=546"}],"wp:featuredmedia":[{"embeddable":true,"href":"https:\/\/demoweb.company\/fujiseikotech\/wp-json\/wp\/v2\/media\/547"}],"wp:attachment":[{"href":"https:\/\/demoweb.company\/fujiseikotech\/wp-json\/wp\/v2\/media?parent=546"}],"wp:term":[{"taxonomy":"product_cat","embeddable":true,"href":"https:\/\/demoweb.company\/fujiseikotech\/wp-json\/wp\/v2\/product_cat?post=546"},{"taxonomy":"product_tag","embeddable":true,"href":"https:\/\/demoweb.company\/fujiseikotech\/wp-json\/wp\/v2\/product_tag?post=546"}],"curies":[{"name":"wp","href":"https:\/\/api.w.org\/{rel}","templated":true}]}}