{"id":552,"date":"2024-10-11T16:38:19","date_gmt":"2024-10-11T09:38:19","guid":{"rendered":"https:\/\/demoweb.company\/fujiseikotech\/?post_type=product&#038;p=552"},"modified":"2024-10-11T16:38:20","modified_gmt":"2024-10-11T09:38:20","slug":"da-mai-grinding-11","status":"publish","type":"product","link":"https:\/\/demoweb.company\/fujiseikotech\/san-pham\/da-mai-grinding-11\/","title":{"rendered":"\u0110\u00e1 m\u00e0i Grinding 11"},"content":{"rendered":"","protected":false},"excerpt":{"rendered":"","protected":false},"featured_media":553,"comment_status":"open","ping_status":"closed","template":"","meta":[],"product_cat":[40],"product_tag":[],"class_list":["post-552","product","type-product","status-publish","has-post-thumbnail","hentry","product_cat-da-mai"],"_links":{"self":[{"href":"https:\/\/demoweb.company\/fujiseikotech\/wp-json\/wp\/v2\/product\/552","targetHints":{"allow":["GET"]}}],"collection":[{"href":"https:\/\/demoweb.company\/fujiseikotech\/wp-json\/wp\/v2\/product"}],"about":[{"href":"https:\/\/demoweb.company\/fujiseikotech\/wp-json\/wp\/v2\/types\/product"}],"replies":[{"embeddable":true,"href":"https:\/\/demoweb.company\/fujiseikotech\/wp-json\/wp\/v2\/comments?post=552"}],"wp:featuredmedia":[{"embeddable":true,"href":"https:\/\/demoweb.company\/fujiseikotech\/wp-json\/wp\/v2\/media\/553"}],"wp:attachment":[{"href":"https:\/\/demoweb.company\/fujiseikotech\/wp-json\/wp\/v2\/media?parent=552"}],"wp:term":[{"taxonomy":"product_cat","embeddable":true,"href":"https:\/\/demoweb.company\/fujiseikotech\/wp-json\/wp\/v2\/product_cat?post=552"},{"taxonomy":"product_tag","embeddable":true,"href":"https:\/\/demoweb.company\/fujiseikotech\/wp-json\/wp\/v2\/product_tag?post=552"}],"curies":[{"name":"wp","href":"https:\/\/api.w.org\/{rel}","templated":true}]}}