{"id":556,"date":"2024-10-11T16:39:08","date_gmt":"2024-10-11T09:39:08","guid":{"rendered":"https:\/\/demoweb.company\/fujiseikotech\/?post_type=product&#038;p=556"},"modified":"2024-10-11T16:39:08","modified_gmt":"2024-10-11T09:39:08","slug":"da-mai-grinding-13","status":"publish","type":"product","link":"https:\/\/demoweb.company\/fujiseikotech\/san-pham\/da-mai-grinding-13\/","title":{"rendered":"\u0110\u00e1 m\u00e0i Grinding 13"},"content":{"rendered":"","protected":false},"excerpt":{"rendered":"","protected":false},"featured_media":557,"comment_status":"open","ping_status":"closed","template":"","meta":[],"product_cat":[40],"product_tag":[],"class_list":["post-556","product","type-product","status-publish","has-post-thumbnail","hentry","product_cat-da-mai"],"_links":{"self":[{"href":"https:\/\/demoweb.company\/fujiseikotech\/wp-json\/wp\/v2\/product\/556","targetHints":{"allow":["GET"]}}],"collection":[{"href":"https:\/\/demoweb.company\/fujiseikotech\/wp-json\/wp\/v2\/product"}],"about":[{"href":"https:\/\/demoweb.company\/fujiseikotech\/wp-json\/wp\/v2\/types\/product"}],"replies":[{"embeddable":true,"href":"https:\/\/demoweb.company\/fujiseikotech\/wp-json\/wp\/v2\/comments?post=556"}],"wp:featuredmedia":[{"embeddable":true,"href":"https:\/\/demoweb.company\/fujiseikotech\/wp-json\/wp\/v2\/media\/557"}],"wp:attachment":[{"href":"https:\/\/demoweb.company\/fujiseikotech\/wp-json\/wp\/v2\/media?parent=556"}],"wp:term":[{"taxonomy":"product_cat","embeddable":true,"href":"https:\/\/demoweb.company\/fujiseikotech\/wp-json\/wp\/v2\/product_cat?post=556"},{"taxonomy":"product_tag","embeddable":true,"href":"https:\/\/demoweb.company\/fujiseikotech\/wp-json\/wp\/v2\/product_tag?post=556"}],"curies":[{"name":"wp","href":"https:\/\/api.w.org\/{rel}","templated":true}]}}