{"id":65,"date":"2022-03-28T13:16:37","date_gmt":"2022-03-28T06:16:37","guid":{"rendered":"https:\/\/demoweb.company\/luat1-5\/?page_id=65"},"modified":"2022-03-28T13:47:18","modified_gmt":"2022-03-28T06:47:18","slug":"gioi-thieu","status":"publish","type":"page","link":"https:\/\/demoweb.company\/luat1-5\/gioi-thieu\/","title":{"rendered":"Gi\u1edbi thi\u1ec7u"},"content":{"rendered":"\n\n  <div class=\"banner has-hover\" id=\"banner-1632259084\">\n          <div class=\"banner-inner fill\">\n        <div class=\"banner-bg fill\" >\n            <div class=\"bg fill bg-fill \"><\/div>\n                                    \n                    <\/div>\n\t\t\n        <div class=\"banner-layers container\">\n            <div class=\"fill banner-link\"><\/div>            \n\n   <div id=\"text-box-1902582801\" class=\"text-box banner-layer x5 md-x5 lg-x5 y30 md-y30 lg-y30 res-text\">\n                     <div data-animate=\"fadeInLeft\">           <div class=\"text-box-content text dark text-shadow-5\">\n              \n              <div class=\"text-inner text-center\">\n                  \n\n<h3><strong>GI\u1edaI THI\u1ec6U<\/strong><\/h3>\n<h3><strong>V\u1ec0<\/strong><\/h3>\n<h3><strong>C\u00d4NG TY LU\u1eacT 1 &#8211; 5<\/strong><\/h3>\n\n              <\/div>\n           <\/div>\n       <\/div>                     \n<style>\n#text-box-1902582801 .text-box-content {\n  background-color: rgba(0, 0, 0, 0.401);\n  border-radius: 10px;\n  font-size: 100%;\n}\n#text-box-1902582801 .text-inner {\n  padding: 8px 0px 8px 0px;\n}\n#text-box-1902582801 {\n  width: 35%;\n}\n<\/style>\n    <\/div>\n \n\n        <\/div>\n      <\/div>\n\n              <div class=\"height-fix is-invisible\"><img loading=\"lazy\" decoding=\"async\" width=\"1920\" height=\"700\" src=\"https:\/\/demoweb.company\/luat1-5\/wp-content\/uploads\/2022\/03\/gioi-thieu.jpg\" class=\"attachment-original size-original\" alt=\"\" srcset=\"https:\/\/demoweb.company\/luat1-5\/wp-content\/uploads\/2022\/03\/gioi-thieu.jpg 1920w, https:\/\/demoweb.company\/luat1-5\/wp-content\/uploads\/2022\/03\/gioi-thieu-300x109.jpg 300w, https:\/\/demoweb.company\/luat1-5\/wp-content\/uploads\/2022\/03\/gioi-thieu-1024x373.jpg 1024w, https:\/\/demoweb.company\/luat1-5\/wp-content\/uploads\/2022\/03\/gioi-thieu-768x280.jpg 768w, https:\/\/demoweb.company\/luat1-5\/wp-content\/uploads\/2022\/03\/gioi-thieu-1536x560.jpg 1536w\" sizes=\"auto, (max-width: 1920px) 100vw, 1920px\" \/><\/div>\n            \n<style>\n#banner-1632259084 .bg.bg-loaded {\n  background-image: url(https:\/\/demoweb.company\/luat1-5\/wp-content\/uploads\/2022\/03\/gioi-thieu.jpg);\n}\n#banner-1632259084 .ux-shape-divider--top svg {\n  height: 150px;\n  --divider-top-width: 100%;\n}\n#banner-1632259084 .ux-shape-divider--bottom svg {\n  height: 150px;\n  --divider-width: 100%;\n}\n<\/style>\n  <\/div>\n\n\n<div class=\"row\"  id=\"row-857179694\">\n\n\n\t<div id=\"col-1004136043\" class=\"col small-12 large-12\"  >\n\t\t\t\t<div class=\"col-inner\"  >\n\t\t\t\n\t\t\t\n\n<div class=\"container section-title-container\" ><h3 class=\"section-title section-title-bold-center\"><b><\/b><span class=\"section-title-main\" >V\u1ec1 ch\u00fang t\u00f4i<\/span><b><\/b><\/h3><\/div>\n\n<h3 style=\"text-align: left;\"><b>TH\u01af NG\u1ece\u00a0<\/b><\/h3>\n<p><b><i>K\u00ednh g\u1eedi Qu\u00fd c\u00f4ng ty v\u00e0 kh\u00e1ch h\u00e0ng!<\/i><\/b><\/p>\n<p><span style=\"font-weight: 400;\">C\u00f4ng ty Lu\u1eadt 1-5 tr\u00e2n tr\u1ecdng g\u1eedi t\u1edbi Qu\u00fd C\u00f4ng ty l\u1eddi ch\u00fac v\u1ec1 s\u1ef1 h\u1ee3p t\u00e1c th\u1ecbnh v\u01b0\u1ee3ng.<\/span><\/p>\n<p>V\u1edbi \u0111\u1ed9i ng\u0169 c\u00e1c Lu\u1eadt s\u01b0 gi\u00e0u kinh nghi\u1ec7m v\u1ec1 nghi\u1ec7p v\u1ee5, ch\u00fang t\u00f4i lu\u00f4n mong mu\u1ed1n c\u00f3 s\u1ef1 h\u1ee3p t\u00e1c c\u00f9ng ph\u00e1t tri\u1ec3n, nh\u1eb1m m\u1ed9t ph\u1ea7n n\u00e0o \u0111\u00f3 th\u00e1o g\u1ee1 nh\u1eefng kh\u00f3 kh\u0103n v\u1ec1 m\u1eb7t ph\u00e1p l\u00fd cho c\u00e1c t\u1ed5 ch\u1ee9c, c\u00e1 nh\u00e2n khi tham gia c\u00e1c quan h\u1ec7 x\u00e3 h\u1ed9i. C\u00f4ng ty ch\u00fang t\u00f4i chuy\u00ean cung c\u1ea5p c\u00e1c d\u1ecbch v\u1ee5 t\u01b0 v\u1ea5n ph\u00e1p lu\u1eadt cho c\u00e1c t\u1ed5 ch\u1ee9c, c\u00e1 nh\u00e2n trong c\u00e1c l\u0129nh v\u1ef1c: h\u00ecnh s\u1ef1, d\u00e2n s\u1ef1, th\u01b0\u01a1ng m\u1ea1i, lao \u0111\u1ed9ng, h\u00e0nh ch\u00ednh, \u0111\u1ea5t \u0111ai, th\u1eeba k\u1ebf, h\u00f4n nh\u00e2n gia \u0111\u00ecnh&#8230; \u0110\u1eb7c bi\u1ec7t, ch\u00fang t\u00f4i nh\u1eadn t\u01b0 v\u1ea5n ph\u00e1p lu\u1eadt d\u00e0i h\u1ea1n ho\u1eb7c theo v\u1ee5 vi\u1ec7c cho c\u00e1c c\u00e1 nh\u00e2n, doanh nghi\u1ec7p trong qu\u00e1 tr\u00ecnh s\u1ea3n xu\u1ea5t, kinh doanh.<\/p>\n<p>R\u1ea5t mong nh\u1eadn \u0111\u01b0\u1ee3c s\u1ef1 h\u1ee3p t\u00e1c c\u1ee7a Qu\u00fd c\u00f4ng ty.<\/p>\n<p><strong>Xin tr\u00e2n tr\u1ecdng c\u1ea3m \u01a1n!<\/strong><\/p>\n<hr \/>\n<h2 style=\"text-align: center;\"><b>L\u0128NH V\u1ef0C HO\u1ea0T \u0110\u1ed8NG<\/b><\/h2>\n<p><b>1. T\u01b0 v\u1ea5n ph\u00e1p lu\u1eadt.<\/b><\/p>\n<ul>\n<li>T\u01b0 v\u1ea5n ph\u00e1p lu\u1eadt cho c\u00e1c t\u1ed5 ch\u1ee9c, c\u00e1 nh\u00e2n trong v\u00e0 ngo\u00e0i n\u01b0\u1edbc trong c\u00e1c l\u0129nh v\u1ef1c h\u00ecnh s\u1ef1, d\u00e2n s\u1ef1, h\u00e0nh ch\u00ednh, th\u01b0\u01a1ng m\u1ea1i, lao \u0111\u1ed9ng, \u0111\u1ea5t \u0111ai, t\u00e0i ch\u00ednh \u2013 ng\u00e2n h\u00e0ng, h\u00f4n nh\u00e2n gia \u0111\u00ecnh.<\/li>\n<\/ul>\n<p><b>2. Ho\u1ea1t \u0111\u1ed9ng t\u1ed1 t\u1ee5ng.<\/b><\/p>\n<ul>\n<li>Tham gia t\u1ed1 t\u1ee5ng v\u1edbi t\u01b0 c\u00e1ch l\u00e0 ng\u01b0\u1eddi b\u00e0o ch\u1eefa cho ng\u01b0\u1eddi b\u1ecb t\u1ea1m gi\u1eef, b\u1ecb can ho\u1eb7c b\u1ecb c\u00e1o, l\u00e0 ng\u01b0\u1eddi b\u1ea3o v\u1ec7 quy\u1ec1n l\u1ee3i c\u1ee7a ng\u01b0\u1eddi b\u1ecb h\u1ea1i, nguy\u00ean \u0111\u01a1n d\u00e2n s\u1ef1, b\u1ecb \u0111\u01a1n d\u00e2n s\u1ef1, ng\u01b0\u1eddi c\u00f3 quy\u1ec1n l\u1ee3i v\u00e0 ngh\u0129a v\u1ee5 li\u00ean quan trong v\u1ee5 \u00e1n h\u00ecnh s\u1ef1.<\/li>\n<li><span style=\"font-weight: 400;\">Tham gia t\u1ed1 t\u1ee5ng v\u1edbi t\u01b0 c\u00e1ch l\u00e0 ng\u01b0\u1eddi \u0111\u1ea1i di\u1ec7n ho\u1eb7c l\u00e0 ng\u01b0\u1eddi b\u1ea3o v\u1ec7 quy\u1ec1n, l\u1ee3i \u00edch h\u1ee3p ph\u00e1p c\u1ee7a nguy\u00ean \u0111\u01a1n, b\u1ecb \u0111\u01a1n, ng\u01b0\u1eddi c\u00f3 quy\u1ec1n l\u1ee3i, ngh\u0129a v\u1ee5 li\u00ean quan trong c\u00e1c v\u1ee5 \u00e1n v\u1ec1 tranh ch\u1ea5p d\u00e2n s\u1ef1, h\u00f4n nh\u00e2n v\u00e0 gia \u0111\u00ecnh, kinh doanh, th\u01b0\u01a1ng m\u1ea1i, lao \u0111\u1ed9ng, h\u00e0nh ch\u00ednh, vi\u1ec7c v\u1ec1 y\u00eau c\u1ea7u d\u00e2n s\u1ef1, h\u00f4n nh\u00e2n v\u00e0 gia \u0111\u00ecnh, kinh doanh th\u01b0\u01a1ng m\u1ea1i theo c\u00e1c v\u1ee5 vi\u1ec7c kh\u00e1c theo quy \u0111\u1ecbnh c\u1ee7a ph\u00e1p lu\u1eadt.<\/span><\/li>\n<\/ul>\n<p><b>3. \u0110\u1ea1i di\u1ec7n ngo\u00e0i t\u1ed1 t\u1ee5ng cho kh\u00e1ch h\u00e0ng \u0111\u1ec3 th\u1ef1c hi\u1ec7n c\u00e1c c\u00f4ng vi\u1ec7c c\u00f3 li\u00ean quan \u0111\u1ebfn ph\u00e1p lu\u1eadt.<\/b><\/p>\n<p><b>4. Th\u1ef1c hi\u1ec7n c\u00e1c d\u1ecbch v\u1ee5 ph\u00e1p l\u00fd kh\u00e1c<\/b><\/p>\n<ul>\n<li>Gi\u00fap \u0111\u1ee1 kh\u00e1ch h\u00e0ng th\u1ef1c hi\u1ec7n c\u00e1c c\u00f4ng vi\u1ec7c li\u00ean quan \u0111\u1ebfn th\u1ee7 t\u1ee5c h\u00e0nh ch\u00ednh; gi\u00fap \u0111\u1ee1 v\u1ec1 ph\u00e1p lu\u1eadt trong tr\u01b0\u1eddng h\u1ee3p gi\u1ea3i quy\u1ebft khi\u1ebfu n\u1ea1i, d\u1ecbch thu\u1eadt, x\u00e1c nh\u1eadn gi\u1ea5y t\u1edd, c\u00e1c giao d\u1ecbch v\u00e0 gi\u00fap \u0111\u1ee1 kh\u00e1ch h\u00e0ng th\u1ef1c hi\u1ec7n c\u00f4ng vi\u1ec7c kh\u00e1c theo quy \u0111\u1ecbnh c\u1ee7a ph\u00e1p lu\u1eadt.<\/li>\n<\/ul>\n<hr \/>\n<h2 style=\"text-align: center;\"><b>T\u01af V\u1ea4N DOANH NGHI\u1ec6P<\/b><\/h2>\n<p><b style=\"font-size: 14.4px;\">1. T\u01b0 v\u1ea5n th\u00e0nh l\u1eadp m\u1edbi, chia, t\u00e1ch, s\u00e1t nh\u1eadp, h\u1ee3p nh\u1ea5t doanh nghi\u1ec7p, c\u1ed5 ph\u1ea7n h\u00f3a doanh nghi\u1ec7p<\/b><\/p>\n<ul>\n<li><span style=\"font-weight: 400;\">T\u01b0 v\u1ea5n doanh nghi\u1ec7p trong vi\u1ec7c l\u1ef1a ch\u1ecdn l\u0129nh v\u1ef1c, ng\u00e0nh ngh\u1ec1 kinh doanh, l\u1ef1a ch\u1ecdn h\u00ecnh th\u1ee9c th\u00e0nh l\u1eadp doanh nghi\u1ec7p \u0111\u1ed3ng th\u1eddi h\u1ed7 tr\u1ee3 th\u1ee7 t\u1ee5c \u0111\u0103ng k\u00fd kinh doanh;<\/span><\/li>\n<li>H\u1ed7 tr\u1ee3 doanh nghi\u1ec7p trong vi\u1ec7c ti\u1ebfn h\u00e0nh c\u1ed5 ph\u1ea7n h\u00f3a, c\u00e1c v\u1ea5n \u0111\u1ec1 v\u1ec1 c\u1ed5 ph\u1ea7n, c\u1ed5 phi\u1ebfu v\u00e0 th\u1ecb tr\u01b0\u1eddng ch\u1ee9ng kho\u00e1n t\u1ea1o \u0111i\u1ec1u ki\u1ec7n cho c\u00e1c doanh nghi\u1ec7p ph\u00e1t tri\u1ec3n \u1ed5n \u0111\u1ecbnh trong qu\u00e1 tr\u00ecnh chuy\u1ec3n \u0111\u1ed5i.<\/li>\n<\/ul>\n<p><b>2. Ho\u1ea1t \u0111\u1ed9ng b\u1ea3o v\u1ec7 quy\u1ec1n l\u1ee3i kinh doanh<\/b><\/p>\n<ul>\n<li><span style=\"font-weight: 400;\">Tham gia t\u1ed1 t\u1ee5ng \u0111\u1ec3 b\u1ea3o v\u1ec7 quy\u1ec1n, l\u1ee3i \u00edch h\u1ee3p ph\u00e1p cho doanh nghi\u1ec7p trong c\u00e1c v\u1ee5 \u00e1n d\u00e2n s\u1ef1, h\u00ecnh s\u1ef1, kinh t\u1ebf, lao \u0111\u1ed9ng, h\u00e0nh ch\u00ednh t\u1ea1i T\u00f2a \u00e1n c\u00e1c c\u1ea5p v\u00e0 Tr\u1ecdng t\u00e0i th\u01b0\u01a1ng m\u1ea1i,<\/span><\/li>\n<li>\u0110\u1ea1i di\u1ec7n cho Doanh nghi\u1ec7p theo \u1ee7y quy\u1ec1n \u0111\u1ec3 gi\u1ea3i quy\u1ebft c\u00e1c c\u00f4ng vi\u1ec7c c\u00f3 li\u00ean quan \u0111\u1ebfn ph\u00e1p lu\u1eadt t\u1ea1i c\u00e1c c\u01a1 quan ti\u1ebfn h\u00e0nh t\u1ed1 t\u1ee5ng.<\/li>\n<\/ul>\n<p><b>3. T\u01b0 v\u1ea5n trong vi\u1ec7c \u0111\u00e0m ph\u00e1n, k\u00fd k\u1ebft v\u00e0 th\u1ef1c hi\u1ec7n c\u00e1c h\u1ee3p \u0111\u1ed3ng kinh doanh th\u01b0\u01a1ng m\u1ea1i.<\/b><br \/><strong><span style=\"font-size: 14.4px;\">4. T\u01b0 v\u1ea5n \u0111\u1ea7u t\u01b0, d\u1ef1 \u00e1n <\/span><\/strong><\/p>\n<ul>\n<li><span style=\"font-size: 14.4px;\">X\u00e2y d\u1ef1ng d\u1ef1 \u00e1n<\/span><\/li>\n<li><span style=\"font-size: 14.4px;\">H\u1ed7 tr\u1ee3 th\u1ea9m \u0111\u1ecbnh, ph\u00ea duy\u1ec7t d\u1ef1 \u00e1n<\/span><\/li>\n<li><span style=\"font-size: 14.4px;\">Ho\u00e0n th\u00e0nh th\u1ee7 t\u1ee5c c\u1ea5p ph\u00e9p \u0111\u1ea7u t\u01b0<\/span><\/li>\n<\/ul>\n<p><b>5. T\u01b0 v\u1ea5n ph\u00e1p lu\u1eadt trong l\u0129nh v\u1ef1c thu\u1ebf. <\/b><\/p>\n<ul>\n<li>T\u01b0 v\u1ea5n cho doanh nghi\u1ec7p th\u1ef1c hi\u1ec7n quy \u0111\u1ecbnh ph\u00e1p lu\u1eadt v\u1ec1 thu\u1ebf.<\/li>\n<li>Li\u00ean h\u1ec7 v\u00e0 \u0111\u1ea1i di\u1ec7n l\u00e0m vi\u1ec7c v\u1edbi c\u01a1 quan thu\u1ebf.<\/li>\n<\/ul>\n<p><strong>6. T\u01b0 v\u1ea5n ph\u00e1p lu\u1eadt trong l\u0129nh v\u1ef1c t\u00e0i ch\u00ednh, ng\u00e2n h\u00e0ng <\/strong><\/p>\n<ul>\n<li><span style=\"font-weight: 400;\">Cung c\u1ea5p th\u00f4ng tin ph\u00e1p lu\u1eadt li\u00ean quan \u0111\u1ebfn l\u0129nh v\u1ef1c t\u00e0i ch\u00ednh, ng\u00e2n <\/span>h\u00e0ng,<\/li>\n<li>C\u01a1 c\u1ea5u \u0111\u1ea7u t\u01b0 v\u00e0 h\u1ed7 tr\u1ee3 vi\u1ec7c huy \u0111\u1ed9ng v\u1ed1n, h\u1ed7 tr\u1ee3 vay v\u1ed1n \u01b0u \u0111\u00e3i \u0111\u1ea7u t\u01b0.<\/li>\n<\/ul>\n<p><b>7. T\u01b0 v\u1ea5n ph\u00e1p lu\u1eadt trong l\u0129nh v\u1ef1c s\u1edf h\u1eefu tr\u00ed tu\u1ec7, nh\u00e3n hi\u1ec7u h\u00e0ng h\u00f3a, ki\u1ec3u d\u00e1ng c\u00f4ng nghi\u1ec7p.<\/b><\/p>\n<ul>\n<li>T\u01b0 v\u1ea5n \u00fd t\u01b0\u1edfng Nh\u00e3n hi\u1ec7u h\u00e0ng h\u00f3a;<\/li>\n<li>Gi\u00fap \u0111\u0103ng k\u00fd nh\u00e3n hi\u1ec7u h\u00e0ng h\u00f3a, ki\u1ec3u d\u00e1ng c\u00f4ng nghi\u1ec7p, s\u1edf h\u1eefu tr\u00ed tu\u1ec7.<\/li>\n<\/ul>\n<p><b>8. Ho\u1ea1t \u0111\u1ed9ng t\u01b0 v\u1ea5n c\u00e1c v\u1ea5n \u0111\u1ec1 li\u00ean quan \u0111\u1ebfn b\u1ea5t \u0111\u1ed9ng s\u1ea3n<\/b><\/p>\n<ul>\n<li>H\u1ed7 tr\u1ee3 vi\u1ec7c thu\u00ea \u0111\u1ea5t, chuy\u1ec3n nh\u01b0\u1ee3ng quy\u1ec1n s\u1eed d\u1ee5ng \u0111\u1ea5t cho doanh nghi\u1ec7p;<\/li>\n<li>Cung c\u1ea5p th\u00f4ng tin v\u00e0 ch\u1ec9 gi\u1edbi quy ho\u1ea1ch s\u1eed d\u1ee5ng \u0111\u1ea5t trong th\u00e0nh ph\u1ed1;<\/li>\n<li>Ho\u00e0n t\u1ea5t th\u1ee7 t\u1ee5c xin c\u1ea5p Gi\u1ea5y ch\u1ee9ng nh\u1eadn quy\u1ec1n s\u1edf h\u1eefu nh\u00e0 v\u00e0 quy\u1ec1n s\u1eed d\u1ee5ng \u0111\u1ea5t.<\/li>\n<\/ul>\n<p><b>9. T\u01b0 v\u1ea5n, h\u1ed7 tr\u1ee3 qu\u1ea3n l\u00fd nh\u00e2n s\u1ef1 &#8211; Tuy\u1ec3n ch\u1ecdn nh\u00e2n s\u1ef1 \u0111\u00e1p \u1ee9ng y\u00eau c\u1ea7u doanh nghi\u1ec7p;<\/b><\/p>\n<ul>\n<li>H\u1ed7 tr\u1ee3 doanh nghi\u1ec7p ho\u1eb7c c\u00f9ng v\u1edbi doanh nghi\u1ec7p x\u00e2y d\u1ef1ng b\u1ed9 m\u00e1y nh\u00e2n s\u1ef1 ph\u00f9 h\u1ee3p v\u00e0 ho\u1ea1t \u0111\u1ed9ng hi\u1ec7u qu\u1ea3.<\/li>\n<\/ul>\n<p><b>10. T\u01b0 v\u1ea5n trong ho\u1ea1t \u0111\u1ed9ng ngo\u1ea1i th\u01b0\u01a1ng <\/b><\/p>\n<ul>\n<li>T\u01b0 v\u1ea5n th\u1ee7 t\u1ee5c xu\u1ea5t nh\u1eadp kh\u1ea9u h\u00e0ng h\u00f3a, \u0111\u0103ng k\u00fd b\u1ea3n khai h\u1ea3i quan<\/li>\n<li>T\u01b0 v\u1ea5n ho\u1eb7c \u0111\u1ea1i di\u1ec7n giao d\u1ecbch v\u1edbi c\u01a1 quan H\u1ea3i quan<\/li>\n<li>Ki\u1ec3m tra c\u00e1c ch\u1ee9ng t\u1eeb trong giao nh\u1eadn v\u1eadn t\u1ea3i, thanh to\u00e1n qu\u1ed1c t\u1ebf.<\/li>\n<\/ul>\n<p><b>11. C\u00e1c d\u1ecbch v\u1ee5 ph\u00e1p l\u00fd kh\u00e1c<\/b><\/p>\n<ul>\n<li>L\u00e0m \u0111\u1ea1i di\u1ec7n theo \u1ee7y quy\u1ec1n cho Doanh nghi\u1ec7p giao d\u1ecbch v\u1edbi c\u00e1c t\u1ed5 ch\u1ee9c c\u00e1 nh\u00e2n kh\u00e1c v\u00e0 c\u01a1 quan Nh\u00e0 n\u01b0\u1edbc c\u00f3 th\u1ea9m quy\u1ec1n \u0111\u1ec3 b\u1ea3o v\u1ec7 quy\u1ec1n v\u00e0 l\u1ee3i \u00edch | h\u1ee3p ph\u00e1p cho Doanh nghi\u1ec7p \u1ee7y quy\u1ec1n<\/li>\n<li>L\u00e0m d\u1ecbch v\u1ee5 ph\u00e1p l\u00fd v\u1ec1 th\u1ee7 t\u1ee5c thu\u00ea, cho thu\u00ea, chuy\u1ec3n nh\u01b0\u1ee3ng nh\u00e0 x\u01b0\u1edfng v\u00e0 quy\u1ec1n s\u1eed d\u1ee5ng \u0111\u1ea5t<\/li>\n<li>So\u1ea1n th\u1ea3o \u0111\u01a1n th\u01b0, h\u1ee3p \u0111\u1ed3ng theo y\u00eau c\u1ea7u c\u1ee7a Doanh nghi\u1ec7p<\/li>\n<li>Cung c\u1ea5p c\u00e1c v\u0103n b\u1ea3n ph\u00e1p lu\u1eadt c\u1ee7a Nh\u00e0 n\u01b0\u1edbc li\u00ean quan \u0111\u1ebfn ho\u1ea1t \u0111\u1ed9ng c\u1ee7a Doanh nghi\u1ec7p theo y\u00eau c\u1ea7u.<\/li>\n<li>V\u1edbi vai tr\u00f2 l\u00e0 m\u1ed9t trong nh\u1eefng nh\u00e0 cung c\u1ea5p d\u1ecbch v\u1ee5 ph\u00e1p lu\u1eadt, h\u1ed7 tr\u1ee3 ph\u00e1t tri\u1ec3n doanh nghi\u1ec7p, ch\u00fang t\u00f4i s\u1ebd cung c\u1ea5p cho Qu\u00fd c\u00f4ng ty nh\u1eefng d\u1ecbch v\u1ee5 thi\u1ebft th\u1ef1c v\u00e0 hi\u1ec7u qu\u1ea3 nh\u1ea5t.<\/li>\n<\/ul>\n\n\n\t\t<\/div>\n\t\t\t\t\t<\/div>\n\n\t\n\n<\/div>\n\n","protected":false},"excerpt":{"rendered":"","protected":false},"author":1,"featured_media":0,"parent":0,"menu_order":0,"comment_status":"closed","ping_status":"closed","template":"page-blank.php","meta":{"footnotes":""},"class_list":["post-65","page","type-page","status-publish","hentry"],"_links":{"self":[{"href":"https:\/\/demoweb.company\/luat1-5\/wp-json\/wp\/v2\/pages\/65","targetHints":{"allow":["GET"]}}],"collection":[{"href":"https:\/\/demoweb.company\/luat1-5\/wp-json\/wp\/v2\/pages"}],"about":[{"href":"https:\/\/demoweb.company\/luat1-5\/wp-json\/wp\/v2\/types\/page"}],"author":[{"embeddable":true,"href":"https:\/\/demoweb.company\/luat1-5\/wp-json\/wp\/v2\/users\/1"}],"replies":[{"embeddable":true,"href":"https:\/\/demoweb.company\/luat1-5\/wp-json\/wp\/v2\/comments?post=65"}],"version-history":[{"count":1,"href":"https:\/\/demoweb.company\/luat1-5\/wp-json\/wp\/v2\/pages\/65\/revisions"}],"predecessor-version":[{"id":79,"href":"https:\/\/demoweb.company\/luat1-5\/wp-json\/wp\/v2\/pages\/65\/revisions\/79"}],"wp:attachment":[{"href":"https:\/\/demoweb.company\/luat1-5\/wp-json\/wp\/v2\/media?parent=65"}],"curies":[{"name":"wp","href":"https:\/\/api.w.org\/{rel}","templated":true}]}}